{"id":107,"date":"2017-06-14T13:43:21","date_gmt":"2017-06-14T10:43:21","guid":{"rendered":"http:\/\/dummy.xtemos.com\/woodmart-elementor\/?page_id=107"},"modified":"2021-07-18T11:25:55","modified_gmt":"2021-07-18T08:25:55","slug":"fabrika-icin-guvenlik-kamera-sistemleri","status":"publish","type":"page","link":"https:\/\/kamerakontrolsistemleri.com\/index.php\/fabrika-icin-guvenlik-kamera-sistemleri\/","title":{"rendered":"Fabrika i\u00e7in G\u00fcvenlik Kamera Sistemleri"},"content":{"rendered":"\t\t<div data-elementor-type=\"wp-page\" data-elementor-id=\"107\" class=\"elementor elementor-107\">\n\t\t\t\t\t\t<section class=\"wd-negative-gap elementor-section elementor-top-section elementor-element elementor-element-82ac48a elementor-section-boxed elementor-section-height-default elementor-section-height-default\" data-id=\"82ac48a\" data-element_type=\"section\" data-e-type=\"section\">\n\t\t\t\t\t\t<div class=\"elementor-container elementor-column-gap-default\">\n\t\t\t\t\t<div class=\"elementor-column elementor-col-100 elementor-top-column elementor-element elementor-element-75ffb3b\" data-id=\"75ffb3b\" data-element_type=\"column\" data-e-type=\"column\">\n\t\t\t<div class=\"elementor-widget-wrap elementor-element-populated\">\n\t\t\t\t\t\t<div class=\"elementor-element elementor-element-a7204bf elementor-widget elementor-widget-image\" data-id=\"a7204bf\" data-element_type=\"widget\" data-e-type=\"widget\" data-widget_type=\"image.default\">\n\t\t\t\t<div class=\"elementor-widget-container\">\n\t\t\t\t\t\t\t\t\t\t\t\t\t\t\t<img loading=\"lazy\" decoding=\"async\" width=\"2560\" height=\"716\" src=\"https:\/\/kamerakontrolsistemleri.com\/wp-content\/uploads\/2020\/12\/t20_6lQzWv-scaled.jpg\" class=\"attachment-full size-full wp-image-12301\" alt=\"\" srcset=\"https:\/\/kamerakontrolsistemleri.com\/wp-content\/uploads\/2020\/12\/t20_6lQzWv-scaled.jpg 2560w, https:\/\/kamerakontrolsistemleri.com\/wp-content\/uploads\/2020\/12\/t20_6lQzWv-scaled-150x42.jpg 150w, https:\/\/kamerakontrolsistemleri.com\/wp-content\/uploads\/2020\/12\/t20_6lQzWv-1200x336.jpg 1200w, https:\/\/kamerakontrolsistemleri.com\/wp-content\/uploads\/2020\/12\/t20_6lQzWv-300x84.jpg 300w, https:\/\/kamerakontrolsistemleri.com\/wp-content\/uploads\/2020\/12\/t20_6lQzWv-1024x286.jpg 1024w, https:\/\/kamerakontrolsistemleri.com\/wp-content\/uploads\/2020\/12\/t20_6lQzWv-768x215.jpg 768w, https:\/\/kamerakontrolsistemleri.com\/wp-content\/uploads\/2020\/12\/t20_6lQzWv-1536x430.jpg 1536w, https:\/\/kamerakontrolsistemleri.com\/wp-content\/uploads\/2020\/12\/t20_6lQzWv-2048x573.jpg 2048w\" sizes=\"auto, (max-width: 2560px) 100vw, 2560px\" \/>\t\t\t\t\t\t\t\t\t\t\t\t\t\t\t<\/div>\n\t\t\t\t<\/div>\n\t\t\t\t\t<\/div>\n\t\t<\/div>\n\t\t\t\t\t<\/div>\n\t\t<\/section>\n\t\t\t\t<section class=\"wd-negative-gap elementor-section elementor-top-section elementor-element elementor-element-0f98b0a elementor-section-boxed elementor-section-height-default elementor-section-height-default\" data-id=\"0f98b0a\" data-element_type=\"section\" data-e-type=\"section\">\n\t\t\t\t\t\t<div class=\"elementor-container elementor-column-gap-default\">\n\t\t\t\t\t<div class=\"elementor-column elementor-col-100 elementor-top-column elementor-element elementor-element-c3e8c89\" data-id=\"c3e8c89\" data-element_type=\"column\" data-e-type=\"column\">\n\t\t\t<div class=\"elementor-widget-wrap elementor-element-populated\">\n\t\t\t\t\t\t<div class=\"elementor-element elementor-element-7f14844 wd-width-100 elementor-widget elementor-widget-wd_title\" data-id=\"7f14844\" data-element_type=\"widget\" data-e-type=\"widget\" data-widget_type=\"wd_title.default\">\n\t\t\t\t<div class=\"elementor-widget-container\">\n\t\t\t\t\t\t\t<div class=\"title-wrapper wd-set-mb reset-last-child wd-title-color-default wd-title-style-default wd-title-size-default text-center\">\n\n\t\t\t\t\t\t\t\t\t\t\t<div class=\"title-subtitle subtitle-color-default subtitle-style-default wd-fontsize-xs\">\n\t\t\t\t\tKamera Kontrol Sistemleri\t\t\t\t<\/div>\n\t\t\t\n\t\t\t<div class=\"liner-continer\">\n\t\t\t\t<h4 class=\"woodmart-title-container title wd-fontsize-l\"><span style=\"font-style: normal;text-align: start;white-space: normal;, sans-serif;font-size: 24px\">Fabrika i\u00e7in G\u00fcvenlik Kamera Sistemleri<\/span><\/h4> \n\t\t\t\t\t\t\t<\/div>\n\n\t\t\t\t\t\t\t<div class=\"title-after_title reset-last-child wd-fontsize-xs\">\n\t\t\t\t\t<p>Fabrika g\u00fcvenli\u011finde y\u0131llar\u0131n deneyimi ve uzman kadromuz ile hizmet veriyoruz.<\/p>\t\t\t\t<\/div>\n\t\t\t\t\t<\/div>\n\t\t\t\t\t\t<\/div>\n\t\t\t\t<\/div>\n\t\t\t\t\t<\/div>\n\t\t<\/div>\n\t\t\t\t\t<\/div>\n\t\t<\/section>\n\t\t\t\t<section class=\"wd-negative-gap elementor-section elementor-top-section elementor-element elementor-element-c32a668 elementor-section-boxed elementor-section-height-default elementor-section-height-default\" data-id=\"c32a668\" data-element_type=\"section\" data-e-type=\"section\">\n\t\t\t\t\t\t<div class=\"elementor-container elementor-column-gap-default\">\n\t\t\t\t\t<div class=\"elementor-column elementor-col-100 elementor-top-column elementor-element elementor-element-e35a3c3\" data-id=\"e35a3c3\" data-element_type=\"column\" data-e-type=\"column\">\n\t\t\t<div class=\"elementor-widget-wrap elementor-element-populated\">\n\t\t\t\t\t\t<div class=\"elementor-element elementor-element-5efe568 color-scheme-inherit text-left elementor-widget elementor-widget-text-editor\" data-id=\"5efe568\" data-element_type=\"widget\" data-e-type=\"widget\" data-widget_type=\"text-editor.default\">\n\t\t\t\t<div class=\"elementor-widget-container\">\n\t\t\t\t\t\t\t\t\t<p><a href=\"https:\/\/kamerakontrolsistemleri.com\">Fabrika i\u00e7in G\u00fcvenlik Kamera Sistemleri<\/a>, fabrika gibi \u00fcretim alanlar\u0131n\u0131n \u00f6zellikleri gere\u011fi neredeyse bir zorunluluktur. Kameralar temel olarak personel ve \u00e7evre izlemede yard\u0131mc\u0131 olur ve verimlili\u011fi art\u0131r\u0131r. Personeli izlemek i\u00e7in fiziksel olarak alanda ya da ofiste olmak i\u00e7in endi\u015felenmenize gerek yoktur. Tesisiniz ne kadar b\u00fcy\u00fck ya da k\u00fc\u00e7\u00fck olursa olsun, <strong>g\u00fcvenlik sistemleri<\/strong> tesisinizi g\u00fcvence alt\u0131na al\u0131r ve herhangi bir kaza veya soru\u015fturma durumunda de\u011ferli kan\u0131tlar sa\u011flar. <strong>Fabrika kamera sistemleri<\/strong> ayr\u0131ca kalite kontrole de yard\u0131mc\u0131 olur.<\/p>\n<h3>Fabrika CCTV kurulumu faydalar\u0131<\/h3>\n<p>Herhangi bir fabrika ortam\u0131ndaki profesyonel bir kamera sistemi, \u00e7ok k\u0131sa s\u00fcrede i\u015f \u00fczerinde olumlu bir etki yaratabilir. \u0130\u015fte, baz\u0131 faydalar:&nbsp;<strong style=\"font-size: 14px; color: var(--wd-text-color);\">Cayd\u0131r\u0131c\u0131l\u0131k sa\u011flar &#8211;&nbsp;<\/strong><span style=\"font-size: 14px; color: var(--wd-text-color);\">&nbsp;<\/span><span style=\"font-size: 14px; color: var(--wd-text-color);\">Fabrika i\u00e7in G\u00fcvenlik Kamera Sistemleri&nbsp;<\/span><span style=\"font-size: 14px; color: var(--wd-text-color);\">&nbsp;potansiyel h\u0131rs\u0131zlar i\u00e7in b\u00fcy\u00fck bir cayd\u0131r\u0131c\u0131d\u0131r. \u00dcretim s\u00fcrecinin yo\u011fun oldu\u011fu fabrika ortam\u0131nda h\u0131rs\u0131zlar veya \u00e7al\u0131\u015fanlar taraf\u0131ndan h\u0131rs\u0131zl\u0131k olaylar\u0131 ger\u00e7ekle\u015febilir. CCTV sistemi cayd\u0131r\u0131c\u0131l\u0131\u011f\u0131 sa\u011flamak ve h\u0131rs\u0131zl\u0131\u011f\u0131 azaltmak i\u00e7in her zaman daha iyi bir se\u00e7enektir. Profesyonel kamera&nbsp; sistemi kuran \u015firketler, genellikle stok s\u0131z\u0131nt\u0131s\u0131nda vb. kalemlerde \u00f6nemli geli\u015fmeler takip \u00fcst\u00fcnl\u00fc\u011f\u00fc sa\u011flarlar. V<\/span><strong style=\"font-size: 14px; color: var(--wd-text-color);\">erimlili\u011fi art\u0131r\u0131r &#8211;&nbsp;<\/strong><span style=\"font-size: 14px; color: var(--wd-text-color);\">&nbsp;G\u00fcvenlik kameras\u0131 g\u00f6zetimi alt\u0131nda olmak, her an y\u00f6neticinin g\u00f6zetimi alt\u0131nda olmak gibidir. \u00c7al\u0131\u015fanlar a\u00e7\u0131s\u0131ndan, onlar\u0131 izleyen biri oldu\u011fu i\u00e7in kameralar \u00e7al\u0131\u015fma motivasyonu sa\u011flar. Kamera g\u00f6zetimi bilgisayar\u0131n sosyal a\u011f siteleri, oyunlar ve verimlili\u011fi azaltan di\u011fer e\u011flenceli aktiviteler i\u00e7in kullan\u0131m\u0131n\u0131 azalt\u0131r.&nbsp;<\/span><\/p>\n<p><strong style=\"font-size: 14px; color: var(--wd-text-color);\">Fabrika CCTV &#8211;<\/strong><span style=\"font-size: 14px; color: var(--wd-text-color);\"> Sadece personel de\u011fil, i\u015f s\u00fcre\u00e7leriniz hakk\u0131nda objektif g\u00f6zlemler yapmak ve iyile\u015ftirilmesi gereken alanlar\u0131 belirlemek i\u00e7in m\u00fckemmel bir yol olabilir. Y\u00fcksek kapsama alan\u0131na sahip kameralar y\u00f6neticinin g\u00fcnl\u00fck faaliyetleri g\u00f6rmesine ve fabrika kat\u0131n\u0131n tasar\u0131m\u0131nda herhangi bir de\u011fi\u015fiklik yapmas\u0131na gerek olup olmad\u0131\u011f\u0131n\u0131 analiz etmesine yard\u0131mc\u0131 olur.&nbsp;<\/span><strong style=\"font-size: 14px; color: var(--wd-text-color);\">Daha g\u00fcvenli \u00e7al\u0131\u015fma ortam\u0131 sa\u011flar<\/strong><span style=\"font-size: 14px; color: var(--wd-text-color);\"> &#8211; Fabrika kamera sistemleri, sa\u011fl\u0131k ve g\u00fcvenlik politikalar\u0131na ba\u011fl\u0131l\u0131\u011f\u0131 sa\u011flamaya yard\u0131mc\u0131 olur ve ayr\u0131ca personel e\u011fitiminde \u00e7ok de\u011ferli olabilir.&nbsp;<\/span><strong style=\"font-size: 14px; color: var(--wd-text-color);\">Ekipmanlar\u0131n incelemesini kolayla\u015ft\u0131r\u0131r&nbsp;<\/strong><span style=\"font-size: 14px; color: var(--wd-text-color);\">&#8211; Fabrika g\u00fcvenlik sistemleri, teknik hatalar\u0131 tan\u0131mlamaya ve \u00fcretim hatt\u0131n\u0131z\u0131n do\u011fru \u015fekilde \u00e7al\u0131\u015ft\u0131\u011f\u0131ndan emin olman\u0131za yard\u0131mc\u0131 olabilir.<\/span><\/p><p><span style=\"font-size: 14px; color: var(--wd-text-color);\">&nbsp;<\/span><strong style=\"font-size: 14px; color: var(--wd-text-color);\">Uzaktan izleme yapabilmenizi sa\u011flar<\/strong><span style=\"font-size: 14px; color: var(--wd-text-color);\"> &#8211; Kamera izleme ile orada olmad\u0131\u011f\u0131n\u0131zda bile i\u015finize g\u00f6z kulak olabilirsiniz. Kameralar\u0131 telefon, tablet ya da bilgisayar \u00fczerinden uzaktan g\u00f6r\u00fcnt\u00fclenebilir ve kontrol edilebilir. &nbsp;<\/span><strong style=\"font-size: 14px; color: var(--wd-text-color);\">Adli kan\u0131t sa\u011flar<\/strong><span style=\"font-size: 14px; color: var(--wd-text-color);\"> &#8211; Herhangi bir problem durumunda, yetkililer kamera kay\u0131tlar\u0131n\u0131 kan\u0131t olarak kullanabilirler. Videolar istenilen s\u00fcreyle saklanabilir ve bu nedenle herhangi bir aksilik durumunda polis ve mahkemeye yard\u0131mc\u0131 olacak bir kan\u0131t olarak kullanabilirler.&nbsp;<\/span><strong style=\"font-size: 14px; color: var(--wd-text-color);\">M\u00fclk\u00fcn\u00fcz\u00fc hasardan koruyabilir<\/strong><span style=\"font-size: 14px; color: var(--wd-text-color);\"> &#8211; Yang\u0131nlar, vandalizm ve fabrika m\u00fclk\u00fcn\u00fc yok edebilecek herhangi bir olay, g\u00fcvenlik sistemi ile erken m\u00fcdahale ile \u00f6nlenebilir.<\/span><br><\/p>\n<h3>Fabrika kamera sistemi nas\u0131l se\u00e7ilir?<\/h3>\n<p>G\u00fcn\u00fcm\u00fczde, fabrika tesislerini g\u00fcvenceye almak i\u00e7in g\u00fcvenlik kamera sistemi en iyi se\u00e7enek olarak g\u00f6r\u00fcnmektedir. Ancak do\u011fru bir <a href=\"https:\/\/www.akotguvenlik.com\"><strong>g\u00fcvenlik sistemi<\/strong><\/a> se\u00e7mek profesyonel de\u011filseniz \u00e7ok zordur ve \u00e7o\u011fu insan fabrikalar\u0131 i\u00e7in do\u011fru kameray\u0131 se\u00e7me bilgisine sahip de\u011fildir.<\/p>\n<p>Oteller, bankalar, konutlar, fabrikalar, vb. gibi farkl\u0131 ortamlar i\u00e7in uygun olan bir\u00e7ok <strong>CCTV kamera<\/strong> t\u00fcr\u00fc vard\u0131r. \u00dcretim veya ambalaj alanlar\u0131n\u0131 izlemek i\u00e7in, i\u00e7 mekan g\u00f6zetimi i\u00e7in ideal olan C \/ CS mount kameralar tak\u0131labilir. Bu tip kameralar d\u00fc\u015f\u00fck \u0131\u015f\u0131k ko\u015fullar\u0131nda bile \u00fcst\u00fcn kaliteli video kayd\u0131 sunar ve fabrika ortam\u0131 i\u00e7in uygun bir se\u00e7imdir.&nbsp;Asans\u00f6rleriniz fabrikada olduk\u00e7a yayg\u0131nsa, asans\u00f6r tavan\u0131na bir <strong>dome cctv kamera<\/strong> monte etmek idealdir.&nbsp;Uzun mesafeli g\u00f6zetim i\u00e7in, hava ko\u015fullar\u0131na dayan\u0131kl\u0131 bullet kameralar ideal bir se\u00e7im olabilir.&nbsp;&nbsp;<\/p>\n<p>Her alan\u0131n <strong>g\u00fcvenlik<\/strong> ihtiya\u00e7lar\u0131 kendine \u00f6zg\u00fcd\u00fcr. \u00d6zellikle fabrika gibi karma\u015f\u0131k ve geni\u015f alanlar\u0131n g\u00f6zetimi i\u00e7in gerekli kamera sistemi kapsaml\u0131 bir \u00e7\u00f6z\u00fcm gerektirecektir. Fabrika ortam\u0131nda olas\u0131 g\u00fcvenlik tehditlerine i\u00e7in g\u00fcvenilir bir g\u00fcvenlik firmas\u0131 ile \u00e7al\u0131\u015fmak ve profesyonel g\u00f6r\u00fc\u015f almak ak\u0131ll\u0131ca olacakt\u0131r.<\/p>\t\t\t\t\t\t\t\t<\/div>\n\t\t\t\t<\/div>\n\t\t\t\t\t<\/div>\n\t\t<\/div>\n\t\t\t\t\t<\/div>\n\t\t<\/section>\n\t\t\t\t<\/div>\n\t\t","protected":false},"excerpt":{"rendered":"<p>Kamera Kontrol Sistemleri Fabrika i\u00e7in G\u00fcvenlik Kamera Sistemleri Fabrika g\u00fcvenli\u011finde y\u0131llar\u0131n deneyimi ve uzman kadromuz ile hizmet veriyoruz. Fabrika i\u00e7in<\/p>\n","protected":false},"author":1,"featured_media":0,"parent":0,"menu_order":0,"comment_status":"closed","ping_status":"closed","template":"","meta":{"footnotes":""},"class_list":["post-107","page","type-page","status-publish","hentry"],"yoast_head":"<!-- This site is optimized with the Yoast SEO plugin v27.5 - https:\/\/yoast.com\/product\/yoast-seo-wordpress\/ -->\n<title>Fabrika i\u00e7in G\u00fcvenlik Kamera Sistemleri - Kamera Kontrol Sistemleri<\/title>\n<meta name=\"description\" content=\"Kamera Kontrol Sistemleri Fabrika i\u00e7in G\u00fcvenlik Kamera Sistemleri Fabrika g\u00fcvenli\u011finde y\u0131llar\u0131n deneyimi ve uzman kadromuz ile hizmet veriyoruz. Fabrika\" \/>\n<meta name=\"robots\" content=\"index, follow, max-snippet:-1, max-image-preview:large, max-video-preview:-1\" \/>\n<link rel=\"canonical\" href=\"https:\/\/kamerakontrolsistemleri.com\/index.php\/fabrika-icin-guvenlik-kamera-sistemleri\/\" \/>\n<meta property=\"og:locale\" content=\"tr_TR\" \/>\n<meta property=\"og:type\" content=\"article\" \/>\n<meta property=\"og:title\" content=\"Fabrika i\u00e7in G\u00fcvenlik Kamera Sistemleri - Kamera Kontrol Sistemleri\" \/>\n<meta property=\"og:description\" content=\"Kamera Kontrol Sistemleri Fabrika i\u00e7in G\u00fcvenlik Kamera Sistemleri Fabrika g\u00fcvenli\u011finde y\u0131llar\u0131n deneyimi ve uzman kadromuz ile hizmet veriyoruz. Fabrika\" \/>\n<meta property=\"og:url\" content=\"https:\/\/kamerakontrolsistemleri.com\/index.php\/fabrika-icin-guvenlik-kamera-sistemleri\/\" \/>\n<meta property=\"og:site_name\" content=\"Kamera Kontrol Sistemleri\" \/>\n<meta property=\"article:publisher\" content=\"https:\/\/www.facebook.com\/akottech\" \/>\n<meta property=\"article:modified_time\" content=\"2021-07-18T08:25:55+00:00\" \/>\n<meta property=\"og:image\" content=\"https:\/\/kamerakontrolsistemleri.com\/wp-content\/uploads\/2020\/12\/t20_6lQzWv-scaled.jpg\" \/>\n<meta name=\"twitter:label1\" content=\"Tahmini okuma s\u00fcresi\" \/>\n\t<meta name=\"twitter:data1\" content=\"3 dakika\" \/>\n<script type=\"application\/ld+json\" class=\"yoast-schema-graph\">{\"@context\":\"https:\\\/\\\/schema.org\",\"@graph\":[{\"@type\":\"WebPage\",\"@id\":\"https:\\\/\\\/kamerakontrolsistemleri.com\\\/index.php\\\/fabrika-icin-guvenlik-kamera-sistemleri\\\/\",\"url\":\"https:\\\/\\\/kamerakontrolsistemleri.com\\\/index.php\\\/fabrika-icin-guvenlik-kamera-sistemleri\\\/\",\"name\":\"Fabrika i\u00e7in G\u00fcvenlik Kamera Sistemleri - Kamera Kontrol Sistemleri\",\"isPartOf\":{\"@id\":\"https:\\\/\\\/kamerakontrolsistemleri.com\\\/#website\"},\"primaryImageOfPage\":{\"@id\":\"https:\\\/\\\/kamerakontrolsistemleri.com\\\/index.php\\\/fabrika-icin-guvenlik-kamera-sistemleri\\\/#primaryimage\"},\"image\":{\"@id\":\"https:\\\/\\\/kamerakontrolsistemleri.com\\\/index.php\\\/fabrika-icin-guvenlik-kamera-sistemleri\\\/#primaryimage\"},\"thumbnailUrl\":\"https:\\\/\\\/kamerakontrolsistemleri.com\\\/wp-content\\\/uploads\\\/2020\\\/12\\\/t20_6lQzWv-scaled.jpg\",\"datePublished\":\"2017-06-14T10:43:21+00:00\",\"dateModified\":\"2021-07-18T08:25:55+00:00\",\"description\":\"Kamera Kontrol Sistemleri Fabrika i\u00e7in G\u00fcvenlik Kamera Sistemleri Fabrika g\u00fcvenli\u011finde y\u0131llar\u0131n deneyimi ve uzman kadromuz ile hizmet veriyoruz. Fabrika\",\"breadcrumb\":{\"@id\":\"https:\\\/\\\/kamerakontrolsistemleri.com\\\/index.php\\\/fabrika-icin-guvenlik-kamera-sistemleri\\\/#breadcrumb\"},\"inLanguage\":\"tr\",\"potentialAction\":[{\"@type\":\"ReadAction\",\"target\":[\"https:\\\/\\\/kamerakontrolsistemleri.com\\\/index.php\\\/fabrika-icin-guvenlik-kamera-sistemleri\\\/\"]}]},{\"@type\":\"ImageObject\",\"inLanguage\":\"tr\",\"@id\":\"https:\\\/\\\/kamerakontrolsistemleri.com\\\/index.php\\\/fabrika-icin-guvenlik-kamera-sistemleri\\\/#primaryimage\",\"url\":\"https:\\\/\\\/kamerakontrolsistemleri.com\\\/wp-content\\\/uploads\\\/2020\\\/12\\\/t20_6lQzWv-scaled.jpg\",\"contentUrl\":\"https:\\\/\\\/kamerakontrolsistemleri.com\\\/wp-content\\\/uploads\\\/2020\\\/12\\\/t20_6lQzWv-scaled.jpg\",\"width\":2560,\"height\":716},{\"@type\":\"BreadcrumbList\",\"@id\":\"https:\\\/\\\/kamerakontrolsistemleri.com\\\/index.php\\\/fabrika-icin-guvenlik-kamera-sistemleri\\\/#breadcrumb\",\"itemListElement\":[{\"@type\":\"ListItem\",\"position\":1,\"name\":\"Ana sayfa\",\"item\":\"https:\\\/\\\/kamerakontrolsistemleri.com\\\/\"},{\"@type\":\"ListItem\",\"position\":2,\"name\":\"Fabrika i\u00e7in G\u00fcvenlik Kamera Sistemleri\"}]},{\"@type\":\"WebSite\",\"@id\":\"https:\\\/\\\/kamerakontrolsistemleri.com\\\/#website\",\"url\":\"https:\\\/\\\/kamerakontrolsistemleri.com\\\/\",\"name\":\"Kamera Kontrol Sistemleri\",\"description\":\"Toptan fiyat\u0131na al\u0131\u015fveri\u015f imkan\u0131\",\"publisher\":{\"@id\":\"https:\\\/\\\/kamerakontrolsistemleri.com\\\/#organization\"},\"potentialAction\":[{\"@type\":\"SearchAction\",\"target\":{\"@type\":\"EntryPoint\",\"urlTemplate\":\"https:\\\/\\\/kamerakontrolsistemleri.com\\\/?s={search_term_string}\"},\"query-input\":{\"@type\":\"PropertyValueSpecification\",\"valueRequired\":true,\"valueName\":\"search_term_string\"}}],\"inLanguage\":\"tr\"},{\"@type\":\"Organization\",\"@id\":\"https:\\\/\\\/kamerakontrolsistemleri.com\\\/#organization\",\"name\":\"Akotech G\u00fcvenlik Sistemleri\",\"url\":\"https:\\\/\\\/kamerakontrolsistemleri.com\\\/\",\"logo\":{\"@type\":\"ImageObject\",\"inLanguage\":\"tr\",\"@id\":\"https:\\\/\\\/kamerakontrolsistemleri.com\\\/#\\\/schema\\\/logo\\\/image\\\/\",\"url\":\"https:\\\/\\\/kamerakontrolsistemleri.com\\\/wp-content\\\/uploads\\\/2020\\\/12\\\/37335611_391154311412387_1999192248473878528_o.jpg\",\"contentUrl\":\"https:\\\/\\\/kamerakontrolsistemleri.com\\\/wp-content\\\/uploads\\\/2020\\\/12\\\/37335611_391154311412387_1999192248473878528_o.jpg\",\"width\":1129,\"height\":1129,\"caption\":\"Akotech G\u00fcvenlik Sistemleri\"},\"image\":{\"@id\":\"https:\\\/\\\/kamerakontrolsistemleri.com\\\/#\\\/schema\\\/logo\\\/image\\\/\"},\"sameAs\":[\"https:\\\/\\\/www.facebook.com\\\/akottech\",\"https:\\\/\\\/www.instagram.com\\\/akottechguvenlik\\\/\"]}]}<\/script>\n<!-- \/ Yoast SEO plugin. -->","yoast_head_json":{"title":"Fabrika i\u00e7in G\u00fcvenlik Kamera Sistemleri - Kamera Kontrol Sistemleri","description":"Kamera Kontrol Sistemleri Fabrika i\u00e7in G\u00fcvenlik Kamera Sistemleri Fabrika g\u00fcvenli\u011finde y\u0131llar\u0131n deneyimi ve uzman kadromuz ile hizmet veriyoruz. Fabrika","robots":{"index":"index","follow":"follow","max-snippet":"max-snippet:-1","max-image-preview":"max-image-preview:large","max-video-preview":"max-video-preview:-1"},"canonical":"https:\/\/kamerakontrolsistemleri.com\/index.php\/fabrika-icin-guvenlik-kamera-sistemleri\/","og_locale":"tr_TR","og_type":"article","og_title":"Fabrika i\u00e7in G\u00fcvenlik Kamera Sistemleri - Kamera Kontrol Sistemleri","og_description":"Kamera Kontrol Sistemleri Fabrika i\u00e7in G\u00fcvenlik Kamera Sistemleri Fabrika g\u00fcvenli\u011finde y\u0131llar\u0131n deneyimi ve uzman kadromuz ile hizmet veriyoruz. Fabrika","og_url":"https:\/\/kamerakontrolsistemleri.com\/index.php\/fabrika-icin-guvenlik-kamera-sistemleri\/","og_site_name":"Kamera Kontrol Sistemleri","article_publisher":"https:\/\/www.facebook.com\/akottech","article_modified_time":"2021-07-18T08:25:55+00:00","og_image":[{"url":"https:\/\/kamerakontrolsistemleri.com\/wp-content\/uploads\/2020\/12\/t20_6lQzWv-scaled.jpg","type":"","width":"","height":""}],"twitter_misc":{"Tahmini okuma s\u00fcresi":"3 dakika"},"schema":{"@context":"https:\/\/schema.org","@graph":[{"@type":"WebPage","@id":"https:\/\/kamerakontrolsistemleri.com\/index.php\/fabrika-icin-guvenlik-kamera-sistemleri\/","url":"https:\/\/kamerakontrolsistemleri.com\/index.php\/fabrika-icin-guvenlik-kamera-sistemleri\/","name":"Fabrika i\u00e7in G\u00fcvenlik Kamera Sistemleri - Kamera Kontrol Sistemleri","isPartOf":{"@id":"https:\/\/kamerakontrolsistemleri.com\/#website"},"primaryImageOfPage":{"@id":"https:\/\/kamerakontrolsistemleri.com\/index.php\/fabrika-icin-guvenlik-kamera-sistemleri\/#primaryimage"},"image":{"@id":"https:\/\/kamerakontrolsistemleri.com\/index.php\/fabrika-icin-guvenlik-kamera-sistemleri\/#primaryimage"},"thumbnailUrl":"https:\/\/kamerakontrolsistemleri.com\/wp-content\/uploads\/2020\/12\/t20_6lQzWv-scaled.jpg","datePublished":"2017-06-14T10:43:21+00:00","dateModified":"2021-07-18T08:25:55+00:00","description":"Kamera Kontrol Sistemleri Fabrika i\u00e7in G\u00fcvenlik Kamera Sistemleri Fabrika g\u00fcvenli\u011finde y\u0131llar\u0131n deneyimi ve uzman kadromuz ile hizmet veriyoruz. Fabrika","breadcrumb":{"@id":"https:\/\/kamerakontrolsistemleri.com\/index.php\/fabrika-icin-guvenlik-kamera-sistemleri\/#breadcrumb"},"inLanguage":"tr","potentialAction":[{"@type":"ReadAction","target":["https:\/\/kamerakontrolsistemleri.com\/index.php\/fabrika-icin-guvenlik-kamera-sistemleri\/"]}]},{"@type":"ImageObject","inLanguage":"tr","@id":"https:\/\/kamerakontrolsistemleri.com\/index.php\/fabrika-icin-guvenlik-kamera-sistemleri\/#primaryimage","url":"https:\/\/kamerakontrolsistemleri.com\/wp-content\/uploads\/2020\/12\/t20_6lQzWv-scaled.jpg","contentUrl":"https:\/\/kamerakontrolsistemleri.com\/wp-content\/uploads\/2020\/12\/t20_6lQzWv-scaled.jpg","width":2560,"height":716},{"@type":"BreadcrumbList","@id":"https:\/\/kamerakontrolsistemleri.com\/index.php\/fabrika-icin-guvenlik-kamera-sistemleri\/#breadcrumb","itemListElement":[{"@type":"ListItem","position":1,"name":"Ana sayfa","item":"https:\/\/kamerakontrolsistemleri.com\/"},{"@type":"ListItem","position":2,"name":"Fabrika i\u00e7in G\u00fcvenlik Kamera Sistemleri"}]},{"@type":"WebSite","@id":"https:\/\/kamerakontrolsistemleri.com\/#website","url":"https:\/\/kamerakontrolsistemleri.com\/","name":"Kamera Kontrol Sistemleri","description":"Toptan fiyat\u0131na al\u0131\u015fveri\u015f imkan\u0131","publisher":{"@id":"https:\/\/kamerakontrolsistemleri.com\/#organization"},"potentialAction":[{"@type":"SearchAction","target":{"@type":"EntryPoint","urlTemplate":"https:\/\/kamerakontrolsistemleri.com\/?s={search_term_string}"},"query-input":{"@type":"PropertyValueSpecification","valueRequired":true,"valueName":"search_term_string"}}],"inLanguage":"tr"},{"@type":"Organization","@id":"https:\/\/kamerakontrolsistemleri.com\/#organization","name":"Akotech G\u00fcvenlik Sistemleri","url":"https:\/\/kamerakontrolsistemleri.com\/","logo":{"@type":"ImageObject","inLanguage":"tr","@id":"https:\/\/kamerakontrolsistemleri.com\/#\/schema\/logo\/image\/","url":"https:\/\/kamerakontrolsistemleri.com\/wp-content\/uploads\/2020\/12\/37335611_391154311412387_1999192248473878528_o.jpg","contentUrl":"https:\/\/kamerakontrolsistemleri.com\/wp-content\/uploads\/2020\/12\/37335611_391154311412387_1999192248473878528_o.jpg","width":1129,"height":1129,"caption":"Akotech G\u00fcvenlik Sistemleri"},"image":{"@id":"https:\/\/kamerakontrolsistemleri.com\/#\/schema\/logo\/image\/"},"sameAs":["https:\/\/www.facebook.com\/akottech","https:\/\/www.instagram.com\/akottechguvenlik\/"]}]}},"jetpack_sharing_enabled":true,"_links":{"self":[{"href":"https:\/\/kamerakontrolsistemleri.com\/index.php\/wp-json\/wp\/v2\/pages\/107","targetHints":{"allow":["GET"]}}],"collection":[{"href":"https:\/\/kamerakontrolsistemleri.com\/index.php\/wp-json\/wp\/v2\/pages"}],"about":[{"href":"https:\/\/kamerakontrolsistemleri.com\/index.php\/wp-json\/wp\/v2\/types\/page"}],"author":[{"embeddable":true,"href":"https:\/\/kamerakontrolsistemleri.com\/index.php\/wp-json\/wp\/v2\/users\/1"}],"replies":[{"embeddable":true,"href":"https:\/\/kamerakontrolsistemleri.com\/index.php\/wp-json\/wp\/v2\/comments?post=107"}],"version-history":[{"count":24,"href":"https:\/\/kamerakontrolsistemleri.com\/index.php\/wp-json\/wp\/v2\/pages\/107\/revisions"}],"predecessor-version":[{"id":12895,"href":"https:\/\/kamerakontrolsistemleri.com\/index.php\/wp-json\/wp\/v2\/pages\/107\/revisions\/12895"}],"wp:attachment":[{"href":"https:\/\/kamerakontrolsistemleri.com\/index.php\/wp-json\/wp\/v2\/media?parent=107"}],"curies":[{"name":"wp","href":"https:\/\/api.w.org\/{rel}","templated":true}]}}