{"id":265,"date":"2017-06-21T08:08:41","date_gmt":"2017-06-21T05:08:41","guid":{"rendered":"http:\/\/dummy.xtemos.com\/woodmart-elementor\/?page_id=265"},"modified":"2020-12-08T16:41:21","modified_gmt":"2020-12-08T13:41:21","slug":"karsilastirma-listem","status":"publish","type":"page","link":"https:\/\/kamerakontrolsistemleri.com\/index.php\/karsilastirma-listem\/","title":{"rendered":"Kar\u015f\u0131la\u015ft\u0131rma Listem"},"content":{"rendered":"\t\t<div class=\"wd-empty-block wd-empty-compare\">\n\t\t\t<h2 class=\"wd-empty-block-title\">\n\t\t\t\tKar\u015f\u0131la\u015ft\u0131rma sayfan\u0131z bo\u015f\t\t\t<\/h2>\n\t\t\t\t\t\t\t<p class=\"wd-empty-block-text\">\n\t\t\t\t\tKar\u015f\u0131la\u015ft\u0131rma listende hen\u00fcz \u00fcr\u00fcn yok. Kar\u015f\u0131la\u015ft\u0131rmak i\u00e7in bir ka\u00e7 \u00fcr\u00fcn ekleyebilirsin.<br>  \"\u00dcr\u00fcnler\" sayfas\u0131ndan ilgini \u00e7eken \u00fcr\u00fcnlerden se\u00e7ebilirsin.\t\t\t\t<\/p>\n\t\t\t\t\t\t<a class=\"button btn btn-accent wd-empty-block-btn\" href=\"https:\/\/kamerakontrolsistemleri.com\/index.php\/urunler\/\">\n\t\t\t\tAl\u0131\u015fveri\u015fe Devam et\t\t\t<\/a>\n\t\t<\/div>\n\t\t\n","protected":false},"excerpt":{"rendered":"","protected":false},"author":1,"featured_media":0,"parent":0,"menu_order":0,"comment_status":"closed","ping_status":"closed","template":"","meta":{"footnotes":""},"class_list":["post-265","page","type-page","status-publish","hentry"],"yoast_head":"<!-- This site is optimized with the Yoast SEO plugin v27.3 - https:\/\/yoast.com\/product\/yoast-seo-wordpress\/ -->\n<title>Kar\u015f\u0131la\u015ft\u0131rma Listem - Kamera Kontrol Sistemleri<\/title>\n<meta name=\"robots\" content=\"index, follow, max-snippet:-1, max-image-preview:large, max-video-preview:-1\" \/>\n<link rel=\"canonical\" href=\"https:\/\/kamerakontrolsistemleri.com\/index.php\/karsilastirma-listem\/\" \/>\n<meta property=\"og:locale\" content=\"tr_TR\" \/>\n<meta property=\"og:type\" content=\"article\" \/>\n<meta property=\"og:title\" content=\"Kar\u015f\u0131la\u015ft\u0131rma Listem - Kamera Kontrol Sistemleri\" \/>\n<meta property=\"og:url\" content=\"https:\/\/kamerakontrolsistemleri.com\/index.php\/karsilastirma-listem\/\" \/>\n<meta property=\"og:site_name\" content=\"Kamera Kontrol Sistemleri\" \/>\n<meta property=\"article:publisher\" content=\"https:\/\/www.facebook.com\/akottech\" \/>\n<meta property=\"article:modified_time\" content=\"2020-12-08T13:41:21+00:00\" \/>\n<meta property=\"og:image\" content=\"https:\/\/kamerakontrolsistemleri.com\/wp-content\/uploads\/2020\/12\/37335611_391154311412387_1999192248473878528_o.jpg\" \/>\n\t<meta property=\"og:image:width\" content=\"1129\" \/>\n\t<meta property=\"og:image:height\" content=\"1129\" \/>\n\t<meta property=\"og:image:type\" content=\"image\/jpeg\" \/>\n<script type=\"application\/ld+json\" class=\"yoast-schema-graph\">{\"@context\":\"https:\\\/\\\/schema.org\",\"@graph\":[{\"@type\":\"WebPage\",\"@id\":\"https:\\\/\\\/kamerakontrolsistemleri.com\\\/index.php\\\/karsilastirma-listem\\\/\",\"url\":\"https:\\\/\\\/kamerakontrolsistemleri.com\\\/index.php\\\/karsilastirma-listem\\\/\",\"name\":\"Kar\u015f\u0131la\u015ft\u0131rma Listem - Kamera Kontrol Sistemleri\",\"isPartOf\":{\"@id\":\"https:\\\/\\\/kamerakontrolsistemleri.com\\\/#website\"},\"datePublished\":\"2017-06-21T05:08:41+00:00\",\"dateModified\":\"2020-12-08T13:41:21+00:00\",\"breadcrumb\":{\"@id\":\"https:\\\/\\\/kamerakontrolsistemleri.com\\\/index.php\\\/karsilastirma-listem\\\/#breadcrumb\"},\"inLanguage\":\"tr\",\"potentialAction\":[{\"@type\":\"ReadAction\",\"target\":[\"https:\\\/\\\/kamerakontrolsistemleri.com\\\/index.php\\\/karsilastirma-listem\\\/\"]}]},{\"@type\":\"BreadcrumbList\",\"@id\":\"https:\\\/\\\/kamerakontrolsistemleri.com\\\/index.php\\\/karsilastirma-listem\\\/#breadcrumb\",\"itemListElement\":[{\"@type\":\"ListItem\",\"position\":1,\"name\":\"Ana sayfa\",\"item\":\"https:\\\/\\\/kamerakontrolsistemleri.com\\\/\"},{\"@type\":\"ListItem\",\"position\":2,\"name\":\"Kar\u015f\u0131la\u015ft\u0131rma Listem\"}]},{\"@type\":\"WebSite\",\"@id\":\"https:\\\/\\\/kamerakontrolsistemleri.com\\\/#website\",\"url\":\"https:\\\/\\\/kamerakontrolsistemleri.com\\\/\",\"name\":\"Kamera Kontrol Sistemleri\",\"description\":\"Toptan fiyat\u0131na al\u0131\u015fveri\u015f imkan\u0131\",\"publisher\":{\"@id\":\"https:\\\/\\\/kamerakontrolsistemleri.com\\\/#organization\"},\"potentialAction\":[{\"@type\":\"SearchAction\",\"target\":{\"@type\":\"EntryPoint\",\"urlTemplate\":\"https:\\\/\\\/kamerakontrolsistemleri.com\\\/?s={search_term_string}\"},\"query-input\":{\"@type\":\"PropertyValueSpecification\",\"valueRequired\":true,\"valueName\":\"search_term_string\"}}],\"inLanguage\":\"tr\"},{\"@type\":\"Organization\",\"@id\":\"https:\\\/\\\/kamerakontrolsistemleri.com\\\/#organization\",\"name\":\"Akotech G\u00fcvenlik Sistemleri\",\"url\":\"https:\\\/\\\/kamerakontrolsistemleri.com\\\/\",\"logo\":{\"@type\":\"ImageObject\",\"inLanguage\":\"tr\",\"@id\":\"https:\\\/\\\/kamerakontrolsistemleri.com\\\/#\\\/schema\\\/logo\\\/image\\\/\",\"url\":\"https:\\\/\\\/kamerakontrolsistemleri.com\\\/wp-content\\\/uploads\\\/2020\\\/12\\\/37335611_391154311412387_1999192248473878528_o.jpg\",\"contentUrl\":\"https:\\\/\\\/kamerakontrolsistemleri.com\\\/wp-content\\\/uploads\\\/2020\\\/12\\\/37335611_391154311412387_1999192248473878528_o.jpg\",\"width\":1129,\"height\":1129,\"caption\":\"Akotech G\u00fcvenlik Sistemleri\"},\"image\":{\"@id\":\"https:\\\/\\\/kamerakontrolsistemleri.com\\\/#\\\/schema\\\/logo\\\/image\\\/\"},\"sameAs\":[\"https:\\\/\\\/www.facebook.com\\\/akottech\",\"https:\\\/\\\/www.instagram.com\\\/akottechguvenlik\\\/\"]}]}<\/script>\n<!-- \/ Yoast SEO plugin. -->","yoast_head_json":{"title":"Kar\u015f\u0131la\u015ft\u0131rma Listem - Kamera Kontrol Sistemleri","robots":{"index":"index","follow":"follow","max-snippet":"max-snippet:-1","max-image-preview":"max-image-preview:large","max-video-preview":"max-video-preview:-1"},"canonical":"https:\/\/kamerakontrolsistemleri.com\/index.php\/karsilastirma-listem\/","og_locale":"tr_TR","og_type":"article","og_title":"Kar\u015f\u0131la\u015ft\u0131rma Listem - Kamera Kontrol Sistemleri","og_url":"https:\/\/kamerakontrolsistemleri.com\/index.php\/karsilastirma-listem\/","og_site_name":"Kamera Kontrol Sistemleri","article_publisher":"https:\/\/www.facebook.com\/akottech","article_modified_time":"2020-12-08T13:41:21+00:00","og_image":[{"width":1129,"height":1129,"url":"https:\/\/kamerakontrolsistemleri.com\/wp-content\/uploads\/2020\/12\/37335611_391154311412387_1999192248473878528_o.jpg","type":"image\/jpeg"}],"schema":{"@context":"https:\/\/schema.org","@graph":[{"@type":"WebPage","@id":"https:\/\/kamerakontrolsistemleri.com\/index.php\/karsilastirma-listem\/","url":"https:\/\/kamerakontrolsistemleri.com\/index.php\/karsilastirma-listem\/","name":"Kar\u015f\u0131la\u015ft\u0131rma Listem - Kamera Kontrol Sistemleri","isPartOf":{"@id":"https:\/\/kamerakontrolsistemleri.com\/#website"},"datePublished":"2017-06-21T05:08:41+00:00","dateModified":"2020-12-08T13:41:21+00:00","breadcrumb":{"@id":"https:\/\/kamerakontrolsistemleri.com\/index.php\/karsilastirma-listem\/#breadcrumb"},"inLanguage":"tr","potentialAction":[{"@type":"ReadAction","target":["https:\/\/kamerakontrolsistemleri.com\/index.php\/karsilastirma-listem\/"]}]},{"@type":"BreadcrumbList","@id":"https:\/\/kamerakontrolsistemleri.com\/index.php\/karsilastirma-listem\/#breadcrumb","itemListElement":[{"@type":"ListItem","position":1,"name":"Ana sayfa","item":"https:\/\/kamerakontrolsistemleri.com\/"},{"@type":"ListItem","position":2,"name":"Kar\u015f\u0131la\u015ft\u0131rma Listem"}]},{"@type":"WebSite","@id":"https:\/\/kamerakontrolsistemleri.com\/#website","url":"https:\/\/kamerakontrolsistemleri.com\/","name":"Kamera Kontrol Sistemleri","description":"Toptan fiyat\u0131na al\u0131\u015fveri\u015f imkan\u0131","publisher":{"@id":"https:\/\/kamerakontrolsistemleri.com\/#organization"},"potentialAction":[{"@type":"SearchAction","target":{"@type":"EntryPoint","urlTemplate":"https:\/\/kamerakontrolsistemleri.com\/?s={search_term_string}"},"query-input":{"@type":"PropertyValueSpecification","valueRequired":true,"valueName":"search_term_string"}}],"inLanguage":"tr"},{"@type":"Organization","@id":"https:\/\/kamerakontrolsistemleri.com\/#organization","name":"Akotech G\u00fcvenlik Sistemleri","url":"https:\/\/kamerakontrolsistemleri.com\/","logo":{"@type":"ImageObject","inLanguage":"tr","@id":"https:\/\/kamerakontrolsistemleri.com\/#\/schema\/logo\/image\/","url":"https:\/\/kamerakontrolsistemleri.com\/wp-content\/uploads\/2020\/12\/37335611_391154311412387_1999192248473878528_o.jpg","contentUrl":"https:\/\/kamerakontrolsistemleri.com\/wp-content\/uploads\/2020\/12\/37335611_391154311412387_1999192248473878528_o.jpg","width":1129,"height":1129,"caption":"Akotech G\u00fcvenlik Sistemleri"},"image":{"@id":"https:\/\/kamerakontrolsistemleri.com\/#\/schema\/logo\/image\/"},"sameAs":["https:\/\/www.facebook.com\/akottech","https:\/\/www.instagram.com\/akottechguvenlik\/"]}]}},"jetpack_sharing_enabled":true,"_links":{"self":[{"href":"https:\/\/kamerakontrolsistemleri.com\/index.php\/wp-json\/wp\/v2\/pages\/265","targetHints":{"allow":["GET"]}}],"collection":[{"href":"https:\/\/kamerakontrolsistemleri.com\/index.php\/wp-json\/wp\/v2\/pages"}],"about":[{"href":"https:\/\/kamerakontrolsistemleri.com\/index.php\/wp-json\/wp\/v2\/types\/page"}],"author":[{"embeddable":true,"href":"https:\/\/kamerakontrolsistemleri.com\/index.php\/wp-json\/wp\/v2\/users\/1"}],"replies":[{"embeddable":true,"href":"https:\/\/kamerakontrolsistemleri.com\/index.php\/wp-json\/wp\/v2\/comments?post=265"}],"version-history":[{"count":0,"href":"https:\/\/kamerakontrolsistemleri.com\/index.php\/wp-json\/wp\/v2\/pages\/265\/revisions"}],"wp:attachment":[{"href":"https:\/\/kamerakontrolsistemleri.com\/index.php\/wp-json\/wp\/v2\/media?parent=265"}],"curies":[{"name":"wp","href":"https:\/\/api.w.org\/{rel}","templated":true}]}}