{"id":10966,"date":"2020-11-28T20:32:29","date_gmt":"2020-11-28T17:32:29","guid":{"rendered":"https:\/\/kamerakontrolsistemleri.com\/index.php\/product\/hikvision-ds-2cd2423g0-iw-2mp-kablosuz-ir-cube-kamera\/"},"modified":"2020-11-28T21:30:40","modified_gmt":"2020-11-28T18:30:40","slug":"hikvision-ds-2cd2423g0-iw-2mp-kablosuz-ir-cube-kamera","status":"publish","type":"product","link":"https:\/\/kamerakontrolsistemleri.com\/index.php\/product\/hikvision-ds-2cd2423g0-iw-2mp-kablosuz-ir-cube-kamera\/","title":{"rendered":"Hikvision DS-2CD2423G0-IW 2MP Kablosuz IR Cube Kamera"},"content":{"rendered":"","protected":false},"excerpt":{"rendered":"<div class=\"short-description\">1\/2.7&#8243; PS CMOS, 2.8mm Lens, 0,01, ICR, 3D DNR, 120dB WDR, PIR, BLC, HLC, ROI, Analizler (Hat ihlali, alan ihlali, Y\u00fcz alg\u0131lama), Dahili Mikrofon, Dahili Speaker, MicroSD, deste\u011fi (~128GB), SVC, Wi-Fi: ~50m menzil, WPA, WPA2, 802.11b\/g\/n, Besleme: 12V DC , PoE (802.3af), 10mt IR Ayd\u0131nlatma<\/div>\n<div class=\"prices\"><\/div>\n","protected":false},"featured_media":11309,"template":"","meta":[],"product_brand":[],"product_cat":[130,131],"product_tag":[],"class_list":{"0":"post-10966","1":"product","2":"type-product","3":"status-publish","4":"has-post-thumbnail","6":"product_cat-ip-kameralar","7":"product_cat-ir-bullet-kameralar","8":"pa_marka-hikvision","10":"first","11":"instock","12":"taxable","13":"shipping-taxable","14":"purchasable","15":"product-type-simple"},"yoast_head":"<!-- This site is optimized with the Yoast SEO plugin v27.3 - https:\/\/yoast.com\/product\/yoast-seo-wordpress\/ -->\n<title>Hikvision DS-2CD2423G0-IW 2MP Kablosuz IR Cube Kamera - Kamera Kontrol Sistemleri<\/title>\n<meta name=\"description\" content=\"1\/2.7&quot; PS CMOS, 2.8mm Lens, 0,01, ICR, 3D DNR, 120dB WDR, PIR, BLC, HLC, ROI, Analizler (Hat ihlali, alan ihlali, Y\u00fcz alg\u0131lama), Dahili Mikrofon, Dahili Speaker, MicroSD, deste\u011fi (~128GB), SVC, Wi-Fi: ~50m menzil, WPA, WPA2, 802.11b\/g\/n, Besleme: 12V DC , PoE (802.3af), 10mt IR Ayd\u0131nlatma\" \/>\n<meta name=\"robots\" content=\"index, follow, max-snippet:-1, max-image-preview:large, max-video-preview:-1\" \/>\n<link rel=\"canonical\" href=\"https:\/\/kamerakontrolsistemleri.com\/index.php\/product\/hikvision-ds-2cd2423g0-iw-2mp-kablosuz-ir-cube-kamera\/\" \/>\n<meta property=\"og:locale\" content=\"tr_TR\" \/>\n<meta property=\"og:type\" content=\"article\" \/>\n<meta property=\"og:title\" content=\"Hikvision DS-2CD2423G0-IW 2MP Kablosuz IR Cube Kamera - Kamera Kontrol Sistemleri\" \/>\n<meta property=\"og:description\" content=\"1\/2.7&quot; PS CMOS, 2.8mm Lens, 0,01, ICR, 3D DNR, 120dB WDR, PIR, BLC, HLC, ROI, Analizler (Hat ihlali, alan ihlali, Y\u00fcz alg\u0131lama), Dahili Mikrofon, Dahili Speaker, MicroSD, deste\u011fi (~128GB), SVC, Wi-Fi: ~50m menzil, WPA, WPA2, 802.11b\/g\/n, Besleme: 12V DC , PoE (802.3af), 10mt IR Ayd\u0131nlatma\" \/>\n<meta property=\"og:url\" content=\"https:\/\/kamerakontrolsistemleri.com\/index.php\/product\/hikvision-ds-2cd2423g0-iw-2mp-kablosuz-ir-cube-kamera\/\" \/>\n<meta property=\"og:site_name\" content=\"Kamera Kontrol Sistemleri\" \/>\n<meta property=\"article:publisher\" content=\"https:\/\/www.facebook.com\/akottech\" \/>\n<meta property=\"article:modified_time\" content=\"2020-11-28T18:30:40+00:00\" \/>\n<meta property=\"og:image\" content=\"https:\/\/kamerakontrolsistemleri.com\/wp-content\/uploads\/2020\/11\/hikvision-ds-2cd2421g0-iw-2mp-2-8-mm-10-mt-h-265-h-264-h-264-mjpeg-ip-cube-z-kopya.jpg\" \/>\n\t<meta property=\"og:image:width\" content=\"645\" \/>\n\t<meta property=\"og:image:height\" content=\"644\" \/>\n\t<meta property=\"og:image:type\" content=\"image\/jpeg\" \/>\n<script type=\"application\/ld+json\" class=\"yoast-schema-graph\">{\"@context\":\"https:\\\/\\\/schema.org\",\"@graph\":[{\"@type\":\"WebPage\",\"@id\":\"https:\\\/\\\/kamerakontrolsistemleri.com\\\/index.php\\\/product\\\/hikvision-ds-2cd2423g0-iw-2mp-kablosuz-ir-cube-kamera\\\/\",\"url\":\"https:\\\/\\\/kamerakontrolsistemleri.com\\\/index.php\\\/product\\\/hikvision-ds-2cd2423g0-iw-2mp-kablosuz-ir-cube-kamera\\\/\",\"name\":\"Hikvision DS-2CD2423G0-IW 2MP Kablosuz IR Cube Kamera - Kamera Kontrol Sistemleri\",\"isPartOf\":{\"@id\":\"https:\\\/\\\/kamerakontrolsistemleri.com\\\/#website\"},\"primaryImageOfPage\":{\"@id\":\"https:\\\/\\\/kamerakontrolsistemleri.com\\\/index.php\\\/product\\\/hikvision-ds-2cd2423g0-iw-2mp-kablosuz-ir-cube-kamera\\\/#primaryimage\"},\"image\":{\"@id\":\"https:\\\/\\\/kamerakontrolsistemleri.com\\\/index.php\\\/product\\\/hikvision-ds-2cd2423g0-iw-2mp-kablosuz-ir-cube-kamera\\\/#primaryimage\"},\"thumbnailUrl\":\"https:\\\/\\\/kamerakontrolsistemleri.com\\\/wp-content\\\/uploads\\\/2020\\\/11\\\/hikvision-ds-2cd2421g0-iw-2mp-2-8-mm-10-mt-h-265-h-264-h-264-mjpeg-ip-cube-z-kopya.jpg\",\"datePublished\":\"2020-11-28T17:32:29+00:00\",\"dateModified\":\"2020-11-28T18:30:40+00:00\",\"description\":\"1\\\/2.7\\\" PS CMOS, 2.8mm Lens, 0,01, ICR, 3D DNR, 120dB WDR, PIR, BLC, HLC, ROI, Analizler (Hat ihlali, alan ihlali, Y\u00fcz alg\u0131lama), Dahili Mikrofon, Dahili Speaker, MicroSD, deste\u011fi (~128GB), SVC, Wi-Fi: ~50m menzil, WPA, WPA2, 802.11b\\\/g\\\/n, Besleme: 12V DC , PoE (802.3af), 10mt IR Ayd\u0131nlatma\",\"breadcrumb\":{\"@id\":\"https:\\\/\\\/kamerakontrolsistemleri.com\\\/index.php\\\/product\\\/hikvision-ds-2cd2423g0-iw-2mp-kablosuz-ir-cube-kamera\\\/#breadcrumb\"},\"inLanguage\":\"tr\",\"potentialAction\":[{\"@type\":\"ReadAction\",\"target\":[\"https:\\\/\\\/kamerakontrolsistemleri.com\\\/index.php\\\/product\\\/hikvision-ds-2cd2423g0-iw-2mp-kablosuz-ir-cube-kamera\\\/\"]}]},{\"@type\":\"ImageObject\",\"inLanguage\":\"tr\",\"@id\":\"https:\\\/\\\/kamerakontrolsistemleri.com\\\/index.php\\\/product\\\/hikvision-ds-2cd2423g0-iw-2mp-kablosuz-ir-cube-kamera\\\/#primaryimage\",\"url\":\"https:\\\/\\\/kamerakontrolsistemleri.com\\\/wp-content\\\/uploads\\\/2020\\\/11\\\/hikvision-ds-2cd2421g0-iw-2mp-2-8-mm-10-mt-h-265-h-264-h-264-mjpeg-ip-cube-z-kopya.jpg\",\"contentUrl\":\"https:\\\/\\\/kamerakontrolsistemleri.com\\\/wp-content\\\/uploads\\\/2020\\\/11\\\/hikvision-ds-2cd2421g0-iw-2mp-2-8-mm-10-mt-h-265-h-264-h-264-mjpeg-ip-cube-z-kopya.jpg\",\"width\":645,\"height\":644},{\"@type\":\"BreadcrumbList\",\"@id\":\"https:\\\/\\\/kamerakontrolsistemleri.com\\\/index.php\\\/product\\\/hikvision-ds-2cd2423g0-iw-2mp-kablosuz-ir-cube-kamera\\\/#breadcrumb\",\"itemListElement\":[{\"@type\":\"ListItem\",\"position\":1,\"name\":\"Ana sayfa\",\"item\":\"https:\\\/\\\/kamerakontrolsistemleri.com\\\/\"},{\"@type\":\"ListItem\",\"position\":2,\"name\":\"\u00dcr\u00fcnler\",\"item\":\"https:\\\/\\\/kamerakontrolsistemleri.com\\\/index.php\\\/urunler\\\/\"},{\"@type\":\"ListItem\",\"position\":3,\"name\":\"Hikvision DS-2CD2423G0-IW 2MP Kablosuz IR Cube Kamera\"}]},{\"@type\":\"WebSite\",\"@id\":\"https:\\\/\\\/kamerakontrolsistemleri.com\\\/#website\",\"url\":\"https:\\\/\\\/kamerakontrolsistemleri.com\\\/\",\"name\":\"Kamera Kontrol Sistemleri\",\"description\":\"Toptan fiyat\u0131na al\u0131\u015fveri\u015f imkan\u0131\",\"publisher\":{\"@id\":\"https:\\\/\\\/kamerakontrolsistemleri.com\\\/#organization\"},\"potentialAction\":[{\"@type\":\"SearchAction\",\"target\":{\"@type\":\"EntryPoint\",\"urlTemplate\":\"https:\\\/\\\/kamerakontrolsistemleri.com\\\/?s={search_term_string}\"},\"query-input\":{\"@type\":\"PropertyValueSpecification\",\"valueRequired\":true,\"valueName\":\"search_term_string\"}}],\"inLanguage\":\"tr\"},{\"@type\":\"Organization\",\"@id\":\"https:\\\/\\\/kamerakontrolsistemleri.com\\\/#organization\",\"name\":\"Akotech G\u00fcvenlik Sistemleri\",\"url\":\"https:\\\/\\\/kamerakontrolsistemleri.com\\\/\",\"logo\":{\"@type\":\"ImageObject\",\"inLanguage\":\"tr\",\"@id\":\"https:\\\/\\\/kamerakontrolsistemleri.com\\\/#\\\/schema\\\/logo\\\/image\\\/\",\"url\":\"https:\\\/\\\/kamerakontrolsistemleri.com\\\/wp-content\\\/uploads\\\/2020\\\/12\\\/37335611_391154311412387_1999192248473878528_o.jpg\",\"contentUrl\":\"https:\\\/\\\/kamerakontrolsistemleri.com\\\/wp-content\\\/uploads\\\/2020\\\/12\\\/37335611_391154311412387_1999192248473878528_o.jpg\",\"width\":1129,\"height\":1129,\"caption\":\"Akotech G\u00fcvenlik Sistemleri\"},\"image\":{\"@id\":\"https:\\\/\\\/kamerakontrolsistemleri.com\\\/#\\\/schema\\\/logo\\\/image\\\/\"},\"sameAs\":[\"https:\\\/\\\/www.facebook.com\\\/akottech\",\"https:\\\/\\\/www.instagram.com\\\/akottechguvenlik\\\/\"]}]}<\/script>\n<!-- \/ Yoast SEO plugin. -->","yoast_head_json":{"title":"Hikvision DS-2CD2423G0-IW 2MP Kablosuz IR Cube Kamera - Kamera Kontrol Sistemleri","description":"1\/2.7\" PS CMOS, 2.8mm Lens, 0,01, ICR, 3D DNR, 120dB WDR, PIR, BLC, HLC, ROI, Analizler (Hat ihlali, alan ihlali, Y\u00fcz alg\u0131lama), Dahili Mikrofon, Dahili Speaker, MicroSD, deste\u011fi (~128GB), SVC, Wi-Fi: ~50m menzil, WPA, WPA2, 802.11b\/g\/n, Besleme: 12V DC , PoE (802.3af), 10mt IR Ayd\u0131nlatma","robots":{"index":"index","follow":"follow","max-snippet":"max-snippet:-1","max-image-preview":"max-image-preview:large","max-video-preview":"max-video-preview:-1"},"canonical":"https:\/\/kamerakontrolsistemleri.com\/index.php\/product\/hikvision-ds-2cd2423g0-iw-2mp-kablosuz-ir-cube-kamera\/","og_locale":"tr_TR","og_type":"article","og_title":"Hikvision DS-2CD2423G0-IW 2MP Kablosuz IR Cube Kamera - Kamera Kontrol Sistemleri","og_description":"1\/2.7\" PS CMOS, 2.8mm Lens, 0,01, ICR, 3D DNR, 120dB WDR, PIR, BLC, HLC, ROI, Analizler (Hat ihlali, alan ihlali, Y\u00fcz alg\u0131lama), Dahili Mikrofon, Dahili Speaker, MicroSD, deste\u011fi (~128GB), SVC, Wi-Fi: ~50m menzil, WPA, WPA2, 802.11b\/g\/n, Besleme: 12V DC , PoE (802.3af), 10mt IR Ayd\u0131nlatma","og_url":"https:\/\/kamerakontrolsistemleri.com\/index.php\/product\/hikvision-ds-2cd2423g0-iw-2mp-kablosuz-ir-cube-kamera\/","og_site_name":"Kamera Kontrol Sistemleri","article_publisher":"https:\/\/www.facebook.com\/akottech","article_modified_time":"2020-11-28T18:30:40+00:00","og_image":[{"width":645,"height":644,"url":"https:\/\/kamerakontrolsistemleri.com\/wp-content\/uploads\/2020\/11\/hikvision-ds-2cd2421g0-iw-2mp-2-8-mm-10-mt-h-265-h-264-h-264-mjpeg-ip-cube-z-kopya.jpg","type":"image\/jpeg"}],"schema":{"@context":"https:\/\/schema.org","@graph":[{"@type":"WebPage","@id":"https:\/\/kamerakontrolsistemleri.com\/index.php\/product\/hikvision-ds-2cd2423g0-iw-2mp-kablosuz-ir-cube-kamera\/","url":"https:\/\/kamerakontrolsistemleri.com\/index.php\/product\/hikvision-ds-2cd2423g0-iw-2mp-kablosuz-ir-cube-kamera\/","name":"Hikvision DS-2CD2423G0-IW 2MP Kablosuz IR Cube Kamera - Kamera Kontrol Sistemleri","isPartOf":{"@id":"https:\/\/kamerakontrolsistemleri.com\/#website"},"primaryImageOfPage":{"@id":"https:\/\/kamerakontrolsistemleri.com\/index.php\/product\/hikvision-ds-2cd2423g0-iw-2mp-kablosuz-ir-cube-kamera\/#primaryimage"},"image":{"@id":"https:\/\/kamerakontrolsistemleri.com\/index.php\/product\/hikvision-ds-2cd2423g0-iw-2mp-kablosuz-ir-cube-kamera\/#primaryimage"},"thumbnailUrl":"https:\/\/kamerakontrolsistemleri.com\/wp-content\/uploads\/2020\/11\/hikvision-ds-2cd2421g0-iw-2mp-2-8-mm-10-mt-h-265-h-264-h-264-mjpeg-ip-cube-z-kopya.jpg","datePublished":"2020-11-28T17:32:29+00:00","dateModified":"2020-11-28T18:30:40+00:00","description":"1\/2.7\" PS CMOS, 2.8mm Lens, 0,01, ICR, 3D DNR, 120dB WDR, PIR, BLC, HLC, ROI, Analizler (Hat ihlali, alan ihlali, Y\u00fcz alg\u0131lama), Dahili Mikrofon, Dahili Speaker, MicroSD, deste\u011fi (~128GB), SVC, Wi-Fi: ~50m menzil, WPA, WPA2, 802.11b\/g\/n, Besleme: 12V DC , PoE (802.3af), 10mt IR Ayd\u0131nlatma","breadcrumb":{"@id":"https:\/\/kamerakontrolsistemleri.com\/index.php\/product\/hikvision-ds-2cd2423g0-iw-2mp-kablosuz-ir-cube-kamera\/#breadcrumb"},"inLanguage":"tr","potentialAction":[{"@type":"ReadAction","target":["https:\/\/kamerakontrolsistemleri.com\/index.php\/product\/hikvision-ds-2cd2423g0-iw-2mp-kablosuz-ir-cube-kamera\/"]}]},{"@type":"ImageObject","inLanguage":"tr","@id":"https:\/\/kamerakontrolsistemleri.com\/index.php\/product\/hikvision-ds-2cd2423g0-iw-2mp-kablosuz-ir-cube-kamera\/#primaryimage","url":"https:\/\/kamerakontrolsistemleri.com\/wp-content\/uploads\/2020\/11\/hikvision-ds-2cd2421g0-iw-2mp-2-8-mm-10-mt-h-265-h-264-h-264-mjpeg-ip-cube-z-kopya.jpg","contentUrl":"https:\/\/kamerakontrolsistemleri.com\/wp-content\/uploads\/2020\/11\/hikvision-ds-2cd2421g0-iw-2mp-2-8-mm-10-mt-h-265-h-264-h-264-mjpeg-ip-cube-z-kopya.jpg","width":645,"height":644},{"@type":"BreadcrumbList","@id":"https:\/\/kamerakontrolsistemleri.com\/index.php\/product\/hikvision-ds-2cd2423g0-iw-2mp-kablosuz-ir-cube-kamera\/#breadcrumb","itemListElement":[{"@type":"ListItem","position":1,"name":"Ana sayfa","item":"https:\/\/kamerakontrolsistemleri.com\/"},{"@type":"ListItem","position":2,"name":"\u00dcr\u00fcnler","item":"https:\/\/kamerakontrolsistemleri.com\/index.php\/urunler\/"},{"@type":"ListItem","position":3,"name":"Hikvision DS-2CD2423G0-IW 2MP Kablosuz IR Cube Kamera"}]},{"@type":"WebSite","@id":"https:\/\/kamerakontrolsistemleri.com\/#website","url":"https:\/\/kamerakontrolsistemleri.com\/","name":"Kamera Kontrol Sistemleri","description":"Toptan fiyat\u0131na al\u0131\u015fveri\u015f imkan\u0131","publisher":{"@id":"https:\/\/kamerakontrolsistemleri.com\/#organization"},"potentialAction":[{"@type":"SearchAction","target":{"@type":"EntryPoint","urlTemplate":"https:\/\/kamerakontrolsistemleri.com\/?s={search_term_string}"},"query-input":{"@type":"PropertyValueSpecification","valueRequired":true,"valueName":"search_term_string"}}],"inLanguage":"tr"},{"@type":"Organization","@id":"https:\/\/kamerakontrolsistemleri.com\/#organization","name":"Akotech G\u00fcvenlik Sistemleri","url":"https:\/\/kamerakontrolsistemleri.com\/","logo":{"@type":"ImageObject","inLanguage":"tr","@id":"https:\/\/kamerakontrolsistemleri.com\/#\/schema\/logo\/image\/","url":"https:\/\/kamerakontrolsistemleri.com\/wp-content\/uploads\/2020\/12\/37335611_391154311412387_1999192248473878528_o.jpg","contentUrl":"https:\/\/kamerakontrolsistemleri.com\/wp-content\/uploads\/2020\/12\/37335611_391154311412387_1999192248473878528_o.jpg","width":1129,"height":1129,"caption":"Akotech G\u00fcvenlik Sistemleri"},"image":{"@id":"https:\/\/kamerakontrolsistemleri.com\/#\/schema\/logo\/image\/"},"sameAs":["https:\/\/www.facebook.com\/akottech","https:\/\/www.instagram.com\/akottechguvenlik\/"]}]}},"jetpack_sharing_enabled":true,"_links":{"self":[{"href":"https:\/\/kamerakontrolsistemleri.com\/index.php\/wp-json\/wp\/v2\/product\/10966","targetHints":{"allow":["GET"]}}],"collection":[{"href":"https:\/\/kamerakontrolsistemleri.com\/index.php\/wp-json\/wp\/v2\/product"}],"about":[{"href":"https:\/\/kamerakontrolsistemleri.com\/index.php\/wp-json\/wp\/v2\/types\/product"}],"version-history":[{"count":0,"href":"https:\/\/kamerakontrolsistemleri.com\/index.php\/wp-json\/wp\/v2\/product\/10966\/revisions"}],"wp:featuredmedia":[{"embeddable":true,"href":"https:\/\/kamerakontrolsistemleri.com\/index.php\/wp-json\/wp\/v2\/media\/11309"}],"wp:attachment":[{"href":"https:\/\/kamerakontrolsistemleri.com\/index.php\/wp-json\/wp\/v2\/media?parent=10966"}],"wp:term":[{"taxonomy":"product_brand","embeddable":true,"href":"https:\/\/kamerakontrolsistemleri.com\/index.php\/wp-json\/wp\/v2\/product_brand?post=10966"},{"taxonomy":"product_cat","embeddable":true,"href":"https:\/\/kamerakontrolsistemleri.com\/index.php\/wp-json\/wp\/v2\/product_cat?post=10966"},{"taxonomy":"product_tag","embeddable":true,"href":"https:\/\/kamerakontrolsistemleri.com\/index.php\/wp-json\/wp\/v2\/product_tag?post=10966"}],"curies":[{"name":"wp","href":"https:\/\/api.w.org\/{rel}","templated":true}]}}