{"id":10969,"date":"2020-11-28T20:32:30","date_gmt":"2020-11-28T17:32:30","guid":{"rendered":"https:\/\/kamerakontrolsistemleri.com\/index.php\/product\/hikvision-ds-2cd2045fwd-i-4mp-ip-ir-bullet-kamera\/"},"modified":"2020-11-28T21:36:23","modified_gmt":"2020-11-28T18:36:23","slug":"hikvision-ds-2cd2045fwd-i-4mp-ip-ir-bullet-kamera","status":"publish","type":"product","link":"https:\/\/kamerakontrolsistemleri.com\/index.php\/product\/hikvision-ds-2cd2045fwd-i-4mp-ip-ir-bullet-kamera\/","title":{"rendered":"Hikvision DS-2CD2045FWD-I 4MP IP IR Bullet Kamera"},"content":{"rendered":"","protected":false},"excerpt":{"rendered":"<p>4MP \u00c7\u00f6z\u00fcn\u00fcrl\u00fck, 4mm Lens, 120 db WDR, 30 metre Gece G\u00f6r\u00fc\u015f mesafesi, H.265, H.265+, H.264+ H.264, MJPEG video s\u0131k\u0131\u015ft\u0131rma, ONVIF, PSIA, CGI, ISAPI, 128 GB haf\u0131za kart\u0131 deste\u011fi, IP67 koruma s\u0131n\u0131f\u0131, Shutter &#8211; 1 \/ 100.000, -30\u00b0C \/ +60\u00b0C \u00e7al\u0131\u015fma s\u0131cakl\u0131\u011f\u0131, 12 V DC-PoE (802.3af) Maks 6,5 W, ak\u0131ll\u0131 analiz (\u00c7izgi ge\u00e7i\u015f ihlali, \u0130zinsiz giri\u015f alg\u0131lama, Dinamik analiz, Hareket alg\u0131lama, Y\u00fcz alg\u0131lama), BLC, ROI, AGC, AWB, titre\u015fim \u00f6nleme, sahne de\u011fi\u015fimi, 3D DNR<\/p>\n","protected":false},"featured_media":11320,"template":"","meta":[],"product_brand":[],"product_cat":[130,131],"product_tag":[],"class_list":{"0":"post-10969","1":"product","2":"type-product","3":"status-publish","4":"has-post-thumbnail","6":"product_cat-ip-kameralar","7":"product_cat-ir-bullet-kameralar","8":"pa_marka-hikvision","10":"first","11":"instock","12":"taxable","13":"shipping-taxable","14":"purchasable","15":"product-type-simple"},"yoast_head":"<!-- This site is optimized with the Yoast SEO plugin v27.3 - https:\/\/yoast.com\/product\/yoast-seo-wordpress\/ -->\n<title>Hikvision DS-2CD2045FWD-I 4MP IP IR Bullet Kamera - Kamera Kontrol Sistemleri<\/title>\n<meta name=\"description\" content=\"4MP \u00c7\u00f6z\u00fcn\u00fcrl\u00fck, 4mm Lens, 120 db WDR, 30 metre Gece G\u00f6r\u00fc\u015f mesafesi, H.265, H.265+, H.264+ H.264, MJPEG video s\u0131k\u0131\u015ft\u0131rma, ONVIF, PSIA, CGI, ISAPI, 128 GB haf\u0131za kart\u0131 deste\u011fi, IP67 koruma s\u0131n\u0131f\u0131, Shutter - 1 \/ 100.000, -30\u00b0C \/ +60\u00b0C \u00e7al\u0131\u015fma s\u0131cakl\u0131\u011f\u0131, 12 V DC-PoE (802.3af) Maks 6,5 W, ak\u0131ll\u0131 analiz (\u00c7izgi ge\u00e7i\u015f ihlali, \u0130zinsiz giri\u015f alg\u0131lama, Dinamik analiz, Hareket alg\u0131lama, Y\u00fcz alg\u0131lama), BLC, ROI, AGC, AWB, titre\u015fim \u00f6nleme, sahne de\u011fi\u015fimi, 3D DNR\" \/>\n<meta name=\"robots\" content=\"index, follow, max-snippet:-1, max-image-preview:large, max-video-preview:-1\" \/>\n<link rel=\"canonical\" href=\"https:\/\/kamerakontrolsistemleri.com\/index.php\/product\/hikvision-ds-2cd2045fwd-i-4mp-ip-ir-bullet-kamera\/\" \/>\n<meta property=\"og:locale\" content=\"tr_TR\" \/>\n<meta property=\"og:type\" content=\"article\" \/>\n<meta property=\"og:title\" content=\"Hikvision DS-2CD2045FWD-I 4MP IP IR Bullet Kamera - Kamera Kontrol Sistemleri\" \/>\n<meta property=\"og:description\" content=\"4MP \u00c7\u00f6z\u00fcn\u00fcrl\u00fck, 4mm Lens, 120 db WDR, 30 metre Gece G\u00f6r\u00fc\u015f mesafesi, H.265, H.265+, H.264+ H.264, MJPEG video s\u0131k\u0131\u015ft\u0131rma, ONVIF, PSIA, CGI, ISAPI, 128 GB haf\u0131za kart\u0131 deste\u011fi, IP67 koruma s\u0131n\u0131f\u0131, Shutter - 1 \/ 100.000, -30\u00b0C \/ +60\u00b0C \u00e7al\u0131\u015fma s\u0131cakl\u0131\u011f\u0131, 12 V DC-PoE (802.3af) Maks 6,5 W, ak\u0131ll\u0131 analiz (\u00c7izgi ge\u00e7i\u015f ihlali, \u0130zinsiz giri\u015f alg\u0131lama, Dinamik analiz, Hareket alg\u0131lama, Y\u00fcz alg\u0131lama), BLC, ROI, AGC, AWB, titre\u015fim \u00f6nleme, sahne de\u011fi\u015fimi, 3D DNR\" \/>\n<meta property=\"og:url\" content=\"https:\/\/kamerakontrolsistemleri.com\/index.php\/product\/hikvision-ds-2cd2045fwd-i-4mp-ip-ir-bullet-kamera\/\" \/>\n<meta property=\"og:site_name\" content=\"Kamera Kontrol Sistemleri\" \/>\n<meta property=\"article:publisher\" content=\"https:\/\/www.facebook.com\/akottech\" \/>\n<meta property=\"article:modified_time\" content=\"2020-11-28T18:36:23+00:00\" \/>\n<meta property=\"og:image\" content=\"https:\/\/kamerakontrolsistemleri.com\/wp-content\/uploads\/2020\/11\/0000496_hikvision-ds-2cd1643g0-iz-4mp-motorize-lensli-ir-bullet-kamera-2.png\" \/>\n\t<meta property=\"og:image:width\" content=\"500\" \/>\n\t<meta property=\"og:image:height\" content=\"500\" \/>\n\t<meta property=\"og:image:type\" content=\"image\/png\" \/>\n<script type=\"application\/ld+json\" class=\"yoast-schema-graph\">{\"@context\":\"https:\\\/\\\/schema.org\",\"@graph\":[{\"@type\":\"WebPage\",\"@id\":\"https:\\\/\\\/kamerakontrolsistemleri.com\\\/index.php\\\/product\\\/hikvision-ds-2cd2045fwd-i-4mp-ip-ir-bullet-kamera\\\/\",\"url\":\"https:\\\/\\\/kamerakontrolsistemleri.com\\\/index.php\\\/product\\\/hikvision-ds-2cd2045fwd-i-4mp-ip-ir-bullet-kamera\\\/\",\"name\":\"Hikvision DS-2CD2045FWD-I 4MP IP IR Bullet Kamera - Kamera Kontrol Sistemleri\",\"isPartOf\":{\"@id\":\"https:\\\/\\\/kamerakontrolsistemleri.com\\\/#website\"},\"primaryImageOfPage\":{\"@id\":\"https:\\\/\\\/kamerakontrolsistemleri.com\\\/index.php\\\/product\\\/hikvision-ds-2cd2045fwd-i-4mp-ip-ir-bullet-kamera\\\/#primaryimage\"},\"image\":{\"@id\":\"https:\\\/\\\/kamerakontrolsistemleri.com\\\/index.php\\\/product\\\/hikvision-ds-2cd2045fwd-i-4mp-ip-ir-bullet-kamera\\\/#primaryimage\"},\"thumbnailUrl\":\"https:\\\/\\\/kamerakontrolsistemleri.com\\\/wp-content\\\/uploads\\\/2020\\\/11\\\/0000496_hikvision-ds-2cd1643g0-iz-4mp-motorize-lensli-ir-bullet-kamera-2.png\",\"datePublished\":\"2020-11-28T17:32:30+00:00\",\"dateModified\":\"2020-11-28T18:36:23+00:00\",\"description\":\"4MP \u00c7\u00f6z\u00fcn\u00fcrl\u00fck, 4mm Lens, 120 db WDR, 30 metre Gece G\u00f6r\u00fc\u015f mesafesi, H.265, H.265+, H.264+ H.264, MJPEG video s\u0131k\u0131\u015ft\u0131rma, ONVIF, PSIA, CGI, ISAPI, 128 GB haf\u0131za kart\u0131 deste\u011fi, IP67 koruma s\u0131n\u0131f\u0131, Shutter - 1 \\\/ 100.000, -30\u00b0C \\\/ +60\u00b0C \u00e7al\u0131\u015fma s\u0131cakl\u0131\u011f\u0131, 12 V DC-PoE (802.3af) Maks 6,5 W, ak\u0131ll\u0131 analiz (\u00c7izgi ge\u00e7i\u015f ihlali, \u0130zinsiz giri\u015f alg\u0131lama, Dinamik analiz, Hareket alg\u0131lama, Y\u00fcz alg\u0131lama), BLC, ROI, AGC, AWB, titre\u015fim \u00f6nleme, sahne de\u011fi\u015fimi, 3D DNR\",\"breadcrumb\":{\"@id\":\"https:\\\/\\\/kamerakontrolsistemleri.com\\\/index.php\\\/product\\\/hikvision-ds-2cd2045fwd-i-4mp-ip-ir-bullet-kamera\\\/#breadcrumb\"},\"inLanguage\":\"tr\",\"potentialAction\":[{\"@type\":\"ReadAction\",\"target\":[\"https:\\\/\\\/kamerakontrolsistemleri.com\\\/index.php\\\/product\\\/hikvision-ds-2cd2045fwd-i-4mp-ip-ir-bullet-kamera\\\/\"]}]},{\"@type\":\"ImageObject\",\"inLanguage\":\"tr\",\"@id\":\"https:\\\/\\\/kamerakontrolsistemleri.com\\\/index.php\\\/product\\\/hikvision-ds-2cd2045fwd-i-4mp-ip-ir-bullet-kamera\\\/#primaryimage\",\"url\":\"https:\\\/\\\/kamerakontrolsistemleri.com\\\/wp-content\\\/uploads\\\/2020\\\/11\\\/0000496_hikvision-ds-2cd1643g0-iz-4mp-motorize-lensli-ir-bullet-kamera-2.png\",\"contentUrl\":\"https:\\\/\\\/kamerakontrolsistemleri.com\\\/wp-content\\\/uploads\\\/2020\\\/11\\\/0000496_hikvision-ds-2cd1643g0-iz-4mp-motorize-lensli-ir-bullet-kamera-2.png\",\"width\":500,\"height\":500},{\"@type\":\"BreadcrumbList\",\"@id\":\"https:\\\/\\\/kamerakontrolsistemleri.com\\\/index.php\\\/product\\\/hikvision-ds-2cd2045fwd-i-4mp-ip-ir-bullet-kamera\\\/#breadcrumb\",\"itemListElement\":[{\"@type\":\"ListItem\",\"position\":1,\"name\":\"Ana sayfa\",\"item\":\"https:\\\/\\\/kamerakontrolsistemleri.com\\\/\"},{\"@type\":\"ListItem\",\"position\":2,\"name\":\"\u00dcr\u00fcnler\",\"item\":\"https:\\\/\\\/kamerakontrolsistemleri.com\\\/index.php\\\/urunler\\\/\"},{\"@type\":\"ListItem\",\"position\":3,\"name\":\"Hikvision DS-2CD2045FWD-I 4MP IP IR Bullet Kamera\"}]},{\"@type\":\"WebSite\",\"@id\":\"https:\\\/\\\/kamerakontrolsistemleri.com\\\/#website\",\"url\":\"https:\\\/\\\/kamerakontrolsistemleri.com\\\/\",\"name\":\"Kamera Kontrol Sistemleri\",\"description\":\"Toptan fiyat\u0131na al\u0131\u015fveri\u015f imkan\u0131\",\"publisher\":{\"@id\":\"https:\\\/\\\/kamerakontrolsistemleri.com\\\/#organization\"},\"potentialAction\":[{\"@type\":\"SearchAction\",\"target\":{\"@type\":\"EntryPoint\",\"urlTemplate\":\"https:\\\/\\\/kamerakontrolsistemleri.com\\\/?s={search_term_string}\"},\"query-input\":{\"@type\":\"PropertyValueSpecification\",\"valueRequired\":true,\"valueName\":\"search_term_string\"}}],\"inLanguage\":\"tr\"},{\"@type\":\"Organization\",\"@id\":\"https:\\\/\\\/kamerakontrolsistemleri.com\\\/#organization\",\"name\":\"Akotech G\u00fcvenlik Sistemleri\",\"url\":\"https:\\\/\\\/kamerakontrolsistemleri.com\\\/\",\"logo\":{\"@type\":\"ImageObject\",\"inLanguage\":\"tr\",\"@id\":\"https:\\\/\\\/kamerakontrolsistemleri.com\\\/#\\\/schema\\\/logo\\\/image\\\/\",\"url\":\"https:\\\/\\\/kamerakontrolsistemleri.com\\\/wp-content\\\/uploads\\\/2020\\\/12\\\/37335611_391154311412387_1999192248473878528_o.jpg\",\"contentUrl\":\"https:\\\/\\\/kamerakontrolsistemleri.com\\\/wp-content\\\/uploads\\\/2020\\\/12\\\/37335611_391154311412387_1999192248473878528_o.jpg\",\"width\":1129,\"height\":1129,\"caption\":\"Akotech G\u00fcvenlik Sistemleri\"},\"image\":{\"@id\":\"https:\\\/\\\/kamerakontrolsistemleri.com\\\/#\\\/schema\\\/logo\\\/image\\\/\"},\"sameAs\":[\"https:\\\/\\\/www.facebook.com\\\/akottech\",\"https:\\\/\\\/www.instagram.com\\\/akottechguvenlik\\\/\"]}]}<\/script>\n<!-- \/ Yoast SEO plugin. -->","yoast_head_json":{"title":"Hikvision DS-2CD2045FWD-I 4MP IP IR Bullet Kamera - Kamera Kontrol Sistemleri","description":"4MP \u00c7\u00f6z\u00fcn\u00fcrl\u00fck, 4mm Lens, 120 db WDR, 30 metre Gece G\u00f6r\u00fc\u015f mesafesi, H.265, H.265+, H.264+ H.264, MJPEG video s\u0131k\u0131\u015ft\u0131rma, ONVIF, PSIA, CGI, ISAPI, 128 GB haf\u0131za kart\u0131 deste\u011fi, IP67 koruma s\u0131n\u0131f\u0131, Shutter - 1 \/ 100.000, -30\u00b0C \/ +60\u00b0C \u00e7al\u0131\u015fma s\u0131cakl\u0131\u011f\u0131, 12 V DC-PoE (802.3af) Maks 6,5 W, ak\u0131ll\u0131 analiz (\u00c7izgi ge\u00e7i\u015f ihlali, \u0130zinsiz giri\u015f alg\u0131lama, Dinamik analiz, Hareket alg\u0131lama, Y\u00fcz alg\u0131lama), BLC, ROI, AGC, AWB, titre\u015fim \u00f6nleme, sahne de\u011fi\u015fimi, 3D DNR","robots":{"index":"index","follow":"follow","max-snippet":"max-snippet:-1","max-image-preview":"max-image-preview:large","max-video-preview":"max-video-preview:-1"},"canonical":"https:\/\/kamerakontrolsistemleri.com\/index.php\/product\/hikvision-ds-2cd2045fwd-i-4mp-ip-ir-bullet-kamera\/","og_locale":"tr_TR","og_type":"article","og_title":"Hikvision DS-2CD2045FWD-I 4MP IP IR Bullet Kamera - Kamera Kontrol Sistemleri","og_description":"4MP \u00c7\u00f6z\u00fcn\u00fcrl\u00fck, 4mm Lens, 120 db WDR, 30 metre Gece G\u00f6r\u00fc\u015f mesafesi, H.265, H.265+, H.264+ H.264, MJPEG video s\u0131k\u0131\u015ft\u0131rma, ONVIF, PSIA, CGI, ISAPI, 128 GB haf\u0131za kart\u0131 deste\u011fi, IP67 koruma s\u0131n\u0131f\u0131, Shutter - 1 \/ 100.000, -30\u00b0C \/ +60\u00b0C \u00e7al\u0131\u015fma s\u0131cakl\u0131\u011f\u0131, 12 V DC-PoE (802.3af) Maks 6,5 W, ak\u0131ll\u0131 analiz (\u00c7izgi ge\u00e7i\u015f ihlali, \u0130zinsiz giri\u015f alg\u0131lama, Dinamik analiz, Hareket alg\u0131lama, Y\u00fcz alg\u0131lama), BLC, ROI, AGC, AWB, titre\u015fim \u00f6nleme, sahne de\u011fi\u015fimi, 3D DNR","og_url":"https:\/\/kamerakontrolsistemleri.com\/index.php\/product\/hikvision-ds-2cd2045fwd-i-4mp-ip-ir-bullet-kamera\/","og_site_name":"Kamera Kontrol Sistemleri","article_publisher":"https:\/\/www.facebook.com\/akottech","article_modified_time":"2020-11-28T18:36:23+00:00","og_image":[{"width":500,"height":500,"url":"https:\/\/kamerakontrolsistemleri.com\/wp-content\/uploads\/2020\/11\/0000496_hikvision-ds-2cd1643g0-iz-4mp-motorize-lensli-ir-bullet-kamera-2.png","type":"image\/png"}],"schema":{"@context":"https:\/\/schema.org","@graph":[{"@type":"WebPage","@id":"https:\/\/kamerakontrolsistemleri.com\/index.php\/product\/hikvision-ds-2cd2045fwd-i-4mp-ip-ir-bullet-kamera\/","url":"https:\/\/kamerakontrolsistemleri.com\/index.php\/product\/hikvision-ds-2cd2045fwd-i-4mp-ip-ir-bullet-kamera\/","name":"Hikvision DS-2CD2045FWD-I 4MP IP IR Bullet Kamera - Kamera Kontrol Sistemleri","isPartOf":{"@id":"https:\/\/kamerakontrolsistemleri.com\/#website"},"primaryImageOfPage":{"@id":"https:\/\/kamerakontrolsistemleri.com\/index.php\/product\/hikvision-ds-2cd2045fwd-i-4mp-ip-ir-bullet-kamera\/#primaryimage"},"image":{"@id":"https:\/\/kamerakontrolsistemleri.com\/index.php\/product\/hikvision-ds-2cd2045fwd-i-4mp-ip-ir-bullet-kamera\/#primaryimage"},"thumbnailUrl":"https:\/\/kamerakontrolsistemleri.com\/wp-content\/uploads\/2020\/11\/0000496_hikvision-ds-2cd1643g0-iz-4mp-motorize-lensli-ir-bullet-kamera-2.png","datePublished":"2020-11-28T17:32:30+00:00","dateModified":"2020-11-28T18:36:23+00:00","description":"4MP \u00c7\u00f6z\u00fcn\u00fcrl\u00fck, 4mm Lens, 120 db WDR, 30 metre Gece G\u00f6r\u00fc\u015f mesafesi, H.265, H.265+, H.264+ H.264, MJPEG video s\u0131k\u0131\u015ft\u0131rma, ONVIF, PSIA, CGI, ISAPI, 128 GB haf\u0131za kart\u0131 deste\u011fi, IP67 koruma s\u0131n\u0131f\u0131, Shutter - 1 \/ 100.000, -30\u00b0C \/ +60\u00b0C \u00e7al\u0131\u015fma s\u0131cakl\u0131\u011f\u0131, 12 V DC-PoE (802.3af) Maks 6,5 W, ak\u0131ll\u0131 analiz (\u00c7izgi ge\u00e7i\u015f ihlali, \u0130zinsiz giri\u015f alg\u0131lama, Dinamik analiz, Hareket alg\u0131lama, Y\u00fcz alg\u0131lama), BLC, ROI, AGC, AWB, titre\u015fim \u00f6nleme, sahne de\u011fi\u015fimi, 3D DNR","breadcrumb":{"@id":"https:\/\/kamerakontrolsistemleri.com\/index.php\/product\/hikvision-ds-2cd2045fwd-i-4mp-ip-ir-bullet-kamera\/#breadcrumb"},"inLanguage":"tr","potentialAction":[{"@type":"ReadAction","target":["https:\/\/kamerakontrolsistemleri.com\/index.php\/product\/hikvision-ds-2cd2045fwd-i-4mp-ip-ir-bullet-kamera\/"]}]},{"@type":"ImageObject","inLanguage":"tr","@id":"https:\/\/kamerakontrolsistemleri.com\/index.php\/product\/hikvision-ds-2cd2045fwd-i-4mp-ip-ir-bullet-kamera\/#primaryimage","url":"https:\/\/kamerakontrolsistemleri.com\/wp-content\/uploads\/2020\/11\/0000496_hikvision-ds-2cd1643g0-iz-4mp-motorize-lensli-ir-bullet-kamera-2.png","contentUrl":"https:\/\/kamerakontrolsistemleri.com\/wp-content\/uploads\/2020\/11\/0000496_hikvision-ds-2cd1643g0-iz-4mp-motorize-lensli-ir-bullet-kamera-2.png","width":500,"height":500},{"@type":"BreadcrumbList","@id":"https:\/\/kamerakontrolsistemleri.com\/index.php\/product\/hikvision-ds-2cd2045fwd-i-4mp-ip-ir-bullet-kamera\/#breadcrumb","itemListElement":[{"@type":"ListItem","position":1,"name":"Ana sayfa","item":"https:\/\/kamerakontrolsistemleri.com\/"},{"@type":"ListItem","position":2,"name":"\u00dcr\u00fcnler","item":"https:\/\/kamerakontrolsistemleri.com\/index.php\/urunler\/"},{"@type":"ListItem","position":3,"name":"Hikvision DS-2CD2045FWD-I 4MP IP IR Bullet Kamera"}]},{"@type":"WebSite","@id":"https:\/\/kamerakontrolsistemleri.com\/#website","url":"https:\/\/kamerakontrolsistemleri.com\/","name":"Kamera Kontrol Sistemleri","description":"Toptan fiyat\u0131na al\u0131\u015fveri\u015f imkan\u0131","publisher":{"@id":"https:\/\/kamerakontrolsistemleri.com\/#organization"},"potentialAction":[{"@type":"SearchAction","target":{"@type":"EntryPoint","urlTemplate":"https:\/\/kamerakontrolsistemleri.com\/?s={search_term_string}"},"query-input":{"@type":"PropertyValueSpecification","valueRequired":true,"valueName":"search_term_string"}}],"inLanguage":"tr"},{"@type":"Organization","@id":"https:\/\/kamerakontrolsistemleri.com\/#organization","name":"Akotech G\u00fcvenlik Sistemleri","url":"https:\/\/kamerakontrolsistemleri.com\/","logo":{"@type":"ImageObject","inLanguage":"tr","@id":"https:\/\/kamerakontrolsistemleri.com\/#\/schema\/logo\/image\/","url":"https:\/\/kamerakontrolsistemleri.com\/wp-content\/uploads\/2020\/12\/37335611_391154311412387_1999192248473878528_o.jpg","contentUrl":"https:\/\/kamerakontrolsistemleri.com\/wp-content\/uploads\/2020\/12\/37335611_391154311412387_1999192248473878528_o.jpg","width":1129,"height":1129,"caption":"Akotech G\u00fcvenlik Sistemleri"},"image":{"@id":"https:\/\/kamerakontrolsistemleri.com\/#\/schema\/logo\/image\/"},"sameAs":["https:\/\/www.facebook.com\/akottech","https:\/\/www.instagram.com\/akottechguvenlik\/"]}]}},"jetpack_sharing_enabled":true,"_links":{"self":[{"href":"https:\/\/kamerakontrolsistemleri.com\/index.php\/wp-json\/wp\/v2\/product\/10969","targetHints":{"allow":["GET"]}}],"collection":[{"href":"https:\/\/kamerakontrolsistemleri.com\/index.php\/wp-json\/wp\/v2\/product"}],"about":[{"href":"https:\/\/kamerakontrolsistemleri.com\/index.php\/wp-json\/wp\/v2\/types\/product"}],"version-history":[{"count":0,"href":"https:\/\/kamerakontrolsistemleri.com\/index.php\/wp-json\/wp\/v2\/product\/10969\/revisions"}],"wp:featuredmedia":[{"embeddable":true,"href":"https:\/\/kamerakontrolsistemleri.com\/index.php\/wp-json\/wp\/v2\/media\/11320"}],"wp:attachment":[{"href":"https:\/\/kamerakontrolsistemleri.com\/index.php\/wp-json\/wp\/v2\/media?parent=10969"}],"wp:term":[{"taxonomy":"product_brand","embeddable":true,"href":"https:\/\/kamerakontrolsistemleri.com\/index.php\/wp-json\/wp\/v2\/product_brand?post=10969"},{"taxonomy":"product_cat","embeddable":true,"href":"https:\/\/kamerakontrolsistemleri.com\/index.php\/wp-json\/wp\/v2\/product_cat?post=10969"},{"taxonomy":"product_tag","embeddable":true,"href":"https:\/\/kamerakontrolsistemleri.com\/index.php\/wp-json\/wp\/v2\/product_tag?post=10969"}],"curies":[{"name":"wp","href":"https:\/\/api.w.org\/{rel}","templated":true}]}}