{"id":10978,"date":"2020-11-28T20:32:31","date_gmt":"2020-11-28T17:32:31","guid":{"rendered":"https:\/\/kamerakontrolsistemleri.com\/index.php\/product\/hikvision-ds-2cd2645fwd-izs-4mp-motorize-lensli-ip-ir-bullet-kamera-2\/"},"modified":"2020-11-28T21:37:15","modified_gmt":"2020-11-28T18:37:15","slug":"hikvision-ds-2cd2645fwd-izs-4mp-motorize-lensli-ip-ir-bullet-kamera-2","status":"publish","type":"product","link":"https:\/\/kamerakontrolsistemleri.com\/index.php\/product\/hikvision-ds-2cd2645fwd-izs-4mp-motorize-lensli-ip-ir-bullet-kamera-2\/","title":{"rendered":"Hikvision DS-2CD2645FWD-IZS 4MP Motorize Lensli IP IR Bullet Kamera"},"content":{"rendered":"","protected":false},"excerpt":{"rendered":"<div class=\"short-description\">4MP Motorize Varifokal Lensli WDR IR Bullet Kamera (H.265+) 1\/2.5\u201d PS CMOS, 2.8~12mm Motorize VF Lens, \u00dc\u00e7l\u00fc Ak\u0131\u015f, Slowshutter, ~50mt IR, 3D DNR, 120 dB WDR, BLC, HLC, ROI, ANR, Analizler (Hat ihlali, Alan \u0130hlali, kaybolan nesne, unutulan e\u015fya, y\u00fcz alg\u0131lama, sahne de\u011fi\u015fikli\u011fi alg\u0131lama), 128GB MSD Deste\u011fi, Ses ve Alarm Giri\u015fi\/\u00c7\u0131k\u0131\u015f\u0131, BNC \u00e7\u0131k\u0131\u015f (konfig\u00fcrasyon i\u00e7in), SVC, maskeleme, Reset butonu,\u00c7evresel g\u00fcr\u00fclt\u00fc filtreleme, NAS Deste\u011fi, sahne de\u011fi\u015fimi, IP67, IK10,12V DC veya POE. Gece Rekli g\u00f6sterme ( Dark Figter ) \u00f6zellikli.<\/div>\n<div class=\"prices\"><\/div>\n","protected":false},"featured_media":11322,"template":"","meta":[],"product_brand":[],"product_cat":[131],"product_tag":[],"class_list":{"0":"post-10978","1":"product","2":"type-product","3":"status-publish","4":"has-post-thumbnail","6":"product_cat-ir-bullet-kameralar","7":"pa_marka-hikvision","9":"first","10":"instock","11":"taxable","12":"shipping-taxable","13":"purchasable","14":"product-type-simple"},"yoast_head":"<!-- This site is optimized with the Yoast SEO plugin v27.3 - https:\/\/yoast.com\/product\/yoast-seo-wordpress\/ -->\n<title>Hikvision DS-2CD2645FWD-IZS 4MP Motorize Lensli IP IR Bullet Kamera - Kamera Kontrol Sistemleri<\/title>\n<meta name=\"description\" content=\"4MP Motorize Varifokal Lensli WDR IR Bullet Kamera (H.265+) 1\/2.5\u201d PS CMOS, 2.8~12mm Motorize VF Lens, \u00dc\u00e7l\u00fc Ak\u0131\u015f, Slowshutter, ~50mt IR, 3D DNR, 120 dB WDR, BLC, HLC, ROI, ANR, Analizler (Hat ihlali, Alan \u0130hlali, kaybolan nesne, unutulan e\u015fya, y\u00fcz alg\u0131lama, sahne de\u011fi\u015fikli\u011fi alg\u0131lama), 128GB MSD Deste\u011fi, Ses ve Alarm Giri\u015fi\/\u00c7\u0131k\u0131\u015f\u0131, BNC \u00e7\u0131k\u0131\u015f (konfig\u00fcrasyon i\u00e7in), SVC, maskeleme, Reset butonu,\u00c7evresel g\u00fcr\u00fclt\u00fc filtreleme, NAS Deste\u011fi, sahne de\u011fi\u015fimi, IP67, IK10,12V DC veya POE. Gece Rekli g\u00f6sterme ( Dark Figter ) \u00f6zellikli.\" \/>\n<meta name=\"robots\" content=\"index, follow, max-snippet:-1, max-image-preview:large, max-video-preview:-1\" \/>\n<link rel=\"canonical\" href=\"https:\/\/kamerakontrolsistemleri.com\/index.php\/product\/hikvision-ds-2cd2645fwd-izs-4mp-motorize-lensli-ip-ir-bullet-kamera-2\/\" \/>\n<meta property=\"og:locale\" content=\"tr_TR\" \/>\n<meta property=\"og:type\" content=\"article\" \/>\n<meta property=\"og:title\" content=\"Hikvision DS-2CD2645FWD-IZS 4MP Motorize Lensli IP IR Bullet Kamera - Kamera Kontrol Sistemleri\" \/>\n<meta property=\"og:description\" content=\"4MP Motorize Varifokal Lensli WDR IR Bullet Kamera (H.265+) 1\/2.5\u201d PS CMOS, 2.8~12mm Motorize VF Lens, \u00dc\u00e7l\u00fc Ak\u0131\u015f, Slowshutter, ~50mt IR, 3D DNR, 120 dB WDR, BLC, HLC, ROI, ANR, Analizler (Hat ihlali, Alan \u0130hlali, kaybolan nesne, unutulan e\u015fya, y\u00fcz alg\u0131lama, sahne de\u011fi\u015fikli\u011fi alg\u0131lama), 128GB MSD Deste\u011fi, Ses ve Alarm Giri\u015fi\/\u00c7\u0131k\u0131\u015f\u0131, BNC \u00e7\u0131k\u0131\u015f (konfig\u00fcrasyon i\u00e7in), SVC, maskeleme, Reset butonu,\u00c7evresel g\u00fcr\u00fclt\u00fc filtreleme, NAS Deste\u011fi, sahne de\u011fi\u015fimi, IP67, IK10,12V DC veya POE. Gece Rekli g\u00f6sterme ( Dark Figter ) \u00f6zellikli.\" \/>\n<meta property=\"og:url\" content=\"https:\/\/kamerakontrolsistemleri.com\/index.php\/product\/hikvision-ds-2cd2645fwd-izs-4mp-motorize-lensli-ip-ir-bullet-kamera-2\/\" \/>\n<meta property=\"og:site_name\" content=\"Kamera Kontrol Sistemleri\" \/>\n<meta property=\"article:publisher\" content=\"https:\/\/www.facebook.com\/akottech\" \/>\n<meta property=\"article:modified_time\" content=\"2020-11-28T18:37:15+00:00\" \/>\n<meta property=\"og:image\" content=\"https:\/\/kamerakontrolsistemleri.com\/wp-content\/uploads\/2020\/11\/0000425_hikvision-ds-2cd2645fwd-izs-4mp-motorize-lensli-ip-ir-bullet-kamera-2.jpeg\" \/>\n\t<meta property=\"og:image:width\" content=\"796\" \/>\n\t<meta property=\"og:image:height\" content=\"796\" \/>\n\t<meta property=\"og:image:type\" content=\"image\/jpeg\" \/>\n<script type=\"application\/ld+json\" class=\"yoast-schema-graph\">{\"@context\":\"https:\\\/\\\/schema.org\",\"@graph\":[{\"@type\":\"WebPage\",\"@id\":\"https:\\\/\\\/kamerakontrolsistemleri.com\\\/index.php\\\/product\\\/hikvision-ds-2cd2645fwd-izs-4mp-motorize-lensli-ip-ir-bullet-kamera-2\\\/\",\"url\":\"https:\\\/\\\/kamerakontrolsistemleri.com\\\/index.php\\\/product\\\/hikvision-ds-2cd2645fwd-izs-4mp-motorize-lensli-ip-ir-bullet-kamera-2\\\/\",\"name\":\"Hikvision DS-2CD2645FWD-IZS 4MP Motorize Lensli IP IR Bullet Kamera - Kamera Kontrol Sistemleri\",\"isPartOf\":{\"@id\":\"https:\\\/\\\/kamerakontrolsistemleri.com\\\/#website\"},\"primaryImageOfPage\":{\"@id\":\"https:\\\/\\\/kamerakontrolsistemleri.com\\\/index.php\\\/product\\\/hikvision-ds-2cd2645fwd-izs-4mp-motorize-lensli-ip-ir-bullet-kamera-2\\\/#primaryimage\"},\"image\":{\"@id\":\"https:\\\/\\\/kamerakontrolsistemleri.com\\\/index.php\\\/product\\\/hikvision-ds-2cd2645fwd-izs-4mp-motorize-lensli-ip-ir-bullet-kamera-2\\\/#primaryimage\"},\"thumbnailUrl\":\"https:\\\/\\\/kamerakontrolsistemleri.com\\\/wp-content\\\/uploads\\\/2020\\\/11\\\/0000425_hikvision-ds-2cd2645fwd-izs-4mp-motorize-lensli-ip-ir-bullet-kamera-2.jpeg\",\"datePublished\":\"2020-11-28T17:32:31+00:00\",\"dateModified\":\"2020-11-28T18:37:15+00:00\",\"description\":\"4MP Motorize Varifokal Lensli WDR IR Bullet Kamera (H.265+) 1\\\/2.5\u201d PS CMOS, 2.8~12mm Motorize VF Lens, \u00dc\u00e7l\u00fc Ak\u0131\u015f, Slowshutter, ~50mt IR, 3D DNR, 120 dB WDR, BLC, HLC, ROI, ANR, Analizler (Hat ihlali, Alan \u0130hlali, kaybolan nesne, unutulan e\u015fya, y\u00fcz alg\u0131lama, sahne de\u011fi\u015fikli\u011fi alg\u0131lama), 128GB MSD Deste\u011fi, Ses ve Alarm Giri\u015fi\\\/\u00c7\u0131k\u0131\u015f\u0131, BNC \u00e7\u0131k\u0131\u015f (konfig\u00fcrasyon i\u00e7in), SVC, maskeleme, Reset butonu,\u00c7evresel g\u00fcr\u00fclt\u00fc filtreleme, NAS Deste\u011fi, sahne de\u011fi\u015fimi, IP67, IK10,12V DC veya POE. Gece Rekli g\u00f6sterme ( Dark Figter ) \u00f6zellikli.\",\"breadcrumb\":{\"@id\":\"https:\\\/\\\/kamerakontrolsistemleri.com\\\/index.php\\\/product\\\/hikvision-ds-2cd2645fwd-izs-4mp-motorize-lensli-ip-ir-bullet-kamera-2\\\/#breadcrumb\"},\"inLanguage\":\"tr\",\"potentialAction\":[{\"@type\":\"ReadAction\",\"target\":[\"https:\\\/\\\/kamerakontrolsistemleri.com\\\/index.php\\\/product\\\/hikvision-ds-2cd2645fwd-izs-4mp-motorize-lensli-ip-ir-bullet-kamera-2\\\/\"]}]},{\"@type\":\"ImageObject\",\"inLanguage\":\"tr\",\"@id\":\"https:\\\/\\\/kamerakontrolsistemleri.com\\\/index.php\\\/product\\\/hikvision-ds-2cd2645fwd-izs-4mp-motorize-lensli-ip-ir-bullet-kamera-2\\\/#primaryimage\",\"url\":\"https:\\\/\\\/kamerakontrolsistemleri.com\\\/wp-content\\\/uploads\\\/2020\\\/11\\\/0000425_hikvision-ds-2cd2645fwd-izs-4mp-motorize-lensli-ip-ir-bullet-kamera-2.jpeg\",\"contentUrl\":\"https:\\\/\\\/kamerakontrolsistemleri.com\\\/wp-content\\\/uploads\\\/2020\\\/11\\\/0000425_hikvision-ds-2cd2645fwd-izs-4mp-motorize-lensli-ip-ir-bullet-kamera-2.jpeg\",\"width\":796,\"height\":796},{\"@type\":\"BreadcrumbList\",\"@id\":\"https:\\\/\\\/kamerakontrolsistemleri.com\\\/index.php\\\/product\\\/hikvision-ds-2cd2645fwd-izs-4mp-motorize-lensli-ip-ir-bullet-kamera-2\\\/#breadcrumb\",\"itemListElement\":[{\"@type\":\"ListItem\",\"position\":1,\"name\":\"Ana sayfa\",\"item\":\"https:\\\/\\\/kamerakontrolsistemleri.com\\\/\"},{\"@type\":\"ListItem\",\"position\":2,\"name\":\"\u00dcr\u00fcnler\",\"item\":\"https:\\\/\\\/kamerakontrolsistemleri.com\\\/index.php\\\/urunler\\\/\"},{\"@type\":\"ListItem\",\"position\":3,\"name\":\"Hikvision DS-2CD2645FWD-IZS 4MP Motorize Lensli IP IR Bullet Kamera\"}]},{\"@type\":\"WebSite\",\"@id\":\"https:\\\/\\\/kamerakontrolsistemleri.com\\\/#website\",\"url\":\"https:\\\/\\\/kamerakontrolsistemleri.com\\\/\",\"name\":\"Kamera Kontrol Sistemleri\",\"description\":\"Toptan fiyat\u0131na al\u0131\u015fveri\u015f imkan\u0131\",\"publisher\":{\"@id\":\"https:\\\/\\\/kamerakontrolsistemleri.com\\\/#organization\"},\"potentialAction\":[{\"@type\":\"SearchAction\",\"target\":{\"@type\":\"EntryPoint\",\"urlTemplate\":\"https:\\\/\\\/kamerakontrolsistemleri.com\\\/?s={search_term_string}\"},\"query-input\":{\"@type\":\"PropertyValueSpecification\",\"valueRequired\":true,\"valueName\":\"search_term_string\"}}],\"inLanguage\":\"tr\"},{\"@type\":\"Organization\",\"@id\":\"https:\\\/\\\/kamerakontrolsistemleri.com\\\/#organization\",\"name\":\"Akotech G\u00fcvenlik Sistemleri\",\"url\":\"https:\\\/\\\/kamerakontrolsistemleri.com\\\/\",\"logo\":{\"@type\":\"ImageObject\",\"inLanguage\":\"tr\",\"@id\":\"https:\\\/\\\/kamerakontrolsistemleri.com\\\/#\\\/schema\\\/logo\\\/image\\\/\",\"url\":\"https:\\\/\\\/kamerakontrolsistemleri.com\\\/wp-content\\\/uploads\\\/2020\\\/12\\\/37335611_391154311412387_1999192248473878528_o.jpg\",\"contentUrl\":\"https:\\\/\\\/kamerakontrolsistemleri.com\\\/wp-content\\\/uploads\\\/2020\\\/12\\\/37335611_391154311412387_1999192248473878528_o.jpg\",\"width\":1129,\"height\":1129,\"caption\":\"Akotech G\u00fcvenlik Sistemleri\"},\"image\":{\"@id\":\"https:\\\/\\\/kamerakontrolsistemleri.com\\\/#\\\/schema\\\/logo\\\/image\\\/\"},\"sameAs\":[\"https:\\\/\\\/www.facebook.com\\\/akottech\",\"https:\\\/\\\/www.instagram.com\\\/akottechguvenlik\\\/\"]}]}<\/script>\n<!-- \/ Yoast SEO plugin. -->","yoast_head_json":{"title":"Hikvision DS-2CD2645FWD-IZS 4MP Motorize Lensli IP IR Bullet Kamera - Kamera Kontrol Sistemleri","description":"4MP Motorize Varifokal Lensli WDR IR Bullet Kamera (H.265+) 1\/2.5\u201d PS CMOS, 2.8~12mm Motorize VF Lens, \u00dc\u00e7l\u00fc Ak\u0131\u015f, Slowshutter, ~50mt IR, 3D DNR, 120 dB WDR, BLC, HLC, ROI, ANR, Analizler (Hat ihlali, Alan \u0130hlali, kaybolan nesne, unutulan e\u015fya, y\u00fcz alg\u0131lama, sahne de\u011fi\u015fikli\u011fi alg\u0131lama), 128GB MSD Deste\u011fi, Ses ve Alarm Giri\u015fi\/\u00c7\u0131k\u0131\u015f\u0131, BNC \u00e7\u0131k\u0131\u015f (konfig\u00fcrasyon i\u00e7in), SVC, maskeleme, Reset butonu,\u00c7evresel g\u00fcr\u00fclt\u00fc filtreleme, NAS Deste\u011fi, sahne de\u011fi\u015fimi, IP67, IK10,12V DC veya POE. Gece Rekli g\u00f6sterme ( Dark Figter ) \u00f6zellikli.","robots":{"index":"index","follow":"follow","max-snippet":"max-snippet:-1","max-image-preview":"max-image-preview:large","max-video-preview":"max-video-preview:-1"},"canonical":"https:\/\/kamerakontrolsistemleri.com\/index.php\/product\/hikvision-ds-2cd2645fwd-izs-4mp-motorize-lensli-ip-ir-bullet-kamera-2\/","og_locale":"tr_TR","og_type":"article","og_title":"Hikvision DS-2CD2645FWD-IZS 4MP Motorize Lensli IP IR Bullet Kamera - Kamera Kontrol Sistemleri","og_description":"4MP Motorize Varifokal Lensli WDR IR Bullet Kamera (H.265+) 1\/2.5\u201d PS CMOS, 2.8~12mm Motorize VF Lens, \u00dc\u00e7l\u00fc Ak\u0131\u015f, Slowshutter, ~50mt IR, 3D DNR, 120 dB WDR, BLC, HLC, ROI, ANR, Analizler (Hat ihlali, Alan \u0130hlali, kaybolan nesne, unutulan e\u015fya, y\u00fcz alg\u0131lama, sahne de\u011fi\u015fikli\u011fi alg\u0131lama), 128GB MSD Deste\u011fi, Ses ve Alarm Giri\u015fi\/\u00c7\u0131k\u0131\u015f\u0131, BNC \u00e7\u0131k\u0131\u015f (konfig\u00fcrasyon i\u00e7in), SVC, maskeleme, Reset butonu,\u00c7evresel g\u00fcr\u00fclt\u00fc filtreleme, NAS Deste\u011fi, sahne de\u011fi\u015fimi, IP67, IK10,12V DC veya POE. Gece Rekli g\u00f6sterme ( Dark Figter ) \u00f6zellikli.","og_url":"https:\/\/kamerakontrolsistemleri.com\/index.php\/product\/hikvision-ds-2cd2645fwd-izs-4mp-motorize-lensli-ip-ir-bullet-kamera-2\/","og_site_name":"Kamera Kontrol Sistemleri","article_publisher":"https:\/\/www.facebook.com\/akottech","article_modified_time":"2020-11-28T18:37:15+00:00","og_image":[{"width":796,"height":796,"url":"https:\/\/kamerakontrolsistemleri.com\/wp-content\/uploads\/2020\/11\/0000425_hikvision-ds-2cd2645fwd-izs-4mp-motorize-lensli-ip-ir-bullet-kamera-2.jpeg","type":"image\/jpeg"}],"schema":{"@context":"https:\/\/schema.org","@graph":[{"@type":"WebPage","@id":"https:\/\/kamerakontrolsistemleri.com\/index.php\/product\/hikvision-ds-2cd2645fwd-izs-4mp-motorize-lensli-ip-ir-bullet-kamera-2\/","url":"https:\/\/kamerakontrolsistemleri.com\/index.php\/product\/hikvision-ds-2cd2645fwd-izs-4mp-motorize-lensli-ip-ir-bullet-kamera-2\/","name":"Hikvision DS-2CD2645FWD-IZS 4MP Motorize Lensli IP IR Bullet Kamera - Kamera Kontrol Sistemleri","isPartOf":{"@id":"https:\/\/kamerakontrolsistemleri.com\/#website"},"primaryImageOfPage":{"@id":"https:\/\/kamerakontrolsistemleri.com\/index.php\/product\/hikvision-ds-2cd2645fwd-izs-4mp-motorize-lensli-ip-ir-bullet-kamera-2\/#primaryimage"},"image":{"@id":"https:\/\/kamerakontrolsistemleri.com\/index.php\/product\/hikvision-ds-2cd2645fwd-izs-4mp-motorize-lensli-ip-ir-bullet-kamera-2\/#primaryimage"},"thumbnailUrl":"https:\/\/kamerakontrolsistemleri.com\/wp-content\/uploads\/2020\/11\/0000425_hikvision-ds-2cd2645fwd-izs-4mp-motorize-lensli-ip-ir-bullet-kamera-2.jpeg","datePublished":"2020-11-28T17:32:31+00:00","dateModified":"2020-11-28T18:37:15+00:00","description":"4MP Motorize Varifokal Lensli WDR IR Bullet Kamera (H.265+) 1\/2.5\u201d PS CMOS, 2.8~12mm Motorize VF Lens, \u00dc\u00e7l\u00fc Ak\u0131\u015f, Slowshutter, ~50mt IR, 3D DNR, 120 dB WDR, BLC, HLC, ROI, ANR, Analizler (Hat ihlali, Alan \u0130hlali, kaybolan nesne, unutulan e\u015fya, y\u00fcz alg\u0131lama, sahne de\u011fi\u015fikli\u011fi alg\u0131lama), 128GB MSD Deste\u011fi, Ses ve Alarm Giri\u015fi\/\u00c7\u0131k\u0131\u015f\u0131, BNC \u00e7\u0131k\u0131\u015f (konfig\u00fcrasyon i\u00e7in), SVC, maskeleme, Reset butonu,\u00c7evresel g\u00fcr\u00fclt\u00fc filtreleme, NAS Deste\u011fi, sahne de\u011fi\u015fimi, IP67, IK10,12V DC veya POE. Gece Rekli g\u00f6sterme ( Dark Figter ) \u00f6zellikli.","breadcrumb":{"@id":"https:\/\/kamerakontrolsistemleri.com\/index.php\/product\/hikvision-ds-2cd2645fwd-izs-4mp-motorize-lensli-ip-ir-bullet-kamera-2\/#breadcrumb"},"inLanguage":"tr","potentialAction":[{"@type":"ReadAction","target":["https:\/\/kamerakontrolsistemleri.com\/index.php\/product\/hikvision-ds-2cd2645fwd-izs-4mp-motorize-lensli-ip-ir-bullet-kamera-2\/"]}]},{"@type":"ImageObject","inLanguage":"tr","@id":"https:\/\/kamerakontrolsistemleri.com\/index.php\/product\/hikvision-ds-2cd2645fwd-izs-4mp-motorize-lensli-ip-ir-bullet-kamera-2\/#primaryimage","url":"https:\/\/kamerakontrolsistemleri.com\/wp-content\/uploads\/2020\/11\/0000425_hikvision-ds-2cd2645fwd-izs-4mp-motorize-lensli-ip-ir-bullet-kamera-2.jpeg","contentUrl":"https:\/\/kamerakontrolsistemleri.com\/wp-content\/uploads\/2020\/11\/0000425_hikvision-ds-2cd2645fwd-izs-4mp-motorize-lensli-ip-ir-bullet-kamera-2.jpeg","width":796,"height":796},{"@type":"BreadcrumbList","@id":"https:\/\/kamerakontrolsistemleri.com\/index.php\/product\/hikvision-ds-2cd2645fwd-izs-4mp-motorize-lensli-ip-ir-bullet-kamera-2\/#breadcrumb","itemListElement":[{"@type":"ListItem","position":1,"name":"Ana sayfa","item":"https:\/\/kamerakontrolsistemleri.com\/"},{"@type":"ListItem","position":2,"name":"\u00dcr\u00fcnler","item":"https:\/\/kamerakontrolsistemleri.com\/index.php\/urunler\/"},{"@type":"ListItem","position":3,"name":"Hikvision DS-2CD2645FWD-IZS 4MP Motorize Lensli IP IR Bullet Kamera"}]},{"@type":"WebSite","@id":"https:\/\/kamerakontrolsistemleri.com\/#website","url":"https:\/\/kamerakontrolsistemleri.com\/","name":"Kamera Kontrol Sistemleri","description":"Toptan fiyat\u0131na al\u0131\u015fveri\u015f imkan\u0131","publisher":{"@id":"https:\/\/kamerakontrolsistemleri.com\/#organization"},"potentialAction":[{"@type":"SearchAction","target":{"@type":"EntryPoint","urlTemplate":"https:\/\/kamerakontrolsistemleri.com\/?s={search_term_string}"},"query-input":{"@type":"PropertyValueSpecification","valueRequired":true,"valueName":"search_term_string"}}],"inLanguage":"tr"},{"@type":"Organization","@id":"https:\/\/kamerakontrolsistemleri.com\/#organization","name":"Akotech G\u00fcvenlik Sistemleri","url":"https:\/\/kamerakontrolsistemleri.com\/","logo":{"@type":"ImageObject","inLanguage":"tr","@id":"https:\/\/kamerakontrolsistemleri.com\/#\/schema\/logo\/image\/","url":"https:\/\/kamerakontrolsistemleri.com\/wp-content\/uploads\/2020\/12\/37335611_391154311412387_1999192248473878528_o.jpg","contentUrl":"https:\/\/kamerakontrolsistemleri.com\/wp-content\/uploads\/2020\/12\/37335611_391154311412387_1999192248473878528_o.jpg","width":1129,"height":1129,"caption":"Akotech G\u00fcvenlik Sistemleri"},"image":{"@id":"https:\/\/kamerakontrolsistemleri.com\/#\/schema\/logo\/image\/"},"sameAs":["https:\/\/www.facebook.com\/akottech","https:\/\/www.instagram.com\/akottechguvenlik\/"]}]}},"jetpack_sharing_enabled":true,"_links":{"self":[{"href":"https:\/\/kamerakontrolsistemleri.com\/index.php\/wp-json\/wp\/v2\/product\/10978","targetHints":{"allow":["GET"]}}],"collection":[{"href":"https:\/\/kamerakontrolsistemleri.com\/index.php\/wp-json\/wp\/v2\/product"}],"about":[{"href":"https:\/\/kamerakontrolsistemleri.com\/index.php\/wp-json\/wp\/v2\/types\/product"}],"version-history":[{"count":0,"href":"https:\/\/kamerakontrolsistemleri.com\/index.php\/wp-json\/wp\/v2\/product\/10978\/revisions"}],"wp:featuredmedia":[{"embeddable":true,"href":"https:\/\/kamerakontrolsistemleri.com\/index.php\/wp-json\/wp\/v2\/media\/11322"}],"wp:attachment":[{"href":"https:\/\/kamerakontrolsistemleri.com\/index.php\/wp-json\/wp\/v2\/media?parent=10978"}],"wp:term":[{"taxonomy":"product_brand","embeddable":true,"href":"https:\/\/kamerakontrolsistemleri.com\/index.php\/wp-json\/wp\/v2\/product_brand?post=10978"},{"taxonomy":"product_cat","embeddable":true,"href":"https:\/\/kamerakontrolsistemleri.com\/index.php\/wp-json\/wp\/v2\/product_cat?post=10978"},{"taxonomy":"product_tag","embeddable":true,"href":"https:\/\/kamerakontrolsistemleri.com\/index.php\/wp-json\/wp\/v2\/product_tag?post=10978"}],"curies":[{"name":"wp","href":"https:\/\/api.w.org\/{rel}","templated":true}]}}