{"id":11004,"date":"2020-11-28T20:32:45","date_gmt":"2020-11-28T17:32:45","guid":{"rendered":"https:\/\/kamerakontrolsistemleri.com\/index.php\/product\/hikvision-ds-2cd2785g0-izs-8mp-motorize-lensli-ip-ir-dome-kamera\/"},"modified":"2020-11-29T15:34:18","modified_gmt":"2020-11-29T12:34:18","slug":"hikvision-ds-2cd2785g0-izs-8mp-motorize-lensli-ip-ir-dome-kamera","status":"publish","type":"product","link":"https:\/\/kamerakontrolsistemleri.com\/index.php\/product\/hikvision-ds-2cd2785g0-izs-8mp-motorize-lensli-ip-ir-dome-kamera\/","title":{"rendered":"Hikvision DS-2CD2785G0-IZS 8MP Motorize Lensli IP IR Dome Kamera"},"content":{"rendered":"","protected":false},"excerpt":{"rendered":"<div class=\"short-description\">8MP \u00c7\u00f6z\u00fcn\u00fcrl\u00fck, 2.8-12mm Motorize Lens, 120db WDR, 30mt Gece G\u00f6r\u00fc\u015f Mesafesi, H.265, H.265+, H.264+, H.264, Video S\u0131k\u0131\u015ft\u0131rma, ONVIF, PSIA, CGI, ISAPI, 128 GB Haf\u0131za Kart\u0131 Deste\u011fi, IP67, IK10 Koruma S\u0131n\u0131f\u0131, 12V DC ve PoE (802.3af), Ak\u0131ll\u0131 analiz (\u00c7izgi ge\u00e7i\u015f ihlali, \u0130zinsiz Giri\u015f Alg\u0131lama, Dinamik Analiz, Hareket Alg\u0131lama, Unutulan Bagaj, Kaybolan Nesne, Y\u00fcz alg\u0131lama), BLC, ROI, Titre\u015fim \u00d6nleme, 3D DNR<\/div>\n<div class=\"prices\"><\/div>\n","protected":false},"featured_media":11376,"template":"","meta":[],"product_brand":[],"product_cat":[130,134],"product_tag":[],"class_list":{"0":"post-11004","1":"product","2":"type-product","3":"status-publish","4":"has-post-thumbnail","6":"product_cat-ip-kameralar","7":"product_cat-ir-dome-ip-kameralar","8":"pa_marka-hikvision","10":"first","11":"instock","12":"taxable","13":"shipping-taxable","14":"purchasable","15":"product-type-simple"},"yoast_head":"<!-- This site is optimized with the Yoast SEO plugin v27.3 - https:\/\/yoast.com\/product\/yoast-seo-wordpress\/ -->\n<title>Hikvision DS-2CD2785G0-IZS 8MP Motorize Lensli IP IR Dome Kamera - Kamera Kontrol Sistemleri<\/title>\n<meta name=\"description\" content=\"8MP \u00c7\u00f6z\u00fcn\u00fcrl\u00fck, 2.8-12mm Motorize Lens, 120db WDR, 30mt Gece G\u00f6r\u00fc\u015f Mesafesi, H.265, H.265+, H.264+, H.264, Video S\u0131k\u0131\u015ft\u0131rma, ONVIF, PSIA, CGI, ISAPI, 128 GB Haf\u0131za Kart\u0131 Deste\u011fi, IP67, IK10 Koruma S\u0131n\u0131f\u0131, 12V DC ve PoE (802.3af), Ak\u0131ll\u0131 analiz (\u00c7izgi ge\u00e7i\u015f ihlali, \u0130zinsiz Giri\u015f Alg\u0131lama, Dinamik Analiz, Hareket Alg\u0131lama, Unutulan Bagaj, Kaybolan Nesne, Y\u00fcz alg\u0131lama), BLC, ROI, Titre\u015fim \u00d6nleme, 3D DNR\" \/>\n<meta name=\"robots\" content=\"index, follow, max-snippet:-1, max-image-preview:large, max-video-preview:-1\" \/>\n<link rel=\"canonical\" href=\"https:\/\/kamerakontrolsistemleri.com\/index.php\/product\/hikvision-ds-2cd2785g0-izs-8mp-motorize-lensli-ip-ir-dome-kamera\/\" \/>\n<meta property=\"og:locale\" content=\"tr_TR\" \/>\n<meta property=\"og:type\" content=\"article\" \/>\n<meta property=\"og:title\" content=\"Hikvision DS-2CD2785G0-IZS 8MP Motorize Lensli IP IR Dome Kamera - Kamera Kontrol Sistemleri\" \/>\n<meta property=\"og:description\" content=\"8MP \u00c7\u00f6z\u00fcn\u00fcrl\u00fck, 2.8-12mm Motorize Lens, 120db WDR, 30mt Gece G\u00f6r\u00fc\u015f Mesafesi, H.265, H.265+, H.264+, H.264, Video S\u0131k\u0131\u015ft\u0131rma, ONVIF, PSIA, CGI, ISAPI, 128 GB Haf\u0131za Kart\u0131 Deste\u011fi, IP67, IK10 Koruma S\u0131n\u0131f\u0131, 12V DC ve PoE (802.3af), Ak\u0131ll\u0131 analiz (\u00c7izgi ge\u00e7i\u015f ihlali, \u0130zinsiz Giri\u015f Alg\u0131lama, Dinamik Analiz, Hareket Alg\u0131lama, Unutulan Bagaj, Kaybolan Nesne, Y\u00fcz alg\u0131lama), BLC, ROI, Titre\u015fim \u00d6nleme, 3D DNR\" \/>\n<meta property=\"og:url\" content=\"https:\/\/kamerakontrolsistemleri.com\/index.php\/product\/hikvision-ds-2cd2785g0-izs-8mp-motorize-lensli-ip-ir-dome-kamera\/\" \/>\n<meta property=\"og:site_name\" content=\"Kamera Kontrol Sistemleri\" \/>\n<meta property=\"article:publisher\" content=\"https:\/\/www.facebook.com\/akottech\" \/>\n<meta property=\"article:modified_time\" content=\"2020-11-29T12:34:18+00:00\" \/>\n<meta property=\"og:image\" content=\"https:\/\/kamerakontrolsistemleri.com\/wp-content\/uploads\/2020\/11\/0001717_hikvision-ds-2cd2785g0-izs-8mp-motorize-lensli-ip-ir-dome-kamera.jpeg.jpg\" \/>\n\t<meta property=\"og:image:width\" content=\"712\" \/>\n\t<meta property=\"og:image:height\" content=\"712\" \/>\n\t<meta property=\"og:image:type\" content=\"image\/jpeg\" \/>\n<script type=\"application\/ld+json\" class=\"yoast-schema-graph\">{\"@context\":\"https:\\\/\\\/schema.org\",\"@graph\":[{\"@type\":\"WebPage\",\"@id\":\"https:\\\/\\\/kamerakontrolsistemleri.com\\\/index.php\\\/product\\\/hikvision-ds-2cd2785g0-izs-8mp-motorize-lensli-ip-ir-dome-kamera\\\/\",\"url\":\"https:\\\/\\\/kamerakontrolsistemleri.com\\\/index.php\\\/product\\\/hikvision-ds-2cd2785g0-izs-8mp-motorize-lensli-ip-ir-dome-kamera\\\/\",\"name\":\"Hikvision DS-2CD2785G0-IZS 8MP Motorize Lensli IP IR Dome Kamera - Kamera Kontrol Sistemleri\",\"isPartOf\":{\"@id\":\"https:\\\/\\\/kamerakontrolsistemleri.com\\\/#website\"},\"primaryImageOfPage\":{\"@id\":\"https:\\\/\\\/kamerakontrolsistemleri.com\\\/index.php\\\/product\\\/hikvision-ds-2cd2785g0-izs-8mp-motorize-lensli-ip-ir-dome-kamera\\\/#primaryimage\"},\"image\":{\"@id\":\"https:\\\/\\\/kamerakontrolsistemleri.com\\\/index.php\\\/product\\\/hikvision-ds-2cd2785g0-izs-8mp-motorize-lensli-ip-ir-dome-kamera\\\/#primaryimage\"},\"thumbnailUrl\":\"https:\\\/\\\/kamerakontrolsistemleri.com\\\/wp-content\\\/uploads\\\/2020\\\/11\\\/0001717_hikvision-ds-2cd2785g0-izs-8mp-motorize-lensli-ip-ir-dome-kamera.jpeg.jpg\",\"datePublished\":\"2020-11-28T17:32:45+00:00\",\"dateModified\":\"2020-11-29T12:34:18+00:00\",\"description\":\"8MP \u00c7\u00f6z\u00fcn\u00fcrl\u00fck, 2.8-12mm Motorize Lens, 120db WDR, 30mt Gece G\u00f6r\u00fc\u015f Mesafesi, H.265, H.265+, H.264+, H.264, Video S\u0131k\u0131\u015ft\u0131rma, ONVIF, PSIA, CGI, ISAPI, 128 GB Haf\u0131za Kart\u0131 Deste\u011fi, IP67, IK10 Koruma S\u0131n\u0131f\u0131, 12V DC ve PoE (802.3af), Ak\u0131ll\u0131 analiz (\u00c7izgi ge\u00e7i\u015f ihlali, \u0130zinsiz Giri\u015f Alg\u0131lama, Dinamik Analiz, Hareket Alg\u0131lama, Unutulan Bagaj, Kaybolan Nesne, Y\u00fcz alg\u0131lama), BLC, ROI, Titre\u015fim \u00d6nleme, 3D DNR\",\"breadcrumb\":{\"@id\":\"https:\\\/\\\/kamerakontrolsistemleri.com\\\/index.php\\\/product\\\/hikvision-ds-2cd2785g0-izs-8mp-motorize-lensli-ip-ir-dome-kamera\\\/#breadcrumb\"},\"inLanguage\":\"tr\",\"potentialAction\":[{\"@type\":\"ReadAction\",\"target\":[\"https:\\\/\\\/kamerakontrolsistemleri.com\\\/index.php\\\/product\\\/hikvision-ds-2cd2785g0-izs-8mp-motorize-lensli-ip-ir-dome-kamera\\\/\"]}]},{\"@type\":\"ImageObject\",\"inLanguage\":\"tr\",\"@id\":\"https:\\\/\\\/kamerakontrolsistemleri.com\\\/index.php\\\/product\\\/hikvision-ds-2cd2785g0-izs-8mp-motorize-lensli-ip-ir-dome-kamera\\\/#primaryimage\",\"url\":\"https:\\\/\\\/kamerakontrolsistemleri.com\\\/wp-content\\\/uploads\\\/2020\\\/11\\\/0001717_hikvision-ds-2cd2785g0-izs-8mp-motorize-lensli-ip-ir-dome-kamera.jpeg.jpg\",\"contentUrl\":\"https:\\\/\\\/kamerakontrolsistemleri.com\\\/wp-content\\\/uploads\\\/2020\\\/11\\\/0001717_hikvision-ds-2cd2785g0-izs-8mp-motorize-lensli-ip-ir-dome-kamera.jpeg.jpg\",\"width\":712,\"height\":712},{\"@type\":\"BreadcrumbList\",\"@id\":\"https:\\\/\\\/kamerakontrolsistemleri.com\\\/index.php\\\/product\\\/hikvision-ds-2cd2785g0-izs-8mp-motorize-lensli-ip-ir-dome-kamera\\\/#breadcrumb\",\"itemListElement\":[{\"@type\":\"ListItem\",\"position\":1,\"name\":\"Ana sayfa\",\"item\":\"https:\\\/\\\/kamerakontrolsistemleri.com\\\/\"},{\"@type\":\"ListItem\",\"position\":2,\"name\":\"\u00dcr\u00fcnler\",\"item\":\"https:\\\/\\\/kamerakontrolsistemleri.com\\\/index.php\\\/urunler\\\/\"},{\"@type\":\"ListItem\",\"position\":3,\"name\":\"Hikvision DS-2CD2785G0-IZS 8MP Motorize Lensli IP IR Dome Kamera\"}]},{\"@type\":\"WebSite\",\"@id\":\"https:\\\/\\\/kamerakontrolsistemleri.com\\\/#website\",\"url\":\"https:\\\/\\\/kamerakontrolsistemleri.com\\\/\",\"name\":\"Kamera Kontrol Sistemleri\",\"description\":\"Toptan fiyat\u0131na al\u0131\u015fveri\u015f imkan\u0131\",\"publisher\":{\"@id\":\"https:\\\/\\\/kamerakontrolsistemleri.com\\\/#organization\"},\"potentialAction\":[{\"@type\":\"SearchAction\",\"target\":{\"@type\":\"EntryPoint\",\"urlTemplate\":\"https:\\\/\\\/kamerakontrolsistemleri.com\\\/?s={search_term_string}\"},\"query-input\":{\"@type\":\"PropertyValueSpecification\",\"valueRequired\":true,\"valueName\":\"search_term_string\"}}],\"inLanguage\":\"tr\"},{\"@type\":\"Organization\",\"@id\":\"https:\\\/\\\/kamerakontrolsistemleri.com\\\/#organization\",\"name\":\"Akotech G\u00fcvenlik Sistemleri\",\"url\":\"https:\\\/\\\/kamerakontrolsistemleri.com\\\/\",\"logo\":{\"@type\":\"ImageObject\",\"inLanguage\":\"tr\",\"@id\":\"https:\\\/\\\/kamerakontrolsistemleri.com\\\/#\\\/schema\\\/logo\\\/image\\\/\",\"url\":\"https:\\\/\\\/kamerakontrolsistemleri.com\\\/wp-content\\\/uploads\\\/2020\\\/12\\\/37335611_391154311412387_1999192248473878528_o.jpg\",\"contentUrl\":\"https:\\\/\\\/kamerakontrolsistemleri.com\\\/wp-content\\\/uploads\\\/2020\\\/12\\\/37335611_391154311412387_1999192248473878528_o.jpg\",\"width\":1129,\"height\":1129,\"caption\":\"Akotech G\u00fcvenlik Sistemleri\"},\"image\":{\"@id\":\"https:\\\/\\\/kamerakontrolsistemleri.com\\\/#\\\/schema\\\/logo\\\/image\\\/\"},\"sameAs\":[\"https:\\\/\\\/www.facebook.com\\\/akottech\",\"https:\\\/\\\/www.instagram.com\\\/akottechguvenlik\\\/\"]}]}<\/script>\n<!-- \/ Yoast SEO plugin. -->","yoast_head_json":{"title":"Hikvision DS-2CD2785G0-IZS 8MP Motorize Lensli IP IR Dome Kamera - Kamera Kontrol Sistemleri","description":"8MP \u00c7\u00f6z\u00fcn\u00fcrl\u00fck, 2.8-12mm Motorize Lens, 120db WDR, 30mt Gece G\u00f6r\u00fc\u015f Mesafesi, H.265, H.265+, H.264+, H.264, Video S\u0131k\u0131\u015ft\u0131rma, ONVIF, PSIA, CGI, ISAPI, 128 GB Haf\u0131za Kart\u0131 Deste\u011fi, IP67, IK10 Koruma S\u0131n\u0131f\u0131, 12V DC ve PoE (802.3af), Ak\u0131ll\u0131 analiz (\u00c7izgi ge\u00e7i\u015f ihlali, \u0130zinsiz Giri\u015f Alg\u0131lama, Dinamik Analiz, Hareket Alg\u0131lama, Unutulan Bagaj, Kaybolan Nesne, Y\u00fcz alg\u0131lama), BLC, ROI, Titre\u015fim \u00d6nleme, 3D DNR","robots":{"index":"index","follow":"follow","max-snippet":"max-snippet:-1","max-image-preview":"max-image-preview:large","max-video-preview":"max-video-preview:-1"},"canonical":"https:\/\/kamerakontrolsistemleri.com\/index.php\/product\/hikvision-ds-2cd2785g0-izs-8mp-motorize-lensli-ip-ir-dome-kamera\/","og_locale":"tr_TR","og_type":"article","og_title":"Hikvision DS-2CD2785G0-IZS 8MP Motorize Lensli IP IR Dome Kamera - Kamera Kontrol Sistemleri","og_description":"8MP \u00c7\u00f6z\u00fcn\u00fcrl\u00fck, 2.8-12mm Motorize Lens, 120db WDR, 30mt Gece G\u00f6r\u00fc\u015f Mesafesi, H.265, H.265+, H.264+, H.264, Video S\u0131k\u0131\u015ft\u0131rma, ONVIF, PSIA, CGI, ISAPI, 128 GB Haf\u0131za Kart\u0131 Deste\u011fi, IP67, IK10 Koruma S\u0131n\u0131f\u0131, 12V DC ve PoE (802.3af), Ak\u0131ll\u0131 analiz (\u00c7izgi ge\u00e7i\u015f ihlali, \u0130zinsiz Giri\u015f Alg\u0131lama, Dinamik Analiz, Hareket Alg\u0131lama, Unutulan Bagaj, Kaybolan Nesne, Y\u00fcz alg\u0131lama), BLC, ROI, Titre\u015fim \u00d6nleme, 3D DNR","og_url":"https:\/\/kamerakontrolsistemleri.com\/index.php\/product\/hikvision-ds-2cd2785g0-izs-8mp-motorize-lensli-ip-ir-dome-kamera\/","og_site_name":"Kamera Kontrol Sistemleri","article_publisher":"https:\/\/www.facebook.com\/akottech","article_modified_time":"2020-11-29T12:34:18+00:00","og_image":[{"width":712,"height":712,"url":"https:\/\/kamerakontrolsistemleri.com\/wp-content\/uploads\/2020\/11\/0001717_hikvision-ds-2cd2785g0-izs-8mp-motorize-lensli-ip-ir-dome-kamera.jpeg.jpg","type":"image\/jpeg"}],"schema":{"@context":"https:\/\/schema.org","@graph":[{"@type":"WebPage","@id":"https:\/\/kamerakontrolsistemleri.com\/index.php\/product\/hikvision-ds-2cd2785g0-izs-8mp-motorize-lensli-ip-ir-dome-kamera\/","url":"https:\/\/kamerakontrolsistemleri.com\/index.php\/product\/hikvision-ds-2cd2785g0-izs-8mp-motorize-lensli-ip-ir-dome-kamera\/","name":"Hikvision DS-2CD2785G0-IZS 8MP Motorize Lensli IP IR Dome Kamera - Kamera Kontrol Sistemleri","isPartOf":{"@id":"https:\/\/kamerakontrolsistemleri.com\/#website"},"primaryImageOfPage":{"@id":"https:\/\/kamerakontrolsistemleri.com\/index.php\/product\/hikvision-ds-2cd2785g0-izs-8mp-motorize-lensli-ip-ir-dome-kamera\/#primaryimage"},"image":{"@id":"https:\/\/kamerakontrolsistemleri.com\/index.php\/product\/hikvision-ds-2cd2785g0-izs-8mp-motorize-lensli-ip-ir-dome-kamera\/#primaryimage"},"thumbnailUrl":"https:\/\/kamerakontrolsistemleri.com\/wp-content\/uploads\/2020\/11\/0001717_hikvision-ds-2cd2785g0-izs-8mp-motorize-lensli-ip-ir-dome-kamera.jpeg.jpg","datePublished":"2020-11-28T17:32:45+00:00","dateModified":"2020-11-29T12:34:18+00:00","description":"8MP \u00c7\u00f6z\u00fcn\u00fcrl\u00fck, 2.8-12mm Motorize Lens, 120db WDR, 30mt Gece G\u00f6r\u00fc\u015f Mesafesi, H.265, H.265+, H.264+, H.264, Video S\u0131k\u0131\u015ft\u0131rma, ONVIF, PSIA, CGI, ISAPI, 128 GB Haf\u0131za Kart\u0131 Deste\u011fi, IP67, IK10 Koruma S\u0131n\u0131f\u0131, 12V DC ve PoE (802.3af), Ak\u0131ll\u0131 analiz (\u00c7izgi ge\u00e7i\u015f ihlali, \u0130zinsiz Giri\u015f Alg\u0131lama, Dinamik Analiz, Hareket Alg\u0131lama, Unutulan Bagaj, Kaybolan Nesne, Y\u00fcz alg\u0131lama), BLC, ROI, Titre\u015fim \u00d6nleme, 3D DNR","breadcrumb":{"@id":"https:\/\/kamerakontrolsistemleri.com\/index.php\/product\/hikvision-ds-2cd2785g0-izs-8mp-motorize-lensli-ip-ir-dome-kamera\/#breadcrumb"},"inLanguage":"tr","potentialAction":[{"@type":"ReadAction","target":["https:\/\/kamerakontrolsistemleri.com\/index.php\/product\/hikvision-ds-2cd2785g0-izs-8mp-motorize-lensli-ip-ir-dome-kamera\/"]}]},{"@type":"ImageObject","inLanguage":"tr","@id":"https:\/\/kamerakontrolsistemleri.com\/index.php\/product\/hikvision-ds-2cd2785g0-izs-8mp-motorize-lensli-ip-ir-dome-kamera\/#primaryimage","url":"https:\/\/kamerakontrolsistemleri.com\/wp-content\/uploads\/2020\/11\/0001717_hikvision-ds-2cd2785g0-izs-8mp-motorize-lensli-ip-ir-dome-kamera.jpeg.jpg","contentUrl":"https:\/\/kamerakontrolsistemleri.com\/wp-content\/uploads\/2020\/11\/0001717_hikvision-ds-2cd2785g0-izs-8mp-motorize-lensli-ip-ir-dome-kamera.jpeg.jpg","width":712,"height":712},{"@type":"BreadcrumbList","@id":"https:\/\/kamerakontrolsistemleri.com\/index.php\/product\/hikvision-ds-2cd2785g0-izs-8mp-motorize-lensli-ip-ir-dome-kamera\/#breadcrumb","itemListElement":[{"@type":"ListItem","position":1,"name":"Ana sayfa","item":"https:\/\/kamerakontrolsistemleri.com\/"},{"@type":"ListItem","position":2,"name":"\u00dcr\u00fcnler","item":"https:\/\/kamerakontrolsistemleri.com\/index.php\/urunler\/"},{"@type":"ListItem","position":3,"name":"Hikvision DS-2CD2785G0-IZS 8MP Motorize Lensli IP IR Dome Kamera"}]},{"@type":"WebSite","@id":"https:\/\/kamerakontrolsistemleri.com\/#website","url":"https:\/\/kamerakontrolsistemleri.com\/","name":"Kamera Kontrol Sistemleri","description":"Toptan fiyat\u0131na al\u0131\u015fveri\u015f imkan\u0131","publisher":{"@id":"https:\/\/kamerakontrolsistemleri.com\/#organization"},"potentialAction":[{"@type":"SearchAction","target":{"@type":"EntryPoint","urlTemplate":"https:\/\/kamerakontrolsistemleri.com\/?s={search_term_string}"},"query-input":{"@type":"PropertyValueSpecification","valueRequired":true,"valueName":"search_term_string"}}],"inLanguage":"tr"},{"@type":"Organization","@id":"https:\/\/kamerakontrolsistemleri.com\/#organization","name":"Akotech G\u00fcvenlik Sistemleri","url":"https:\/\/kamerakontrolsistemleri.com\/","logo":{"@type":"ImageObject","inLanguage":"tr","@id":"https:\/\/kamerakontrolsistemleri.com\/#\/schema\/logo\/image\/","url":"https:\/\/kamerakontrolsistemleri.com\/wp-content\/uploads\/2020\/12\/37335611_391154311412387_1999192248473878528_o.jpg","contentUrl":"https:\/\/kamerakontrolsistemleri.com\/wp-content\/uploads\/2020\/12\/37335611_391154311412387_1999192248473878528_o.jpg","width":1129,"height":1129,"caption":"Akotech G\u00fcvenlik Sistemleri"},"image":{"@id":"https:\/\/kamerakontrolsistemleri.com\/#\/schema\/logo\/image\/"},"sameAs":["https:\/\/www.facebook.com\/akottech","https:\/\/www.instagram.com\/akottechguvenlik\/"]}]}},"jetpack_sharing_enabled":true,"_links":{"self":[{"href":"https:\/\/kamerakontrolsistemleri.com\/index.php\/wp-json\/wp\/v2\/product\/11004","targetHints":{"allow":["GET"]}}],"collection":[{"href":"https:\/\/kamerakontrolsistemleri.com\/index.php\/wp-json\/wp\/v2\/product"}],"about":[{"href":"https:\/\/kamerakontrolsistemleri.com\/index.php\/wp-json\/wp\/v2\/types\/product"}],"version-history":[{"count":0,"href":"https:\/\/kamerakontrolsistemleri.com\/index.php\/wp-json\/wp\/v2\/product\/11004\/revisions"}],"wp:featuredmedia":[{"embeddable":true,"href":"https:\/\/kamerakontrolsistemleri.com\/index.php\/wp-json\/wp\/v2\/media\/11376"}],"wp:attachment":[{"href":"https:\/\/kamerakontrolsistemleri.com\/index.php\/wp-json\/wp\/v2\/media?parent=11004"}],"wp:term":[{"taxonomy":"product_brand","embeddable":true,"href":"https:\/\/kamerakontrolsistemleri.com\/index.php\/wp-json\/wp\/v2\/product_brand?post=11004"},{"taxonomy":"product_cat","embeddable":true,"href":"https:\/\/kamerakontrolsistemleri.com\/index.php\/wp-json\/wp\/v2\/product_cat?post=11004"},{"taxonomy":"product_tag","embeddable":true,"href":"https:\/\/kamerakontrolsistemleri.com\/index.php\/wp-json\/wp\/v2\/product_tag?post=11004"}],"curies":[{"name":"wp","href":"https:\/\/api.w.org\/{rel}","templated":true}]}}