{"id":11019,"date":"2020-11-28T20:32:51","date_gmt":"2020-11-28T17:32:51","guid":{"rendered":"https:\/\/kamerakontrolsistemleri.com\/index.php\/product\/hikvision-ds-7108ni-q1-8p-m-8-kanal-poe-li-nvr-kayit-cihazi-2\/"},"modified":"2020-11-29T15:59:22","modified_gmt":"2020-11-29T12:59:22","slug":"hikvision-ds-7108ni-q1-8p-m-8-kanal-poe-li-nvr-kayit-cihazi-2","status":"publish","type":"product","link":"https:\/\/kamerakontrolsistemleri.com\/index.php\/product\/hikvision-ds-7108ni-q1-8p-m-8-kanal-poe-li-nvr-kayit-cihazi-2\/","title":{"rendered":"Hikvision DS-7108NI-Q1\/8P\/M 8 Kanal Poe&#8217; li NVR Kay\u0131t Cihaz\u0131"},"content":{"rendered":"","protected":false},"excerpt":{"rendered":"<div class=\"short-description\">8 Kanal kay\u0131t, 60 Mbps kay\u0131t 60 mbps izleme 8 kanal PoE, 1 adet 6TB&#8217;ye kadar disk deste\u011fi, 1080P HDMI \u00e7\u0131k\u0131\u015f\u0131, 1080P VGA \u00e7\u0131k\u0131\u015f\u0131, 4 MP Maks \u00e7\u00f6z\u00fcn\u00fcrl\u00fckte kay\u0131t, H.265+ \/ H.265 \/ H.264+ \/ H.264 video s\u0131k\u0131\u015ft\u0131rma, metal kasa<\/div>\n<div class=\"prices\"><\/div>\n","protected":false},"featured_media":11408,"template":"","meta":[],"product_brand":[],"product_cat":[140],"product_tag":[],"class_list":{"0":"post-11019","1":"product","2":"type-product","3":"status-publish","4":"has-post-thumbnail","6":"product_cat-8-kanal-nvr-kayit-cihazlari","7":"pa_marka-hikvision","9":"first","10":"instock","11":"taxable","12":"shipping-taxable","13":"purchasable","14":"product-type-simple"},"yoast_head":"<!-- This site is optimized with the Yoast SEO plugin v27.3 - https:\/\/yoast.com\/product\/yoast-seo-wordpress\/ -->\n<title>Hikvision DS-7108NI-Q1\/8P\/M 8 Kanal Poe&#039; li NVR Kay\u0131t Cihaz\u0131 - Kamera Kontrol Sistemleri<\/title>\n<meta name=\"description\" content=\"8 Kanal kay\u0131t, 60 Mbps kay\u0131t 60 mbps izleme 8 kanal PoE, 1 adet 6TB&#039;ye kadar disk deste\u011fi, 1080P HDMI \u00e7\u0131k\u0131\u015f\u0131, 1080P VGA \u00e7\u0131k\u0131\u015f\u0131, 4 MP Maks \u00e7\u00f6z\u00fcn\u00fcrl\u00fckte kay\u0131t, H.265+ \/ H.265 \/ H.264+ \/ H.264 video s\u0131k\u0131\u015ft\u0131rma, metal kasa\" \/>\n<meta name=\"robots\" content=\"index, follow, max-snippet:-1, max-image-preview:large, max-video-preview:-1\" \/>\n<link rel=\"canonical\" href=\"https:\/\/kamerakontrolsistemleri.com\/index.php\/product\/hikvision-ds-7108ni-q1-8p-m-8-kanal-poe-li-nvr-kayit-cihazi-2\/\" \/>\n<meta property=\"og:locale\" content=\"tr_TR\" \/>\n<meta property=\"og:type\" content=\"article\" \/>\n<meta property=\"og:title\" content=\"Hikvision DS-7108NI-Q1\/8P\/M 8 Kanal Poe&#039; li NVR Kay\u0131t Cihaz\u0131 - Kamera Kontrol Sistemleri\" \/>\n<meta property=\"og:description\" content=\"8 Kanal kay\u0131t, 60 Mbps kay\u0131t 60 mbps izleme 8 kanal PoE, 1 adet 6TB&#039;ye kadar disk deste\u011fi, 1080P HDMI \u00e7\u0131k\u0131\u015f\u0131, 1080P VGA \u00e7\u0131k\u0131\u015f\u0131, 4 MP Maks \u00e7\u00f6z\u00fcn\u00fcrl\u00fckte kay\u0131t, H.265+ \/ H.265 \/ H.264+ \/ H.264 video s\u0131k\u0131\u015ft\u0131rma, metal kasa\" \/>\n<meta property=\"og:url\" content=\"https:\/\/kamerakontrolsistemleri.com\/index.php\/product\/hikvision-ds-7108ni-q1-8p-m-8-kanal-poe-li-nvr-kayit-cihazi-2\/\" \/>\n<meta property=\"og:site_name\" content=\"Kamera Kontrol Sistemleri\" \/>\n<meta property=\"article:publisher\" content=\"https:\/\/www.facebook.com\/akottech\" \/>\n<meta property=\"article:modified_time\" content=\"2020-11-29T12:59:22+00:00\" \/>\n<meta property=\"og:image\" content=\"https:\/\/kamerakontrolsistemleri.com\/wp-content\/uploads\/2020\/11\/0000598_hikvision-ds-7108ni-q18pm-8-kanal-poe-li-nvr-kayit-cihazi.jpeg\" \/>\n\t<meta property=\"og:image:width\" content=\"268\" \/>\n\t<meta property=\"og:image:height\" content=\"267\" \/>\n\t<meta property=\"og:image:type\" content=\"image\/jpeg\" \/>\n<script type=\"application\/ld+json\" class=\"yoast-schema-graph\">{\"@context\":\"https:\\\/\\\/schema.org\",\"@graph\":[{\"@type\":\"WebPage\",\"@id\":\"https:\\\/\\\/kamerakontrolsistemleri.com\\\/index.php\\\/product\\\/hikvision-ds-7108ni-q1-8p-m-8-kanal-poe-li-nvr-kayit-cihazi-2\\\/\",\"url\":\"https:\\\/\\\/kamerakontrolsistemleri.com\\\/index.php\\\/product\\\/hikvision-ds-7108ni-q1-8p-m-8-kanal-poe-li-nvr-kayit-cihazi-2\\\/\",\"name\":\"Hikvision DS-7108NI-Q1\\\/8P\\\/M 8 Kanal Poe' li NVR Kay\u0131t Cihaz\u0131 - Kamera Kontrol Sistemleri\",\"isPartOf\":{\"@id\":\"https:\\\/\\\/kamerakontrolsistemleri.com\\\/#website\"},\"primaryImageOfPage\":{\"@id\":\"https:\\\/\\\/kamerakontrolsistemleri.com\\\/index.php\\\/product\\\/hikvision-ds-7108ni-q1-8p-m-8-kanal-poe-li-nvr-kayit-cihazi-2\\\/#primaryimage\"},\"image\":{\"@id\":\"https:\\\/\\\/kamerakontrolsistemleri.com\\\/index.php\\\/product\\\/hikvision-ds-7108ni-q1-8p-m-8-kanal-poe-li-nvr-kayit-cihazi-2\\\/#primaryimage\"},\"thumbnailUrl\":\"https:\\\/\\\/kamerakontrolsistemleri.com\\\/wp-content\\\/uploads\\\/2020\\\/11\\\/0000598_hikvision-ds-7108ni-q18pm-8-kanal-poe-li-nvr-kayit-cihazi.jpeg\",\"datePublished\":\"2020-11-28T17:32:51+00:00\",\"dateModified\":\"2020-11-29T12:59:22+00:00\",\"description\":\"8 Kanal kay\u0131t, 60 Mbps kay\u0131t 60 mbps izleme 8 kanal PoE, 1 adet 6TB'ye kadar disk deste\u011fi, 1080P HDMI \u00e7\u0131k\u0131\u015f\u0131, 1080P VGA \u00e7\u0131k\u0131\u015f\u0131, 4 MP Maks \u00e7\u00f6z\u00fcn\u00fcrl\u00fckte kay\u0131t, H.265+ \\\/ H.265 \\\/ H.264+ \\\/ H.264 video s\u0131k\u0131\u015ft\u0131rma, metal kasa\",\"breadcrumb\":{\"@id\":\"https:\\\/\\\/kamerakontrolsistemleri.com\\\/index.php\\\/product\\\/hikvision-ds-7108ni-q1-8p-m-8-kanal-poe-li-nvr-kayit-cihazi-2\\\/#breadcrumb\"},\"inLanguage\":\"tr\",\"potentialAction\":[{\"@type\":\"ReadAction\",\"target\":[\"https:\\\/\\\/kamerakontrolsistemleri.com\\\/index.php\\\/product\\\/hikvision-ds-7108ni-q1-8p-m-8-kanal-poe-li-nvr-kayit-cihazi-2\\\/\"]}]},{\"@type\":\"ImageObject\",\"inLanguage\":\"tr\",\"@id\":\"https:\\\/\\\/kamerakontrolsistemleri.com\\\/index.php\\\/product\\\/hikvision-ds-7108ni-q1-8p-m-8-kanal-poe-li-nvr-kayit-cihazi-2\\\/#primaryimage\",\"url\":\"https:\\\/\\\/kamerakontrolsistemleri.com\\\/wp-content\\\/uploads\\\/2020\\\/11\\\/0000598_hikvision-ds-7108ni-q18pm-8-kanal-poe-li-nvr-kayit-cihazi.jpeg\",\"contentUrl\":\"https:\\\/\\\/kamerakontrolsistemleri.com\\\/wp-content\\\/uploads\\\/2020\\\/11\\\/0000598_hikvision-ds-7108ni-q18pm-8-kanal-poe-li-nvr-kayit-cihazi.jpeg\",\"width\":268,\"height\":267},{\"@type\":\"BreadcrumbList\",\"@id\":\"https:\\\/\\\/kamerakontrolsistemleri.com\\\/index.php\\\/product\\\/hikvision-ds-7108ni-q1-8p-m-8-kanal-poe-li-nvr-kayit-cihazi-2\\\/#breadcrumb\",\"itemListElement\":[{\"@type\":\"ListItem\",\"position\":1,\"name\":\"Ana sayfa\",\"item\":\"https:\\\/\\\/kamerakontrolsistemleri.com\\\/\"},{\"@type\":\"ListItem\",\"position\":2,\"name\":\"\u00dcr\u00fcnler\",\"item\":\"https:\\\/\\\/kamerakontrolsistemleri.com\\\/index.php\\\/urunler\\\/\"},{\"@type\":\"ListItem\",\"position\":3,\"name\":\"Hikvision DS-7108NI-Q1\\\/8P\\\/M 8 Kanal Poe&#8217; li NVR Kay\u0131t Cihaz\u0131\"}]},{\"@type\":\"WebSite\",\"@id\":\"https:\\\/\\\/kamerakontrolsistemleri.com\\\/#website\",\"url\":\"https:\\\/\\\/kamerakontrolsistemleri.com\\\/\",\"name\":\"Kamera Kontrol Sistemleri\",\"description\":\"Toptan fiyat\u0131na al\u0131\u015fveri\u015f imkan\u0131\",\"publisher\":{\"@id\":\"https:\\\/\\\/kamerakontrolsistemleri.com\\\/#organization\"},\"potentialAction\":[{\"@type\":\"SearchAction\",\"target\":{\"@type\":\"EntryPoint\",\"urlTemplate\":\"https:\\\/\\\/kamerakontrolsistemleri.com\\\/?s={search_term_string}\"},\"query-input\":{\"@type\":\"PropertyValueSpecification\",\"valueRequired\":true,\"valueName\":\"search_term_string\"}}],\"inLanguage\":\"tr\"},{\"@type\":\"Organization\",\"@id\":\"https:\\\/\\\/kamerakontrolsistemleri.com\\\/#organization\",\"name\":\"Akotech G\u00fcvenlik Sistemleri\",\"url\":\"https:\\\/\\\/kamerakontrolsistemleri.com\\\/\",\"logo\":{\"@type\":\"ImageObject\",\"inLanguage\":\"tr\",\"@id\":\"https:\\\/\\\/kamerakontrolsistemleri.com\\\/#\\\/schema\\\/logo\\\/image\\\/\",\"url\":\"https:\\\/\\\/kamerakontrolsistemleri.com\\\/wp-content\\\/uploads\\\/2020\\\/12\\\/37335611_391154311412387_1999192248473878528_o.jpg\",\"contentUrl\":\"https:\\\/\\\/kamerakontrolsistemleri.com\\\/wp-content\\\/uploads\\\/2020\\\/12\\\/37335611_391154311412387_1999192248473878528_o.jpg\",\"width\":1129,\"height\":1129,\"caption\":\"Akotech G\u00fcvenlik Sistemleri\"},\"image\":{\"@id\":\"https:\\\/\\\/kamerakontrolsistemleri.com\\\/#\\\/schema\\\/logo\\\/image\\\/\"},\"sameAs\":[\"https:\\\/\\\/www.facebook.com\\\/akottech\",\"https:\\\/\\\/www.instagram.com\\\/akottechguvenlik\\\/\"]}]}<\/script>\n<!-- \/ Yoast SEO plugin. -->","yoast_head_json":{"title":"Hikvision DS-7108NI-Q1\/8P\/M 8 Kanal Poe' li NVR Kay\u0131t Cihaz\u0131 - Kamera Kontrol Sistemleri","description":"8 Kanal kay\u0131t, 60 Mbps kay\u0131t 60 mbps izleme 8 kanal PoE, 1 adet 6TB'ye kadar disk deste\u011fi, 1080P HDMI \u00e7\u0131k\u0131\u015f\u0131, 1080P VGA \u00e7\u0131k\u0131\u015f\u0131, 4 MP Maks \u00e7\u00f6z\u00fcn\u00fcrl\u00fckte kay\u0131t, H.265+ \/ H.265 \/ H.264+ \/ H.264 video s\u0131k\u0131\u015ft\u0131rma, metal kasa","robots":{"index":"index","follow":"follow","max-snippet":"max-snippet:-1","max-image-preview":"max-image-preview:large","max-video-preview":"max-video-preview:-1"},"canonical":"https:\/\/kamerakontrolsistemleri.com\/index.php\/product\/hikvision-ds-7108ni-q1-8p-m-8-kanal-poe-li-nvr-kayit-cihazi-2\/","og_locale":"tr_TR","og_type":"article","og_title":"Hikvision DS-7108NI-Q1\/8P\/M 8 Kanal Poe' li NVR Kay\u0131t Cihaz\u0131 - Kamera Kontrol Sistemleri","og_description":"8 Kanal kay\u0131t, 60 Mbps kay\u0131t 60 mbps izleme 8 kanal PoE, 1 adet 6TB'ye kadar disk deste\u011fi, 1080P HDMI \u00e7\u0131k\u0131\u015f\u0131, 1080P VGA \u00e7\u0131k\u0131\u015f\u0131, 4 MP Maks \u00e7\u00f6z\u00fcn\u00fcrl\u00fckte kay\u0131t, H.265+ \/ H.265 \/ H.264+ \/ H.264 video s\u0131k\u0131\u015ft\u0131rma, metal kasa","og_url":"https:\/\/kamerakontrolsistemleri.com\/index.php\/product\/hikvision-ds-7108ni-q1-8p-m-8-kanal-poe-li-nvr-kayit-cihazi-2\/","og_site_name":"Kamera Kontrol Sistemleri","article_publisher":"https:\/\/www.facebook.com\/akottech","article_modified_time":"2020-11-29T12:59:22+00:00","og_image":[{"width":268,"height":267,"url":"https:\/\/kamerakontrolsistemleri.com\/wp-content\/uploads\/2020\/11\/0000598_hikvision-ds-7108ni-q18pm-8-kanal-poe-li-nvr-kayit-cihazi.jpeg","type":"image\/jpeg"}],"schema":{"@context":"https:\/\/schema.org","@graph":[{"@type":"WebPage","@id":"https:\/\/kamerakontrolsistemleri.com\/index.php\/product\/hikvision-ds-7108ni-q1-8p-m-8-kanal-poe-li-nvr-kayit-cihazi-2\/","url":"https:\/\/kamerakontrolsistemleri.com\/index.php\/product\/hikvision-ds-7108ni-q1-8p-m-8-kanal-poe-li-nvr-kayit-cihazi-2\/","name":"Hikvision DS-7108NI-Q1\/8P\/M 8 Kanal Poe' li NVR Kay\u0131t Cihaz\u0131 - Kamera Kontrol Sistemleri","isPartOf":{"@id":"https:\/\/kamerakontrolsistemleri.com\/#website"},"primaryImageOfPage":{"@id":"https:\/\/kamerakontrolsistemleri.com\/index.php\/product\/hikvision-ds-7108ni-q1-8p-m-8-kanal-poe-li-nvr-kayit-cihazi-2\/#primaryimage"},"image":{"@id":"https:\/\/kamerakontrolsistemleri.com\/index.php\/product\/hikvision-ds-7108ni-q1-8p-m-8-kanal-poe-li-nvr-kayit-cihazi-2\/#primaryimage"},"thumbnailUrl":"https:\/\/kamerakontrolsistemleri.com\/wp-content\/uploads\/2020\/11\/0000598_hikvision-ds-7108ni-q18pm-8-kanal-poe-li-nvr-kayit-cihazi.jpeg","datePublished":"2020-11-28T17:32:51+00:00","dateModified":"2020-11-29T12:59:22+00:00","description":"8 Kanal kay\u0131t, 60 Mbps kay\u0131t 60 mbps izleme 8 kanal PoE, 1 adet 6TB'ye kadar disk deste\u011fi, 1080P HDMI \u00e7\u0131k\u0131\u015f\u0131, 1080P VGA \u00e7\u0131k\u0131\u015f\u0131, 4 MP Maks \u00e7\u00f6z\u00fcn\u00fcrl\u00fckte kay\u0131t, H.265+ \/ H.265 \/ H.264+ \/ H.264 video s\u0131k\u0131\u015ft\u0131rma, metal kasa","breadcrumb":{"@id":"https:\/\/kamerakontrolsistemleri.com\/index.php\/product\/hikvision-ds-7108ni-q1-8p-m-8-kanal-poe-li-nvr-kayit-cihazi-2\/#breadcrumb"},"inLanguage":"tr","potentialAction":[{"@type":"ReadAction","target":["https:\/\/kamerakontrolsistemleri.com\/index.php\/product\/hikvision-ds-7108ni-q1-8p-m-8-kanal-poe-li-nvr-kayit-cihazi-2\/"]}]},{"@type":"ImageObject","inLanguage":"tr","@id":"https:\/\/kamerakontrolsistemleri.com\/index.php\/product\/hikvision-ds-7108ni-q1-8p-m-8-kanal-poe-li-nvr-kayit-cihazi-2\/#primaryimage","url":"https:\/\/kamerakontrolsistemleri.com\/wp-content\/uploads\/2020\/11\/0000598_hikvision-ds-7108ni-q18pm-8-kanal-poe-li-nvr-kayit-cihazi.jpeg","contentUrl":"https:\/\/kamerakontrolsistemleri.com\/wp-content\/uploads\/2020\/11\/0000598_hikvision-ds-7108ni-q18pm-8-kanal-poe-li-nvr-kayit-cihazi.jpeg","width":268,"height":267},{"@type":"BreadcrumbList","@id":"https:\/\/kamerakontrolsistemleri.com\/index.php\/product\/hikvision-ds-7108ni-q1-8p-m-8-kanal-poe-li-nvr-kayit-cihazi-2\/#breadcrumb","itemListElement":[{"@type":"ListItem","position":1,"name":"Ana sayfa","item":"https:\/\/kamerakontrolsistemleri.com\/"},{"@type":"ListItem","position":2,"name":"\u00dcr\u00fcnler","item":"https:\/\/kamerakontrolsistemleri.com\/index.php\/urunler\/"},{"@type":"ListItem","position":3,"name":"Hikvision DS-7108NI-Q1\/8P\/M 8 Kanal Poe&#8217; li NVR Kay\u0131t Cihaz\u0131"}]},{"@type":"WebSite","@id":"https:\/\/kamerakontrolsistemleri.com\/#website","url":"https:\/\/kamerakontrolsistemleri.com\/","name":"Kamera Kontrol Sistemleri","description":"Toptan fiyat\u0131na al\u0131\u015fveri\u015f imkan\u0131","publisher":{"@id":"https:\/\/kamerakontrolsistemleri.com\/#organization"},"potentialAction":[{"@type":"SearchAction","target":{"@type":"EntryPoint","urlTemplate":"https:\/\/kamerakontrolsistemleri.com\/?s={search_term_string}"},"query-input":{"@type":"PropertyValueSpecification","valueRequired":true,"valueName":"search_term_string"}}],"inLanguage":"tr"},{"@type":"Organization","@id":"https:\/\/kamerakontrolsistemleri.com\/#organization","name":"Akotech G\u00fcvenlik Sistemleri","url":"https:\/\/kamerakontrolsistemleri.com\/","logo":{"@type":"ImageObject","inLanguage":"tr","@id":"https:\/\/kamerakontrolsistemleri.com\/#\/schema\/logo\/image\/","url":"https:\/\/kamerakontrolsistemleri.com\/wp-content\/uploads\/2020\/12\/37335611_391154311412387_1999192248473878528_o.jpg","contentUrl":"https:\/\/kamerakontrolsistemleri.com\/wp-content\/uploads\/2020\/12\/37335611_391154311412387_1999192248473878528_o.jpg","width":1129,"height":1129,"caption":"Akotech G\u00fcvenlik Sistemleri"},"image":{"@id":"https:\/\/kamerakontrolsistemleri.com\/#\/schema\/logo\/image\/"},"sameAs":["https:\/\/www.facebook.com\/akottech","https:\/\/www.instagram.com\/akottechguvenlik\/"]}]}},"jetpack_sharing_enabled":true,"_links":{"self":[{"href":"https:\/\/kamerakontrolsistemleri.com\/index.php\/wp-json\/wp\/v2\/product\/11019","targetHints":{"allow":["GET"]}}],"collection":[{"href":"https:\/\/kamerakontrolsistemleri.com\/index.php\/wp-json\/wp\/v2\/product"}],"about":[{"href":"https:\/\/kamerakontrolsistemleri.com\/index.php\/wp-json\/wp\/v2\/types\/product"}],"version-history":[{"count":0,"href":"https:\/\/kamerakontrolsistemleri.com\/index.php\/wp-json\/wp\/v2\/product\/11019\/revisions"}],"wp:featuredmedia":[{"embeddable":true,"href":"https:\/\/kamerakontrolsistemleri.com\/index.php\/wp-json\/wp\/v2\/media\/11408"}],"wp:attachment":[{"href":"https:\/\/kamerakontrolsistemleri.com\/index.php\/wp-json\/wp\/v2\/media?parent=11019"}],"wp:term":[{"taxonomy":"product_brand","embeddable":true,"href":"https:\/\/kamerakontrolsistemleri.com\/index.php\/wp-json\/wp\/v2\/product_brand?post=11019"},{"taxonomy":"product_cat","embeddable":true,"href":"https:\/\/kamerakontrolsistemleri.com\/index.php\/wp-json\/wp\/v2\/product_cat?post=11019"},{"taxonomy":"product_tag","embeddable":true,"href":"https:\/\/kamerakontrolsistemleri.com\/index.php\/wp-json\/wp\/v2\/product_tag?post=11019"}],"curies":[{"name":"wp","href":"https:\/\/api.w.org\/{rel}","templated":true}]}}