{"id":11034,"date":"2020-11-28T20:32:56","date_gmt":"2020-11-28T17:32:56","guid":{"rendered":"https:\/\/kamerakontrolsistemleri.com\/index.php\/product\/hikvision-ds-2de2204iw-de3-2mp-ip-mini-ptz-dome-kamera\/"},"modified":"2020-11-30T12:08:30","modified_gmt":"2020-11-30T09:08:30","slug":"hikvision-ds-2de2204iw-de3-2mp-ip-mini-ptz-dome-kamera","status":"publish","type":"product","link":"https:\/\/kamerakontrolsistemleri.com\/index.php\/product\/hikvision-ds-2de2204iw-de3-2mp-ip-mini-ptz-dome-kamera\/","title":{"rendered":"Hikvision DS-2DE2204IW-DE3 2MP IP Mini PTZ Dome Kamera"},"content":{"rendered":"","protected":false},"excerpt":{"rendered":"<div class=\"short-description\">2 MP 4x Optik zoom, 3 Stream, H.265+ \/ H.265 \/ H.264+ \/ H.264 1\/1 Ses Giri\u015fi ve \u00c7\u0131k\u0131\u015f\u0131 1\/1 Alarm Giri\u015fi ve \u00c7\u0131k\u0131\u015f\u0131, ROI, BLC, DWDR, \u0130hlal Tespiti ve Hat \u0130hlali, Alg\u0131lama Pan, 350\u00ba, Tilt 100\u00ba Shutter 1\/30.000 SD Kart Deste\u011fi, PoE , 30 mt Gece g\u00f6r\u00fc\u015f, 12 V DC-PoE (802.3af) Maks 9 W.<\/div>\n<div class=\"prices\"><\/div>\n","protected":false},"featured_media":12010,"template":"","meta":[],"product_brand":[],"product_cat":[134],"product_tag":[],"class_list":{"0":"post-11034","1":"product","2":"type-product","3":"status-publish","4":"has-post-thumbnail","6":"product_cat-ir-dome-ip-kameralar","7":"pa_marka-hikvision","9":"first","10":"instock","11":"taxable","12":"shipping-taxable","13":"purchasable","14":"product-type-simple"},"yoast_head":"<!-- This site is optimized with the Yoast SEO plugin v27.3 - https:\/\/yoast.com\/product\/yoast-seo-wordpress\/ -->\n<title>Hikvision DS-2DE2204IW-DE3 2MP IP Mini PTZ Dome Kamera - Kamera Kontrol Sistemleri<\/title>\n<meta name=\"description\" content=\"2 MP 4x Optik zoom, 3 Stream, H.265+ \/ H.265 \/ H.264+ \/ H.264 1\/1 Ses Giri\u015fi ve \u00c7\u0131k\u0131\u015f\u0131 1\/1 Alarm Giri\u015fi ve \u00c7\u0131k\u0131\u015f\u0131, ROI, BLC, DWDR, \u0130hlal Tespiti ve Hat \u0130hlali, Alg\u0131lama Pan, 350\u00ba, Tilt 100\u00ba Shutter 1\/30.000 SD Kart Deste\u011fi, PoE , 30 mt Gece g\u00f6r\u00fc\u015f, 12 V DC-PoE (802.3af) Maks 9 W.\" \/>\n<meta name=\"robots\" content=\"index, follow, max-snippet:-1, max-image-preview:large, max-video-preview:-1\" \/>\n<link rel=\"canonical\" href=\"https:\/\/kamerakontrolsistemleri.com\/index.php\/product\/hikvision-ds-2de2204iw-de3-2mp-ip-mini-ptz-dome-kamera\/\" \/>\n<meta property=\"og:locale\" content=\"tr_TR\" \/>\n<meta property=\"og:type\" content=\"article\" \/>\n<meta property=\"og:title\" content=\"Hikvision DS-2DE2204IW-DE3 2MP IP Mini PTZ Dome Kamera - Kamera Kontrol Sistemleri\" \/>\n<meta property=\"og:description\" content=\"2 MP 4x Optik zoom, 3 Stream, H.265+ \/ H.265 \/ H.264+ \/ H.264 1\/1 Ses Giri\u015fi ve \u00c7\u0131k\u0131\u015f\u0131 1\/1 Alarm Giri\u015fi ve \u00c7\u0131k\u0131\u015f\u0131, ROI, BLC, DWDR, \u0130hlal Tespiti ve Hat \u0130hlali, Alg\u0131lama Pan, 350\u00ba, Tilt 100\u00ba Shutter 1\/30.000 SD Kart Deste\u011fi, PoE , 30 mt Gece g\u00f6r\u00fc\u015f, 12 V DC-PoE (802.3af) Maks 9 W.\" \/>\n<meta property=\"og:url\" content=\"https:\/\/kamerakontrolsistemleri.com\/index.php\/product\/hikvision-ds-2de2204iw-de3-2mp-ip-mini-ptz-dome-kamera\/\" \/>\n<meta property=\"og:site_name\" content=\"Kamera Kontrol Sistemleri\" \/>\n<meta property=\"article:publisher\" content=\"https:\/\/www.facebook.com\/akottech\" \/>\n<meta property=\"article:modified_time\" content=\"2020-11-30T09:08:30+00:00\" \/>\n<meta property=\"og:image\" content=\"https:\/\/kamerakontrolsistemleri.com\/wp-content\/uploads\/2020\/11\/unnamed-5.jpg\" \/>\n\t<meta property=\"og:image:width\" content=\"512\" \/>\n\t<meta property=\"og:image:height\" content=\"512\" \/>\n\t<meta property=\"og:image:type\" content=\"image\/jpeg\" \/>\n<script type=\"application\/ld+json\" class=\"yoast-schema-graph\">{\"@context\":\"https:\\\/\\\/schema.org\",\"@graph\":[{\"@type\":\"WebPage\",\"@id\":\"https:\\\/\\\/kamerakontrolsistemleri.com\\\/index.php\\\/product\\\/hikvision-ds-2de2204iw-de3-2mp-ip-mini-ptz-dome-kamera\\\/\",\"url\":\"https:\\\/\\\/kamerakontrolsistemleri.com\\\/index.php\\\/product\\\/hikvision-ds-2de2204iw-de3-2mp-ip-mini-ptz-dome-kamera\\\/\",\"name\":\"Hikvision DS-2DE2204IW-DE3 2MP IP Mini PTZ Dome Kamera - Kamera Kontrol Sistemleri\",\"isPartOf\":{\"@id\":\"https:\\\/\\\/kamerakontrolsistemleri.com\\\/#website\"},\"primaryImageOfPage\":{\"@id\":\"https:\\\/\\\/kamerakontrolsistemleri.com\\\/index.php\\\/product\\\/hikvision-ds-2de2204iw-de3-2mp-ip-mini-ptz-dome-kamera\\\/#primaryimage\"},\"image\":{\"@id\":\"https:\\\/\\\/kamerakontrolsistemleri.com\\\/index.php\\\/product\\\/hikvision-ds-2de2204iw-de3-2mp-ip-mini-ptz-dome-kamera\\\/#primaryimage\"},\"thumbnailUrl\":\"https:\\\/\\\/kamerakontrolsistemleri.com\\\/wp-content\\\/uploads\\\/2020\\\/11\\\/unnamed-5.jpg\",\"datePublished\":\"2020-11-28T17:32:56+00:00\",\"dateModified\":\"2020-11-30T09:08:30+00:00\",\"description\":\"2 MP 4x Optik zoom, 3 Stream, H.265+ \\\/ H.265 \\\/ H.264+ \\\/ H.264 1\\\/1 Ses Giri\u015fi ve \u00c7\u0131k\u0131\u015f\u0131 1\\\/1 Alarm Giri\u015fi ve \u00c7\u0131k\u0131\u015f\u0131, ROI, BLC, DWDR, \u0130hlal Tespiti ve Hat \u0130hlali, Alg\u0131lama Pan, 350\u00ba, Tilt 100\u00ba Shutter 1\\\/30.000 SD Kart Deste\u011fi, PoE , 30 mt Gece g\u00f6r\u00fc\u015f, 12 V DC-PoE (802.3af) Maks 9 W.\",\"breadcrumb\":{\"@id\":\"https:\\\/\\\/kamerakontrolsistemleri.com\\\/index.php\\\/product\\\/hikvision-ds-2de2204iw-de3-2mp-ip-mini-ptz-dome-kamera\\\/#breadcrumb\"},\"inLanguage\":\"tr\",\"potentialAction\":[{\"@type\":\"ReadAction\",\"target\":[\"https:\\\/\\\/kamerakontrolsistemleri.com\\\/index.php\\\/product\\\/hikvision-ds-2de2204iw-de3-2mp-ip-mini-ptz-dome-kamera\\\/\"]}]},{\"@type\":\"ImageObject\",\"inLanguage\":\"tr\",\"@id\":\"https:\\\/\\\/kamerakontrolsistemleri.com\\\/index.php\\\/product\\\/hikvision-ds-2de2204iw-de3-2mp-ip-mini-ptz-dome-kamera\\\/#primaryimage\",\"url\":\"https:\\\/\\\/kamerakontrolsistemleri.com\\\/wp-content\\\/uploads\\\/2020\\\/11\\\/unnamed-5.jpg\",\"contentUrl\":\"https:\\\/\\\/kamerakontrolsistemleri.com\\\/wp-content\\\/uploads\\\/2020\\\/11\\\/unnamed-5.jpg\",\"width\":512,\"height\":512},{\"@type\":\"BreadcrumbList\",\"@id\":\"https:\\\/\\\/kamerakontrolsistemleri.com\\\/index.php\\\/product\\\/hikvision-ds-2de2204iw-de3-2mp-ip-mini-ptz-dome-kamera\\\/#breadcrumb\",\"itemListElement\":[{\"@type\":\"ListItem\",\"position\":1,\"name\":\"Ana sayfa\",\"item\":\"https:\\\/\\\/kamerakontrolsistemleri.com\\\/\"},{\"@type\":\"ListItem\",\"position\":2,\"name\":\"\u00dcr\u00fcnler\",\"item\":\"https:\\\/\\\/kamerakontrolsistemleri.com\\\/index.php\\\/urunler\\\/\"},{\"@type\":\"ListItem\",\"position\":3,\"name\":\"Hikvision DS-2DE2204IW-DE3 2MP IP Mini PTZ Dome Kamera\"}]},{\"@type\":\"WebSite\",\"@id\":\"https:\\\/\\\/kamerakontrolsistemleri.com\\\/#website\",\"url\":\"https:\\\/\\\/kamerakontrolsistemleri.com\\\/\",\"name\":\"Kamera Kontrol Sistemleri\",\"description\":\"Toptan fiyat\u0131na al\u0131\u015fveri\u015f imkan\u0131\",\"publisher\":{\"@id\":\"https:\\\/\\\/kamerakontrolsistemleri.com\\\/#organization\"},\"potentialAction\":[{\"@type\":\"SearchAction\",\"target\":{\"@type\":\"EntryPoint\",\"urlTemplate\":\"https:\\\/\\\/kamerakontrolsistemleri.com\\\/?s={search_term_string}\"},\"query-input\":{\"@type\":\"PropertyValueSpecification\",\"valueRequired\":true,\"valueName\":\"search_term_string\"}}],\"inLanguage\":\"tr\"},{\"@type\":\"Organization\",\"@id\":\"https:\\\/\\\/kamerakontrolsistemleri.com\\\/#organization\",\"name\":\"Akotech G\u00fcvenlik Sistemleri\",\"url\":\"https:\\\/\\\/kamerakontrolsistemleri.com\\\/\",\"logo\":{\"@type\":\"ImageObject\",\"inLanguage\":\"tr\",\"@id\":\"https:\\\/\\\/kamerakontrolsistemleri.com\\\/#\\\/schema\\\/logo\\\/image\\\/\",\"url\":\"https:\\\/\\\/kamerakontrolsistemleri.com\\\/wp-content\\\/uploads\\\/2020\\\/12\\\/37335611_391154311412387_1999192248473878528_o.jpg\",\"contentUrl\":\"https:\\\/\\\/kamerakontrolsistemleri.com\\\/wp-content\\\/uploads\\\/2020\\\/12\\\/37335611_391154311412387_1999192248473878528_o.jpg\",\"width\":1129,\"height\":1129,\"caption\":\"Akotech G\u00fcvenlik Sistemleri\"},\"image\":{\"@id\":\"https:\\\/\\\/kamerakontrolsistemleri.com\\\/#\\\/schema\\\/logo\\\/image\\\/\"},\"sameAs\":[\"https:\\\/\\\/www.facebook.com\\\/akottech\",\"https:\\\/\\\/www.instagram.com\\\/akottechguvenlik\\\/\"]}]}<\/script>\n<!-- \/ Yoast SEO plugin. -->","yoast_head_json":{"title":"Hikvision DS-2DE2204IW-DE3 2MP IP Mini PTZ Dome Kamera - Kamera Kontrol Sistemleri","description":"2 MP 4x Optik zoom, 3 Stream, H.265+ \/ H.265 \/ H.264+ \/ H.264 1\/1 Ses Giri\u015fi ve \u00c7\u0131k\u0131\u015f\u0131 1\/1 Alarm Giri\u015fi ve \u00c7\u0131k\u0131\u015f\u0131, ROI, BLC, DWDR, \u0130hlal Tespiti ve Hat \u0130hlali, Alg\u0131lama Pan, 350\u00ba, Tilt 100\u00ba Shutter 1\/30.000 SD Kart Deste\u011fi, PoE , 30 mt Gece g\u00f6r\u00fc\u015f, 12 V DC-PoE (802.3af) Maks 9 W.","robots":{"index":"index","follow":"follow","max-snippet":"max-snippet:-1","max-image-preview":"max-image-preview:large","max-video-preview":"max-video-preview:-1"},"canonical":"https:\/\/kamerakontrolsistemleri.com\/index.php\/product\/hikvision-ds-2de2204iw-de3-2mp-ip-mini-ptz-dome-kamera\/","og_locale":"tr_TR","og_type":"article","og_title":"Hikvision DS-2DE2204IW-DE3 2MP IP Mini PTZ Dome Kamera - Kamera Kontrol Sistemleri","og_description":"2 MP 4x Optik zoom, 3 Stream, H.265+ \/ H.265 \/ H.264+ \/ H.264 1\/1 Ses Giri\u015fi ve \u00c7\u0131k\u0131\u015f\u0131 1\/1 Alarm Giri\u015fi ve \u00c7\u0131k\u0131\u015f\u0131, ROI, BLC, DWDR, \u0130hlal Tespiti ve Hat \u0130hlali, Alg\u0131lama Pan, 350\u00ba, Tilt 100\u00ba Shutter 1\/30.000 SD Kart Deste\u011fi, PoE , 30 mt Gece g\u00f6r\u00fc\u015f, 12 V DC-PoE (802.3af) Maks 9 W.","og_url":"https:\/\/kamerakontrolsistemleri.com\/index.php\/product\/hikvision-ds-2de2204iw-de3-2mp-ip-mini-ptz-dome-kamera\/","og_site_name":"Kamera Kontrol Sistemleri","article_publisher":"https:\/\/www.facebook.com\/akottech","article_modified_time":"2020-11-30T09:08:30+00:00","og_image":[{"width":512,"height":512,"url":"https:\/\/kamerakontrolsistemleri.com\/wp-content\/uploads\/2020\/11\/unnamed-5.jpg","type":"image\/jpeg"}],"schema":{"@context":"https:\/\/schema.org","@graph":[{"@type":"WebPage","@id":"https:\/\/kamerakontrolsistemleri.com\/index.php\/product\/hikvision-ds-2de2204iw-de3-2mp-ip-mini-ptz-dome-kamera\/","url":"https:\/\/kamerakontrolsistemleri.com\/index.php\/product\/hikvision-ds-2de2204iw-de3-2mp-ip-mini-ptz-dome-kamera\/","name":"Hikvision DS-2DE2204IW-DE3 2MP IP Mini PTZ Dome Kamera - Kamera Kontrol Sistemleri","isPartOf":{"@id":"https:\/\/kamerakontrolsistemleri.com\/#website"},"primaryImageOfPage":{"@id":"https:\/\/kamerakontrolsistemleri.com\/index.php\/product\/hikvision-ds-2de2204iw-de3-2mp-ip-mini-ptz-dome-kamera\/#primaryimage"},"image":{"@id":"https:\/\/kamerakontrolsistemleri.com\/index.php\/product\/hikvision-ds-2de2204iw-de3-2mp-ip-mini-ptz-dome-kamera\/#primaryimage"},"thumbnailUrl":"https:\/\/kamerakontrolsistemleri.com\/wp-content\/uploads\/2020\/11\/unnamed-5.jpg","datePublished":"2020-11-28T17:32:56+00:00","dateModified":"2020-11-30T09:08:30+00:00","description":"2 MP 4x Optik zoom, 3 Stream, H.265+ \/ H.265 \/ H.264+ \/ H.264 1\/1 Ses Giri\u015fi ve \u00c7\u0131k\u0131\u015f\u0131 1\/1 Alarm Giri\u015fi ve \u00c7\u0131k\u0131\u015f\u0131, ROI, BLC, DWDR, \u0130hlal Tespiti ve Hat \u0130hlali, Alg\u0131lama Pan, 350\u00ba, Tilt 100\u00ba Shutter 1\/30.000 SD Kart Deste\u011fi, PoE , 30 mt Gece g\u00f6r\u00fc\u015f, 12 V DC-PoE (802.3af) Maks 9 W.","breadcrumb":{"@id":"https:\/\/kamerakontrolsistemleri.com\/index.php\/product\/hikvision-ds-2de2204iw-de3-2mp-ip-mini-ptz-dome-kamera\/#breadcrumb"},"inLanguage":"tr","potentialAction":[{"@type":"ReadAction","target":["https:\/\/kamerakontrolsistemleri.com\/index.php\/product\/hikvision-ds-2de2204iw-de3-2mp-ip-mini-ptz-dome-kamera\/"]}]},{"@type":"ImageObject","inLanguage":"tr","@id":"https:\/\/kamerakontrolsistemleri.com\/index.php\/product\/hikvision-ds-2de2204iw-de3-2mp-ip-mini-ptz-dome-kamera\/#primaryimage","url":"https:\/\/kamerakontrolsistemleri.com\/wp-content\/uploads\/2020\/11\/unnamed-5.jpg","contentUrl":"https:\/\/kamerakontrolsistemleri.com\/wp-content\/uploads\/2020\/11\/unnamed-5.jpg","width":512,"height":512},{"@type":"BreadcrumbList","@id":"https:\/\/kamerakontrolsistemleri.com\/index.php\/product\/hikvision-ds-2de2204iw-de3-2mp-ip-mini-ptz-dome-kamera\/#breadcrumb","itemListElement":[{"@type":"ListItem","position":1,"name":"Ana sayfa","item":"https:\/\/kamerakontrolsistemleri.com\/"},{"@type":"ListItem","position":2,"name":"\u00dcr\u00fcnler","item":"https:\/\/kamerakontrolsistemleri.com\/index.php\/urunler\/"},{"@type":"ListItem","position":3,"name":"Hikvision DS-2DE2204IW-DE3 2MP IP Mini PTZ Dome Kamera"}]},{"@type":"WebSite","@id":"https:\/\/kamerakontrolsistemleri.com\/#website","url":"https:\/\/kamerakontrolsistemleri.com\/","name":"Kamera Kontrol Sistemleri","description":"Toptan fiyat\u0131na al\u0131\u015fveri\u015f imkan\u0131","publisher":{"@id":"https:\/\/kamerakontrolsistemleri.com\/#organization"},"potentialAction":[{"@type":"SearchAction","target":{"@type":"EntryPoint","urlTemplate":"https:\/\/kamerakontrolsistemleri.com\/?s={search_term_string}"},"query-input":{"@type":"PropertyValueSpecification","valueRequired":true,"valueName":"search_term_string"}}],"inLanguage":"tr"},{"@type":"Organization","@id":"https:\/\/kamerakontrolsistemleri.com\/#organization","name":"Akotech G\u00fcvenlik Sistemleri","url":"https:\/\/kamerakontrolsistemleri.com\/","logo":{"@type":"ImageObject","inLanguage":"tr","@id":"https:\/\/kamerakontrolsistemleri.com\/#\/schema\/logo\/image\/","url":"https:\/\/kamerakontrolsistemleri.com\/wp-content\/uploads\/2020\/12\/37335611_391154311412387_1999192248473878528_o.jpg","contentUrl":"https:\/\/kamerakontrolsistemleri.com\/wp-content\/uploads\/2020\/12\/37335611_391154311412387_1999192248473878528_o.jpg","width":1129,"height":1129,"caption":"Akotech G\u00fcvenlik Sistemleri"},"image":{"@id":"https:\/\/kamerakontrolsistemleri.com\/#\/schema\/logo\/image\/"},"sameAs":["https:\/\/www.facebook.com\/akottech","https:\/\/www.instagram.com\/akottechguvenlik\/"]}]}},"jetpack_sharing_enabled":true,"_links":{"self":[{"href":"https:\/\/kamerakontrolsistemleri.com\/index.php\/wp-json\/wp\/v2\/product\/11034","targetHints":{"allow":["GET"]}}],"collection":[{"href":"https:\/\/kamerakontrolsistemleri.com\/index.php\/wp-json\/wp\/v2\/product"}],"about":[{"href":"https:\/\/kamerakontrolsistemleri.com\/index.php\/wp-json\/wp\/v2\/types\/product"}],"version-history":[{"count":0,"href":"https:\/\/kamerakontrolsistemleri.com\/index.php\/wp-json\/wp\/v2\/product\/11034\/revisions"}],"wp:featuredmedia":[{"embeddable":true,"href":"https:\/\/kamerakontrolsistemleri.com\/index.php\/wp-json\/wp\/v2\/media\/12010"}],"wp:attachment":[{"href":"https:\/\/kamerakontrolsistemleri.com\/index.php\/wp-json\/wp\/v2\/media?parent=11034"}],"wp:term":[{"taxonomy":"product_brand","embeddable":true,"href":"https:\/\/kamerakontrolsistemleri.com\/index.php\/wp-json\/wp\/v2\/product_brand?post=11034"},{"taxonomy":"product_cat","embeddable":true,"href":"https:\/\/kamerakontrolsistemleri.com\/index.php\/wp-json\/wp\/v2\/product_cat?post=11034"},{"taxonomy":"product_tag","embeddable":true,"href":"https:\/\/kamerakontrolsistemleri.com\/index.php\/wp-json\/wp\/v2\/product_tag?post=11034"}],"curies":[{"name":"wp","href":"https:\/\/api.w.org\/{rel}","templated":true}]}}