{"id":11038,"date":"2020-11-28T20:32:59","date_gmt":"2020-11-28T17:32:59","guid":{"rendered":"https:\/\/kamerakontrolsistemleri.com\/index.php\/product\/hikvision-ds-2de4a204iw-de-2mp-ip-speed-dome-kamera\/"},"modified":"2020-11-29T17:29:07","modified_gmt":"2020-11-29T14:29:07","slug":"hikvision-ds-2de4a204iw-de-2mp-ip-speed-dome-kamera","status":"publish","type":"product","link":"https:\/\/kamerakontrolsistemleri.com\/index.php\/product\/hikvision-ds-2de4a204iw-de-2mp-ip-speed-dome-kamera\/","title":{"rendered":"Hikvision DS-2DE4A204IW-DE 2MP IP Speed Dome Kamera"},"content":{"rendered":"","protected":false},"excerpt":{"rendered":"<div class=\"short-description\">2.0MP 4x Optik Zoom, 3 Stream, H.265+ \/ H.265 \/ H.264+ \/ H.264 1\/1 Ses Giri\u015fi ve \u00c7\u0131k\u0131\u015f\u0131 2\/2Alarm Giri\u015fi ve \u00c7\u0131k\u0131\u015f\u0131, ROI, BLC, WDR, \u0130hlal Tespiti ve Hat \u0130hlali Alg\u0131lama Pan 360\u00ba, Tilt 90\u00ba, Shutter 1\/30.000 SD Kart Deste\u011fi, PoE. 60 fps, 18 W<\/div>\n<div class=\"prices\"><\/div>\n","protected":false},"featured_media":11516,"template":"","meta":[],"product_brand":[],"product_cat":[138],"product_tag":[],"class_list":{"0":"post-11038","1":"product","2":"type-product","3":"status-publish","4":"has-post-thumbnail","6":"product_cat-speddome-kameralar","7":"pa_marka-hikvision","9":"first","10":"instock","11":"taxable","12":"shipping-taxable","13":"purchasable","14":"product-type-simple"},"yoast_head":"<!-- This site is optimized with the Yoast SEO plugin v27.3 - https:\/\/yoast.com\/product\/yoast-seo-wordpress\/ -->\n<title>Hikvision DS-2DE4A204IW-DE 2MP IP Speed Dome Kamera - Kamera Kontrol Sistemleri<\/title>\n<meta name=\"description\" content=\"2.0MP 4x Optik Zoom, 3 Stream, H.265+ \/ H.265 \/ H.264+ \/ H.264 1\/1 Ses Giri\u015fi ve \u00c7\u0131k\u0131\u015f\u0131 2\/2Alarm Giri\u015fi ve \u00c7\u0131k\u0131\u015f\u0131, ROI, BLC, WDR, \u0130hlal Tespiti ve Hat \u0130hlali Alg\u0131lama Pan 360\u00ba, Tilt 90\u00ba, Shutter 1\/30.000 SD Kart Deste\u011fi, PoE. 60 fps, 18 W\" \/>\n<meta name=\"robots\" content=\"index, follow, max-snippet:-1, max-image-preview:large, max-video-preview:-1\" \/>\n<link rel=\"canonical\" href=\"https:\/\/kamerakontrolsistemleri.com\/index.php\/product\/hikvision-ds-2de4a204iw-de-2mp-ip-speed-dome-kamera\/\" \/>\n<meta property=\"og:locale\" content=\"tr_TR\" \/>\n<meta property=\"og:type\" content=\"article\" \/>\n<meta property=\"og:title\" content=\"Hikvision DS-2DE4A204IW-DE 2MP IP Speed Dome Kamera - Kamera Kontrol Sistemleri\" \/>\n<meta property=\"og:description\" content=\"2.0MP 4x Optik Zoom, 3 Stream, H.265+ \/ H.265 \/ H.264+ \/ H.264 1\/1 Ses Giri\u015fi ve \u00c7\u0131k\u0131\u015f\u0131 2\/2Alarm Giri\u015fi ve \u00c7\u0131k\u0131\u015f\u0131, ROI, BLC, WDR, \u0130hlal Tespiti ve Hat \u0130hlali Alg\u0131lama Pan 360\u00ba, Tilt 90\u00ba, Shutter 1\/30.000 SD Kart Deste\u011fi, PoE. 60 fps, 18 W\" \/>\n<meta property=\"og:url\" content=\"https:\/\/kamerakontrolsistemleri.com\/index.php\/product\/hikvision-ds-2de4a204iw-de-2mp-ip-speed-dome-kamera\/\" \/>\n<meta property=\"og:site_name\" content=\"Kamera Kontrol Sistemleri\" \/>\n<meta property=\"article:publisher\" content=\"https:\/\/www.facebook.com\/akottech\" \/>\n<meta property=\"article:modified_time\" content=\"2020-11-29T14:29:07+00:00\" \/>\n<meta property=\"og:image\" content=\"https:\/\/kamerakontrolsistemleri.com\/wp-content\/uploads\/2020\/11\/0000264_hikvision-ds-2de4a204iw-de-2mp-ip-speed-dome-kamera.jpeg\" \/>\n\t<meta property=\"og:image:width\" content=\"1000\" \/>\n\t<meta property=\"og:image:height\" content=\"1000\" \/>\n\t<meta property=\"og:image:type\" content=\"image\/jpeg\" \/>\n<script type=\"application\/ld+json\" class=\"yoast-schema-graph\">{\"@context\":\"https:\\\/\\\/schema.org\",\"@graph\":[{\"@type\":\"WebPage\",\"@id\":\"https:\\\/\\\/kamerakontrolsistemleri.com\\\/index.php\\\/product\\\/hikvision-ds-2de4a204iw-de-2mp-ip-speed-dome-kamera\\\/\",\"url\":\"https:\\\/\\\/kamerakontrolsistemleri.com\\\/index.php\\\/product\\\/hikvision-ds-2de4a204iw-de-2mp-ip-speed-dome-kamera\\\/\",\"name\":\"Hikvision DS-2DE4A204IW-DE 2MP IP Speed Dome Kamera - Kamera Kontrol Sistemleri\",\"isPartOf\":{\"@id\":\"https:\\\/\\\/kamerakontrolsistemleri.com\\\/#website\"},\"primaryImageOfPage\":{\"@id\":\"https:\\\/\\\/kamerakontrolsistemleri.com\\\/index.php\\\/product\\\/hikvision-ds-2de4a204iw-de-2mp-ip-speed-dome-kamera\\\/#primaryimage\"},\"image\":{\"@id\":\"https:\\\/\\\/kamerakontrolsistemleri.com\\\/index.php\\\/product\\\/hikvision-ds-2de4a204iw-de-2mp-ip-speed-dome-kamera\\\/#primaryimage\"},\"thumbnailUrl\":\"https:\\\/\\\/kamerakontrolsistemleri.com\\\/wp-content\\\/uploads\\\/2020\\\/11\\\/0000264_hikvision-ds-2de4a204iw-de-2mp-ip-speed-dome-kamera.jpeg\",\"datePublished\":\"2020-11-28T17:32:59+00:00\",\"dateModified\":\"2020-11-29T14:29:07+00:00\",\"description\":\"2.0MP 4x Optik Zoom, 3 Stream, H.265+ \\\/ H.265 \\\/ H.264+ \\\/ H.264 1\\\/1 Ses Giri\u015fi ve \u00c7\u0131k\u0131\u015f\u0131 2\\\/2Alarm Giri\u015fi ve \u00c7\u0131k\u0131\u015f\u0131, ROI, BLC, WDR, \u0130hlal Tespiti ve Hat \u0130hlali Alg\u0131lama Pan 360\u00ba, Tilt 90\u00ba, Shutter 1\\\/30.000 SD Kart Deste\u011fi, PoE. 60 fps, 18 W\",\"breadcrumb\":{\"@id\":\"https:\\\/\\\/kamerakontrolsistemleri.com\\\/index.php\\\/product\\\/hikvision-ds-2de4a204iw-de-2mp-ip-speed-dome-kamera\\\/#breadcrumb\"},\"inLanguage\":\"tr\",\"potentialAction\":[{\"@type\":\"ReadAction\",\"target\":[\"https:\\\/\\\/kamerakontrolsistemleri.com\\\/index.php\\\/product\\\/hikvision-ds-2de4a204iw-de-2mp-ip-speed-dome-kamera\\\/\"]}]},{\"@type\":\"ImageObject\",\"inLanguage\":\"tr\",\"@id\":\"https:\\\/\\\/kamerakontrolsistemleri.com\\\/index.php\\\/product\\\/hikvision-ds-2de4a204iw-de-2mp-ip-speed-dome-kamera\\\/#primaryimage\",\"url\":\"https:\\\/\\\/kamerakontrolsistemleri.com\\\/wp-content\\\/uploads\\\/2020\\\/11\\\/0000264_hikvision-ds-2de4a204iw-de-2mp-ip-speed-dome-kamera.jpeg\",\"contentUrl\":\"https:\\\/\\\/kamerakontrolsistemleri.com\\\/wp-content\\\/uploads\\\/2020\\\/11\\\/0000264_hikvision-ds-2de4a204iw-de-2mp-ip-speed-dome-kamera.jpeg\",\"width\":1000,\"height\":1000},{\"@type\":\"BreadcrumbList\",\"@id\":\"https:\\\/\\\/kamerakontrolsistemleri.com\\\/index.php\\\/product\\\/hikvision-ds-2de4a204iw-de-2mp-ip-speed-dome-kamera\\\/#breadcrumb\",\"itemListElement\":[{\"@type\":\"ListItem\",\"position\":1,\"name\":\"Ana sayfa\",\"item\":\"https:\\\/\\\/kamerakontrolsistemleri.com\\\/\"},{\"@type\":\"ListItem\",\"position\":2,\"name\":\"\u00dcr\u00fcnler\",\"item\":\"https:\\\/\\\/kamerakontrolsistemleri.com\\\/index.php\\\/urunler\\\/\"},{\"@type\":\"ListItem\",\"position\":3,\"name\":\"Hikvision DS-2DE4A204IW-DE 2MP IP Speed Dome Kamera\"}]},{\"@type\":\"WebSite\",\"@id\":\"https:\\\/\\\/kamerakontrolsistemleri.com\\\/#website\",\"url\":\"https:\\\/\\\/kamerakontrolsistemleri.com\\\/\",\"name\":\"Kamera Kontrol Sistemleri\",\"description\":\"Toptan fiyat\u0131na al\u0131\u015fveri\u015f imkan\u0131\",\"publisher\":{\"@id\":\"https:\\\/\\\/kamerakontrolsistemleri.com\\\/#organization\"},\"potentialAction\":[{\"@type\":\"SearchAction\",\"target\":{\"@type\":\"EntryPoint\",\"urlTemplate\":\"https:\\\/\\\/kamerakontrolsistemleri.com\\\/?s={search_term_string}\"},\"query-input\":{\"@type\":\"PropertyValueSpecification\",\"valueRequired\":true,\"valueName\":\"search_term_string\"}}],\"inLanguage\":\"tr\"},{\"@type\":\"Organization\",\"@id\":\"https:\\\/\\\/kamerakontrolsistemleri.com\\\/#organization\",\"name\":\"Akotech G\u00fcvenlik Sistemleri\",\"url\":\"https:\\\/\\\/kamerakontrolsistemleri.com\\\/\",\"logo\":{\"@type\":\"ImageObject\",\"inLanguage\":\"tr\",\"@id\":\"https:\\\/\\\/kamerakontrolsistemleri.com\\\/#\\\/schema\\\/logo\\\/image\\\/\",\"url\":\"https:\\\/\\\/kamerakontrolsistemleri.com\\\/wp-content\\\/uploads\\\/2020\\\/12\\\/37335611_391154311412387_1999192248473878528_o.jpg\",\"contentUrl\":\"https:\\\/\\\/kamerakontrolsistemleri.com\\\/wp-content\\\/uploads\\\/2020\\\/12\\\/37335611_391154311412387_1999192248473878528_o.jpg\",\"width\":1129,\"height\":1129,\"caption\":\"Akotech G\u00fcvenlik Sistemleri\"},\"image\":{\"@id\":\"https:\\\/\\\/kamerakontrolsistemleri.com\\\/#\\\/schema\\\/logo\\\/image\\\/\"},\"sameAs\":[\"https:\\\/\\\/www.facebook.com\\\/akottech\",\"https:\\\/\\\/www.instagram.com\\\/akottechguvenlik\\\/\"]}]}<\/script>\n<!-- \/ Yoast SEO plugin. -->","yoast_head_json":{"title":"Hikvision DS-2DE4A204IW-DE 2MP IP Speed Dome Kamera - Kamera Kontrol Sistemleri","description":"2.0MP 4x Optik Zoom, 3 Stream, H.265+ \/ H.265 \/ H.264+ \/ H.264 1\/1 Ses Giri\u015fi ve \u00c7\u0131k\u0131\u015f\u0131 2\/2Alarm Giri\u015fi ve \u00c7\u0131k\u0131\u015f\u0131, ROI, BLC, WDR, \u0130hlal Tespiti ve Hat \u0130hlali Alg\u0131lama Pan 360\u00ba, Tilt 90\u00ba, Shutter 1\/30.000 SD Kart Deste\u011fi, PoE. 60 fps, 18 W","robots":{"index":"index","follow":"follow","max-snippet":"max-snippet:-1","max-image-preview":"max-image-preview:large","max-video-preview":"max-video-preview:-1"},"canonical":"https:\/\/kamerakontrolsistemleri.com\/index.php\/product\/hikvision-ds-2de4a204iw-de-2mp-ip-speed-dome-kamera\/","og_locale":"tr_TR","og_type":"article","og_title":"Hikvision DS-2DE4A204IW-DE 2MP IP Speed Dome Kamera - Kamera Kontrol Sistemleri","og_description":"2.0MP 4x Optik Zoom, 3 Stream, H.265+ \/ H.265 \/ H.264+ \/ H.264 1\/1 Ses Giri\u015fi ve \u00c7\u0131k\u0131\u015f\u0131 2\/2Alarm Giri\u015fi ve \u00c7\u0131k\u0131\u015f\u0131, ROI, BLC, WDR, \u0130hlal Tespiti ve Hat \u0130hlali Alg\u0131lama Pan 360\u00ba, Tilt 90\u00ba, Shutter 1\/30.000 SD Kart Deste\u011fi, PoE. 60 fps, 18 W","og_url":"https:\/\/kamerakontrolsistemleri.com\/index.php\/product\/hikvision-ds-2de4a204iw-de-2mp-ip-speed-dome-kamera\/","og_site_name":"Kamera Kontrol Sistemleri","article_publisher":"https:\/\/www.facebook.com\/akottech","article_modified_time":"2020-11-29T14:29:07+00:00","og_image":[{"width":1000,"height":1000,"url":"https:\/\/kamerakontrolsistemleri.com\/wp-content\/uploads\/2020\/11\/0000264_hikvision-ds-2de4a204iw-de-2mp-ip-speed-dome-kamera.jpeg","type":"image\/jpeg"}],"schema":{"@context":"https:\/\/schema.org","@graph":[{"@type":"WebPage","@id":"https:\/\/kamerakontrolsistemleri.com\/index.php\/product\/hikvision-ds-2de4a204iw-de-2mp-ip-speed-dome-kamera\/","url":"https:\/\/kamerakontrolsistemleri.com\/index.php\/product\/hikvision-ds-2de4a204iw-de-2mp-ip-speed-dome-kamera\/","name":"Hikvision DS-2DE4A204IW-DE 2MP IP Speed Dome Kamera - Kamera Kontrol Sistemleri","isPartOf":{"@id":"https:\/\/kamerakontrolsistemleri.com\/#website"},"primaryImageOfPage":{"@id":"https:\/\/kamerakontrolsistemleri.com\/index.php\/product\/hikvision-ds-2de4a204iw-de-2mp-ip-speed-dome-kamera\/#primaryimage"},"image":{"@id":"https:\/\/kamerakontrolsistemleri.com\/index.php\/product\/hikvision-ds-2de4a204iw-de-2mp-ip-speed-dome-kamera\/#primaryimage"},"thumbnailUrl":"https:\/\/kamerakontrolsistemleri.com\/wp-content\/uploads\/2020\/11\/0000264_hikvision-ds-2de4a204iw-de-2mp-ip-speed-dome-kamera.jpeg","datePublished":"2020-11-28T17:32:59+00:00","dateModified":"2020-11-29T14:29:07+00:00","description":"2.0MP 4x Optik Zoom, 3 Stream, H.265+ \/ H.265 \/ H.264+ \/ H.264 1\/1 Ses Giri\u015fi ve \u00c7\u0131k\u0131\u015f\u0131 2\/2Alarm Giri\u015fi ve \u00c7\u0131k\u0131\u015f\u0131, ROI, BLC, WDR, \u0130hlal Tespiti ve Hat \u0130hlali Alg\u0131lama Pan 360\u00ba, Tilt 90\u00ba, Shutter 1\/30.000 SD Kart Deste\u011fi, PoE. 60 fps, 18 W","breadcrumb":{"@id":"https:\/\/kamerakontrolsistemleri.com\/index.php\/product\/hikvision-ds-2de4a204iw-de-2mp-ip-speed-dome-kamera\/#breadcrumb"},"inLanguage":"tr","potentialAction":[{"@type":"ReadAction","target":["https:\/\/kamerakontrolsistemleri.com\/index.php\/product\/hikvision-ds-2de4a204iw-de-2mp-ip-speed-dome-kamera\/"]}]},{"@type":"ImageObject","inLanguage":"tr","@id":"https:\/\/kamerakontrolsistemleri.com\/index.php\/product\/hikvision-ds-2de4a204iw-de-2mp-ip-speed-dome-kamera\/#primaryimage","url":"https:\/\/kamerakontrolsistemleri.com\/wp-content\/uploads\/2020\/11\/0000264_hikvision-ds-2de4a204iw-de-2mp-ip-speed-dome-kamera.jpeg","contentUrl":"https:\/\/kamerakontrolsistemleri.com\/wp-content\/uploads\/2020\/11\/0000264_hikvision-ds-2de4a204iw-de-2mp-ip-speed-dome-kamera.jpeg","width":1000,"height":1000},{"@type":"BreadcrumbList","@id":"https:\/\/kamerakontrolsistemleri.com\/index.php\/product\/hikvision-ds-2de4a204iw-de-2mp-ip-speed-dome-kamera\/#breadcrumb","itemListElement":[{"@type":"ListItem","position":1,"name":"Ana sayfa","item":"https:\/\/kamerakontrolsistemleri.com\/"},{"@type":"ListItem","position":2,"name":"\u00dcr\u00fcnler","item":"https:\/\/kamerakontrolsistemleri.com\/index.php\/urunler\/"},{"@type":"ListItem","position":3,"name":"Hikvision DS-2DE4A204IW-DE 2MP IP Speed Dome Kamera"}]},{"@type":"WebSite","@id":"https:\/\/kamerakontrolsistemleri.com\/#website","url":"https:\/\/kamerakontrolsistemleri.com\/","name":"Kamera Kontrol Sistemleri","description":"Toptan fiyat\u0131na al\u0131\u015fveri\u015f imkan\u0131","publisher":{"@id":"https:\/\/kamerakontrolsistemleri.com\/#organization"},"potentialAction":[{"@type":"SearchAction","target":{"@type":"EntryPoint","urlTemplate":"https:\/\/kamerakontrolsistemleri.com\/?s={search_term_string}"},"query-input":{"@type":"PropertyValueSpecification","valueRequired":true,"valueName":"search_term_string"}}],"inLanguage":"tr"},{"@type":"Organization","@id":"https:\/\/kamerakontrolsistemleri.com\/#organization","name":"Akotech G\u00fcvenlik Sistemleri","url":"https:\/\/kamerakontrolsistemleri.com\/","logo":{"@type":"ImageObject","inLanguage":"tr","@id":"https:\/\/kamerakontrolsistemleri.com\/#\/schema\/logo\/image\/","url":"https:\/\/kamerakontrolsistemleri.com\/wp-content\/uploads\/2020\/12\/37335611_391154311412387_1999192248473878528_o.jpg","contentUrl":"https:\/\/kamerakontrolsistemleri.com\/wp-content\/uploads\/2020\/12\/37335611_391154311412387_1999192248473878528_o.jpg","width":1129,"height":1129,"caption":"Akotech G\u00fcvenlik Sistemleri"},"image":{"@id":"https:\/\/kamerakontrolsistemleri.com\/#\/schema\/logo\/image\/"},"sameAs":["https:\/\/www.facebook.com\/akottech","https:\/\/www.instagram.com\/akottechguvenlik\/"]}]}},"jetpack_sharing_enabled":true,"_links":{"self":[{"href":"https:\/\/kamerakontrolsistemleri.com\/index.php\/wp-json\/wp\/v2\/product\/11038","targetHints":{"allow":["GET"]}}],"collection":[{"href":"https:\/\/kamerakontrolsistemleri.com\/index.php\/wp-json\/wp\/v2\/product"}],"about":[{"href":"https:\/\/kamerakontrolsistemleri.com\/index.php\/wp-json\/wp\/v2\/types\/product"}],"version-history":[{"count":0,"href":"https:\/\/kamerakontrolsistemleri.com\/index.php\/wp-json\/wp\/v2\/product\/11038\/revisions"}],"wp:featuredmedia":[{"embeddable":true,"href":"https:\/\/kamerakontrolsistemleri.com\/index.php\/wp-json\/wp\/v2\/media\/11516"}],"wp:attachment":[{"href":"https:\/\/kamerakontrolsistemleri.com\/index.php\/wp-json\/wp\/v2\/media?parent=11038"}],"wp:term":[{"taxonomy":"product_brand","embeddable":true,"href":"https:\/\/kamerakontrolsistemleri.com\/index.php\/wp-json\/wp\/v2\/product_brand?post=11038"},{"taxonomy":"product_cat","embeddable":true,"href":"https:\/\/kamerakontrolsistemleri.com\/index.php\/wp-json\/wp\/v2\/product_cat?post=11038"},{"taxonomy":"product_tag","embeddable":true,"href":"https:\/\/kamerakontrolsistemleri.com\/index.php\/wp-json\/wp\/v2\/product_tag?post=11038"}],"curies":[{"name":"wp","href":"https:\/\/api.w.org\/{rel}","templated":true}]}}