{"id":11039,"date":"2020-11-28T20:33:00","date_gmt":"2020-11-28T17:33:00","guid":{"rendered":"https:\/\/kamerakontrolsistemleri.com\/index.php\/product\/hikvision-ds-2de7232iw-ae-2mp-ip-ir-ptz-dome-kamera\/"},"modified":"2020-11-29T17:28:12","modified_gmt":"2020-11-29T14:28:12","slug":"hikvision-ds-2de7232iw-ae-2mp-ip-ir-ptz-dome-kamera","status":"publish","type":"product","link":"https:\/\/kamerakontrolsistemleri.com\/index.php\/product\/hikvision-ds-2de7232iw-ae-2mp-ip-ir-ptz-dome-kamera\/","title":{"rendered":"Hikvision DS-2DE7232IW-AE 2MP IP IR PTZ Dome Kamera"},"content":{"rendered":"","protected":false},"excerpt":{"rendered":"<div class=\"short-description\">2MP Network Harici IR PTZ Kamera (H.265+, 32X, oto-takip, 150mt IR Mesafesi) 1\/2.8&#8243; PS CMOS, Renkli: 0.005lux, 0 lux (IR a\u00e7\u0131k), ATW, AWB, AGC, ICR, 16X dijital zoom, maskeleme (24 b\u00f6lge, programlanabilir), 120dB WDR, 32X optik zoom (4.8-153mm), 150mt ak\u0131ll\u0131 IR, \u00fc\u00e7l\u00fc ak\u0131\u015f, SVC, Standart Analiz (Hareket alg\u0131lama, sabotaj alg\u0131lama, de\u011fi\u015fiklikler), Ak\u0131ll\u0131 analizler (Y\u00fcz alg\u0131lama, izinsiz giri\u015f, sanal hat ihlali, b\u00f6lge giri\u015f, b\u00f6lge \u00e7\u0131k\u0131\u015f, Nesne kaybolmas\u0131, unutulan bagaj), ROI, Oto-takip, HLC, BLC, 3D DNR, Defog, EIS, B\u00f6lgesel pozlama, b\u00f6lgesel fokus, mSD deste\u011fi (~256GB), NAS deste\u011fi, ANR, Alarm giri\u015f\/\u00e7\u0131k\u0131\u015f\u0131 (2\/1), Ses giri\u015f\/\u00e7\u0131k\u0131\u015f\u0131, 24VAC veya HiPoE (maks.40W), IP66, y\u00fcksek gerilim korumas\u0131 (TVS 4000V)<\/div>\n<div class=\"prices\"><\/div>\n","protected":false},"featured_media":11514,"template":"","meta":[],"product_brand":[],"product_cat":[145],"product_tag":[],"class_list":{"0":"post-11039","1":"product","2":"type-product","3":"status-publish","4":"has-post-thumbnail","6":"product_cat-speeddome-ip-kameralar","7":"pa_marka-hikvision","9":"first","10":"instock","11":"taxable","12":"shipping-taxable","13":"purchasable","14":"product-type-simple"},"yoast_head":"<!-- This site is optimized with the Yoast SEO plugin v27.3 - https:\/\/yoast.com\/product\/yoast-seo-wordpress\/ -->\n<title>Hikvision DS-2DE7232IW-AE 2MP IP IR PTZ Dome Kamera - Kamera Kontrol Sistemleri<\/title>\n<meta name=\"description\" content=\"2MP Network Harici IR PTZ Kamera (H.265+, 32X, oto-takip, 150mt IR Mesafesi) 1\/2.8&quot; PS CMOS, Renkli: 0.005lux, 0 lux (IR a\u00e7\u0131k), ATW, AWB, AGC, ICR, 16X dijital zoom, maskeleme (24 b\u00f6lge, programlanabilir), 120dB WDR, 32X optik zoom (4.8-153mm), 150mt ak\u0131ll\u0131 IR, \u00fc\u00e7l\u00fc ak\u0131\u015f, SVC, Standart Analiz (Hareket alg\u0131lama, sabotaj alg\u0131lama, de\u011fi\u015fiklikler), Ak\u0131ll\u0131 analizler (Y\u00fcz alg\u0131lama, izinsiz giri\u015f, sanal hat ihlali, b\u00f6lge giri\u015f, b\u00f6lge \u00e7\u0131k\u0131\u015f, Nesne kaybolmas\u0131, unutulan bagaj), ROI, Oto-takip, HLC, BLC, 3D DNR, Defog, EIS, B\u00f6lgesel pozlama, b\u00f6lgesel fokus, mSD deste\u011fi (~256GB), NAS deste\u011fi, ANR, Alarm giri\u015f\/\u00e7\u0131k\u0131\u015f\u0131 (2\/1), Ses giri\u015f\/\u00e7\u0131k\u0131\u015f\u0131, 24VAC veya HiPoE (maks.40W), IP66, y\u00fcksek gerilim korumas\u0131 (TVS 4000V)\" \/>\n<meta name=\"robots\" content=\"index, follow, max-snippet:-1, max-image-preview:large, max-video-preview:-1\" \/>\n<link rel=\"canonical\" href=\"https:\/\/kamerakontrolsistemleri.com\/index.php\/product\/hikvision-ds-2de7232iw-ae-2mp-ip-ir-ptz-dome-kamera\/\" \/>\n<meta property=\"og:locale\" content=\"tr_TR\" \/>\n<meta property=\"og:type\" content=\"article\" \/>\n<meta property=\"og:title\" content=\"Hikvision DS-2DE7232IW-AE 2MP IP IR PTZ Dome Kamera - Kamera Kontrol Sistemleri\" \/>\n<meta property=\"og:description\" content=\"2MP Network Harici IR PTZ Kamera (H.265+, 32X, oto-takip, 150mt IR Mesafesi) 1\/2.8&quot; PS CMOS, Renkli: 0.005lux, 0 lux (IR a\u00e7\u0131k), ATW, AWB, AGC, ICR, 16X dijital zoom, maskeleme (24 b\u00f6lge, programlanabilir), 120dB WDR, 32X optik zoom (4.8-153mm), 150mt ak\u0131ll\u0131 IR, \u00fc\u00e7l\u00fc ak\u0131\u015f, SVC, Standart Analiz (Hareket alg\u0131lama, sabotaj alg\u0131lama, de\u011fi\u015fiklikler), Ak\u0131ll\u0131 analizler (Y\u00fcz alg\u0131lama, izinsiz giri\u015f, sanal hat ihlali, b\u00f6lge giri\u015f, b\u00f6lge \u00e7\u0131k\u0131\u015f, Nesne kaybolmas\u0131, unutulan bagaj), ROI, Oto-takip, HLC, BLC, 3D DNR, Defog, EIS, B\u00f6lgesel pozlama, b\u00f6lgesel fokus, mSD deste\u011fi (~256GB), NAS deste\u011fi, ANR, Alarm giri\u015f\/\u00e7\u0131k\u0131\u015f\u0131 (2\/1), Ses giri\u015f\/\u00e7\u0131k\u0131\u015f\u0131, 24VAC veya HiPoE (maks.40W), IP66, y\u00fcksek gerilim korumas\u0131 (TVS 4000V)\" \/>\n<meta property=\"og:url\" content=\"https:\/\/kamerakontrolsistemleri.com\/index.php\/product\/hikvision-ds-2de7232iw-ae-2mp-ip-ir-ptz-dome-kamera\/\" \/>\n<meta property=\"og:site_name\" content=\"Kamera Kontrol Sistemleri\" \/>\n<meta property=\"article:publisher\" content=\"https:\/\/www.facebook.com\/akottech\" \/>\n<meta property=\"article:modified_time\" content=\"2020-11-29T14:28:12+00:00\" \/>\n<meta property=\"og:image\" content=\"https:\/\/kamerakontrolsistemleri.com\/wp-content\/uploads\/2020\/11\/0000438_hikvision-ds-2de7232iw-ae-2mp-ip-ir-ptz-dome-kamera-3.jpeg\" \/>\n\t<meta property=\"og:image:width\" content=\"1200\" \/>\n\t<meta property=\"og:image:height\" content=\"1200\" \/>\n\t<meta property=\"og:image:type\" content=\"image\/jpeg\" \/>\n<script type=\"application\/ld+json\" class=\"yoast-schema-graph\">{\"@context\":\"https:\\\/\\\/schema.org\",\"@graph\":[{\"@type\":\"WebPage\",\"@id\":\"https:\\\/\\\/kamerakontrolsistemleri.com\\\/index.php\\\/product\\\/hikvision-ds-2de7232iw-ae-2mp-ip-ir-ptz-dome-kamera\\\/\",\"url\":\"https:\\\/\\\/kamerakontrolsistemleri.com\\\/index.php\\\/product\\\/hikvision-ds-2de7232iw-ae-2mp-ip-ir-ptz-dome-kamera\\\/\",\"name\":\"Hikvision DS-2DE7232IW-AE 2MP IP IR PTZ Dome Kamera - Kamera Kontrol Sistemleri\",\"isPartOf\":{\"@id\":\"https:\\\/\\\/kamerakontrolsistemleri.com\\\/#website\"},\"primaryImageOfPage\":{\"@id\":\"https:\\\/\\\/kamerakontrolsistemleri.com\\\/index.php\\\/product\\\/hikvision-ds-2de7232iw-ae-2mp-ip-ir-ptz-dome-kamera\\\/#primaryimage\"},\"image\":{\"@id\":\"https:\\\/\\\/kamerakontrolsistemleri.com\\\/index.php\\\/product\\\/hikvision-ds-2de7232iw-ae-2mp-ip-ir-ptz-dome-kamera\\\/#primaryimage\"},\"thumbnailUrl\":\"https:\\\/\\\/kamerakontrolsistemleri.com\\\/wp-content\\\/uploads\\\/2020\\\/11\\\/0000438_hikvision-ds-2de7232iw-ae-2mp-ip-ir-ptz-dome-kamera-3.jpeg\",\"datePublished\":\"2020-11-28T17:33:00+00:00\",\"dateModified\":\"2020-11-29T14:28:12+00:00\",\"description\":\"2MP Network Harici IR PTZ Kamera (H.265+, 32X, oto-takip, 150mt IR Mesafesi) 1\\\/2.8\\\" PS CMOS, Renkli: 0.005lux, 0 lux (IR a\u00e7\u0131k), ATW, AWB, AGC, ICR, 16X dijital zoom, maskeleme (24 b\u00f6lge, programlanabilir), 120dB WDR, 32X optik zoom (4.8-153mm), 150mt ak\u0131ll\u0131 IR, \u00fc\u00e7l\u00fc ak\u0131\u015f, SVC, Standart Analiz (Hareket alg\u0131lama, sabotaj alg\u0131lama, de\u011fi\u015fiklikler), Ak\u0131ll\u0131 analizler (Y\u00fcz alg\u0131lama, izinsiz giri\u015f, sanal hat ihlali, b\u00f6lge giri\u015f, b\u00f6lge \u00e7\u0131k\u0131\u015f, Nesne kaybolmas\u0131, unutulan bagaj), ROI, Oto-takip, HLC, BLC, 3D DNR, Defog, EIS, B\u00f6lgesel pozlama, b\u00f6lgesel fokus, mSD deste\u011fi (~256GB), NAS deste\u011fi, ANR, Alarm giri\u015f\\\/\u00e7\u0131k\u0131\u015f\u0131 (2\\\/1), Ses giri\u015f\\\/\u00e7\u0131k\u0131\u015f\u0131, 24VAC veya HiPoE (maks.40W), IP66, y\u00fcksek gerilim korumas\u0131 (TVS 4000V)\",\"breadcrumb\":{\"@id\":\"https:\\\/\\\/kamerakontrolsistemleri.com\\\/index.php\\\/product\\\/hikvision-ds-2de7232iw-ae-2mp-ip-ir-ptz-dome-kamera\\\/#breadcrumb\"},\"inLanguage\":\"tr\",\"potentialAction\":[{\"@type\":\"ReadAction\",\"target\":[\"https:\\\/\\\/kamerakontrolsistemleri.com\\\/index.php\\\/product\\\/hikvision-ds-2de7232iw-ae-2mp-ip-ir-ptz-dome-kamera\\\/\"]}]},{\"@type\":\"ImageObject\",\"inLanguage\":\"tr\",\"@id\":\"https:\\\/\\\/kamerakontrolsistemleri.com\\\/index.php\\\/product\\\/hikvision-ds-2de7232iw-ae-2mp-ip-ir-ptz-dome-kamera\\\/#primaryimage\",\"url\":\"https:\\\/\\\/kamerakontrolsistemleri.com\\\/wp-content\\\/uploads\\\/2020\\\/11\\\/0000438_hikvision-ds-2de7232iw-ae-2mp-ip-ir-ptz-dome-kamera-3.jpeg\",\"contentUrl\":\"https:\\\/\\\/kamerakontrolsistemleri.com\\\/wp-content\\\/uploads\\\/2020\\\/11\\\/0000438_hikvision-ds-2de7232iw-ae-2mp-ip-ir-ptz-dome-kamera-3.jpeg\",\"width\":1200,\"height\":1200},{\"@type\":\"BreadcrumbList\",\"@id\":\"https:\\\/\\\/kamerakontrolsistemleri.com\\\/index.php\\\/product\\\/hikvision-ds-2de7232iw-ae-2mp-ip-ir-ptz-dome-kamera\\\/#breadcrumb\",\"itemListElement\":[{\"@type\":\"ListItem\",\"position\":1,\"name\":\"Ana sayfa\",\"item\":\"https:\\\/\\\/kamerakontrolsistemleri.com\\\/\"},{\"@type\":\"ListItem\",\"position\":2,\"name\":\"\u00dcr\u00fcnler\",\"item\":\"https:\\\/\\\/kamerakontrolsistemleri.com\\\/index.php\\\/urunler\\\/\"},{\"@type\":\"ListItem\",\"position\":3,\"name\":\"Hikvision DS-2DE7232IW-AE 2MP IP IR PTZ Dome Kamera\"}]},{\"@type\":\"WebSite\",\"@id\":\"https:\\\/\\\/kamerakontrolsistemleri.com\\\/#website\",\"url\":\"https:\\\/\\\/kamerakontrolsistemleri.com\\\/\",\"name\":\"Kamera Kontrol Sistemleri\",\"description\":\"Toptan fiyat\u0131na al\u0131\u015fveri\u015f imkan\u0131\",\"publisher\":{\"@id\":\"https:\\\/\\\/kamerakontrolsistemleri.com\\\/#organization\"},\"potentialAction\":[{\"@type\":\"SearchAction\",\"target\":{\"@type\":\"EntryPoint\",\"urlTemplate\":\"https:\\\/\\\/kamerakontrolsistemleri.com\\\/?s={search_term_string}\"},\"query-input\":{\"@type\":\"PropertyValueSpecification\",\"valueRequired\":true,\"valueName\":\"search_term_string\"}}],\"inLanguage\":\"tr\"},{\"@type\":\"Organization\",\"@id\":\"https:\\\/\\\/kamerakontrolsistemleri.com\\\/#organization\",\"name\":\"Akotech G\u00fcvenlik Sistemleri\",\"url\":\"https:\\\/\\\/kamerakontrolsistemleri.com\\\/\",\"logo\":{\"@type\":\"ImageObject\",\"inLanguage\":\"tr\",\"@id\":\"https:\\\/\\\/kamerakontrolsistemleri.com\\\/#\\\/schema\\\/logo\\\/image\\\/\",\"url\":\"https:\\\/\\\/kamerakontrolsistemleri.com\\\/wp-content\\\/uploads\\\/2020\\\/12\\\/37335611_391154311412387_1999192248473878528_o.jpg\",\"contentUrl\":\"https:\\\/\\\/kamerakontrolsistemleri.com\\\/wp-content\\\/uploads\\\/2020\\\/12\\\/37335611_391154311412387_1999192248473878528_o.jpg\",\"width\":1129,\"height\":1129,\"caption\":\"Akotech G\u00fcvenlik Sistemleri\"},\"image\":{\"@id\":\"https:\\\/\\\/kamerakontrolsistemleri.com\\\/#\\\/schema\\\/logo\\\/image\\\/\"},\"sameAs\":[\"https:\\\/\\\/www.facebook.com\\\/akottech\",\"https:\\\/\\\/www.instagram.com\\\/akottechguvenlik\\\/\"]}]}<\/script>\n<!-- \/ Yoast SEO plugin. -->","yoast_head_json":{"title":"Hikvision DS-2DE7232IW-AE 2MP IP IR PTZ Dome Kamera - Kamera Kontrol Sistemleri","description":"2MP Network Harici IR PTZ Kamera (H.265+, 32X, oto-takip, 150mt IR Mesafesi) 1\/2.8\" PS CMOS, Renkli: 0.005lux, 0 lux (IR a\u00e7\u0131k), ATW, AWB, AGC, ICR, 16X dijital zoom, maskeleme (24 b\u00f6lge, programlanabilir), 120dB WDR, 32X optik zoom (4.8-153mm), 150mt ak\u0131ll\u0131 IR, \u00fc\u00e7l\u00fc ak\u0131\u015f, SVC, Standart Analiz (Hareket alg\u0131lama, sabotaj alg\u0131lama, de\u011fi\u015fiklikler), Ak\u0131ll\u0131 analizler (Y\u00fcz alg\u0131lama, izinsiz giri\u015f, sanal hat ihlali, b\u00f6lge giri\u015f, b\u00f6lge \u00e7\u0131k\u0131\u015f, Nesne kaybolmas\u0131, unutulan bagaj), ROI, Oto-takip, HLC, BLC, 3D DNR, Defog, EIS, B\u00f6lgesel pozlama, b\u00f6lgesel fokus, mSD deste\u011fi (~256GB), NAS deste\u011fi, ANR, Alarm giri\u015f\/\u00e7\u0131k\u0131\u015f\u0131 (2\/1), Ses giri\u015f\/\u00e7\u0131k\u0131\u015f\u0131, 24VAC veya HiPoE (maks.40W), IP66, y\u00fcksek gerilim korumas\u0131 (TVS 4000V)","robots":{"index":"index","follow":"follow","max-snippet":"max-snippet:-1","max-image-preview":"max-image-preview:large","max-video-preview":"max-video-preview:-1"},"canonical":"https:\/\/kamerakontrolsistemleri.com\/index.php\/product\/hikvision-ds-2de7232iw-ae-2mp-ip-ir-ptz-dome-kamera\/","og_locale":"tr_TR","og_type":"article","og_title":"Hikvision DS-2DE7232IW-AE 2MP IP IR PTZ Dome Kamera - Kamera Kontrol Sistemleri","og_description":"2MP Network Harici IR PTZ Kamera (H.265+, 32X, oto-takip, 150mt IR Mesafesi) 1\/2.8\" PS CMOS, Renkli: 0.005lux, 0 lux (IR a\u00e7\u0131k), ATW, AWB, AGC, ICR, 16X dijital zoom, maskeleme (24 b\u00f6lge, programlanabilir), 120dB WDR, 32X optik zoom (4.8-153mm), 150mt ak\u0131ll\u0131 IR, \u00fc\u00e7l\u00fc ak\u0131\u015f, SVC, Standart Analiz (Hareket alg\u0131lama, sabotaj alg\u0131lama, de\u011fi\u015fiklikler), Ak\u0131ll\u0131 analizler (Y\u00fcz alg\u0131lama, izinsiz giri\u015f, sanal hat ihlali, b\u00f6lge giri\u015f, b\u00f6lge \u00e7\u0131k\u0131\u015f, Nesne kaybolmas\u0131, unutulan bagaj), ROI, Oto-takip, HLC, BLC, 3D DNR, Defog, EIS, B\u00f6lgesel pozlama, b\u00f6lgesel fokus, mSD deste\u011fi (~256GB), NAS deste\u011fi, ANR, Alarm giri\u015f\/\u00e7\u0131k\u0131\u015f\u0131 (2\/1), Ses giri\u015f\/\u00e7\u0131k\u0131\u015f\u0131, 24VAC veya HiPoE (maks.40W), IP66, y\u00fcksek gerilim korumas\u0131 (TVS 4000V)","og_url":"https:\/\/kamerakontrolsistemleri.com\/index.php\/product\/hikvision-ds-2de7232iw-ae-2mp-ip-ir-ptz-dome-kamera\/","og_site_name":"Kamera Kontrol Sistemleri","article_publisher":"https:\/\/www.facebook.com\/akottech","article_modified_time":"2020-11-29T14:28:12+00:00","og_image":[{"width":1200,"height":1200,"url":"https:\/\/kamerakontrolsistemleri.com\/wp-content\/uploads\/2020\/11\/0000438_hikvision-ds-2de7232iw-ae-2mp-ip-ir-ptz-dome-kamera-3.jpeg","type":"image\/jpeg"}],"schema":{"@context":"https:\/\/schema.org","@graph":[{"@type":"WebPage","@id":"https:\/\/kamerakontrolsistemleri.com\/index.php\/product\/hikvision-ds-2de7232iw-ae-2mp-ip-ir-ptz-dome-kamera\/","url":"https:\/\/kamerakontrolsistemleri.com\/index.php\/product\/hikvision-ds-2de7232iw-ae-2mp-ip-ir-ptz-dome-kamera\/","name":"Hikvision DS-2DE7232IW-AE 2MP IP IR PTZ Dome Kamera - Kamera Kontrol Sistemleri","isPartOf":{"@id":"https:\/\/kamerakontrolsistemleri.com\/#website"},"primaryImageOfPage":{"@id":"https:\/\/kamerakontrolsistemleri.com\/index.php\/product\/hikvision-ds-2de7232iw-ae-2mp-ip-ir-ptz-dome-kamera\/#primaryimage"},"image":{"@id":"https:\/\/kamerakontrolsistemleri.com\/index.php\/product\/hikvision-ds-2de7232iw-ae-2mp-ip-ir-ptz-dome-kamera\/#primaryimage"},"thumbnailUrl":"https:\/\/kamerakontrolsistemleri.com\/wp-content\/uploads\/2020\/11\/0000438_hikvision-ds-2de7232iw-ae-2mp-ip-ir-ptz-dome-kamera-3.jpeg","datePublished":"2020-11-28T17:33:00+00:00","dateModified":"2020-11-29T14:28:12+00:00","description":"2MP Network Harici IR PTZ Kamera (H.265+, 32X, oto-takip, 150mt IR Mesafesi) 1\/2.8\" PS CMOS, Renkli: 0.005lux, 0 lux (IR a\u00e7\u0131k), ATW, AWB, AGC, ICR, 16X dijital zoom, maskeleme (24 b\u00f6lge, programlanabilir), 120dB WDR, 32X optik zoom (4.8-153mm), 150mt ak\u0131ll\u0131 IR, \u00fc\u00e7l\u00fc ak\u0131\u015f, SVC, Standart Analiz (Hareket alg\u0131lama, sabotaj alg\u0131lama, de\u011fi\u015fiklikler), Ak\u0131ll\u0131 analizler (Y\u00fcz alg\u0131lama, izinsiz giri\u015f, sanal hat ihlali, b\u00f6lge giri\u015f, b\u00f6lge \u00e7\u0131k\u0131\u015f, Nesne kaybolmas\u0131, unutulan bagaj), ROI, Oto-takip, HLC, BLC, 3D DNR, Defog, EIS, B\u00f6lgesel pozlama, b\u00f6lgesel fokus, mSD deste\u011fi (~256GB), NAS deste\u011fi, ANR, Alarm giri\u015f\/\u00e7\u0131k\u0131\u015f\u0131 (2\/1), Ses giri\u015f\/\u00e7\u0131k\u0131\u015f\u0131, 24VAC veya HiPoE (maks.40W), IP66, y\u00fcksek gerilim korumas\u0131 (TVS 4000V)","breadcrumb":{"@id":"https:\/\/kamerakontrolsistemleri.com\/index.php\/product\/hikvision-ds-2de7232iw-ae-2mp-ip-ir-ptz-dome-kamera\/#breadcrumb"},"inLanguage":"tr","potentialAction":[{"@type":"ReadAction","target":["https:\/\/kamerakontrolsistemleri.com\/index.php\/product\/hikvision-ds-2de7232iw-ae-2mp-ip-ir-ptz-dome-kamera\/"]}]},{"@type":"ImageObject","inLanguage":"tr","@id":"https:\/\/kamerakontrolsistemleri.com\/index.php\/product\/hikvision-ds-2de7232iw-ae-2mp-ip-ir-ptz-dome-kamera\/#primaryimage","url":"https:\/\/kamerakontrolsistemleri.com\/wp-content\/uploads\/2020\/11\/0000438_hikvision-ds-2de7232iw-ae-2mp-ip-ir-ptz-dome-kamera-3.jpeg","contentUrl":"https:\/\/kamerakontrolsistemleri.com\/wp-content\/uploads\/2020\/11\/0000438_hikvision-ds-2de7232iw-ae-2mp-ip-ir-ptz-dome-kamera-3.jpeg","width":1200,"height":1200},{"@type":"BreadcrumbList","@id":"https:\/\/kamerakontrolsistemleri.com\/index.php\/product\/hikvision-ds-2de7232iw-ae-2mp-ip-ir-ptz-dome-kamera\/#breadcrumb","itemListElement":[{"@type":"ListItem","position":1,"name":"Ana sayfa","item":"https:\/\/kamerakontrolsistemleri.com\/"},{"@type":"ListItem","position":2,"name":"\u00dcr\u00fcnler","item":"https:\/\/kamerakontrolsistemleri.com\/index.php\/urunler\/"},{"@type":"ListItem","position":3,"name":"Hikvision DS-2DE7232IW-AE 2MP IP IR PTZ Dome Kamera"}]},{"@type":"WebSite","@id":"https:\/\/kamerakontrolsistemleri.com\/#website","url":"https:\/\/kamerakontrolsistemleri.com\/","name":"Kamera Kontrol Sistemleri","description":"Toptan fiyat\u0131na al\u0131\u015fveri\u015f imkan\u0131","publisher":{"@id":"https:\/\/kamerakontrolsistemleri.com\/#organization"},"potentialAction":[{"@type":"SearchAction","target":{"@type":"EntryPoint","urlTemplate":"https:\/\/kamerakontrolsistemleri.com\/?s={search_term_string}"},"query-input":{"@type":"PropertyValueSpecification","valueRequired":true,"valueName":"search_term_string"}}],"inLanguage":"tr"},{"@type":"Organization","@id":"https:\/\/kamerakontrolsistemleri.com\/#organization","name":"Akotech G\u00fcvenlik Sistemleri","url":"https:\/\/kamerakontrolsistemleri.com\/","logo":{"@type":"ImageObject","inLanguage":"tr","@id":"https:\/\/kamerakontrolsistemleri.com\/#\/schema\/logo\/image\/","url":"https:\/\/kamerakontrolsistemleri.com\/wp-content\/uploads\/2020\/12\/37335611_391154311412387_1999192248473878528_o.jpg","contentUrl":"https:\/\/kamerakontrolsistemleri.com\/wp-content\/uploads\/2020\/12\/37335611_391154311412387_1999192248473878528_o.jpg","width":1129,"height":1129,"caption":"Akotech G\u00fcvenlik Sistemleri"},"image":{"@id":"https:\/\/kamerakontrolsistemleri.com\/#\/schema\/logo\/image\/"},"sameAs":["https:\/\/www.facebook.com\/akottech","https:\/\/www.instagram.com\/akottechguvenlik\/"]}]}},"jetpack_sharing_enabled":true,"_links":{"self":[{"href":"https:\/\/kamerakontrolsistemleri.com\/index.php\/wp-json\/wp\/v2\/product\/11039","targetHints":{"allow":["GET"]}}],"collection":[{"href":"https:\/\/kamerakontrolsistemleri.com\/index.php\/wp-json\/wp\/v2\/product"}],"about":[{"href":"https:\/\/kamerakontrolsistemleri.com\/index.php\/wp-json\/wp\/v2\/types\/product"}],"version-history":[{"count":0,"href":"https:\/\/kamerakontrolsistemleri.com\/index.php\/wp-json\/wp\/v2\/product\/11039\/revisions"}],"wp:featuredmedia":[{"embeddable":true,"href":"https:\/\/kamerakontrolsistemleri.com\/index.php\/wp-json\/wp\/v2\/media\/11514"}],"wp:attachment":[{"href":"https:\/\/kamerakontrolsistemleri.com\/index.php\/wp-json\/wp\/v2\/media?parent=11039"}],"wp:term":[{"taxonomy":"product_brand","embeddable":true,"href":"https:\/\/kamerakontrolsistemleri.com\/index.php\/wp-json\/wp\/v2\/product_brand?post=11039"},{"taxonomy":"product_cat","embeddable":true,"href":"https:\/\/kamerakontrolsistemleri.com\/index.php\/wp-json\/wp\/v2\/product_cat?post=11039"},{"taxonomy":"product_tag","embeddable":true,"href":"https:\/\/kamerakontrolsistemleri.com\/index.php\/wp-json\/wp\/v2\/product_tag?post=11039"}],"curies":[{"name":"wp","href":"https:\/\/api.w.org\/{rel}","templated":true}]}}