{"id":11047,"date":"2020-11-28T20:33:04","date_gmt":"2020-11-28T17:33:04","guid":{"rendered":"https:\/\/kamerakontrolsistemleri.com\/index.php\/product\/hikvision-ds-2ce12dft-f-dis-ortam-2mp-ir-bullet-kamera\/"},"modified":"2020-11-29T17:31:26","modified_gmt":"2020-11-29T14:31:26","slug":"hikvision-ds-2ce12dft-f-dis-ortam-2mp-ir-bullet-kamera","status":"publish","type":"product","link":"https:\/\/kamerakontrolsistemleri.com\/index.php\/product\/hikvision-ds-2ce12dft-f-dis-ortam-2mp-ir-bullet-kamera\/","title":{"rendered":"Hikvision DS-2CE12DFT-F D\u0131\u015f Ortam 2MP IR Bullet Kamera"},"content":{"rendered":"","protected":false},"excerpt":{"rendered":"<div class=\"short-description\">2MP PS CMOS sens\u00f6r, 3.6mm Lens, Renkli Day&amp;Night, 0.0005 Lux\/F1.2, 0 lux (IR A\u00e7\u0131k), 130dB WDR, AGC, AWB, BLC, maskeleme (4 b\u00f6lge), hareket alg\u0131lama (4 b\u00f6lge), 3D DNR, Aynalama, Ak\u0131ll\u0131 IR, AnalogHD \u00e7\u0131k\u0131\u015f, IP67, 40mt IR, Coax Kontrol, 12VDC, TVI\/AHD\/CVI\/CVBS deste\u011fi<\/div>\n<div class=\"prices\"><\/div>\n","protected":false},"featured_media":11522,"template":"","meta":[],"product_brand":[],"product_cat":[133],"product_tag":[],"class_list":{"0":"post-11047","1":"product","2":"type-product","3":"status-publish","4":"has-post-thumbnail","6":"product_cat-ir-bullet-kameralar-hd-kameralar","7":"pa_marka-hikvision","9":"first","10":"instock","11":"taxable","12":"shipping-taxable","13":"purchasable","14":"product-type-simple"},"yoast_head":"<!-- This site is optimized with the Yoast SEO plugin v27.3 - https:\/\/yoast.com\/product\/yoast-seo-wordpress\/ -->\n<title>Hikvision DS-2CE12DFT-F D\u0131\u015f Ortam 2MP IR Bullet Kamera - Kamera Kontrol Sistemleri<\/title>\n<meta name=\"description\" content=\"2MP PS CMOS sens\u00f6r, 3.6mm Lens, Renkli Day&amp;Night, 0.0005 Lux\/F1.2, 0 lux (IR A\u00e7\u0131k), 130dB WDR, AGC, AWB, BLC, maskeleme (4 b\u00f6lge), hareket alg\u0131lama (4 b\u00f6lge), 3D DNR, Aynalama, Ak\u0131ll\u0131 IR, AnalogHD \u00e7\u0131k\u0131\u015f, IP67, 40mt IR, Coax Kontrol, 12VDC, TVI\/AHD\/CVI\/CVBS deste\u011fi\" \/>\n<meta name=\"robots\" content=\"index, follow, max-snippet:-1, max-image-preview:large, max-video-preview:-1\" \/>\n<link rel=\"canonical\" href=\"https:\/\/kamerakontrolsistemleri.com\/index.php\/product\/hikvision-ds-2ce12dft-f-dis-ortam-2mp-ir-bullet-kamera\/\" \/>\n<meta property=\"og:locale\" content=\"tr_TR\" \/>\n<meta property=\"og:type\" content=\"article\" \/>\n<meta property=\"og:title\" content=\"Hikvision DS-2CE12DFT-F D\u0131\u015f Ortam 2MP IR Bullet Kamera - Kamera Kontrol Sistemleri\" \/>\n<meta property=\"og:description\" content=\"2MP PS CMOS sens\u00f6r, 3.6mm Lens, Renkli Day&amp;Night, 0.0005 Lux\/F1.2, 0 lux (IR A\u00e7\u0131k), 130dB WDR, AGC, AWB, BLC, maskeleme (4 b\u00f6lge), hareket alg\u0131lama (4 b\u00f6lge), 3D DNR, Aynalama, Ak\u0131ll\u0131 IR, AnalogHD \u00e7\u0131k\u0131\u015f, IP67, 40mt IR, Coax Kontrol, 12VDC, TVI\/AHD\/CVI\/CVBS deste\u011fi\" \/>\n<meta property=\"og:url\" content=\"https:\/\/kamerakontrolsistemleri.com\/index.php\/product\/hikvision-ds-2ce12dft-f-dis-ortam-2mp-ir-bullet-kamera\/\" \/>\n<meta property=\"og:site_name\" content=\"Kamera Kontrol Sistemleri\" \/>\n<meta property=\"article:publisher\" content=\"https:\/\/www.facebook.com\/akottech\" \/>\n<meta property=\"article:modified_time\" content=\"2020-11-29T14:31:26+00:00\" \/>\n<meta property=\"og:image\" content=\"https:\/\/kamerakontrolsistemleri.com\/wp-content\/uploads\/2020\/11\/0000522_hikvision-ds-2ce12dft-f-dis-ortam-2mp-ir-bullet-kamera-2.jpeg\" \/>\n\t<meta property=\"og:image:width\" content=\"500\" \/>\n\t<meta property=\"og:image:height\" content=\"500\" \/>\n\t<meta property=\"og:image:type\" content=\"image\/jpeg\" \/>\n<script type=\"application\/ld+json\" class=\"yoast-schema-graph\">{\"@context\":\"https:\\\/\\\/schema.org\",\"@graph\":[{\"@type\":\"WebPage\",\"@id\":\"https:\\\/\\\/kamerakontrolsistemleri.com\\\/index.php\\\/product\\\/hikvision-ds-2ce12dft-f-dis-ortam-2mp-ir-bullet-kamera\\\/\",\"url\":\"https:\\\/\\\/kamerakontrolsistemleri.com\\\/index.php\\\/product\\\/hikvision-ds-2ce12dft-f-dis-ortam-2mp-ir-bullet-kamera\\\/\",\"name\":\"Hikvision DS-2CE12DFT-F D\u0131\u015f Ortam 2MP IR Bullet Kamera - Kamera Kontrol Sistemleri\",\"isPartOf\":{\"@id\":\"https:\\\/\\\/kamerakontrolsistemleri.com\\\/#website\"},\"primaryImageOfPage\":{\"@id\":\"https:\\\/\\\/kamerakontrolsistemleri.com\\\/index.php\\\/product\\\/hikvision-ds-2ce12dft-f-dis-ortam-2mp-ir-bullet-kamera\\\/#primaryimage\"},\"image\":{\"@id\":\"https:\\\/\\\/kamerakontrolsistemleri.com\\\/index.php\\\/product\\\/hikvision-ds-2ce12dft-f-dis-ortam-2mp-ir-bullet-kamera\\\/#primaryimage\"},\"thumbnailUrl\":\"https:\\\/\\\/kamerakontrolsistemleri.com\\\/wp-content\\\/uploads\\\/2020\\\/11\\\/0000522_hikvision-ds-2ce12dft-f-dis-ortam-2mp-ir-bullet-kamera-2.jpeg\",\"datePublished\":\"2020-11-28T17:33:04+00:00\",\"dateModified\":\"2020-11-29T14:31:26+00:00\",\"description\":\"2MP PS CMOS sens\u00f6r, 3.6mm Lens, Renkli Day&amp;Night, 0.0005 Lux\\\/F1.2, 0 lux (IR A\u00e7\u0131k), 130dB WDR, AGC, AWB, BLC, maskeleme (4 b\u00f6lge), hareket alg\u0131lama (4 b\u00f6lge), 3D DNR, Aynalama, Ak\u0131ll\u0131 IR, AnalogHD \u00e7\u0131k\u0131\u015f, IP67, 40mt IR, Coax Kontrol, 12VDC, TVI\\\/AHD\\\/CVI\\\/CVBS deste\u011fi\",\"breadcrumb\":{\"@id\":\"https:\\\/\\\/kamerakontrolsistemleri.com\\\/index.php\\\/product\\\/hikvision-ds-2ce12dft-f-dis-ortam-2mp-ir-bullet-kamera\\\/#breadcrumb\"},\"inLanguage\":\"tr\",\"potentialAction\":[{\"@type\":\"ReadAction\",\"target\":[\"https:\\\/\\\/kamerakontrolsistemleri.com\\\/index.php\\\/product\\\/hikvision-ds-2ce12dft-f-dis-ortam-2mp-ir-bullet-kamera\\\/\"]}]},{\"@type\":\"ImageObject\",\"inLanguage\":\"tr\",\"@id\":\"https:\\\/\\\/kamerakontrolsistemleri.com\\\/index.php\\\/product\\\/hikvision-ds-2ce12dft-f-dis-ortam-2mp-ir-bullet-kamera\\\/#primaryimage\",\"url\":\"https:\\\/\\\/kamerakontrolsistemleri.com\\\/wp-content\\\/uploads\\\/2020\\\/11\\\/0000522_hikvision-ds-2ce12dft-f-dis-ortam-2mp-ir-bullet-kamera-2.jpeg\",\"contentUrl\":\"https:\\\/\\\/kamerakontrolsistemleri.com\\\/wp-content\\\/uploads\\\/2020\\\/11\\\/0000522_hikvision-ds-2ce12dft-f-dis-ortam-2mp-ir-bullet-kamera-2.jpeg\",\"width\":500,\"height\":500},{\"@type\":\"BreadcrumbList\",\"@id\":\"https:\\\/\\\/kamerakontrolsistemleri.com\\\/index.php\\\/product\\\/hikvision-ds-2ce12dft-f-dis-ortam-2mp-ir-bullet-kamera\\\/#breadcrumb\",\"itemListElement\":[{\"@type\":\"ListItem\",\"position\":1,\"name\":\"Ana sayfa\",\"item\":\"https:\\\/\\\/kamerakontrolsistemleri.com\\\/\"},{\"@type\":\"ListItem\",\"position\":2,\"name\":\"\u00dcr\u00fcnler\",\"item\":\"https:\\\/\\\/kamerakontrolsistemleri.com\\\/index.php\\\/urunler\\\/\"},{\"@type\":\"ListItem\",\"position\":3,\"name\":\"Hikvision DS-2CE12DFT-F D\u0131\u015f Ortam 2MP IR Bullet Kamera\"}]},{\"@type\":\"WebSite\",\"@id\":\"https:\\\/\\\/kamerakontrolsistemleri.com\\\/#website\",\"url\":\"https:\\\/\\\/kamerakontrolsistemleri.com\\\/\",\"name\":\"Kamera Kontrol Sistemleri\",\"description\":\"Toptan fiyat\u0131na al\u0131\u015fveri\u015f imkan\u0131\",\"publisher\":{\"@id\":\"https:\\\/\\\/kamerakontrolsistemleri.com\\\/#organization\"},\"potentialAction\":[{\"@type\":\"SearchAction\",\"target\":{\"@type\":\"EntryPoint\",\"urlTemplate\":\"https:\\\/\\\/kamerakontrolsistemleri.com\\\/?s={search_term_string}\"},\"query-input\":{\"@type\":\"PropertyValueSpecification\",\"valueRequired\":true,\"valueName\":\"search_term_string\"}}],\"inLanguage\":\"tr\"},{\"@type\":\"Organization\",\"@id\":\"https:\\\/\\\/kamerakontrolsistemleri.com\\\/#organization\",\"name\":\"Akotech G\u00fcvenlik Sistemleri\",\"url\":\"https:\\\/\\\/kamerakontrolsistemleri.com\\\/\",\"logo\":{\"@type\":\"ImageObject\",\"inLanguage\":\"tr\",\"@id\":\"https:\\\/\\\/kamerakontrolsistemleri.com\\\/#\\\/schema\\\/logo\\\/image\\\/\",\"url\":\"https:\\\/\\\/kamerakontrolsistemleri.com\\\/wp-content\\\/uploads\\\/2020\\\/12\\\/37335611_391154311412387_1999192248473878528_o.jpg\",\"contentUrl\":\"https:\\\/\\\/kamerakontrolsistemleri.com\\\/wp-content\\\/uploads\\\/2020\\\/12\\\/37335611_391154311412387_1999192248473878528_o.jpg\",\"width\":1129,\"height\":1129,\"caption\":\"Akotech G\u00fcvenlik Sistemleri\"},\"image\":{\"@id\":\"https:\\\/\\\/kamerakontrolsistemleri.com\\\/#\\\/schema\\\/logo\\\/image\\\/\"},\"sameAs\":[\"https:\\\/\\\/www.facebook.com\\\/akottech\",\"https:\\\/\\\/www.instagram.com\\\/akottechguvenlik\\\/\"]}]}<\/script>\n<!-- \/ Yoast SEO plugin. -->","yoast_head_json":{"title":"Hikvision DS-2CE12DFT-F D\u0131\u015f Ortam 2MP IR Bullet Kamera - Kamera Kontrol Sistemleri","description":"2MP PS CMOS sens\u00f6r, 3.6mm Lens, Renkli Day&amp;Night, 0.0005 Lux\/F1.2, 0 lux (IR A\u00e7\u0131k), 130dB WDR, AGC, AWB, BLC, maskeleme (4 b\u00f6lge), hareket alg\u0131lama (4 b\u00f6lge), 3D DNR, Aynalama, Ak\u0131ll\u0131 IR, AnalogHD \u00e7\u0131k\u0131\u015f, IP67, 40mt IR, Coax Kontrol, 12VDC, TVI\/AHD\/CVI\/CVBS deste\u011fi","robots":{"index":"index","follow":"follow","max-snippet":"max-snippet:-1","max-image-preview":"max-image-preview:large","max-video-preview":"max-video-preview:-1"},"canonical":"https:\/\/kamerakontrolsistemleri.com\/index.php\/product\/hikvision-ds-2ce12dft-f-dis-ortam-2mp-ir-bullet-kamera\/","og_locale":"tr_TR","og_type":"article","og_title":"Hikvision DS-2CE12DFT-F D\u0131\u015f Ortam 2MP IR Bullet Kamera - Kamera Kontrol Sistemleri","og_description":"2MP PS CMOS sens\u00f6r, 3.6mm Lens, Renkli Day&amp;Night, 0.0005 Lux\/F1.2, 0 lux (IR A\u00e7\u0131k), 130dB WDR, AGC, AWB, BLC, maskeleme (4 b\u00f6lge), hareket alg\u0131lama (4 b\u00f6lge), 3D DNR, Aynalama, Ak\u0131ll\u0131 IR, AnalogHD \u00e7\u0131k\u0131\u015f, IP67, 40mt IR, Coax Kontrol, 12VDC, TVI\/AHD\/CVI\/CVBS deste\u011fi","og_url":"https:\/\/kamerakontrolsistemleri.com\/index.php\/product\/hikvision-ds-2ce12dft-f-dis-ortam-2mp-ir-bullet-kamera\/","og_site_name":"Kamera Kontrol Sistemleri","article_publisher":"https:\/\/www.facebook.com\/akottech","article_modified_time":"2020-11-29T14:31:26+00:00","og_image":[{"width":500,"height":500,"url":"https:\/\/kamerakontrolsistemleri.com\/wp-content\/uploads\/2020\/11\/0000522_hikvision-ds-2ce12dft-f-dis-ortam-2mp-ir-bullet-kamera-2.jpeg","type":"image\/jpeg"}],"schema":{"@context":"https:\/\/schema.org","@graph":[{"@type":"WebPage","@id":"https:\/\/kamerakontrolsistemleri.com\/index.php\/product\/hikvision-ds-2ce12dft-f-dis-ortam-2mp-ir-bullet-kamera\/","url":"https:\/\/kamerakontrolsistemleri.com\/index.php\/product\/hikvision-ds-2ce12dft-f-dis-ortam-2mp-ir-bullet-kamera\/","name":"Hikvision DS-2CE12DFT-F D\u0131\u015f Ortam 2MP IR Bullet Kamera - Kamera Kontrol Sistemleri","isPartOf":{"@id":"https:\/\/kamerakontrolsistemleri.com\/#website"},"primaryImageOfPage":{"@id":"https:\/\/kamerakontrolsistemleri.com\/index.php\/product\/hikvision-ds-2ce12dft-f-dis-ortam-2mp-ir-bullet-kamera\/#primaryimage"},"image":{"@id":"https:\/\/kamerakontrolsistemleri.com\/index.php\/product\/hikvision-ds-2ce12dft-f-dis-ortam-2mp-ir-bullet-kamera\/#primaryimage"},"thumbnailUrl":"https:\/\/kamerakontrolsistemleri.com\/wp-content\/uploads\/2020\/11\/0000522_hikvision-ds-2ce12dft-f-dis-ortam-2mp-ir-bullet-kamera-2.jpeg","datePublished":"2020-11-28T17:33:04+00:00","dateModified":"2020-11-29T14:31:26+00:00","description":"2MP PS CMOS sens\u00f6r, 3.6mm Lens, Renkli Day&amp;Night, 0.0005 Lux\/F1.2, 0 lux (IR A\u00e7\u0131k), 130dB WDR, AGC, AWB, BLC, maskeleme (4 b\u00f6lge), hareket alg\u0131lama (4 b\u00f6lge), 3D DNR, Aynalama, Ak\u0131ll\u0131 IR, AnalogHD \u00e7\u0131k\u0131\u015f, IP67, 40mt IR, Coax Kontrol, 12VDC, TVI\/AHD\/CVI\/CVBS deste\u011fi","breadcrumb":{"@id":"https:\/\/kamerakontrolsistemleri.com\/index.php\/product\/hikvision-ds-2ce12dft-f-dis-ortam-2mp-ir-bullet-kamera\/#breadcrumb"},"inLanguage":"tr","potentialAction":[{"@type":"ReadAction","target":["https:\/\/kamerakontrolsistemleri.com\/index.php\/product\/hikvision-ds-2ce12dft-f-dis-ortam-2mp-ir-bullet-kamera\/"]}]},{"@type":"ImageObject","inLanguage":"tr","@id":"https:\/\/kamerakontrolsistemleri.com\/index.php\/product\/hikvision-ds-2ce12dft-f-dis-ortam-2mp-ir-bullet-kamera\/#primaryimage","url":"https:\/\/kamerakontrolsistemleri.com\/wp-content\/uploads\/2020\/11\/0000522_hikvision-ds-2ce12dft-f-dis-ortam-2mp-ir-bullet-kamera-2.jpeg","contentUrl":"https:\/\/kamerakontrolsistemleri.com\/wp-content\/uploads\/2020\/11\/0000522_hikvision-ds-2ce12dft-f-dis-ortam-2mp-ir-bullet-kamera-2.jpeg","width":500,"height":500},{"@type":"BreadcrumbList","@id":"https:\/\/kamerakontrolsistemleri.com\/index.php\/product\/hikvision-ds-2ce12dft-f-dis-ortam-2mp-ir-bullet-kamera\/#breadcrumb","itemListElement":[{"@type":"ListItem","position":1,"name":"Ana sayfa","item":"https:\/\/kamerakontrolsistemleri.com\/"},{"@type":"ListItem","position":2,"name":"\u00dcr\u00fcnler","item":"https:\/\/kamerakontrolsistemleri.com\/index.php\/urunler\/"},{"@type":"ListItem","position":3,"name":"Hikvision DS-2CE12DFT-F D\u0131\u015f Ortam 2MP IR Bullet Kamera"}]},{"@type":"WebSite","@id":"https:\/\/kamerakontrolsistemleri.com\/#website","url":"https:\/\/kamerakontrolsistemleri.com\/","name":"Kamera Kontrol Sistemleri","description":"Toptan fiyat\u0131na al\u0131\u015fveri\u015f imkan\u0131","publisher":{"@id":"https:\/\/kamerakontrolsistemleri.com\/#organization"},"potentialAction":[{"@type":"SearchAction","target":{"@type":"EntryPoint","urlTemplate":"https:\/\/kamerakontrolsistemleri.com\/?s={search_term_string}"},"query-input":{"@type":"PropertyValueSpecification","valueRequired":true,"valueName":"search_term_string"}}],"inLanguage":"tr"},{"@type":"Organization","@id":"https:\/\/kamerakontrolsistemleri.com\/#organization","name":"Akotech G\u00fcvenlik Sistemleri","url":"https:\/\/kamerakontrolsistemleri.com\/","logo":{"@type":"ImageObject","inLanguage":"tr","@id":"https:\/\/kamerakontrolsistemleri.com\/#\/schema\/logo\/image\/","url":"https:\/\/kamerakontrolsistemleri.com\/wp-content\/uploads\/2020\/12\/37335611_391154311412387_1999192248473878528_o.jpg","contentUrl":"https:\/\/kamerakontrolsistemleri.com\/wp-content\/uploads\/2020\/12\/37335611_391154311412387_1999192248473878528_o.jpg","width":1129,"height":1129,"caption":"Akotech G\u00fcvenlik Sistemleri"},"image":{"@id":"https:\/\/kamerakontrolsistemleri.com\/#\/schema\/logo\/image\/"},"sameAs":["https:\/\/www.facebook.com\/akottech","https:\/\/www.instagram.com\/akottechguvenlik\/"]}]}},"jetpack_sharing_enabled":true,"_links":{"self":[{"href":"https:\/\/kamerakontrolsistemleri.com\/index.php\/wp-json\/wp\/v2\/product\/11047","targetHints":{"allow":["GET"]}}],"collection":[{"href":"https:\/\/kamerakontrolsistemleri.com\/index.php\/wp-json\/wp\/v2\/product"}],"about":[{"href":"https:\/\/kamerakontrolsistemleri.com\/index.php\/wp-json\/wp\/v2\/types\/product"}],"version-history":[{"count":0,"href":"https:\/\/kamerakontrolsistemleri.com\/index.php\/wp-json\/wp\/v2\/product\/11047\/revisions"}],"wp:featuredmedia":[{"embeddable":true,"href":"https:\/\/kamerakontrolsistemleri.com\/index.php\/wp-json\/wp\/v2\/media\/11522"}],"wp:attachment":[{"href":"https:\/\/kamerakontrolsistemleri.com\/index.php\/wp-json\/wp\/v2\/media?parent=11047"}],"wp:term":[{"taxonomy":"product_brand","embeddable":true,"href":"https:\/\/kamerakontrolsistemleri.com\/index.php\/wp-json\/wp\/v2\/product_brand?post=11047"},{"taxonomy":"product_cat","embeddable":true,"href":"https:\/\/kamerakontrolsistemleri.com\/index.php\/wp-json\/wp\/v2\/product_cat?post=11047"},{"taxonomy":"product_tag","embeddable":true,"href":"https:\/\/kamerakontrolsistemleri.com\/index.php\/wp-json\/wp\/v2\/product_tag?post=11047"}],"curies":[{"name":"wp","href":"https:\/\/api.w.org\/{rel}","templated":true}]}}