{"id":12341,"date":"2021-01-02T17:05:46","date_gmt":"2021-01-02T14:05:46","guid":{"rendered":"https:\/\/kamerakontrolsistemleri.com\/?post_type=product&#038;p=12341"},"modified":"2021-01-02T17:05:47","modified_gmt":"2021-01-02T14:05:47","slug":"dahua-pfs3110-8p-96-8-kanal-poe-li-network-switch","status":"publish","type":"product","link":"https:\/\/kamerakontrolsistemleri.com\/index.php\/product\/dahua-pfs3110-8p-96-8-kanal-poe-li-network-switch\/","title":{"rendered":"Dahua PFS3110-8P-96 8 Kanal Poe&#8217; li Network Switch"},"content":{"rendered":"","protected":false},"excerpt":{"rendered":"<p>8 Kanal PoE Switch ( 8FE PoE +1 GE + 1GE SFP ) \u0130ki Katmanl\u0131 End\u00fcstriyel PoE Switch, MAC Adres Liste Kapasitesi : 8K, IEEE802.3af \/ IEEE802.3at PoE Protokol, Anahtarlama Kapasitesi 7.6Gbps, Paket \u0130letme H\u0131z\u0131 4.17Mpps , 1x1000Mbps Base-X \/ 1x1000Mbps Base-T, 8x100Mbps Base-T PoE G\u00fc\u00e7 Kayna\u011f\u0131, PoE Herbir G\u00fc\u00e7 T\u00fcketimi: \u226430W \/ Toplam \u226496W ,De\u011fi\u015fim Modu: Depolama &amp; \u0130letme, DC48~57V G\u00fc\u00e7 Adapt\u00f6r\u00fc, -30 \u00b0 C ~ 65 \u00b0 C<\/p>\n","protected":false},"featured_media":12342,"template":"","meta":[],"product_brand":[],"product_cat":[154,152],"product_tag":[],"class_list":{"0":"post-12341","1":"product","2":"type-product","3":"status-publish","4":"has-post-thumbnail","6":"product_cat-8-port-poe-switchler","7":"product_cat-poe-switchler","8":"pa_marka-dahua","10":"first","11":"instock","12":"taxable","13":"shipping-taxable","14":"purchasable","15":"product-type-simple"},"yoast_head":"<!-- This site is optimized with the Yoast SEO plugin v27.3 - https:\/\/yoast.com\/product\/yoast-seo-wordpress\/ -->\n<title>Dahua PFS3110-8P-96 8 Kanal Poe&#039; li Network Switch - Kamera Kontrol Sistemleri<\/title>\n<meta name=\"description\" content=\"8 Kanal PoE Switch ( 8FE PoE +1 GE + 1GE SFP ) \u0130ki Katmanl\u0131 End\u00fcstriyel PoE Switch, MAC Adres Liste Kapasitesi : 8K, IEEE802.3af \/ IEEE802.3at PoE Protokol, Anahtarlama Kapasitesi 7.6Gbps, Paket \u0130letme H\u0131z\u0131 4.17Mpps , 1x1000Mbps Base-X \/ 1x1000Mbps Base-T, 8x100Mbps Base-T PoE G\u00fc\u00e7 Kayna\u011f\u0131, PoE Herbir G\u00fc\u00e7 T\u00fcketimi: \u226430W \/ Toplam \u226496W ,De\u011fi\u015fim Modu: Depolama &amp; \u0130letme, DC48~57V G\u00fc\u00e7 Adapt\u00f6r\u00fc, -30 \u00b0 C ~ 65 \u00b0 C\" \/>\n<meta name=\"robots\" content=\"index, follow, max-snippet:-1, max-image-preview:large, max-video-preview:-1\" \/>\n<link rel=\"canonical\" href=\"https:\/\/kamerakontrolsistemleri.com\/index.php\/product\/dahua-pfs3110-8p-96-8-kanal-poe-li-network-switch\/\" \/>\n<meta property=\"og:locale\" content=\"tr_TR\" \/>\n<meta property=\"og:type\" content=\"article\" \/>\n<meta property=\"og:title\" content=\"Dahua PFS3110-8P-96 8 Kanal Poe&#039; li Network Switch - Kamera Kontrol Sistemleri\" \/>\n<meta property=\"og:description\" content=\"8 Kanal PoE Switch ( 8FE PoE +1 GE + 1GE SFP ) \u0130ki Katmanl\u0131 End\u00fcstriyel PoE Switch, MAC Adres Liste Kapasitesi : 8K, IEEE802.3af \/ IEEE802.3at PoE Protokol, Anahtarlama Kapasitesi 7.6Gbps, Paket \u0130letme H\u0131z\u0131 4.17Mpps , 1x1000Mbps Base-X \/ 1x1000Mbps Base-T, 8x100Mbps Base-T PoE G\u00fc\u00e7 Kayna\u011f\u0131, PoE Herbir G\u00fc\u00e7 T\u00fcketimi: \u226430W \/ Toplam \u226496W ,De\u011fi\u015fim Modu: Depolama &amp; \u0130letme, DC48~57V G\u00fc\u00e7 Adapt\u00f6r\u00fc, -30 \u00b0 C ~ 65 \u00b0 C\" \/>\n<meta property=\"og:url\" content=\"https:\/\/kamerakontrolsistemleri.com\/index.php\/product\/dahua-pfs3110-8p-96-8-kanal-poe-li-network-switch\/\" \/>\n<meta property=\"og:site_name\" content=\"Kamera Kontrol Sistemleri\" \/>\n<meta property=\"article:publisher\" content=\"https:\/\/www.facebook.com\/akottech\" \/>\n<meta property=\"article:modified_time\" content=\"2021-01-02T14:05:47+00:00\" \/>\n<meta property=\"og:image\" content=\"https:\/\/kamerakontrolsistemleri.com\/wp-content\/uploads\/2021\/01\/0000386_dahua-pfs4210-8gt-150-8-kanal-poe-li-network-switch_550-2.jpeg\" \/>\n\t<meta property=\"og:image:width\" content=\"550\" \/>\n\t<meta property=\"og:image:height\" content=\"412\" \/>\n\t<meta property=\"og:image:type\" content=\"image\/jpeg\" \/>\n<script type=\"application\/ld+json\" class=\"yoast-schema-graph\">{\"@context\":\"https:\\\/\\\/schema.org\",\"@graph\":[{\"@type\":\"WebPage\",\"@id\":\"https:\\\/\\\/kamerakontrolsistemleri.com\\\/index.php\\\/product\\\/dahua-pfs3110-8p-96-8-kanal-poe-li-network-switch\\\/\",\"url\":\"https:\\\/\\\/kamerakontrolsistemleri.com\\\/index.php\\\/product\\\/dahua-pfs3110-8p-96-8-kanal-poe-li-network-switch\\\/\",\"name\":\"Dahua PFS3110-8P-96 8 Kanal Poe' li Network Switch - Kamera Kontrol Sistemleri\",\"isPartOf\":{\"@id\":\"https:\\\/\\\/kamerakontrolsistemleri.com\\\/#website\"},\"primaryImageOfPage\":{\"@id\":\"https:\\\/\\\/kamerakontrolsistemleri.com\\\/index.php\\\/product\\\/dahua-pfs3110-8p-96-8-kanal-poe-li-network-switch\\\/#primaryimage\"},\"image\":{\"@id\":\"https:\\\/\\\/kamerakontrolsistemleri.com\\\/index.php\\\/product\\\/dahua-pfs3110-8p-96-8-kanal-poe-li-network-switch\\\/#primaryimage\"},\"thumbnailUrl\":\"https:\\\/\\\/kamerakontrolsistemleri.com\\\/wp-content\\\/uploads\\\/2021\\\/01\\\/0000386_dahua-pfs4210-8gt-150-8-kanal-poe-li-network-switch_550-2.jpeg\",\"datePublished\":\"2021-01-02T14:05:46+00:00\",\"dateModified\":\"2021-01-02T14:05:47+00:00\",\"description\":\"8 Kanal PoE Switch ( 8FE PoE +1 GE + 1GE SFP ) \u0130ki Katmanl\u0131 End\u00fcstriyel PoE Switch, MAC Adres Liste Kapasitesi : 8K, IEEE802.3af \\\/ IEEE802.3at PoE Protokol, Anahtarlama Kapasitesi 7.6Gbps, Paket \u0130letme H\u0131z\u0131 4.17Mpps , 1x1000Mbps Base-X \\\/ 1x1000Mbps Base-T, 8x100Mbps Base-T PoE G\u00fc\u00e7 Kayna\u011f\u0131, PoE Herbir G\u00fc\u00e7 T\u00fcketimi: \u226430W \\\/ Toplam \u226496W ,De\u011fi\u015fim Modu: Depolama &amp; \u0130letme, DC48~57V G\u00fc\u00e7 Adapt\u00f6r\u00fc, -30 \u00b0 C ~ 65 \u00b0 C\",\"breadcrumb\":{\"@id\":\"https:\\\/\\\/kamerakontrolsistemleri.com\\\/index.php\\\/product\\\/dahua-pfs3110-8p-96-8-kanal-poe-li-network-switch\\\/#breadcrumb\"},\"inLanguage\":\"tr\",\"potentialAction\":[{\"@type\":\"ReadAction\",\"target\":[\"https:\\\/\\\/kamerakontrolsistemleri.com\\\/index.php\\\/product\\\/dahua-pfs3110-8p-96-8-kanal-poe-li-network-switch\\\/\"]}]},{\"@type\":\"ImageObject\",\"inLanguage\":\"tr\",\"@id\":\"https:\\\/\\\/kamerakontrolsistemleri.com\\\/index.php\\\/product\\\/dahua-pfs3110-8p-96-8-kanal-poe-li-network-switch\\\/#primaryimage\",\"url\":\"https:\\\/\\\/kamerakontrolsistemleri.com\\\/wp-content\\\/uploads\\\/2021\\\/01\\\/0000386_dahua-pfs4210-8gt-150-8-kanal-poe-li-network-switch_550-2.jpeg\",\"contentUrl\":\"https:\\\/\\\/kamerakontrolsistemleri.com\\\/wp-content\\\/uploads\\\/2021\\\/01\\\/0000386_dahua-pfs4210-8gt-150-8-kanal-poe-li-network-switch_550-2.jpeg\",\"width\":550,\"height\":412},{\"@type\":\"BreadcrumbList\",\"@id\":\"https:\\\/\\\/kamerakontrolsistemleri.com\\\/index.php\\\/product\\\/dahua-pfs3110-8p-96-8-kanal-poe-li-network-switch\\\/#breadcrumb\",\"itemListElement\":[{\"@type\":\"ListItem\",\"position\":1,\"name\":\"Ana sayfa\",\"item\":\"https:\\\/\\\/kamerakontrolsistemleri.com\\\/\"},{\"@type\":\"ListItem\",\"position\":2,\"name\":\"\u00dcr\u00fcnler\",\"item\":\"https:\\\/\\\/kamerakontrolsistemleri.com\\\/index.php\\\/urunler\\\/\"},{\"@type\":\"ListItem\",\"position\":3,\"name\":\"Dahua PFS3110-8P-96 8 Kanal Poe&#8217; li Network Switch\"}]},{\"@type\":\"WebSite\",\"@id\":\"https:\\\/\\\/kamerakontrolsistemleri.com\\\/#website\",\"url\":\"https:\\\/\\\/kamerakontrolsistemleri.com\\\/\",\"name\":\"Kamera Kontrol Sistemleri\",\"description\":\"Toptan fiyat\u0131na al\u0131\u015fveri\u015f imkan\u0131\",\"publisher\":{\"@id\":\"https:\\\/\\\/kamerakontrolsistemleri.com\\\/#organization\"},\"potentialAction\":[{\"@type\":\"SearchAction\",\"target\":{\"@type\":\"EntryPoint\",\"urlTemplate\":\"https:\\\/\\\/kamerakontrolsistemleri.com\\\/?s={search_term_string}\"},\"query-input\":{\"@type\":\"PropertyValueSpecification\",\"valueRequired\":true,\"valueName\":\"search_term_string\"}}],\"inLanguage\":\"tr\"},{\"@type\":\"Organization\",\"@id\":\"https:\\\/\\\/kamerakontrolsistemleri.com\\\/#organization\",\"name\":\"Akotech G\u00fcvenlik Sistemleri\",\"url\":\"https:\\\/\\\/kamerakontrolsistemleri.com\\\/\",\"logo\":{\"@type\":\"ImageObject\",\"inLanguage\":\"tr\",\"@id\":\"https:\\\/\\\/kamerakontrolsistemleri.com\\\/#\\\/schema\\\/logo\\\/image\\\/\",\"url\":\"https:\\\/\\\/kamerakontrolsistemleri.com\\\/wp-content\\\/uploads\\\/2020\\\/12\\\/37335611_391154311412387_1999192248473878528_o.jpg\",\"contentUrl\":\"https:\\\/\\\/kamerakontrolsistemleri.com\\\/wp-content\\\/uploads\\\/2020\\\/12\\\/37335611_391154311412387_1999192248473878528_o.jpg\",\"width\":1129,\"height\":1129,\"caption\":\"Akotech G\u00fcvenlik Sistemleri\"},\"image\":{\"@id\":\"https:\\\/\\\/kamerakontrolsistemleri.com\\\/#\\\/schema\\\/logo\\\/image\\\/\"},\"sameAs\":[\"https:\\\/\\\/www.facebook.com\\\/akottech\",\"https:\\\/\\\/www.instagram.com\\\/akottechguvenlik\\\/\"]}]}<\/script>\n<!-- \/ Yoast SEO plugin. -->","yoast_head_json":{"title":"Dahua PFS3110-8P-96 8 Kanal Poe' li Network Switch - Kamera Kontrol Sistemleri","description":"8 Kanal PoE Switch ( 8FE PoE +1 GE + 1GE SFP ) \u0130ki Katmanl\u0131 End\u00fcstriyel PoE Switch, MAC Adres Liste Kapasitesi : 8K, IEEE802.3af \/ IEEE802.3at PoE Protokol, Anahtarlama Kapasitesi 7.6Gbps, Paket \u0130letme H\u0131z\u0131 4.17Mpps , 1x1000Mbps Base-X \/ 1x1000Mbps Base-T, 8x100Mbps Base-T PoE G\u00fc\u00e7 Kayna\u011f\u0131, PoE Herbir G\u00fc\u00e7 T\u00fcketimi: \u226430W \/ Toplam \u226496W ,De\u011fi\u015fim Modu: Depolama &amp; \u0130letme, DC48~57V G\u00fc\u00e7 Adapt\u00f6r\u00fc, -30 \u00b0 C ~ 65 \u00b0 C","robots":{"index":"index","follow":"follow","max-snippet":"max-snippet:-1","max-image-preview":"max-image-preview:large","max-video-preview":"max-video-preview:-1"},"canonical":"https:\/\/kamerakontrolsistemleri.com\/index.php\/product\/dahua-pfs3110-8p-96-8-kanal-poe-li-network-switch\/","og_locale":"tr_TR","og_type":"article","og_title":"Dahua PFS3110-8P-96 8 Kanal Poe' li Network Switch - Kamera Kontrol Sistemleri","og_description":"8 Kanal PoE Switch ( 8FE PoE +1 GE + 1GE SFP ) \u0130ki Katmanl\u0131 End\u00fcstriyel PoE Switch, MAC Adres Liste Kapasitesi : 8K, IEEE802.3af \/ IEEE802.3at PoE Protokol, Anahtarlama Kapasitesi 7.6Gbps, Paket \u0130letme H\u0131z\u0131 4.17Mpps , 1x1000Mbps Base-X \/ 1x1000Mbps Base-T, 8x100Mbps Base-T PoE G\u00fc\u00e7 Kayna\u011f\u0131, PoE Herbir G\u00fc\u00e7 T\u00fcketimi: \u226430W \/ Toplam \u226496W ,De\u011fi\u015fim Modu: Depolama &amp; \u0130letme, DC48~57V G\u00fc\u00e7 Adapt\u00f6r\u00fc, -30 \u00b0 C ~ 65 \u00b0 C","og_url":"https:\/\/kamerakontrolsistemleri.com\/index.php\/product\/dahua-pfs3110-8p-96-8-kanal-poe-li-network-switch\/","og_site_name":"Kamera Kontrol Sistemleri","article_publisher":"https:\/\/www.facebook.com\/akottech","article_modified_time":"2021-01-02T14:05:47+00:00","og_image":[{"width":550,"height":412,"url":"https:\/\/kamerakontrolsistemleri.com\/wp-content\/uploads\/2021\/01\/0000386_dahua-pfs4210-8gt-150-8-kanal-poe-li-network-switch_550-2.jpeg","type":"image\/jpeg"}],"schema":{"@context":"https:\/\/schema.org","@graph":[{"@type":"WebPage","@id":"https:\/\/kamerakontrolsistemleri.com\/index.php\/product\/dahua-pfs3110-8p-96-8-kanal-poe-li-network-switch\/","url":"https:\/\/kamerakontrolsistemleri.com\/index.php\/product\/dahua-pfs3110-8p-96-8-kanal-poe-li-network-switch\/","name":"Dahua PFS3110-8P-96 8 Kanal Poe' li Network Switch - Kamera Kontrol Sistemleri","isPartOf":{"@id":"https:\/\/kamerakontrolsistemleri.com\/#website"},"primaryImageOfPage":{"@id":"https:\/\/kamerakontrolsistemleri.com\/index.php\/product\/dahua-pfs3110-8p-96-8-kanal-poe-li-network-switch\/#primaryimage"},"image":{"@id":"https:\/\/kamerakontrolsistemleri.com\/index.php\/product\/dahua-pfs3110-8p-96-8-kanal-poe-li-network-switch\/#primaryimage"},"thumbnailUrl":"https:\/\/kamerakontrolsistemleri.com\/wp-content\/uploads\/2021\/01\/0000386_dahua-pfs4210-8gt-150-8-kanal-poe-li-network-switch_550-2.jpeg","datePublished":"2021-01-02T14:05:46+00:00","dateModified":"2021-01-02T14:05:47+00:00","description":"8 Kanal PoE Switch ( 8FE PoE +1 GE + 1GE SFP ) \u0130ki Katmanl\u0131 End\u00fcstriyel PoE Switch, MAC Adres Liste Kapasitesi : 8K, IEEE802.3af \/ IEEE802.3at PoE Protokol, Anahtarlama Kapasitesi 7.6Gbps, Paket \u0130letme H\u0131z\u0131 4.17Mpps , 1x1000Mbps Base-X \/ 1x1000Mbps Base-T, 8x100Mbps Base-T PoE G\u00fc\u00e7 Kayna\u011f\u0131, PoE Herbir G\u00fc\u00e7 T\u00fcketimi: \u226430W \/ Toplam \u226496W ,De\u011fi\u015fim Modu: Depolama &amp; \u0130letme, DC48~57V G\u00fc\u00e7 Adapt\u00f6r\u00fc, -30 \u00b0 C ~ 65 \u00b0 C","breadcrumb":{"@id":"https:\/\/kamerakontrolsistemleri.com\/index.php\/product\/dahua-pfs3110-8p-96-8-kanal-poe-li-network-switch\/#breadcrumb"},"inLanguage":"tr","potentialAction":[{"@type":"ReadAction","target":["https:\/\/kamerakontrolsistemleri.com\/index.php\/product\/dahua-pfs3110-8p-96-8-kanal-poe-li-network-switch\/"]}]},{"@type":"ImageObject","inLanguage":"tr","@id":"https:\/\/kamerakontrolsistemleri.com\/index.php\/product\/dahua-pfs3110-8p-96-8-kanal-poe-li-network-switch\/#primaryimage","url":"https:\/\/kamerakontrolsistemleri.com\/wp-content\/uploads\/2021\/01\/0000386_dahua-pfs4210-8gt-150-8-kanal-poe-li-network-switch_550-2.jpeg","contentUrl":"https:\/\/kamerakontrolsistemleri.com\/wp-content\/uploads\/2021\/01\/0000386_dahua-pfs4210-8gt-150-8-kanal-poe-li-network-switch_550-2.jpeg","width":550,"height":412},{"@type":"BreadcrumbList","@id":"https:\/\/kamerakontrolsistemleri.com\/index.php\/product\/dahua-pfs3110-8p-96-8-kanal-poe-li-network-switch\/#breadcrumb","itemListElement":[{"@type":"ListItem","position":1,"name":"Ana sayfa","item":"https:\/\/kamerakontrolsistemleri.com\/"},{"@type":"ListItem","position":2,"name":"\u00dcr\u00fcnler","item":"https:\/\/kamerakontrolsistemleri.com\/index.php\/urunler\/"},{"@type":"ListItem","position":3,"name":"Dahua PFS3110-8P-96 8 Kanal Poe&#8217; li Network Switch"}]},{"@type":"WebSite","@id":"https:\/\/kamerakontrolsistemleri.com\/#website","url":"https:\/\/kamerakontrolsistemleri.com\/","name":"Kamera Kontrol Sistemleri","description":"Toptan fiyat\u0131na al\u0131\u015fveri\u015f imkan\u0131","publisher":{"@id":"https:\/\/kamerakontrolsistemleri.com\/#organization"},"potentialAction":[{"@type":"SearchAction","target":{"@type":"EntryPoint","urlTemplate":"https:\/\/kamerakontrolsistemleri.com\/?s={search_term_string}"},"query-input":{"@type":"PropertyValueSpecification","valueRequired":true,"valueName":"search_term_string"}}],"inLanguage":"tr"},{"@type":"Organization","@id":"https:\/\/kamerakontrolsistemleri.com\/#organization","name":"Akotech G\u00fcvenlik Sistemleri","url":"https:\/\/kamerakontrolsistemleri.com\/","logo":{"@type":"ImageObject","inLanguage":"tr","@id":"https:\/\/kamerakontrolsistemleri.com\/#\/schema\/logo\/image\/","url":"https:\/\/kamerakontrolsistemleri.com\/wp-content\/uploads\/2020\/12\/37335611_391154311412387_1999192248473878528_o.jpg","contentUrl":"https:\/\/kamerakontrolsistemleri.com\/wp-content\/uploads\/2020\/12\/37335611_391154311412387_1999192248473878528_o.jpg","width":1129,"height":1129,"caption":"Akotech G\u00fcvenlik Sistemleri"},"image":{"@id":"https:\/\/kamerakontrolsistemleri.com\/#\/schema\/logo\/image\/"},"sameAs":["https:\/\/www.facebook.com\/akottech","https:\/\/www.instagram.com\/akottechguvenlik\/"]}]}},"jetpack_sharing_enabled":true,"_links":{"self":[{"href":"https:\/\/kamerakontrolsistemleri.com\/index.php\/wp-json\/wp\/v2\/product\/12341","targetHints":{"allow":["GET"]}}],"collection":[{"href":"https:\/\/kamerakontrolsistemleri.com\/index.php\/wp-json\/wp\/v2\/product"}],"about":[{"href":"https:\/\/kamerakontrolsistemleri.com\/index.php\/wp-json\/wp\/v2\/types\/product"}],"version-history":[{"count":0,"href":"https:\/\/kamerakontrolsistemleri.com\/index.php\/wp-json\/wp\/v2\/product\/12341\/revisions"}],"wp:featuredmedia":[{"embeddable":true,"href":"https:\/\/kamerakontrolsistemleri.com\/index.php\/wp-json\/wp\/v2\/media\/12342"}],"wp:attachment":[{"href":"https:\/\/kamerakontrolsistemleri.com\/index.php\/wp-json\/wp\/v2\/media?parent=12341"}],"wp:term":[{"taxonomy":"product_brand","embeddable":true,"href":"https:\/\/kamerakontrolsistemleri.com\/index.php\/wp-json\/wp\/v2\/product_brand?post=12341"},{"taxonomy":"product_cat","embeddable":true,"href":"https:\/\/kamerakontrolsistemleri.com\/index.php\/wp-json\/wp\/v2\/product_cat?post=12341"},{"taxonomy":"product_tag","embeddable":true,"href":"https:\/\/kamerakontrolsistemleri.com\/index.php\/wp-json\/wp\/v2\/product_tag?post=12341"}],"curies":[{"name":"wp","href":"https:\/\/api.w.org\/{rel}","templated":true}]}}