{"id":12363,"date":"2021-01-02T17:15:32","date_gmt":"2021-01-02T14:15:32","guid":{"rendered":"https:\/\/kamerakontrolsistemleri.com\/?post_type=product&#038;p=12363"},"modified":"2021-01-02T17:15:33","modified_gmt":"2021-01-02T14:15:33","slug":"dahua-pfs3206-4p-96-4-kanal-poe-li-network-switch","status":"publish","type":"product","link":"https:\/\/kamerakontrolsistemleri.com\/index.php\/product\/dahua-pfs3206-4p-96-4-kanal-poe-li-network-switch\/","title":{"rendered":"Dahua PFS3206-4P-96 4 Kanal Poe&#8217; li Network Switch"},"content":{"rendered":"","protected":false},"excerpt":{"rendered":"<div class=\"short-description\">4 Kanal PoE Switch ( 3FE PoE +1GE PoE +2GE SFP ) \u0130ki Katmanl\u0131 y\u00f6netilmeyen End\u00fcstriyel PoE Switch, MAC Adres Liste Kapasitesi: 8K, IEEE802.3af \/ IEEE802.3at Hi-PoE Protokol, IEEE802.3, IEEE802.3u, IEEE802.3ab\/z ve IEEE802.3x standartlar\u0131, 2x1000Mbps Base-X \/ 1*10\/100\/1000 Base-T (Hi-PoE\/PoE+\/PoE), 3*10\/100 Base-T (PoE+\/PoE) G\u00fc\u00e7 Kayna\u011f\u0131 , Kanal 1,2,3 \u226430W, Kanal 4\u226460W, Toplam\u226496W, De\u011fi\u015fim Modu: Depolama &amp; \u0130letme, DC48-57V<\/div>\n<div class=\"prices\"><\/div>\n","protected":false},"featured_media":12364,"template":"","meta":[],"product_brand":[],"product_cat":[153,152],"product_tag":[],"class_list":{"0":"post-12363","1":"product","2":"type-product","3":"status-publish","4":"has-post-thumbnail","6":"product_cat-4-port-poe-switchler","7":"product_cat-poe-switchler","8":"pa_marka-dahua","10":"first","11":"instock","12":"taxable","13":"shipping-taxable","14":"purchasable","15":"product-type-simple"},"yoast_head":"<!-- This site is optimized with the Yoast SEO plugin v27.3 - https:\/\/yoast.com\/product\/yoast-seo-wordpress\/ -->\n<title>Dahua PFS3206-4P-96 4 Kanal Poe&#039; li Network Switch - Kamera Kontrol Sistemleri<\/title>\n<meta name=\"description\" content=\"4 Kanal PoE Switch ( 3FE PoE +1GE PoE +2GE SFP ) \u0130ki Katmanl\u0131 y\u00f6netilmeyen End\u00fcstriyel PoE Switch, MAC Adres Liste Kapasitesi: 8K, IEEE802.3af \/ IEEE802.3at Hi-PoE Protokol, IEEE802.3, IEEE802.3u, IEEE802.3ab\/z ve IEEE802.3x standartlar\u0131, 2x1000Mbps Base-X \/ 1*10\/100\/1000 Base-T (Hi-PoE\/PoE+\/PoE), 3*10\/100 Base-T (PoE+\/PoE) G\u00fc\u00e7 Kayna\u011f\u0131 , Kanal 1,2,3 \u226430W, Kanal 4\u226460W, Toplam\u226496W, De\u011fi\u015fim Modu: Depolama &amp; \u0130letme, DC48-57V\" \/>\n<meta name=\"robots\" content=\"index, follow, max-snippet:-1, max-image-preview:large, max-video-preview:-1\" \/>\n<link rel=\"canonical\" href=\"https:\/\/kamerakontrolsistemleri.com\/index.php\/product\/dahua-pfs3206-4p-96-4-kanal-poe-li-network-switch\/\" \/>\n<meta property=\"og:locale\" content=\"tr_TR\" \/>\n<meta property=\"og:type\" content=\"article\" \/>\n<meta property=\"og:title\" content=\"Dahua PFS3206-4P-96 4 Kanal Poe&#039; li Network Switch - Kamera Kontrol Sistemleri\" \/>\n<meta property=\"og:description\" content=\"4 Kanal PoE Switch ( 3FE PoE +1GE PoE +2GE SFP ) \u0130ki Katmanl\u0131 y\u00f6netilmeyen End\u00fcstriyel PoE Switch, MAC Adres Liste Kapasitesi: 8K, IEEE802.3af \/ IEEE802.3at Hi-PoE Protokol, IEEE802.3, IEEE802.3u, IEEE802.3ab\/z ve IEEE802.3x standartlar\u0131, 2x1000Mbps Base-X \/ 1*10\/100\/1000 Base-T (Hi-PoE\/PoE+\/PoE), 3*10\/100 Base-T (PoE+\/PoE) G\u00fc\u00e7 Kayna\u011f\u0131 , Kanal 1,2,3 \u226430W, Kanal 4\u226460W, Toplam\u226496W, De\u011fi\u015fim Modu: Depolama &amp; \u0130letme, DC48-57V\" \/>\n<meta property=\"og:url\" content=\"https:\/\/kamerakontrolsistemleri.com\/index.php\/product\/dahua-pfs3206-4p-96-4-kanal-poe-li-network-switch\/\" \/>\n<meta property=\"og:site_name\" content=\"Kamera Kontrol Sistemleri\" \/>\n<meta property=\"article:publisher\" content=\"https:\/\/www.facebook.com\/akottech\" \/>\n<meta property=\"article:modified_time\" content=\"2021-01-02T14:15:33+00:00\" \/>\n<meta property=\"og:image\" content=\"https:\/\/kamerakontrolsistemleri.com\/wp-content\/uploads\/2021\/01\/PFS3206-4P-96-1024x1024.png\" \/>\n\t<meta property=\"og:image:width\" content=\"1024\" \/>\n\t<meta property=\"og:image:height\" content=\"1024\" \/>\n\t<meta property=\"og:image:type\" content=\"image\/png\" \/>\n<script type=\"application\/ld+json\" class=\"yoast-schema-graph\">{\"@context\":\"https:\\\/\\\/schema.org\",\"@graph\":[{\"@type\":\"WebPage\",\"@id\":\"https:\\\/\\\/kamerakontrolsistemleri.com\\\/index.php\\\/product\\\/dahua-pfs3206-4p-96-4-kanal-poe-li-network-switch\\\/\",\"url\":\"https:\\\/\\\/kamerakontrolsistemleri.com\\\/index.php\\\/product\\\/dahua-pfs3206-4p-96-4-kanal-poe-li-network-switch\\\/\",\"name\":\"Dahua PFS3206-4P-96 4 Kanal Poe' li Network Switch - Kamera Kontrol Sistemleri\",\"isPartOf\":{\"@id\":\"https:\\\/\\\/kamerakontrolsistemleri.com\\\/#website\"},\"primaryImageOfPage\":{\"@id\":\"https:\\\/\\\/kamerakontrolsistemleri.com\\\/index.php\\\/product\\\/dahua-pfs3206-4p-96-4-kanal-poe-li-network-switch\\\/#primaryimage\"},\"image\":{\"@id\":\"https:\\\/\\\/kamerakontrolsistemleri.com\\\/index.php\\\/product\\\/dahua-pfs3206-4p-96-4-kanal-poe-li-network-switch\\\/#primaryimage\"},\"thumbnailUrl\":\"https:\\\/\\\/kamerakontrolsistemleri.com\\\/wp-content\\\/uploads\\\/2021\\\/01\\\/PFS3206-4P-96.png\",\"datePublished\":\"2021-01-02T14:15:32+00:00\",\"dateModified\":\"2021-01-02T14:15:33+00:00\",\"description\":\"4 Kanal PoE Switch ( 3FE PoE +1GE PoE +2GE SFP ) \u0130ki Katmanl\u0131 y\u00f6netilmeyen End\u00fcstriyel PoE Switch, MAC Adres Liste Kapasitesi: 8K, IEEE802.3af \\\/ IEEE802.3at Hi-PoE Protokol, IEEE802.3, IEEE802.3u, IEEE802.3ab\\\/z ve IEEE802.3x standartlar\u0131, 2x1000Mbps Base-X \\\/ 1*10\\\/100\\\/1000 Base-T (Hi-PoE\\\/PoE+\\\/PoE), 3*10\\\/100 Base-T (PoE+\\\/PoE) G\u00fc\u00e7 Kayna\u011f\u0131 , Kanal 1,2,3 \u226430W, Kanal 4\u226460W, Toplam\u226496W, De\u011fi\u015fim Modu: Depolama &amp; \u0130letme, DC48-57V\",\"breadcrumb\":{\"@id\":\"https:\\\/\\\/kamerakontrolsistemleri.com\\\/index.php\\\/product\\\/dahua-pfs3206-4p-96-4-kanal-poe-li-network-switch\\\/#breadcrumb\"},\"inLanguage\":\"tr\",\"potentialAction\":[{\"@type\":\"ReadAction\",\"target\":[\"https:\\\/\\\/kamerakontrolsistemleri.com\\\/index.php\\\/product\\\/dahua-pfs3206-4p-96-4-kanal-poe-li-network-switch\\\/\"]}]},{\"@type\":\"ImageObject\",\"inLanguage\":\"tr\",\"@id\":\"https:\\\/\\\/kamerakontrolsistemleri.com\\\/index.php\\\/product\\\/dahua-pfs3206-4p-96-4-kanal-poe-li-network-switch\\\/#primaryimage\",\"url\":\"https:\\\/\\\/kamerakontrolsistemleri.com\\\/wp-content\\\/uploads\\\/2021\\\/01\\\/PFS3206-4P-96.png\",\"contentUrl\":\"https:\\\/\\\/kamerakontrolsistemleri.com\\\/wp-content\\\/uploads\\\/2021\\\/01\\\/PFS3206-4P-96.png\",\"width\":3200,\"height\":3200},{\"@type\":\"BreadcrumbList\",\"@id\":\"https:\\\/\\\/kamerakontrolsistemleri.com\\\/index.php\\\/product\\\/dahua-pfs3206-4p-96-4-kanal-poe-li-network-switch\\\/#breadcrumb\",\"itemListElement\":[{\"@type\":\"ListItem\",\"position\":1,\"name\":\"Ana sayfa\",\"item\":\"https:\\\/\\\/kamerakontrolsistemleri.com\\\/\"},{\"@type\":\"ListItem\",\"position\":2,\"name\":\"\u00dcr\u00fcnler\",\"item\":\"https:\\\/\\\/kamerakontrolsistemleri.com\\\/index.php\\\/urunler\\\/\"},{\"@type\":\"ListItem\",\"position\":3,\"name\":\"Dahua PFS3206-4P-96 4 Kanal Poe&#8217; li Network Switch\"}]},{\"@type\":\"WebSite\",\"@id\":\"https:\\\/\\\/kamerakontrolsistemleri.com\\\/#website\",\"url\":\"https:\\\/\\\/kamerakontrolsistemleri.com\\\/\",\"name\":\"Kamera Kontrol Sistemleri\",\"description\":\"Toptan fiyat\u0131na al\u0131\u015fveri\u015f imkan\u0131\",\"publisher\":{\"@id\":\"https:\\\/\\\/kamerakontrolsistemleri.com\\\/#organization\"},\"potentialAction\":[{\"@type\":\"SearchAction\",\"target\":{\"@type\":\"EntryPoint\",\"urlTemplate\":\"https:\\\/\\\/kamerakontrolsistemleri.com\\\/?s={search_term_string}\"},\"query-input\":{\"@type\":\"PropertyValueSpecification\",\"valueRequired\":true,\"valueName\":\"search_term_string\"}}],\"inLanguage\":\"tr\"},{\"@type\":\"Organization\",\"@id\":\"https:\\\/\\\/kamerakontrolsistemleri.com\\\/#organization\",\"name\":\"Akotech G\u00fcvenlik Sistemleri\",\"url\":\"https:\\\/\\\/kamerakontrolsistemleri.com\\\/\",\"logo\":{\"@type\":\"ImageObject\",\"inLanguage\":\"tr\",\"@id\":\"https:\\\/\\\/kamerakontrolsistemleri.com\\\/#\\\/schema\\\/logo\\\/image\\\/\",\"url\":\"https:\\\/\\\/kamerakontrolsistemleri.com\\\/wp-content\\\/uploads\\\/2020\\\/12\\\/37335611_391154311412387_1999192248473878528_o.jpg\",\"contentUrl\":\"https:\\\/\\\/kamerakontrolsistemleri.com\\\/wp-content\\\/uploads\\\/2020\\\/12\\\/37335611_391154311412387_1999192248473878528_o.jpg\",\"width\":1129,\"height\":1129,\"caption\":\"Akotech G\u00fcvenlik Sistemleri\"},\"image\":{\"@id\":\"https:\\\/\\\/kamerakontrolsistemleri.com\\\/#\\\/schema\\\/logo\\\/image\\\/\"},\"sameAs\":[\"https:\\\/\\\/www.facebook.com\\\/akottech\",\"https:\\\/\\\/www.instagram.com\\\/akottechguvenlik\\\/\"]}]}<\/script>\n<!-- \/ Yoast SEO plugin. -->","yoast_head_json":{"title":"Dahua PFS3206-4P-96 4 Kanal Poe' li Network Switch - Kamera Kontrol Sistemleri","description":"4 Kanal PoE Switch ( 3FE PoE +1GE PoE +2GE SFP ) \u0130ki Katmanl\u0131 y\u00f6netilmeyen End\u00fcstriyel PoE Switch, MAC Adres Liste Kapasitesi: 8K, IEEE802.3af \/ IEEE802.3at Hi-PoE Protokol, IEEE802.3, IEEE802.3u, IEEE802.3ab\/z ve IEEE802.3x standartlar\u0131, 2x1000Mbps Base-X \/ 1*10\/100\/1000 Base-T (Hi-PoE\/PoE+\/PoE), 3*10\/100 Base-T (PoE+\/PoE) G\u00fc\u00e7 Kayna\u011f\u0131 , Kanal 1,2,3 \u226430W, Kanal 4\u226460W, Toplam\u226496W, De\u011fi\u015fim Modu: Depolama &amp; \u0130letme, DC48-57V","robots":{"index":"index","follow":"follow","max-snippet":"max-snippet:-1","max-image-preview":"max-image-preview:large","max-video-preview":"max-video-preview:-1"},"canonical":"https:\/\/kamerakontrolsistemleri.com\/index.php\/product\/dahua-pfs3206-4p-96-4-kanal-poe-li-network-switch\/","og_locale":"tr_TR","og_type":"article","og_title":"Dahua PFS3206-4P-96 4 Kanal Poe' li Network Switch - Kamera Kontrol Sistemleri","og_description":"4 Kanal PoE Switch ( 3FE PoE +1GE PoE +2GE SFP ) \u0130ki Katmanl\u0131 y\u00f6netilmeyen End\u00fcstriyel PoE Switch, MAC Adres Liste Kapasitesi: 8K, IEEE802.3af \/ IEEE802.3at Hi-PoE Protokol, IEEE802.3, IEEE802.3u, IEEE802.3ab\/z ve IEEE802.3x standartlar\u0131, 2x1000Mbps Base-X \/ 1*10\/100\/1000 Base-T (Hi-PoE\/PoE+\/PoE), 3*10\/100 Base-T (PoE+\/PoE) G\u00fc\u00e7 Kayna\u011f\u0131 , Kanal 1,2,3 \u226430W, Kanal 4\u226460W, Toplam\u226496W, De\u011fi\u015fim Modu: Depolama &amp; \u0130letme, DC48-57V","og_url":"https:\/\/kamerakontrolsistemleri.com\/index.php\/product\/dahua-pfs3206-4p-96-4-kanal-poe-li-network-switch\/","og_site_name":"Kamera Kontrol Sistemleri","article_publisher":"https:\/\/www.facebook.com\/akottech","article_modified_time":"2021-01-02T14:15:33+00:00","og_image":[{"width":1024,"height":1024,"url":"https:\/\/kamerakontrolsistemleri.com\/wp-content\/uploads\/2021\/01\/PFS3206-4P-96-1024x1024.png","type":"image\/png"}],"schema":{"@context":"https:\/\/schema.org","@graph":[{"@type":"WebPage","@id":"https:\/\/kamerakontrolsistemleri.com\/index.php\/product\/dahua-pfs3206-4p-96-4-kanal-poe-li-network-switch\/","url":"https:\/\/kamerakontrolsistemleri.com\/index.php\/product\/dahua-pfs3206-4p-96-4-kanal-poe-li-network-switch\/","name":"Dahua PFS3206-4P-96 4 Kanal Poe' li Network Switch - Kamera Kontrol Sistemleri","isPartOf":{"@id":"https:\/\/kamerakontrolsistemleri.com\/#website"},"primaryImageOfPage":{"@id":"https:\/\/kamerakontrolsistemleri.com\/index.php\/product\/dahua-pfs3206-4p-96-4-kanal-poe-li-network-switch\/#primaryimage"},"image":{"@id":"https:\/\/kamerakontrolsistemleri.com\/index.php\/product\/dahua-pfs3206-4p-96-4-kanal-poe-li-network-switch\/#primaryimage"},"thumbnailUrl":"https:\/\/kamerakontrolsistemleri.com\/wp-content\/uploads\/2021\/01\/PFS3206-4P-96.png","datePublished":"2021-01-02T14:15:32+00:00","dateModified":"2021-01-02T14:15:33+00:00","description":"4 Kanal PoE Switch ( 3FE PoE +1GE PoE +2GE SFP ) \u0130ki Katmanl\u0131 y\u00f6netilmeyen End\u00fcstriyel PoE Switch, MAC Adres Liste Kapasitesi: 8K, IEEE802.3af \/ IEEE802.3at Hi-PoE Protokol, IEEE802.3, IEEE802.3u, IEEE802.3ab\/z ve IEEE802.3x standartlar\u0131, 2x1000Mbps Base-X \/ 1*10\/100\/1000 Base-T (Hi-PoE\/PoE+\/PoE), 3*10\/100 Base-T (PoE+\/PoE) G\u00fc\u00e7 Kayna\u011f\u0131 , Kanal 1,2,3 \u226430W, Kanal 4\u226460W, Toplam\u226496W, De\u011fi\u015fim Modu: Depolama &amp; \u0130letme, DC48-57V","breadcrumb":{"@id":"https:\/\/kamerakontrolsistemleri.com\/index.php\/product\/dahua-pfs3206-4p-96-4-kanal-poe-li-network-switch\/#breadcrumb"},"inLanguage":"tr","potentialAction":[{"@type":"ReadAction","target":["https:\/\/kamerakontrolsistemleri.com\/index.php\/product\/dahua-pfs3206-4p-96-4-kanal-poe-li-network-switch\/"]}]},{"@type":"ImageObject","inLanguage":"tr","@id":"https:\/\/kamerakontrolsistemleri.com\/index.php\/product\/dahua-pfs3206-4p-96-4-kanal-poe-li-network-switch\/#primaryimage","url":"https:\/\/kamerakontrolsistemleri.com\/wp-content\/uploads\/2021\/01\/PFS3206-4P-96.png","contentUrl":"https:\/\/kamerakontrolsistemleri.com\/wp-content\/uploads\/2021\/01\/PFS3206-4P-96.png","width":3200,"height":3200},{"@type":"BreadcrumbList","@id":"https:\/\/kamerakontrolsistemleri.com\/index.php\/product\/dahua-pfs3206-4p-96-4-kanal-poe-li-network-switch\/#breadcrumb","itemListElement":[{"@type":"ListItem","position":1,"name":"Ana sayfa","item":"https:\/\/kamerakontrolsistemleri.com\/"},{"@type":"ListItem","position":2,"name":"\u00dcr\u00fcnler","item":"https:\/\/kamerakontrolsistemleri.com\/index.php\/urunler\/"},{"@type":"ListItem","position":3,"name":"Dahua PFS3206-4P-96 4 Kanal Poe&#8217; li Network Switch"}]},{"@type":"WebSite","@id":"https:\/\/kamerakontrolsistemleri.com\/#website","url":"https:\/\/kamerakontrolsistemleri.com\/","name":"Kamera Kontrol Sistemleri","description":"Toptan fiyat\u0131na al\u0131\u015fveri\u015f imkan\u0131","publisher":{"@id":"https:\/\/kamerakontrolsistemleri.com\/#organization"},"potentialAction":[{"@type":"SearchAction","target":{"@type":"EntryPoint","urlTemplate":"https:\/\/kamerakontrolsistemleri.com\/?s={search_term_string}"},"query-input":{"@type":"PropertyValueSpecification","valueRequired":true,"valueName":"search_term_string"}}],"inLanguage":"tr"},{"@type":"Organization","@id":"https:\/\/kamerakontrolsistemleri.com\/#organization","name":"Akotech G\u00fcvenlik Sistemleri","url":"https:\/\/kamerakontrolsistemleri.com\/","logo":{"@type":"ImageObject","inLanguage":"tr","@id":"https:\/\/kamerakontrolsistemleri.com\/#\/schema\/logo\/image\/","url":"https:\/\/kamerakontrolsistemleri.com\/wp-content\/uploads\/2020\/12\/37335611_391154311412387_1999192248473878528_o.jpg","contentUrl":"https:\/\/kamerakontrolsistemleri.com\/wp-content\/uploads\/2020\/12\/37335611_391154311412387_1999192248473878528_o.jpg","width":1129,"height":1129,"caption":"Akotech G\u00fcvenlik Sistemleri"},"image":{"@id":"https:\/\/kamerakontrolsistemleri.com\/#\/schema\/logo\/image\/"},"sameAs":["https:\/\/www.facebook.com\/akottech","https:\/\/www.instagram.com\/akottechguvenlik\/"]}]}},"jetpack_sharing_enabled":true,"_links":{"self":[{"href":"https:\/\/kamerakontrolsistemleri.com\/index.php\/wp-json\/wp\/v2\/product\/12363","targetHints":{"allow":["GET"]}}],"collection":[{"href":"https:\/\/kamerakontrolsistemleri.com\/index.php\/wp-json\/wp\/v2\/product"}],"about":[{"href":"https:\/\/kamerakontrolsistemleri.com\/index.php\/wp-json\/wp\/v2\/types\/product"}],"version-history":[{"count":0,"href":"https:\/\/kamerakontrolsistemleri.com\/index.php\/wp-json\/wp\/v2\/product\/12363\/revisions"}],"wp:featuredmedia":[{"embeddable":true,"href":"https:\/\/kamerakontrolsistemleri.com\/index.php\/wp-json\/wp\/v2\/media\/12364"}],"wp:attachment":[{"href":"https:\/\/kamerakontrolsistemleri.com\/index.php\/wp-json\/wp\/v2\/media?parent=12363"}],"wp:term":[{"taxonomy":"product_brand","embeddable":true,"href":"https:\/\/kamerakontrolsistemleri.com\/index.php\/wp-json\/wp\/v2\/product_brand?post=12363"},{"taxonomy":"product_cat","embeddable":true,"href":"https:\/\/kamerakontrolsistemleri.com\/index.php\/wp-json\/wp\/v2\/product_cat?post=12363"},{"taxonomy":"product_tag","embeddable":true,"href":"https:\/\/kamerakontrolsistemleri.com\/index.php\/wp-json\/wp\/v2\/product_tag?post=12363"}],"curies":[{"name":"wp","href":"https:\/\/api.w.org\/{rel}","templated":true}]}}