{"id":12390,"date":"2021-01-02T17:54:04","date_gmt":"2021-01-02T14:54:04","guid":{"rendered":"https:\/\/kamerakontrolsistemleri.com\/?post_type=product&#038;p=12390"},"modified":"2021-01-02T17:54:46","modified_gmt":"2021-01-02T14:54:46","slug":"dahua-nvr5816-16p-4ks2e-16-kanal-4k-poe-li-nvr-kayit-cihazi","status":"publish","type":"product","link":"https:\/\/kamerakontrolsistemleri.com\/index.php\/product\/dahua-nvr5816-16p-4ks2e-16-kanal-4k-poe-li-nvr-kayit-cihazi\/","title":{"rendered":"Dahua NVR5816-16P-4KS2E 16 Kanal 4K Poe&#8217; li NVR Kay\u0131t Cihaz\u0131"},"content":{"rendered":"","protected":false},"excerpt":{"rendered":"<div class=\"short-description\">16 Kanal 16 Kanal PoE (8 e-PoE+8 PoE) 2U 4K H.265 Pro NVR, 16 Kanalda 4ch@4K\/16ch@1080P&#8217;e kadar Ger\u00e7ek Zamanl\u0131 \u00d6nizleme&amp;Kay\u0131t ve Oynatma, H.265 \/ H.264 \/ MJPEG \/ MPEG4, 320Mbps Band Geni\u015fli\u011fi, Ak\u0131ll\u0131 Video Analiz Deste\u011fi, 16xAlarm, 1xSes, 6 R\u00f6le \u00e7\u0131k\u0131\u015f\u0131, 2HDMI\/VGA E\u015f Zamanl\u0131 Video \u00c7\u0131k\u0131\u015f\u0131, \u00c7oklu Network G\u00f6r\u00fcnt\u00fcleme, GRID Aray\u00fcz, 80 TB&#8217;a kadar 8 Sata HDD, 4xUSB ( 2xUSB3.0,2USB2.0 ), 1 E-Sata 16 TB kadar, IPC UPnP, 16xPoE, AC100-240V, N+M fail Over Deste\u011fi, RAID 0\/1\/5\/6\/10 Deste\u011fi, \u00d6l\u00e7\u00fcler : 440mm\u00d7450.1mm\u00d795mm<\/div>\n<div class=\"prices\"><\/div>\n","protected":false},"featured_media":12391,"template":"","meta":[],"product_brand":[],"product_cat":[142,139],"product_tag":[],"class_list":{"0":"post-12390","1":"product","2":"type-product","3":"status-publish","4":"has-post-thumbnail","6":"product_cat-16-kanal-nvr-kayit-cihazlari","7":"product_cat-nvr-network-kayit-cihazlari","8":"pa_marka-dahua","10":"first","11":"instock","12":"taxable","13":"shipping-taxable","14":"purchasable","15":"product-type-simple"},"yoast_head":"<!-- This site is optimized with the Yoast SEO plugin v27.3 - https:\/\/yoast.com\/product\/yoast-seo-wordpress\/ -->\n<title>Dahua NVR5816-16P-4KS2E 16 Kanal 4K Poe&#039; li NVR Kay\u0131t Cihaz\u0131 - Kamera Kontrol Sistemleri<\/title>\n<meta name=\"description\" content=\"16 Kanal 16 Kanal PoE (8 e-PoE+8 PoE) 2U 4K H.265 Pro NVR, 16 Kanalda 4ch@4K\/16ch@1080P&#039;e kadar Ger\u00e7ek Zamanl\u0131 \u00d6nizleme&amp;Kay\u0131t ve Oynatma, H.265 \/ H.264 \/ MJPEG \/ MPEG4, 320Mbps Band Geni\u015fli\u011fi, Ak\u0131ll\u0131 Video Analiz Deste\u011fi, 16xAlarm, 1xSes, 6 R\u00f6le \u00e7\u0131k\u0131\u015f\u0131, 2HDMI\/VGA E\u015f Zamanl\u0131 Video \u00c7\u0131k\u0131\u015f\u0131, \u00c7oklu Network G\u00f6r\u00fcnt\u00fcleme, GRID Aray\u00fcz, 80 TB&#039;a kadar 8 Sata HDD, 4xUSB ( 2xUSB3.0,2USB2.0 ), 1 E-Sata 16 TB kadar, IPC UPnP, 16xPoE, AC100-240V, N+M fail Over Deste\u011fi, RAID 0\/1\/5\/6\/10 Deste\u011fi, \u00d6l\u00e7\u00fcler : 440mm\u00d7450.1mm\u00d795mm\" \/>\n<meta name=\"robots\" content=\"index, follow, max-snippet:-1, max-image-preview:large, max-video-preview:-1\" \/>\n<link rel=\"canonical\" href=\"https:\/\/kamerakontrolsistemleri.com\/index.php\/product\/dahua-nvr5816-16p-4ks2e-16-kanal-4k-poe-li-nvr-kayit-cihazi\/\" \/>\n<meta property=\"og:locale\" content=\"tr_TR\" \/>\n<meta property=\"og:type\" content=\"article\" \/>\n<meta property=\"og:title\" content=\"Dahua NVR5816-16P-4KS2E 16 Kanal 4K Poe&#039; li NVR Kay\u0131t Cihaz\u0131 - Kamera Kontrol Sistemleri\" \/>\n<meta property=\"og:description\" content=\"16 Kanal 16 Kanal PoE (8 e-PoE+8 PoE) 2U 4K H.265 Pro NVR, 16 Kanalda 4ch@4K\/16ch@1080P&#039;e kadar Ger\u00e7ek Zamanl\u0131 \u00d6nizleme&amp;Kay\u0131t ve Oynatma, H.265 \/ H.264 \/ MJPEG \/ MPEG4, 320Mbps Band Geni\u015fli\u011fi, Ak\u0131ll\u0131 Video Analiz Deste\u011fi, 16xAlarm, 1xSes, 6 R\u00f6le \u00e7\u0131k\u0131\u015f\u0131, 2HDMI\/VGA E\u015f Zamanl\u0131 Video \u00c7\u0131k\u0131\u015f\u0131, \u00c7oklu Network G\u00f6r\u00fcnt\u00fcleme, GRID Aray\u00fcz, 80 TB&#039;a kadar 8 Sata HDD, 4xUSB ( 2xUSB3.0,2USB2.0 ), 1 E-Sata 16 TB kadar, IPC UPnP, 16xPoE, AC100-240V, N+M fail Over Deste\u011fi, RAID 0\/1\/5\/6\/10 Deste\u011fi, \u00d6l\u00e7\u00fcler : 440mm\u00d7450.1mm\u00d795mm\" \/>\n<meta property=\"og:url\" content=\"https:\/\/kamerakontrolsistemleri.com\/index.php\/product\/dahua-nvr5816-16p-4ks2e-16-kanal-4k-poe-li-nvr-kayit-cihazi\/\" \/>\n<meta property=\"og:site_name\" content=\"Kamera Kontrol Sistemleri\" \/>\n<meta property=\"article:publisher\" content=\"https:\/\/www.facebook.com\/akottech\" \/>\n<meta property=\"article:modified_time\" content=\"2021-01-02T14:54:46+00:00\" \/>\n<meta property=\"og:image\" content=\"https:\/\/kamerakontrolsistemleri.com\/wp-content\/uploads\/2021\/01\/0000287_dahua-nvr5816-16p-4ks2e-16-kanal-4k-poe-li-nvr-kayit-cihazi_550.jpeg\" \/>\n\t<meta property=\"og:image:width\" content=\"550\" \/>\n\t<meta property=\"og:image:height\" content=\"412\" \/>\n\t<meta property=\"og:image:type\" content=\"image\/jpeg\" \/>\n<script type=\"application\/ld+json\" class=\"yoast-schema-graph\">{\"@context\":\"https:\\\/\\\/schema.org\",\"@graph\":[{\"@type\":\"WebPage\",\"@id\":\"https:\\\/\\\/kamerakontrolsistemleri.com\\\/index.php\\\/product\\\/dahua-nvr5816-16p-4ks2e-16-kanal-4k-poe-li-nvr-kayit-cihazi\\\/\",\"url\":\"https:\\\/\\\/kamerakontrolsistemleri.com\\\/index.php\\\/product\\\/dahua-nvr5816-16p-4ks2e-16-kanal-4k-poe-li-nvr-kayit-cihazi\\\/\",\"name\":\"Dahua NVR5816-16P-4KS2E 16 Kanal 4K Poe' li NVR Kay\u0131t Cihaz\u0131 - Kamera Kontrol Sistemleri\",\"isPartOf\":{\"@id\":\"https:\\\/\\\/kamerakontrolsistemleri.com\\\/#website\"},\"primaryImageOfPage\":{\"@id\":\"https:\\\/\\\/kamerakontrolsistemleri.com\\\/index.php\\\/product\\\/dahua-nvr5816-16p-4ks2e-16-kanal-4k-poe-li-nvr-kayit-cihazi\\\/#primaryimage\"},\"image\":{\"@id\":\"https:\\\/\\\/kamerakontrolsistemleri.com\\\/index.php\\\/product\\\/dahua-nvr5816-16p-4ks2e-16-kanal-4k-poe-li-nvr-kayit-cihazi\\\/#primaryimage\"},\"thumbnailUrl\":\"https:\\\/\\\/kamerakontrolsistemleri.com\\\/wp-content\\\/uploads\\\/2021\\\/01\\\/0000287_dahua-nvr5816-16p-4ks2e-16-kanal-4k-poe-li-nvr-kayit-cihazi_550.jpeg\",\"datePublished\":\"2021-01-02T14:54:04+00:00\",\"dateModified\":\"2021-01-02T14:54:46+00:00\",\"description\":\"16 Kanal 16 Kanal PoE (8 e-PoE+8 PoE) 2U 4K H.265 Pro NVR, 16 Kanalda 4ch@4K\\\/16ch@1080P'e kadar Ger\u00e7ek Zamanl\u0131 \u00d6nizleme&amp;Kay\u0131t ve Oynatma, H.265 \\\/ H.264 \\\/ MJPEG \\\/ MPEG4, 320Mbps Band Geni\u015fli\u011fi, Ak\u0131ll\u0131 Video Analiz Deste\u011fi, 16xAlarm, 1xSes, 6 R\u00f6le \u00e7\u0131k\u0131\u015f\u0131, 2HDMI\\\/VGA E\u015f Zamanl\u0131 Video \u00c7\u0131k\u0131\u015f\u0131, \u00c7oklu Network G\u00f6r\u00fcnt\u00fcleme, GRID Aray\u00fcz, 80 TB'a kadar 8 Sata HDD, 4xUSB ( 2xUSB3.0,2USB2.0 ), 1 E-Sata 16 TB kadar, IPC UPnP, 16xPoE, AC100-240V, N+M fail Over Deste\u011fi, RAID 0\\\/1\\\/5\\\/6\\\/10 Deste\u011fi, \u00d6l\u00e7\u00fcler : 440mm\u00d7450.1mm\u00d795mm\",\"breadcrumb\":{\"@id\":\"https:\\\/\\\/kamerakontrolsistemleri.com\\\/index.php\\\/product\\\/dahua-nvr5816-16p-4ks2e-16-kanal-4k-poe-li-nvr-kayit-cihazi\\\/#breadcrumb\"},\"inLanguage\":\"tr\",\"potentialAction\":[{\"@type\":\"ReadAction\",\"target\":[\"https:\\\/\\\/kamerakontrolsistemleri.com\\\/index.php\\\/product\\\/dahua-nvr5816-16p-4ks2e-16-kanal-4k-poe-li-nvr-kayit-cihazi\\\/\"]}]},{\"@type\":\"ImageObject\",\"inLanguage\":\"tr\",\"@id\":\"https:\\\/\\\/kamerakontrolsistemleri.com\\\/index.php\\\/product\\\/dahua-nvr5816-16p-4ks2e-16-kanal-4k-poe-li-nvr-kayit-cihazi\\\/#primaryimage\",\"url\":\"https:\\\/\\\/kamerakontrolsistemleri.com\\\/wp-content\\\/uploads\\\/2021\\\/01\\\/0000287_dahua-nvr5816-16p-4ks2e-16-kanal-4k-poe-li-nvr-kayit-cihazi_550.jpeg\",\"contentUrl\":\"https:\\\/\\\/kamerakontrolsistemleri.com\\\/wp-content\\\/uploads\\\/2021\\\/01\\\/0000287_dahua-nvr5816-16p-4ks2e-16-kanal-4k-poe-li-nvr-kayit-cihazi_550.jpeg\",\"width\":550,\"height\":412},{\"@type\":\"BreadcrumbList\",\"@id\":\"https:\\\/\\\/kamerakontrolsistemleri.com\\\/index.php\\\/product\\\/dahua-nvr5816-16p-4ks2e-16-kanal-4k-poe-li-nvr-kayit-cihazi\\\/#breadcrumb\",\"itemListElement\":[{\"@type\":\"ListItem\",\"position\":1,\"name\":\"Ana sayfa\",\"item\":\"https:\\\/\\\/kamerakontrolsistemleri.com\\\/\"},{\"@type\":\"ListItem\",\"position\":2,\"name\":\"\u00dcr\u00fcnler\",\"item\":\"https:\\\/\\\/kamerakontrolsistemleri.com\\\/index.php\\\/urunler\\\/\"},{\"@type\":\"ListItem\",\"position\":3,\"name\":\"Dahua NVR5816-16P-4KS2E 16 Kanal 4K Poe&#8217; li NVR Kay\u0131t Cihaz\u0131\"}]},{\"@type\":\"WebSite\",\"@id\":\"https:\\\/\\\/kamerakontrolsistemleri.com\\\/#website\",\"url\":\"https:\\\/\\\/kamerakontrolsistemleri.com\\\/\",\"name\":\"Kamera Kontrol Sistemleri\",\"description\":\"Toptan fiyat\u0131na al\u0131\u015fveri\u015f imkan\u0131\",\"publisher\":{\"@id\":\"https:\\\/\\\/kamerakontrolsistemleri.com\\\/#organization\"},\"potentialAction\":[{\"@type\":\"SearchAction\",\"target\":{\"@type\":\"EntryPoint\",\"urlTemplate\":\"https:\\\/\\\/kamerakontrolsistemleri.com\\\/?s={search_term_string}\"},\"query-input\":{\"@type\":\"PropertyValueSpecification\",\"valueRequired\":true,\"valueName\":\"search_term_string\"}}],\"inLanguage\":\"tr\"},{\"@type\":\"Organization\",\"@id\":\"https:\\\/\\\/kamerakontrolsistemleri.com\\\/#organization\",\"name\":\"Akotech G\u00fcvenlik Sistemleri\",\"url\":\"https:\\\/\\\/kamerakontrolsistemleri.com\\\/\",\"logo\":{\"@type\":\"ImageObject\",\"inLanguage\":\"tr\",\"@id\":\"https:\\\/\\\/kamerakontrolsistemleri.com\\\/#\\\/schema\\\/logo\\\/image\\\/\",\"url\":\"https:\\\/\\\/kamerakontrolsistemleri.com\\\/wp-content\\\/uploads\\\/2020\\\/12\\\/37335611_391154311412387_1999192248473878528_o.jpg\",\"contentUrl\":\"https:\\\/\\\/kamerakontrolsistemleri.com\\\/wp-content\\\/uploads\\\/2020\\\/12\\\/37335611_391154311412387_1999192248473878528_o.jpg\",\"width\":1129,\"height\":1129,\"caption\":\"Akotech G\u00fcvenlik Sistemleri\"},\"image\":{\"@id\":\"https:\\\/\\\/kamerakontrolsistemleri.com\\\/#\\\/schema\\\/logo\\\/image\\\/\"},\"sameAs\":[\"https:\\\/\\\/www.facebook.com\\\/akottech\",\"https:\\\/\\\/www.instagram.com\\\/akottechguvenlik\\\/\"]}]}<\/script>\n<!-- \/ Yoast SEO plugin. -->","yoast_head_json":{"title":"Dahua NVR5816-16P-4KS2E 16 Kanal 4K Poe' li NVR Kay\u0131t Cihaz\u0131 - Kamera Kontrol Sistemleri","description":"16 Kanal 16 Kanal PoE (8 e-PoE+8 PoE) 2U 4K H.265 Pro NVR, 16 Kanalda 4ch@4K\/16ch@1080P'e kadar Ger\u00e7ek Zamanl\u0131 \u00d6nizleme&amp;Kay\u0131t ve Oynatma, H.265 \/ H.264 \/ MJPEG \/ MPEG4, 320Mbps Band Geni\u015fli\u011fi, Ak\u0131ll\u0131 Video Analiz Deste\u011fi, 16xAlarm, 1xSes, 6 R\u00f6le \u00e7\u0131k\u0131\u015f\u0131, 2HDMI\/VGA E\u015f Zamanl\u0131 Video \u00c7\u0131k\u0131\u015f\u0131, \u00c7oklu Network G\u00f6r\u00fcnt\u00fcleme, GRID Aray\u00fcz, 80 TB'a kadar 8 Sata HDD, 4xUSB ( 2xUSB3.0,2USB2.0 ), 1 E-Sata 16 TB kadar, IPC UPnP, 16xPoE, AC100-240V, N+M fail Over Deste\u011fi, RAID 0\/1\/5\/6\/10 Deste\u011fi, \u00d6l\u00e7\u00fcler : 440mm\u00d7450.1mm\u00d795mm","robots":{"index":"index","follow":"follow","max-snippet":"max-snippet:-1","max-image-preview":"max-image-preview:large","max-video-preview":"max-video-preview:-1"},"canonical":"https:\/\/kamerakontrolsistemleri.com\/index.php\/product\/dahua-nvr5816-16p-4ks2e-16-kanal-4k-poe-li-nvr-kayit-cihazi\/","og_locale":"tr_TR","og_type":"article","og_title":"Dahua NVR5816-16P-4KS2E 16 Kanal 4K Poe' li NVR Kay\u0131t Cihaz\u0131 - Kamera Kontrol Sistemleri","og_description":"16 Kanal 16 Kanal PoE (8 e-PoE+8 PoE) 2U 4K H.265 Pro NVR, 16 Kanalda 4ch@4K\/16ch@1080P'e kadar Ger\u00e7ek Zamanl\u0131 \u00d6nizleme&amp;Kay\u0131t ve Oynatma, H.265 \/ H.264 \/ MJPEG \/ MPEG4, 320Mbps Band Geni\u015fli\u011fi, Ak\u0131ll\u0131 Video Analiz Deste\u011fi, 16xAlarm, 1xSes, 6 R\u00f6le \u00e7\u0131k\u0131\u015f\u0131, 2HDMI\/VGA E\u015f Zamanl\u0131 Video \u00c7\u0131k\u0131\u015f\u0131, \u00c7oklu Network G\u00f6r\u00fcnt\u00fcleme, GRID Aray\u00fcz, 80 TB'a kadar 8 Sata HDD, 4xUSB ( 2xUSB3.0,2USB2.0 ), 1 E-Sata 16 TB kadar, IPC UPnP, 16xPoE, AC100-240V, N+M fail Over Deste\u011fi, RAID 0\/1\/5\/6\/10 Deste\u011fi, \u00d6l\u00e7\u00fcler : 440mm\u00d7450.1mm\u00d795mm","og_url":"https:\/\/kamerakontrolsistemleri.com\/index.php\/product\/dahua-nvr5816-16p-4ks2e-16-kanal-4k-poe-li-nvr-kayit-cihazi\/","og_site_name":"Kamera Kontrol Sistemleri","article_publisher":"https:\/\/www.facebook.com\/akottech","article_modified_time":"2021-01-02T14:54:46+00:00","og_image":[{"width":550,"height":412,"url":"https:\/\/kamerakontrolsistemleri.com\/wp-content\/uploads\/2021\/01\/0000287_dahua-nvr5816-16p-4ks2e-16-kanal-4k-poe-li-nvr-kayit-cihazi_550.jpeg","type":"image\/jpeg"}],"schema":{"@context":"https:\/\/schema.org","@graph":[{"@type":"WebPage","@id":"https:\/\/kamerakontrolsistemleri.com\/index.php\/product\/dahua-nvr5816-16p-4ks2e-16-kanal-4k-poe-li-nvr-kayit-cihazi\/","url":"https:\/\/kamerakontrolsistemleri.com\/index.php\/product\/dahua-nvr5816-16p-4ks2e-16-kanal-4k-poe-li-nvr-kayit-cihazi\/","name":"Dahua NVR5816-16P-4KS2E 16 Kanal 4K Poe' li NVR Kay\u0131t Cihaz\u0131 - Kamera Kontrol Sistemleri","isPartOf":{"@id":"https:\/\/kamerakontrolsistemleri.com\/#website"},"primaryImageOfPage":{"@id":"https:\/\/kamerakontrolsistemleri.com\/index.php\/product\/dahua-nvr5816-16p-4ks2e-16-kanal-4k-poe-li-nvr-kayit-cihazi\/#primaryimage"},"image":{"@id":"https:\/\/kamerakontrolsistemleri.com\/index.php\/product\/dahua-nvr5816-16p-4ks2e-16-kanal-4k-poe-li-nvr-kayit-cihazi\/#primaryimage"},"thumbnailUrl":"https:\/\/kamerakontrolsistemleri.com\/wp-content\/uploads\/2021\/01\/0000287_dahua-nvr5816-16p-4ks2e-16-kanal-4k-poe-li-nvr-kayit-cihazi_550.jpeg","datePublished":"2021-01-02T14:54:04+00:00","dateModified":"2021-01-02T14:54:46+00:00","description":"16 Kanal 16 Kanal PoE (8 e-PoE+8 PoE) 2U 4K H.265 Pro NVR, 16 Kanalda 4ch@4K\/16ch@1080P'e kadar Ger\u00e7ek Zamanl\u0131 \u00d6nizleme&amp;Kay\u0131t ve Oynatma, H.265 \/ H.264 \/ MJPEG \/ MPEG4, 320Mbps Band Geni\u015fli\u011fi, Ak\u0131ll\u0131 Video Analiz Deste\u011fi, 16xAlarm, 1xSes, 6 R\u00f6le \u00e7\u0131k\u0131\u015f\u0131, 2HDMI\/VGA E\u015f Zamanl\u0131 Video \u00c7\u0131k\u0131\u015f\u0131, \u00c7oklu Network G\u00f6r\u00fcnt\u00fcleme, GRID Aray\u00fcz, 80 TB'a kadar 8 Sata HDD, 4xUSB ( 2xUSB3.0,2USB2.0 ), 1 E-Sata 16 TB kadar, IPC UPnP, 16xPoE, AC100-240V, N+M fail Over Deste\u011fi, RAID 0\/1\/5\/6\/10 Deste\u011fi, \u00d6l\u00e7\u00fcler : 440mm\u00d7450.1mm\u00d795mm","breadcrumb":{"@id":"https:\/\/kamerakontrolsistemleri.com\/index.php\/product\/dahua-nvr5816-16p-4ks2e-16-kanal-4k-poe-li-nvr-kayit-cihazi\/#breadcrumb"},"inLanguage":"tr","potentialAction":[{"@type":"ReadAction","target":["https:\/\/kamerakontrolsistemleri.com\/index.php\/product\/dahua-nvr5816-16p-4ks2e-16-kanal-4k-poe-li-nvr-kayit-cihazi\/"]}]},{"@type":"ImageObject","inLanguage":"tr","@id":"https:\/\/kamerakontrolsistemleri.com\/index.php\/product\/dahua-nvr5816-16p-4ks2e-16-kanal-4k-poe-li-nvr-kayit-cihazi\/#primaryimage","url":"https:\/\/kamerakontrolsistemleri.com\/wp-content\/uploads\/2021\/01\/0000287_dahua-nvr5816-16p-4ks2e-16-kanal-4k-poe-li-nvr-kayit-cihazi_550.jpeg","contentUrl":"https:\/\/kamerakontrolsistemleri.com\/wp-content\/uploads\/2021\/01\/0000287_dahua-nvr5816-16p-4ks2e-16-kanal-4k-poe-li-nvr-kayit-cihazi_550.jpeg","width":550,"height":412},{"@type":"BreadcrumbList","@id":"https:\/\/kamerakontrolsistemleri.com\/index.php\/product\/dahua-nvr5816-16p-4ks2e-16-kanal-4k-poe-li-nvr-kayit-cihazi\/#breadcrumb","itemListElement":[{"@type":"ListItem","position":1,"name":"Ana sayfa","item":"https:\/\/kamerakontrolsistemleri.com\/"},{"@type":"ListItem","position":2,"name":"\u00dcr\u00fcnler","item":"https:\/\/kamerakontrolsistemleri.com\/index.php\/urunler\/"},{"@type":"ListItem","position":3,"name":"Dahua NVR5816-16P-4KS2E 16 Kanal 4K Poe&#8217; li NVR Kay\u0131t Cihaz\u0131"}]},{"@type":"WebSite","@id":"https:\/\/kamerakontrolsistemleri.com\/#website","url":"https:\/\/kamerakontrolsistemleri.com\/","name":"Kamera Kontrol Sistemleri","description":"Toptan fiyat\u0131na al\u0131\u015fveri\u015f imkan\u0131","publisher":{"@id":"https:\/\/kamerakontrolsistemleri.com\/#organization"},"potentialAction":[{"@type":"SearchAction","target":{"@type":"EntryPoint","urlTemplate":"https:\/\/kamerakontrolsistemleri.com\/?s={search_term_string}"},"query-input":{"@type":"PropertyValueSpecification","valueRequired":true,"valueName":"search_term_string"}}],"inLanguage":"tr"},{"@type":"Organization","@id":"https:\/\/kamerakontrolsistemleri.com\/#organization","name":"Akotech G\u00fcvenlik Sistemleri","url":"https:\/\/kamerakontrolsistemleri.com\/","logo":{"@type":"ImageObject","inLanguage":"tr","@id":"https:\/\/kamerakontrolsistemleri.com\/#\/schema\/logo\/image\/","url":"https:\/\/kamerakontrolsistemleri.com\/wp-content\/uploads\/2020\/12\/37335611_391154311412387_1999192248473878528_o.jpg","contentUrl":"https:\/\/kamerakontrolsistemleri.com\/wp-content\/uploads\/2020\/12\/37335611_391154311412387_1999192248473878528_o.jpg","width":1129,"height":1129,"caption":"Akotech G\u00fcvenlik Sistemleri"},"image":{"@id":"https:\/\/kamerakontrolsistemleri.com\/#\/schema\/logo\/image\/"},"sameAs":["https:\/\/www.facebook.com\/akottech","https:\/\/www.instagram.com\/akottechguvenlik\/"]}]}},"jetpack_sharing_enabled":true,"_links":{"self":[{"href":"https:\/\/kamerakontrolsistemleri.com\/index.php\/wp-json\/wp\/v2\/product\/12390","targetHints":{"allow":["GET"]}}],"collection":[{"href":"https:\/\/kamerakontrolsistemleri.com\/index.php\/wp-json\/wp\/v2\/product"}],"about":[{"href":"https:\/\/kamerakontrolsistemleri.com\/index.php\/wp-json\/wp\/v2\/types\/product"}],"version-history":[{"count":0,"href":"https:\/\/kamerakontrolsistemleri.com\/index.php\/wp-json\/wp\/v2\/product\/12390\/revisions"}],"wp:featuredmedia":[{"embeddable":true,"href":"https:\/\/kamerakontrolsistemleri.com\/index.php\/wp-json\/wp\/v2\/media\/12391"}],"wp:attachment":[{"href":"https:\/\/kamerakontrolsistemleri.com\/index.php\/wp-json\/wp\/v2\/media?parent=12390"}],"wp:term":[{"taxonomy":"product_brand","embeddable":true,"href":"https:\/\/kamerakontrolsistemleri.com\/index.php\/wp-json\/wp\/v2\/product_brand?post=12390"},{"taxonomy":"product_cat","embeddable":true,"href":"https:\/\/kamerakontrolsistemleri.com\/index.php\/wp-json\/wp\/v2\/product_cat?post=12390"},{"taxonomy":"product_tag","embeddable":true,"href":"https:\/\/kamerakontrolsistemleri.com\/index.php\/wp-json\/wp\/v2\/product_tag?post=12390"}],"curies":[{"name":"wp","href":"https:\/\/api.w.org\/{rel}","templated":true}]}}