{"id":12482,"date":"2021-01-02T19:38:40","date_gmt":"2021-01-02T16:38:40","guid":{"rendered":"https:\/\/kamerakontrolsistemleri.com\/?post_type=product&#038;p=12482"},"modified":"2021-01-02T19:40:02","modified_gmt":"2021-01-02T16:40:02","slug":"dahua-ipc-hfw4431ep-se-0360b-4mp-ip-ir-bullet-kamera","status":"publish","type":"product","link":"https:\/\/kamerakontrolsistemleri.com\/index.php\/product\/dahua-ipc-hfw4431ep-se-0360b-4mp-ip-ir-bullet-kamera\/","title":{"rendered":"Dahua IPC-HFW4431EP-SE-0360B 4MP IP IR Bullet Kamera"},"content":{"rendered":"","protected":false},"excerpt":{"rendered":"<div class=\"short-description\">4 MP H.265 WDR IR Bullet IP Kamera &#8211; e-PoE 3,6 mm lens, H: 83\u00b0, 1\/3\u201d 4 MP Progressive scan CMOS ,25\/30fps@4M(2688\u00d71520), H.265\/H.264 Ak\u0131ll\u0131 \u00fc\u00e7l\u00fc yay\u0131n ,0.06Lux\/F1.6( Color,1\/3s,30IRE), 0.3Lux\/F1.6( Color,1\/30s,30IRE), S\/B 0 Lux,F.1.6, WDR (120dB),Day\/Night(ICR), AWB, AGC, BLC,HLC, 3D-DNR, Flip, Mirror, Privacy Masking, Y\u00fcz Alg\u0131lama, Dikenli Tel \u0130hlali Tespiti, Sald\u0131r\u0131 Tespiti, Sahne De\u011fi\u015fimi Alg\u0131lama, Kay\u0131p\/Unutulmu\u015f E\u015fya Alg\u0131lama, Ses Alg\u0131lama, IR LED G.Mesafesi: 40m, 1\/1xAlarm, 1\/1ses ,1xRJ45(100M), Max. 128Gb Micro SD Memory, IP67, PoE. Opsiyonel Uyumlu aksesuarlar: PFA121 , PFA152-E . ePoE&#8217;li switch veya e-PoE&#8217;li NVR ile kullan\u0131ld\u0131\u011f\u0131nda tek par\u00e7a CAT6 Kablo ile 800 metrede \u00e7al\u0131\u015fabilme \u00f6zelli\u011fi vard\u0131r.<\/div>\n<div class=\"prices\"><\/div>\n","protected":false},"featured_media":12480,"template":"","meta":[],"product_brand":[],"product_cat":[130,131],"product_tag":[],"class_list":{"0":"post-12482","1":"product","2":"type-product","3":"status-publish","4":"has-post-thumbnail","6":"product_cat-ip-kameralar","7":"product_cat-ir-bullet-kameralar","8":"pa_marka-dahua","10":"first","11":"instock","12":"taxable","13":"shipping-taxable","14":"purchasable","15":"product-type-simple"},"yoast_head":"<!-- This site is optimized with the Yoast SEO plugin v27.3 - https:\/\/yoast.com\/product\/yoast-seo-wordpress\/ -->\n<title>Dahua IPC-HFW4431EP-SE-0360B 4MP IP IR Bullet Kamera - Kamera Kontrol Sistemleri<\/title>\n<meta name=\"description\" content=\"4 MP H.265 WDR IR Bullet IP Kamera - e-PoE 3,6 mm lens, H: 83\u00b0, 1\/3\u201d 4 MP Progressive scan CMOS ,25\/30fps@4M(2688\u00d71520), H.265\/H.264 Ak\u0131ll\u0131 \u00fc\u00e7l\u00fc yay\u0131n ,0.06Lux\/F1.6( Color,1\/3s,30IRE), 0.3Lux\/F1.6( Color,1\/30s,30IRE), S\/B 0 Lux,F.1.6, WDR (120dB),Day\/Night(ICR), AWB, AGC, BLC,HLC, 3D-DNR, Flip, Mirror, Privacy Masking, Y\u00fcz Alg\u0131lama, Dikenli Tel \u0130hlali Tespiti, Sald\u0131r\u0131 Tespiti, Sahne De\u011fi\u015fimi Alg\u0131lama, Kay\u0131p\/Unutulmu\u015f E\u015fya Alg\u0131lama, Ses Alg\u0131lama, IR LED G.Mesafesi: 40m, 1\/1xAlarm, 1\/1ses ,1xRJ45(100M), Max. 128Gb Micro SD Memory, IP67, PoE. Opsiyonel Uyumlu aksesuarlar: PFA121 , PFA152-E . ePoE&#039;li switch veya e-PoE&#039;li NVR ile kullan\u0131ld\u0131\u011f\u0131nda tek par\u00e7a CAT6 Kablo ile 800 metrede \u00e7al\u0131\u015fabilme \u00f6zelli\u011fi vard\u0131r.\" \/>\n<meta name=\"robots\" content=\"index, follow, max-snippet:-1, max-image-preview:large, max-video-preview:-1\" \/>\n<link rel=\"canonical\" href=\"https:\/\/kamerakontrolsistemleri.com\/index.php\/product\/dahua-ipc-hfw4431ep-se-0360b-4mp-ip-ir-bullet-kamera\/\" \/>\n<meta property=\"og:locale\" content=\"tr_TR\" \/>\n<meta property=\"og:type\" content=\"article\" \/>\n<meta property=\"og:title\" content=\"Dahua IPC-HFW4431EP-SE-0360B 4MP IP IR Bullet Kamera - Kamera Kontrol Sistemleri\" \/>\n<meta property=\"og:description\" content=\"4 MP H.265 WDR IR Bullet IP Kamera - e-PoE 3,6 mm lens, H: 83\u00b0, 1\/3\u201d 4 MP Progressive scan CMOS ,25\/30fps@4M(2688\u00d71520), H.265\/H.264 Ak\u0131ll\u0131 \u00fc\u00e7l\u00fc yay\u0131n ,0.06Lux\/F1.6( Color,1\/3s,30IRE), 0.3Lux\/F1.6( Color,1\/30s,30IRE), S\/B 0 Lux,F.1.6, WDR (120dB),Day\/Night(ICR), AWB, AGC, BLC,HLC, 3D-DNR, Flip, Mirror, Privacy Masking, Y\u00fcz Alg\u0131lama, Dikenli Tel \u0130hlali Tespiti, Sald\u0131r\u0131 Tespiti, Sahne De\u011fi\u015fimi Alg\u0131lama, Kay\u0131p\/Unutulmu\u015f E\u015fya Alg\u0131lama, Ses Alg\u0131lama, IR LED G.Mesafesi: 40m, 1\/1xAlarm, 1\/1ses ,1xRJ45(100M), Max. 128Gb Micro SD Memory, IP67, PoE. Opsiyonel Uyumlu aksesuarlar: PFA121 , PFA152-E . ePoE&#039;li switch veya e-PoE&#039;li NVR ile kullan\u0131ld\u0131\u011f\u0131nda tek par\u00e7a CAT6 Kablo ile 800 metrede \u00e7al\u0131\u015fabilme \u00f6zelli\u011fi vard\u0131r.\" \/>\n<meta property=\"og:url\" content=\"https:\/\/kamerakontrolsistemleri.com\/index.php\/product\/dahua-ipc-hfw4431ep-se-0360b-4mp-ip-ir-bullet-kamera\/\" \/>\n<meta property=\"og:site_name\" content=\"Kamera Kontrol Sistemleri\" \/>\n<meta property=\"article:publisher\" content=\"https:\/\/www.facebook.com\/akottech\" \/>\n<meta property=\"article:modified_time\" content=\"2021-01-02T16:40:02+00:00\" \/>\n<meta property=\"og:image\" content=\"https:\/\/kamerakontrolsistemleri.com\/wp-content\/uploads\/2021\/01\/0000272_dahua-ipc-hfw4431tp-ase-0360b-4mp-ip-ir-bullet-kamera_550.png\" \/>\n\t<meta property=\"og:image:width\" content=\"550\" \/>\n\t<meta property=\"og:image:height\" content=\"550\" \/>\n\t<meta property=\"og:image:type\" content=\"image\/png\" \/>\n<script type=\"application\/ld+json\" class=\"yoast-schema-graph\">{\"@context\":\"https:\\\/\\\/schema.org\",\"@graph\":[{\"@type\":\"WebPage\",\"@id\":\"https:\\\/\\\/kamerakontrolsistemleri.com\\\/index.php\\\/product\\\/dahua-ipc-hfw4431ep-se-0360b-4mp-ip-ir-bullet-kamera\\\/\",\"url\":\"https:\\\/\\\/kamerakontrolsistemleri.com\\\/index.php\\\/product\\\/dahua-ipc-hfw4431ep-se-0360b-4mp-ip-ir-bullet-kamera\\\/\",\"name\":\"Dahua IPC-HFW4431EP-SE-0360B 4MP IP IR Bullet Kamera - Kamera Kontrol Sistemleri\",\"isPartOf\":{\"@id\":\"https:\\\/\\\/kamerakontrolsistemleri.com\\\/#website\"},\"primaryImageOfPage\":{\"@id\":\"https:\\\/\\\/kamerakontrolsistemleri.com\\\/index.php\\\/product\\\/dahua-ipc-hfw4431ep-se-0360b-4mp-ip-ir-bullet-kamera\\\/#primaryimage\"},\"image\":{\"@id\":\"https:\\\/\\\/kamerakontrolsistemleri.com\\\/index.php\\\/product\\\/dahua-ipc-hfw4431ep-se-0360b-4mp-ip-ir-bullet-kamera\\\/#primaryimage\"},\"thumbnailUrl\":\"https:\\\/\\\/kamerakontrolsistemleri.com\\\/wp-content\\\/uploads\\\/2021\\\/01\\\/0000272_dahua-ipc-hfw4431tp-ase-0360b-4mp-ip-ir-bullet-kamera_550.png\",\"datePublished\":\"2021-01-02T16:38:40+00:00\",\"dateModified\":\"2021-01-02T16:40:02+00:00\",\"description\":\"4 MP H.265 WDR IR Bullet IP Kamera - e-PoE 3,6 mm lens, H: 83\u00b0, 1\\\/3\u201d 4 MP Progressive scan CMOS ,25\\\/30fps@4M(2688\u00d71520), H.265\\\/H.264 Ak\u0131ll\u0131 \u00fc\u00e7l\u00fc yay\u0131n ,0.06Lux\\\/F1.6( Color,1\\\/3s,30IRE), 0.3Lux\\\/F1.6( Color,1\\\/30s,30IRE), S\\\/B 0 Lux,F.1.6, WDR (120dB),Day\\\/Night(ICR), AWB, AGC, BLC,HLC, 3D-DNR, Flip, Mirror, Privacy Masking, Y\u00fcz Alg\u0131lama, Dikenli Tel \u0130hlali Tespiti, Sald\u0131r\u0131 Tespiti, Sahne De\u011fi\u015fimi Alg\u0131lama, Kay\u0131p\\\/Unutulmu\u015f E\u015fya Alg\u0131lama, Ses Alg\u0131lama, IR LED G.Mesafesi: 40m, 1\\\/1xAlarm, 1\\\/1ses ,1xRJ45(100M), Max. 128Gb Micro SD Memory, IP67, PoE. Opsiyonel Uyumlu aksesuarlar: PFA121 , PFA152-E . ePoE'li switch veya e-PoE'li NVR ile kullan\u0131ld\u0131\u011f\u0131nda tek par\u00e7a CAT6 Kablo ile 800 metrede \u00e7al\u0131\u015fabilme \u00f6zelli\u011fi vard\u0131r.\",\"breadcrumb\":{\"@id\":\"https:\\\/\\\/kamerakontrolsistemleri.com\\\/index.php\\\/product\\\/dahua-ipc-hfw4431ep-se-0360b-4mp-ip-ir-bullet-kamera\\\/#breadcrumb\"},\"inLanguage\":\"tr\",\"potentialAction\":[{\"@type\":\"ReadAction\",\"target\":[\"https:\\\/\\\/kamerakontrolsistemleri.com\\\/index.php\\\/product\\\/dahua-ipc-hfw4431ep-se-0360b-4mp-ip-ir-bullet-kamera\\\/\"]}]},{\"@type\":\"ImageObject\",\"inLanguage\":\"tr\",\"@id\":\"https:\\\/\\\/kamerakontrolsistemleri.com\\\/index.php\\\/product\\\/dahua-ipc-hfw4431ep-se-0360b-4mp-ip-ir-bullet-kamera\\\/#primaryimage\",\"url\":\"https:\\\/\\\/kamerakontrolsistemleri.com\\\/wp-content\\\/uploads\\\/2021\\\/01\\\/0000272_dahua-ipc-hfw4431tp-ase-0360b-4mp-ip-ir-bullet-kamera_550.png\",\"contentUrl\":\"https:\\\/\\\/kamerakontrolsistemleri.com\\\/wp-content\\\/uploads\\\/2021\\\/01\\\/0000272_dahua-ipc-hfw4431tp-ase-0360b-4mp-ip-ir-bullet-kamera_550.png\",\"width\":550,\"height\":550},{\"@type\":\"BreadcrumbList\",\"@id\":\"https:\\\/\\\/kamerakontrolsistemleri.com\\\/index.php\\\/product\\\/dahua-ipc-hfw4431ep-se-0360b-4mp-ip-ir-bullet-kamera\\\/#breadcrumb\",\"itemListElement\":[{\"@type\":\"ListItem\",\"position\":1,\"name\":\"Ana sayfa\",\"item\":\"https:\\\/\\\/kamerakontrolsistemleri.com\\\/\"},{\"@type\":\"ListItem\",\"position\":2,\"name\":\"\u00dcr\u00fcnler\",\"item\":\"https:\\\/\\\/kamerakontrolsistemleri.com\\\/index.php\\\/urunler\\\/\"},{\"@type\":\"ListItem\",\"position\":3,\"name\":\"Dahua IPC-HFW4431EP-SE-0360B 4MP IP IR Bullet Kamera\"}]},{\"@type\":\"WebSite\",\"@id\":\"https:\\\/\\\/kamerakontrolsistemleri.com\\\/#website\",\"url\":\"https:\\\/\\\/kamerakontrolsistemleri.com\\\/\",\"name\":\"Kamera Kontrol Sistemleri\",\"description\":\"Toptan fiyat\u0131na al\u0131\u015fveri\u015f imkan\u0131\",\"publisher\":{\"@id\":\"https:\\\/\\\/kamerakontrolsistemleri.com\\\/#organization\"},\"potentialAction\":[{\"@type\":\"SearchAction\",\"target\":{\"@type\":\"EntryPoint\",\"urlTemplate\":\"https:\\\/\\\/kamerakontrolsistemleri.com\\\/?s={search_term_string}\"},\"query-input\":{\"@type\":\"PropertyValueSpecification\",\"valueRequired\":true,\"valueName\":\"search_term_string\"}}],\"inLanguage\":\"tr\"},{\"@type\":\"Organization\",\"@id\":\"https:\\\/\\\/kamerakontrolsistemleri.com\\\/#organization\",\"name\":\"Akotech G\u00fcvenlik Sistemleri\",\"url\":\"https:\\\/\\\/kamerakontrolsistemleri.com\\\/\",\"logo\":{\"@type\":\"ImageObject\",\"inLanguage\":\"tr\",\"@id\":\"https:\\\/\\\/kamerakontrolsistemleri.com\\\/#\\\/schema\\\/logo\\\/image\\\/\",\"url\":\"https:\\\/\\\/kamerakontrolsistemleri.com\\\/wp-content\\\/uploads\\\/2020\\\/12\\\/37335611_391154311412387_1999192248473878528_o.jpg\",\"contentUrl\":\"https:\\\/\\\/kamerakontrolsistemleri.com\\\/wp-content\\\/uploads\\\/2020\\\/12\\\/37335611_391154311412387_1999192248473878528_o.jpg\",\"width\":1129,\"height\":1129,\"caption\":\"Akotech G\u00fcvenlik Sistemleri\"},\"image\":{\"@id\":\"https:\\\/\\\/kamerakontrolsistemleri.com\\\/#\\\/schema\\\/logo\\\/image\\\/\"},\"sameAs\":[\"https:\\\/\\\/www.facebook.com\\\/akottech\",\"https:\\\/\\\/www.instagram.com\\\/akottechguvenlik\\\/\"]}]}<\/script>\n<!-- \/ Yoast SEO plugin. -->","yoast_head_json":{"title":"Dahua IPC-HFW4431EP-SE-0360B 4MP IP IR Bullet Kamera - Kamera Kontrol Sistemleri","description":"4 MP H.265 WDR IR Bullet IP Kamera - e-PoE 3,6 mm lens, H: 83\u00b0, 1\/3\u201d 4 MP Progressive scan CMOS ,25\/30fps@4M(2688\u00d71520), H.265\/H.264 Ak\u0131ll\u0131 \u00fc\u00e7l\u00fc yay\u0131n ,0.06Lux\/F1.6( Color,1\/3s,30IRE), 0.3Lux\/F1.6( Color,1\/30s,30IRE), S\/B 0 Lux,F.1.6, WDR (120dB),Day\/Night(ICR), AWB, AGC, BLC,HLC, 3D-DNR, Flip, Mirror, Privacy Masking, Y\u00fcz Alg\u0131lama, Dikenli Tel \u0130hlali Tespiti, Sald\u0131r\u0131 Tespiti, Sahne De\u011fi\u015fimi Alg\u0131lama, Kay\u0131p\/Unutulmu\u015f E\u015fya Alg\u0131lama, Ses Alg\u0131lama, IR LED G.Mesafesi: 40m, 1\/1xAlarm, 1\/1ses ,1xRJ45(100M), Max. 128Gb Micro SD Memory, IP67, PoE. Opsiyonel Uyumlu aksesuarlar: PFA121 , PFA152-E . ePoE'li switch veya e-PoE'li NVR ile kullan\u0131ld\u0131\u011f\u0131nda tek par\u00e7a CAT6 Kablo ile 800 metrede \u00e7al\u0131\u015fabilme \u00f6zelli\u011fi vard\u0131r.","robots":{"index":"index","follow":"follow","max-snippet":"max-snippet:-1","max-image-preview":"max-image-preview:large","max-video-preview":"max-video-preview:-1"},"canonical":"https:\/\/kamerakontrolsistemleri.com\/index.php\/product\/dahua-ipc-hfw4431ep-se-0360b-4mp-ip-ir-bullet-kamera\/","og_locale":"tr_TR","og_type":"article","og_title":"Dahua IPC-HFW4431EP-SE-0360B 4MP IP IR Bullet Kamera - Kamera Kontrol Sistemleri","og_description":"4 MP H.265 WDR IR Bullet IP Kamera - e-PoE 3,6 mm lens, H: 83\u00b0, 1\/3\u201d 4 MP Progressive scan CMOS ,25\/30fps@4M(2688\u00d71520), H.265\/H.264 Ak\u0131ll\u0131 \u00fc\u00e7l\u00fc yay\u0131n ,0.06Lux\/F1.6( Color,1\/3s,30IRE), 0.3Lux\/F1.6( Color,1\/30s,30IRE), S\/B 0 Lux,F.1.6, WDR (120dB),Day\/Night(ICR), AWB, AGC, BLC,HLC, 3D-DNR, Flip, Mirror, Privacy Masking, Y\u00fcz Alg\u0131lama, Dikenli Tel \u0130hlali Tespiti, Sald\u0131r\u0131 Tespiti, Sahne De\u011fi\u015fimi Alg\u0131lama, Kay\u0131p\/Unutulmu\u015f E\u015fya Alg\u0131lama, Ses Alg\u0131lama, IR LED G.Mesafesi: 40m, 1\/1xAlarm, 1\/1ses ,1xRJ45(100M), Max. 128Gb Micro SD Memory, IP67, PoE. Opsiyonel Uyumlu aksesuarlar: PFA121 , PFA152-E . ePoE'li switch veya e-PoE'li NVR ile kullan\u0131ld\u0131\u011f\u0131nda tek par\u00e7a CAT6 Kablo ile 800 metrede \u00e7al\u0131\u015fabilme \u00f6zelli\u011fi vard\u0131r.","og_url":"https:\/\/kamerakontrolsistemleri.com\/index.php\/product\/dahua-ipc-hfw4431ep-se-0360b-4mp-ip-ir-bullet-kamera\/","og_site_name":"Kamera Kontrol Sistemleri","article_publisher":"https:\/\/www.facebook.com\/akottech","article_modified_time":"2021-01-02T16:40:02+00:00","og_image":[{"width":550,"height":550,"url":"https:\/\/kamerakontrolsistemleri.com\/wp-content\/uploads\/2021\/01\/0000272_dahua-ipc-hfw4431tp-ase-0360b-4mp-ip-ir-bullet-kamera_550.png","type":"image\/png"}],"schema":{"@context":"https:\/\/schema.org","@graph":[{"@type":"WebPage","@id":"https:\/\/kamerakontrolsistemleri.com\/index.php\/product\/dahua-ipc-hfw4431ep-se-0360b-4mp-ip-ir-bullet-kamera\/","url":"https:\/\/kamerakontrolsistemleri.com\/index.php\/product\/dahua-ipc-hfw4431ep-se-0360b-4mp-ip-ir-bullet-kamera\/","name":"Dahua IPC-HFW4431EP-SE-0360B 4MP IP IR Bullet Kamera - Kamera Kontrol Sistemleri","isPartOf":{"@id":"https:\/\/kamerakontrolsistemleri.com\/#website"},"primaryImageOfPage":{"@id":"https:\/\/kamerakontrolsistemleri.com\/index.php\/product\/dahua-ipc-hfw4431ep-se-0360b-4mp-ip-ir-bullet-kamera\/#primaryimage"},"image":{"@id":"https:\/\/kamerakontrolsistemleri.com\/index.php\/product\/dahua-ipc-hfw4431ep-se-0360b-4mp-ip-ir-bullet-kamera\/#primaryimage"},"thumbnailUrl":"https:\/\/kamerakontrolsistemleri.com\/wp-content\/uploads\/2021\/01\/0000272_dahua-ipc-hfw4431tp-ase-0360b-4mp-ip-ir-bullet-kamera_550.png","datePublished":"2021-01-02T16:38:40+00:00","dateModified":"2021-01-02T16:40:02+00:00","description":"4 MP H.265 WDR IR Bullet IP Kamera - e-PoE 3,6 mm lens, H: 83\u00b0, 1\/3\u201d 4 MP Progressive scan CMOS ,25\/30fps@4M(2688\u00d71520), H.265\/H.264 Ak\u0131ll\u0131 \u00fc\u00e7l\u00fc yay\u0131n ,0.06Lux\/F1.6( Color,1\/3s,30IRE), 0.3Lux\/F1.6( Color,1\/30s,30IRE), S\/B 0 Lux,F.1.6, WDR (120dB),Day\/Night(ICR), AWB, AGC, BLC,HLC, 3D-DNR, Flip, Mirror, Privacy Masking, Y\u00fcz Alg\u0131lama, Dikenli Tel \u0130hlali Tespiti, Sald\u0131r\u0131 Tespiti, Sahne De\u011fi\u015fimi Alg\u0131lama, Kay\u0131p\/Unutulmu\u015f E\u015fya Alg\u0131lama, Ses Alg\u0131lama, IR LED G.Mesafesi: 40m, 1\/1xAlarm, 1\/1ses ,1xRJ45(100M), Max. 128Gb Micro SD Memory, IP67, PoE. Opsiyonel Uyumlu aksesuarlar: PFA121 , PFA152-E . ePoE'li switch veya e-PoE'li NVR ile kullan\u0131ld\u0131\u011f\u0131nda tek par\u00e7a CAT6 Kablo ile 800 metrede \u00e7al\u0131\u015fabilme \u00f6zelli\u011fi vard\u0131r.","breadcrumb":{"@id":"https:\/\/kamerakontrolsistemleri.com\/index.php\/product\/dahua-ipc-hfw4431ep-se-0360b-4mp-ip-ir-bullet-kamera\/#breadcrumb"},"inLanguage":"tr","potentialAction":[{"@type":"ReadAction","target":["https:\/\/kamerakontrolsistemleri.com\/index.php\/product\/dahua-ipc-hfw4431ep-se-0360b-4mp-ip-ir-bullet-kamera\/"]}]},{"@type":"ImageObject","inLanguage":"tr","@id":"https:\/\/kamerakontrolsistemleri.com\/index.php\/product\/dahua-ipc-hfw4431ep-se-0360b-4mp-ip-ir-bullet-kamera\/#primaryimage","url":"https:\/\/kamerakontrolsistemleri.com\/wp-content\/uploads\/2021\/01\/0000272_dahua-ipc-hfw4431tp-ase-0360b-4mp-ip-ir-bullet-kamera_550.png","contentUrl":"https:\/\/kamerakontrolsistemleri.com\/wp-content\/uploads\/2021\/01\/0000272_dahua-ipc-hfw4431tp-ase-0360b-4mp-ip-ir-bullet-kamera_550.png","width":550,"height":550},{"@type":"BreadcrumbList","@id":"https:\/\/kamerakontrolsistemleri.com\/index.php\/product\/dahua-ipc-hfw4431ep-se-0360b-4mp-ip-ir-bullet-kamera\/#breadcrumb","itemListElement":[{"@type":"ListItem","position":1,"name":"Ana sayfa","item":"https:\/\/kamerakontrolsistemleri.com\/"},{"@type":"ListItem","position":2,"name":"\u00dcr\u00fcnler","item":"https:\/\/kamerakontrolsistemleri.com\/index.php\/urunler\/"},{"@type":"ListItem","position":3,"name":"Dahua IPC-HFW4431EP-SE-0360B 4MP IP IR Bullet Kamera"}]},{"@type":"WebSite","@id":"https:\/\/kamerakontrolsistemleri.com\/#website","url":"https:\/\/kamerakontrolsistemleri.com\/","name":"Kamera Kontrol Sistemleri","description":"Toptan fiyat\u0131na al\u0131\u015fveri\u015f imkan\u0131","publisher":{"@id":"https:\/\/kamerakontrolsistemleri.com\/#organization"},"potentialAction":[{"@type":"SearchAction","target":{"@type":"EntryPoint","urlTemplate":"https:\/\/kamerakontrolsistemleri.com\/?s={search_term_string}"},"query-input":{"@type":"PropertyValueSpecification","valueRequired":true,"valueName":"search_term_string"}}],"inLanguage":"tr"},{"@type":"Organization","@id":"https:\/\/kamerakontrolsistemleri.com\/#organization","name":"Akotech G\u00fcvenlik Sistemleri","url":"https:\/\/kamerakontrolsistemleri.com\/","logo":{"@type":"ImageObject","inLanguage":"tr","@id":"https:\/\/kamerakontrolsistemleri.com\/#\/schema\/logo\/image\/","url":"https:\/\/kamerakontrolsistemleri.com\/wp-content\/uploads\/2020\/12\/37335611_391154311412387_1999192248473878528_o.jpg","contentUrl":"https:\/\/kamerakontrolsistemleri.com\/wp-content\/uploads\/2020\/12\/37335611_391154311412387_1999192248473878528_o.jpg","width":1129,"height":1129,"caption":"Akotech G\u00fcvenlik Sistemleri"},"image":{"@id":"https:\/\/kamerakontrolsistemleri.com\/#\/schema\/logo\/image\/"},"sameAs":["https:\/\/www.facebook.com\/akottech","https:\/\/www.instagram.com\/akottechguvenlik\/"]}]}},"jetpack_sharing_enabled":true,"_links":{"self":[{"href":"https:\/\/kamerakontrolsistemleri.com\/index.php\/wp-json\/wp\/v2\/product\/12482","targetHints":{"allow":["GET"]}}],"collection":[{"href":"https:\/\/kamerakontrolsistemleri.com\/index.php\/wp-json\/wp\/v2\/product"}],"about":[{"href":"https:\/\/kamerakontrolsistemleri.com\/index.php\/wp-json\/wp\/v2\/types\/product"}],"version-history":[{"count":0,"href":"https:\/\/kamerakontrolsistemleri.com\/index.php\/wp-json\/wp\/v2\/product\/12482\/revisions"}],"wp:featuredmedia":[{"embeddable":true,"href":"https:\/\/kamerakontrolsistemleri.com\/index.php\/wp-json\/wp\/v2\/media\/12480"}],"wp:attachment":[{"href":"https:\/\/kamerakontrolsistemleri.com\/index.php\/wp-json\/wp\/v2\/media?parent=12482"}],"wp:term":[{"taxonomy":"product_brand","embeddable":true,"href":"https:\/\/kamerakontrolsistemleri.com\/index.php\/wp-json\/wp\/v2\/product_brand?post=12482"},{"taxonomy":"product_cat","embeddable":true,"href":"https:\/\/kamerakontrolsistemleri.com\/index.php\/wp-json\/wp\/v2\/product_cat?post=12482"},{"taxonomy":"product_tag","embeddable":true,"href":"https:\/\/kamerakontrolsistemleri.com\/index.php\/wp-json\/wp\/v2\/product_tag?post=12482"}],"curies":[{"name":"wp","href":"https:\/\/api.w.org\/{rel}","templated":true}]}}