{"id":12520,"date":"2021-01-02T20:01:45","date_gmt":"2021-01-02T17:01:45","guid":{"rendered":"https:\/\/kamerakontrolsistemleri.com\/?post_type=product&#038;p=12520"},"modified":"2021-01-02T20:02:00","modified_gmt":"2021-01-02T17:02:00","slug":"dahua-ipc-cb1c20-0360b-2mp-ir-bullet-kamera","status":"publish","type":"product","link":"https:\/\/kamerakontrolsistemleri.com\/index.php\/product\/dahua-ipc-cb1c20-0360b-2mp-ir-bullet-kamera\/","title":{"rendered":"Dahua IPC-CB1C20-0360B 2MP IR Bullet Kamera"},"content":{"rendered":"","protected":false},"excerpt":{"rendered":"<div class=\"short-description\">1 \/ 2.7\u201c CMOS Sens\u00f6r, 3.6mm Sabit Lens, 0.09 L\u00fcx Renkli BLC\/HLC\/DWDR, 3DNR, AWB, AGC, ICR IP67, PoE, 25fps@1080p, Metal+Plastik Kasa<\/div>\n<div class=\"prices\"><\/div>\n","protected":false},"featured_media":12521,"template":"","meta":[],"product_brand":[],"product_cat":[130,131],"product_tag":[],"class_list":{"0":"post-12520","1":"product","2":"type-product","3":"status-publish","4":"has-post-thumbnail","6":"product_cat-ip-kameralar","7":"product_cat-ir-bullet-kameralar","9":"first","10":"instock","11":"taxable","12":"shipping-taxable","13":"purchasable","14":"product-type-simple"},"yoast_head":"<!-- This site is optimized with the Yoast SEO plugin v27.3 - https:\/\/yoast.com\/product\/yoast-seo-wordpress\/ -->\n<title>Dahua IPC-CB1C20-0360B 2MP IR Bullet Kamera - Kamera Kontrol Sistemleri<\/title>\n<meta name=\"description\" content=\"1 \/ 2.7\u201c CMOS Sens\u00f6r, 3.6mm Sabit Lens, 0.09 L\u00fcx Renkli BLC\/HLC\/DWDR, 3DNR, AWB, AGC, ICR IP67, PoE, 25fps@1080p, Metal+Plastik Kasa\" \/>\n<meta name=\"robots\" content=\"index, follow, max-snippet:-1, max-image-preview:large, max-video-preview:-1\" \/>\n<link rel=\"canonical\" href=\"https:\/\/kamerakontrolsistemleri.com\/index.php\/product\/dahua-ipc-cb1c20-0360b-2mp-ir-bullet-kamera\/\" \/>\n<meta property=\"og:locale\" content=\"tr_TR\" \/>\n<meta property=\"og:type\" content=\"article\" \/>\n<meta property=\"og:title\" content=\"Dahua IPC-CB1C20-0360B 2MP IR Bullet Kamera - Kamera Kontrol Sistemleri\" \/>\n<meta property=\"og:description\" content=\"1 \/ 2.7\u201c CMOS Sens\u00f6r, 3.6mm Sabit Lens, 0.09 L\u00fcx Renkli BLC\/HLC\/DWDR, 3DNR, AWB, AGC, ICR IP67, PoE, 25fps@1080p, Metal+Plastik Kasa\" \/>\n<meta property=\"og:url\" content=\"https:\/\/kamerakontrolsistemleri.com\/index.php\/product\/dahua-ipc-cb1c20-0360b-2mp-ir-bullet-kamera\/\" \/>\n<meta property=\"og:site_name\" content=\"Kamera Kontrol Sistemleri\" \/>\n<meta property=\"article:publisher\" content=\"https:\/\/www.facebook.com\/akottech\" \/>\n<meta property=\"article:modified_time\" content=\"2021-01-02T17:02:00+00:00\" \/>\n<meta property=\"og:image\" content=\"https:\/\/kamerakontrolsistemleri.com\/wp-content\/uploads\/2021\/01\/0000466_dahua-ipc-cb1c20-0360b-2mp-ir-bullet-kamera_550.gif\" \/>\n\t<meta property=\"og:image:width\" content=\"550\" \/>\n\t<meta property=\"og:image:height\" content=\"550\" \/>\n\t<meta property=\"og:image:type\" content=\"image\/gif\" \/>\n<script type=\"application\/ld+json\" class=\"yoast-schema-graph\">{\"@context\":\"https:\\\/\\\/schema.org\",\"@graph\":[{\"@type\":\"WebPage\",\"@id\":\"https:\\\/\\\/kamerakontrolsistemleri.com\\\/index.php\\\/product\\\/dahua-ipc-cb1c20-0360b-2mp-ir-bullet-kamera\\\/\",\"url\":\"https:\\\/\\\/kamerakontrolsistemleri.com\\\/index.php\\\/product\\\/dahua-ipc-cb1c20-0360b-2mp-ir-bullet-kamera\\\/\",\"name\":\"Dahua IPC-CB1C20-0360B 2MP IR Bullet Kamera - Kamera Kontrol Sistemleri\",\"isPartOf\":{\"@id\":\"https:\\\/\\\/kamerakontrolsistemleri.com\\\/#website\"},\"primaryImageOfPage\":{\"@id\":\"https:\\\/\\\/kamerakontrolsistemleri.com\\\/index.php\\\/product\\\/dahua-ipc-cb1c20-0360b-2mp-ir-bullet-kamera\\\/#primaryimage\"},\"image\":{\"@id\":\"https:\\\/\\\/kamerakontrolsistemleri.com\\\/index.php\\\/product\\\/dahua-ipc-cb1c20-0360b-2mp-ir-bullet-kamera\\\/#primaryimage\"},\"thumbnailUrl\":\"https:\\\/\\\/kamerakontrolsistemleri.com\\\/wp-content\\\/uploads\\\/2021\\\/01\\\/0000466_dahua-ipc-cb1c20-0360b-2mp-ir-bullet-kamera_550.gif\",\"datePublished\":\"2021-01-02T17:01:45+00:00\",\"dateModified\":\"2021-01-02T17:02:00+00:00\",\"description\":\"1 \\\/ 2.7\u201c CMOS Sens\u00f6r, 3.6mm Sabit Lens, 0.09 L\u00fcx Renkli BLC\\\/HLC\\\/DWDR, 3DNR, AWB, AGC, ICR IP67, PoE, 25fps@1080p, Metal+Plastik Kasa\",\"breadcrumb\":{\"@id\":\"https:\\\/\\\/kamerakontrolsistemleri.com\\\/index.php\\\/product\\\/dahua-ipc-cb1c20-0360b-2mp-ir-bullet-kamera\\\/#breadcrumb\"},\"inLanguage\":\"tr\",\"potentialAction\":[{\"@type\":\"ReadAction\",\"target\":[\"https:\\\/\\\/kamerakontrolsistemleri.com\\\/index.php\\\/product\\\/dahua-ipc-cb1c20-0360b-2mp-ir-bullet-kamera\\\/\"]}]},{\"@type\":\"ImageObject\",\"inLanguage\":\"tr\",\"@id\":\"https:\\\/\\\/kamerakontrolsistemleri.com\\\/index.php\\\/product\\\/dahua-ipc-cb1c20-0360b-2mp-ir-bullet-kamera\\\/#primaryimage\",\"url\":\"https:\\\/\\\/kamerakontrolsistemleri.com\\\/wp-content\\\/uploads\\\/2021\\\/01\\\/0000466_dahua-ipc-cb1c20-0360b-2mp-ir-bullet-kamera_550.gif\",\"contentUrl\":\"https:\\\/\\\/kamerakontrolsistemleri.com\\\/wp-content\\\/uploads\\\/2021\\\/01\\\/0000466_dahua-ipc-cb1c20-0360b-2mp-ir-bullet-kamera_550.gif\",\"width\":550,\"height\":550},{\"@type\":\"BreadcrumbList\",\"@id\":\"https:\\\/\\\/kamerakontrolsistemleri.com\\\/index.php\\\/product\\\/dahua-ipc-cb1c20-0360b-2mp-ir-bullet-kamera\\\/#breadcrumb\",\"itemListElement\":[{\"@type\":\"ListItem\",\"position\":1,\"name\":\"Ana sayfa\",\"item\":\"https:\\\/\\\/kamerakontrolsistemleri.com\\\/\"},{\"@type\":\"ListItem\",\"position\":2,\"name\":\"\u00dcr\u00fcnler\",\"item\":\"https:\\\/\\\/kamerakontrolsistemleri.com\\\/index.php\\\/urunler\\\/\"},{\"@type\":\"ListItem\",\"position\":3,\"name\":\"Dahua IPC-CB1C20-0360B 2MP IR Bullet Kamera\"}]},{\"@type\":\"WebSite\",\"@id\":\"https:\\\/\\\/kamerakontrolsistemleri.com\\\/#website\",\"url\":\"https:\\\/\\\/kamerakontrolsistemleri.com\\\/\",\"name\":\"Kamera Kontrol Sistemleri\",\"description\":\"Toptan fiyat\u0131na al\u0131\u015fveri\u015f imkan\u0131\",\"publisher\":{\"@id\":\"https:\\\/\\\/kamerakontrolsistemleri.com\\\/#organization\"},\"potentialAction\":[{\"@type\":\"SearchAction\",\"target\":{\"@type\":\"EntryPoint\",\"urlTemplate\":\"https:\\\/\\\/kamerakontrolsistemleri.com\\\/?s={search_term_string}\"},\"query-input\":{\"@type\":\"PropertyValueSpecification\",\"valueRequired\":true,\"valueName\":\"search_term_string\"}}],\"inLanguage\":\"tr\"},{\"@type\":\"Organization\",\"@id\":\"https:\\\/\\\/kamerakontrolsistemleri.com\\\/#organization\",\"name\":\"Akotech G\u00fcvenlik Sistemleri\",\"url\":\"https:\\\/\\\/kamerakontrolsistemleri.com\\\/\",\"logo\":{\"@type\":\"ImageObject\",\"inLanguage\":\"tr\",\"@id\":\"https:\\\/\\\/kamerakontrolsistemleri.com\\\/#\\\/schema\\\/logo\\\/image\\\/\",\"url\":\"https:\\\/\\\/kamerakontrolsistemleri.com\\\/wp-content\\\/uploads\\\/2020\\\/12\\\/37335611_391154311412387_1999192248473878528_o.jpg\",\"contentUrl\":\"https:\\\/\\\/kamerakontrolsistemleri.com\\\/wp-content\\\/uploads\\\/2020\\\/12\\\/37335611_391154311412387_1999192248473878528_o.jpg\",\"width\":1129,\"height\":1129,\"caption\":\"Akotech G\u00fcvenlik Sistemleri\"},\"image\":{\"@id\":\"https:\\\/\\\/kamerakontrolsistemleri.com\\\/#\\\/schema\\\/logo\\\/image\\\/\"},\"sameAs\":[\"https:\\\/\\\/www.facebook.com\\\/akottech\",\"https:\\\/\\\/www.instagram.com\\\/akottechguvenlik\\\/\"]}]}<\/script>\n<!-- \/ Yoast SEO plugin. -->","yoast_head_json":{"title":"Dahua IPC-CB1C20-0360B 2MP IR Bullet Kamera - Kamera Kontrol Sistemleri","description":"1 \/ 2.7\u201c CMOS Sens\u00f6r, 3.6mm Sabit Lens, 0.09 L\u00fcx Renkli BLC\/HLC\/DWDR, 3DNR, AWB, AGC, ICR IP67, PoE, 25fps@1080p, Metal+Plastik Kasa","robots":{"index":"index","follow":"follow","max-snippet":"max-snippet:-1","max-image-preview":"max-image-preview:large","max-video-preview":"max-video-preview:-1"},"canonical":"https:\/\/kamerakontrolsistemleri.com\/index.php\/product\/dahua-ipc-cb1c20-0360b-2mp-ir-bullet-kamera\/","og_locale":"tr_TR","og_type":"article","og_title":"Dahua IPC-CB1C20-0360B 2MP IR Bullet Kamera - Kamera Kontrol Sistemleri","og_description":"1 \/ 2.7\u201c CMOS Sens\u00f6r, 3.6mm Sabit Lens, 0.09 L\u00fcx Renkli BLC\/HLC\/DWDR, 3DNR, AWB, AGC, ICR IP67, PoE, 25fps@1080p, Metal+Plastik Kasa","og_url":"https:\/\/kamerakontrolsistemleri.com\/index.php\/product\/dahua-ipc-cb1c20-0360b-2mp-ir-bullet-kamera\/","og_site_name":"Kamera Kontrol Sistemleri","article_publisher":"https:\/\/www.facebook.com\/akottech","article_modified_time":"2021-01-02T17:02:00+00:00","og_image":[{"width":550,"height":550,"url":"https:\/\/kamerakontrolsistemleri.com\/wp-content\/uploads\/2021\/01\/0000466_dahua-ipc-cb1c20-0360b-2mp-ir-bullet-kamera_550.gif","type":"image\/gif"}],"schema":{"@context":"https:\/\/schema.org","@graph":[{"@type":"WebPage","@id":"https:\/\/kamerakontrolsistemleri.com\/index.php\/product\/dahua-ipc-cb1c20-0360b-2mp-ir-bullet-kamera\/","url":"https:\/\/kamerakontrolsistemleri.com\/index.php\/product\/dahua-ipc-cb1c20-0360b-2mp-ir-bullet-kamera\/","name":"Dahua IPC-CB1C20-0360B 2MP IR Bullet Kamera - Kamera Kontrol Sistemleri","isPartOf":{"@id":"https:\/\/kamerakontrolsistemleri.com\/#website"},"primaryImageOfPage":{"@id":"https:\/\/kamerakontrolsistemleri.com\/index.php\/product\/dahua-ipc-cb1c20-0360b-2mp-ir-bullet-kamera\/#primaryimage"},"image":{"@id":"https:\/\/kamerakontrolsistemleri.com\/index.php\/product\/dahua-ipc-cb1c20-0360b-2mp-ir-bullet-kamera\/#primaryimage"},"thumbnailUrl":"https:\/\/kamerakontrolsistemleri.com\/wp-content\/uploads\/2021\/01\/0000466_dahua-ipc-cb1c20-0360b-2mp-ir-bullet-kamera_550.gif","datePublished":"2021-01-02T17:01:45+00:00","dateModified":"2021-01-02T17:02:00+00:00","description":"1 \/ 2.7\u201c CMOS Sens\u00f6r, 3.6mm Sabit Lens, 0.09 L\u00fcx Renkli BLC\/HLC\/DWDR, 3DNR, AWB, AGC, ICR IP67, PoE, 25fps@1080p, Metal+Plastik Kasa","breadcrumb":{"@id":"https:\/\/kamerakontrolsistemleri.com\/index.php\/product\/dahua-ipc-cb1c20-0360b-2mp-ir-bullet-kamera\/#breadcrumb"},"inLanguage":"tr","potentialAction":[{"@type":"ReadAction","target":["https:\/\/kamerakontrolsistemleri.com\/index.php\/product\/dahua-ipc-cb1c20-0360b-2mp-ir-bullet-kamera\/"]}]},{"@type":"ImageObject","inLanguage":"tr","@id":"https:\/\/kamerakontrolsistemleri.com\/index.php\/product\/dahua-ipc-cb1c20-0360b-2mp-ir-bullet-kamera\/#primaryimage","url":"https:\/\/kamerakontrolsistemleri.com\/wp-content\/uploads\/2021\/01\/0000466_dahua-ipc-cb1c20-0360b-2mp-ir-bullet-kamera_550.gif","contentUrl":"https:\/\/kamerakontrolsistemleri.com\/wp-content\/uploads\/2021\/01\/0000466_dahua-ipc-cb1c20-0360b-2mp-ir-bullet-kamera_550.gif","width":550,"height":550},{"@type":"BreadcrumbList","@id":"https:\/\/kamerakontrolsistemleri.com\/index.php\/product\/dahua-ipc-cb1c20-0360b-2mp-ir-bullet-kamera\/#breadcrumb","itemListElement":[{"@type":"ListItem","position":1,"name":"Ana sayfa","item":"https:\/\/kamerakontrolsistemleri.com\/"},{"@type":"ListItem","position":2,"name":"\u00dcr\u00fcnler","item":"https:\/\/kamerakontrolsistemleri.com\/index.php\/urunler\/"},{"@type":"ListItem","position":3,"name":"Dahua IPC-CB1C20-0360B 2MP IR Bullet Kamera"}]},{"@type":"WebSite","@id":"https:\/\/kamerakontrolsistemleri.com\/#website","url":"https:\/\/kamerakontrolsistemleri.com\/","name":"Kamera Kontrol Sistemleri","description":"Toptan fiyat\u0131na al\u0131\u015fveri\u015f imkan\u0131","publisher":{"@id":"https:\/\/kamerakontrolsistemleri.com\/#organization"},"potentialAction":[{"@type":"SearchAction","target":{"@type":"EntryPoint","urlTemplate":"https:\/\/kamerakontrolsistemleri.com\/?s={search_term_string}"},"query-input":{"@type":"PropertyValueSpecification","valueRequired":true,"valueName":"search_term_string"}}],"inLanguage":"tr"},{"@type":"Organization","@id":"https:\/\/kamerakontrolsistemleri.com\/#organization","name":"Akotech G\u00fcvenlik Sistemleri","url":"https:\/\/kamerakontrolsistemleri.com\/","logo":{"@type":"ImageObject","inLanguage":"tr","@id":"https:\/\/kamerakontrolsistemleri.com\/#\/schema\/logo\/image\/","url":"https:\/\/kamerakontrolsistemleri.com\/wp-content\/uploads\/2020\/12\/37335611_391154311412387_1999192248473878528_o.jpg","contentUrl":"https:\/\/kamerakontrolsistemleri.com\/wp-content\/uploads\/2020\/12\/37335611_391154311412387_1999192248473878528_o.jpg","width":1129,"height":1129,"caption":"Akotech G\u00fcvenlik Sistemleri"},"image":{"@id":"https:\/\/kamerakontrolsistemleri.com\/#\/schema\/logo\/image\/"},"sameAs":["https:\/\/www.facebook.com\/akottech","https:\/\/www.instagram.com\/akottechguvenlik\/"]}]}},"jetpack_sharing_enabled":true,"_links":{"self":[{"href":"https:\/\/kamerakontrolsistemleri.com\/index.php\/wp-json\/wp\/v2\/product\/12520","targetHints":{"allow":["GET"]}}],"collection":[{"href":"https:\/\/kamerakontrolsistemleri.com\/index.php\/wp-json\/wp\/v2\/product"}],"about":[{"href":"https:\/\/kamerakontrolsistemleri.com\/index.php\/wp-json\/wp\/v2\/types\/product"}],"version-history":[{"count":0,"href":"https:\/\/kamerakontrolsistemleri.com\/index.php\/wp-json\/wp\/v2\/product\/12520\/revisions"}],"wp:featuredmedia":[{"embeddable":true,"href":"https:\/\/kamerakontrolsistemleri.com\/index.php\/wp-json\/wp\/v2\/media\/12521"}],"wp:attachment":[{"href":"https:\/\/kamerakontrolsistemleri.com\/index.php\/wp-json\/wp\/v2\/media?parent=12520"}],"wp:term":[{"taxonomy":"product_brand","embeddable":true,"href":"https:\/\/kamerakontrolsistemleri.com\/index.php\/wp-json\/wp\/v2\/product_brand?post=12520"},{"taxonomy":"product_cat","embeddable":true,"href":"https:\/\/kamerakontrolsistemleri.com\/index.php\/wp-json\/wp\/v2\/product_cat?post=12520"},{"taxonomy":"product_tag","embeddable":true,"href":"https:\/\/kamerakontrolsistemleri.com\/index.php\/wp-json\/wp\/v2\/product_tag?post=12520"}],"curies":[{"name":"wp","href":"https:\/\/api.w.org\/{rel}","templated":true}]}}