{"id":12636,"date":"2021-01-02T21:11:49","date_gmt":"2021-01-02T18:11:49","guid":{"rendered":"https:\/\/kamerakontrolsistemleri.com\/?post_type=product&#038;p=12636"},"modified":"2021-01-02T21:11:49","modified_gmt":"2021-01-02T18:11:49","slug":"dahua-hac-hdbw2120r-vf-1-3mp-varifocal-lensli-hd-cvi-ir-dome-kamera","status":"publish","type":"product","link":"https:\/\/kamerakontrolsistemleri.com\/index.php\/product\/dahua-hac-hdbw2120r-vf-1-3mp-varifocal-lensli-hd-cvi-ir-dome-kamera\/","title":{"rendered":"Dahua HAC-HDBW2120R-VF 1.3MP Varifocal Lensli HD-CVI IR Dome Kamera"},"content":{"rendered":"","protected":false},"excerpt":{"rendered":"<div class=\"short-description\">1.3 MP 720P Waterproof IR Dome HD-CVI Kamera 2.7~12mm Varifocal Lens, 1\/3&#8243; 1.3 MP CMOS, 25\/50fps@720P, Efektif Piksel:1305(H)\u00d7977(V), 0.01Lux\/F1.4, 0Lux IR A\u00e7\u0131kken ,Y\u00fcksek H\u0131z, Uzun Mesafe Real-Time \u0130letim, HD ve Standard \u00c7\u00f6z\u00fcn\u00fcrl\u00fck Se\u00e7imi, OSD Men\u00fc, Gece\/G\u00fcnd\u00fcz (ICR), 3D-DNR, AWB, AGC, BLC, IR LED G.Mesafesi: 30m, Ak\u0131ll\u0131 IR, IP67, IK10, DC 12V, 75-3 Koaksiyel Kablo ile 800 m , \u00d6l\u00e7\u00fcler:\u03a6122mm\u00d789mm<\/div>\n<div class=\"prices\"><\/div>\n","protected":false},"featured_media":12637,"template":"","meta":[],"product_brand":[],"product_cat":[132,135],"product_tag":[],"class_list":{"0":"post-12636","1":"product","2":"type-product","3":"status-publish","4":"has-post-thumbnail","6":"product_cat-hd-kameralar","7":"product_cat-ir-dome-kameralar","8":"pa_marka-dahua","10":"first","11":"instock","12":"taxable","13":"shipping-taxable","14":"purchasable","15":"product-type-simple"},"yoast_head":"<!-- This site is optimized with the Yoast SEO plugin v27.3 - https:\/\/yoast.com\/product\/yoast-seo-wordpress\/ -->\n<title>Dahua HAC-HDBW2120R-VF 1.3MP Varifocal Lensli HD-CVI IR Dome Kamera - Kamera Kontrol Sistemleri<\/title>\n<meta name=\"description\" content=\"1.3 MP 720P Waterproof IR Dome HD-CVI Kamera 2.7~12mm Varifocal Lens, 1\/3&quot; 1.3 MP CMOS, 25\/50fps@720P, Efektif Piksel:1305(H)\u00d7977(V), 0.01Lux\/F1.4, 0Lux IR A\u00e7\u0131kken ,Y\u00fcksek H\u0131z, Uzun Mesafe Real-Time \u0130letim, HD ve Standard \u00c7\u00f6z\u00fcn\u00fcrl\u00fck Se\u00e7imi, OSD Men\u00fc, Gece\/G\u00fcnd\u00fcz (ICR), 3D-DNR, AWB, AGC, BLC, IR LED G.Mesafesi: 30m, Ak\u0131ll\u0131 IR, IP67, IK10, DC 12V, 75-3 Koaksiyel Kablo ile 800 m , \u00d6l\u00e7\u00fcler:\u03a6122mm\u00d789mm\" \/>\n<meta name=\"robots\" content=\"index, follow, max-snippet:-1, max-image-preview:large, max-video-preview:-1\" \/>\n<link rel=\"canonical\" href=\"https:\/\/kamerakontrolsistemleri.com\/index.php\/product\/dahua-hac-hdbw2120r-vf-1-3mp-varifocal-lensli-hd-cvi-ir-dome-kamera\/\" \/>\n<meta property=\"og:locale\" content=\"tr_TR\" \/>\n<meta property=\"og:type\" content=\"article\" \/>\n<meta property=\"og:title\" content=\"Dahua HAC-HDBW2120R-VF 1.3MP Varifocal Lensli HD-CVI IR Dome Kamera - Kamera Kontrol Sistemleri\" \/>\n<meta property=\"og:description\" content=\"1.3 MP 720P Waterproof IR Dome HD-CVI Kamera 2.7~12mm Varifocal Lens, 1\/3&quot; 1.3 MP CMOS, 25\/50fps@720P, Efektif Piksel:1305(H)\u00d7977(V), 0.01Lux\/F1.4, 0Lux IR A\u00e7\u0131kken ,Y\u00fcksek H\u0131z, Uzun Mesafe Real-Time \u0130letim, HD ve Standard \u00c7\u00f6z\u00fcn\u00fcrl\u00fck Se\u00e7imi, OSD Men\u00fc, Gece\/G\u00fcnd\u00fcz (ICR), 3D-DNR, AWB, AGC, BLC, IR LED G.Mesafesi: 30m, Ak\u0131ll\u0131 IR, IP67, IK10, DC 12V, 75-3 Koaksiyel Kablo ile 800 m , \u00d6l\u00e7\u00fcler:\u03a6122mm\u00d789mm\" \/>\n<meta property=\"og:url\" content=\"https:\/\/kamerakontrolsistemleri.com\/index.php\/product\/dahua-hac-hdbw2120r-vf-1-3mp-varifocal-lensli-hd-cvi-ir-dome-kamera\/\" \/>\n<meta property=\"og:site_name\" content=\"Kamera Kontrol Sistemleri\" \/>\n<meta property=\"article:publisher\" content=\"https:\/\/www.facebook.com\/akottech\" \/>\n<meta property=\"og:image\" content=\"https:\/\/kamerakontrolsistemleri.com\/wp-content\/uploads\/2021\/01\/0000124_dahua-hac-hdbw2120r-vf-13mp-varifocal-lensli-hd-cvi-ir-dome-kamera_550.jpeg\" \/>\n\t<meta property=\"og:image:width\" content=\"469\" \/>\n\t<meta property=\"og:image:height\" content=\"550\" \/>\n\t<meta property=\"og:image:type\" content=\"image\/jpeg\" \/>\n<script type=\"application\/ld+json\" class=\"yoast-schema-graph\">{\"@context\":\"https:\\\/\\\/schema.org\",\"@graph\":[{\"@type\":\"WebPage\",\"@id\":\"https:\\\/\\\/kamerakontrolsistemleri.com\\\/index.php\\\/product\\\/dahua-hac-hdbw2120r-vf-1-3mp-varifocal-lensli-hd-cvi-ir-dome-kamera\\\/\",\"url\":\"https:\\\/\\\/kamerakontrolsistemleri.com\\\/index.php\\\/product\\\/dahua-hac-hdbw2120r-vf-1-3mp-varifocal-lensli-hd-cvi-ir-dome-kamera\\\/\",\"name\":\"Dahua HAC-HDBW2120R-VF 1.3MP Varifocal Lensli HD-CVI IR Dome Kamera - Kamera Kontrol Sistemleri\",\"isPartOf\":{\"@id\":\"https:\\\/\\\/kamerakontrolsistemleri.com\\\/#website\"},\"primaryImageOfPage\":{\"@id\":\"https:\\\/\\\/kamerakontrolsistemleri.com\\\/index.php\\\/product\\\/dahua-hac-hdbw2120r-vf-1-3mp-varifocal-lensli-hd-cvi-ir-dome-kamera\\\/#primaryimage\"},\"image\":{\"@id\":\"https:\\\/\\\/kamerakontrolsistemleri.com\\\/index.php\\\/product\\\/dahua-hac-hdbw2120r-vf-1-3mp-varifocal-lensli-hd-cvi-ir-dome-kamera\\\/#primaryimage\"},\"thumbnailUrl\":\"https:\\\/\\\/kamerakontrolsistemleri.com\\\/wp-content\\\/uploads\\\/2021\\\/01\\\/0000124_dahua-hac-hdbw2120r-vf-13mp-varifocal-lensli-hd-cvi-ir-dome-kamera_550.jpeg\",\"datePublished\":\"2021-01-02T18:11:49+00:00\",\"description\":\"1.3 MP 720P Waterproof IR Dome HD-CVI Kamera 2.7~12mm Varifocal Lens, 1\\\/3\\\" 1.3 MP CMOS, 25\\\/50fps@720P, Efektif Piksel:1305(H)\u00d7977(V), 0.01Lux\\\/F1.4, 0Lux IR A\u00e7\u0131kken ,Y\u00fcksek H\u0131z, Uzun Mesafe Real-Time \u0130letim, HD ve Standard \u00c7\u00f6z\u00fcn\u00fcrl\u00fck Se\u00e7imi, OSD Men\u00fc, Gece\\\/G\u00fcnd\u00fcz (ICR), 3D-DNR, AWB, AGC, BLC, IR LED G.Mesafesi: 30m, Ak\u0131ll\u0131 IR, IP67, IK10, DC 12V, 75-3 Koaksiyel Kablo ile 800 m , \u00d6l\u00e7\u00fcler:\u03a6122mm\u00d789mm\",\"breadcrumb\":{\"@id\":\"https:\\\/\\\/kamerakontrolsistemleri.com\\\/index.php\\\/product\\\/dahua-hac-hdbw2120r-vf-1-3mp-varifocal-lensli-hd-cvi-ir-dome-kamera\\\/#breadcrumb\"},\"inLanguage\":\"tr\",\"potentialAction\":[{\"@type\":\"ReadAction\",\"target\":[\"https:\\\/\\\/kamerakontrolsistemleri.com\\\/index.php\\\/product\\\/dahua-hac-hdbw2120r-vf-1-3mp-varifocal-lensli-hd-cvi-ir-dome-kamera\\\/\"]}]},{\"@type\":\"ImageObject\",\"inLanguage\":\"tr\",\"@id\":\"https:\\\/\\\/kamerakontrolsistemleri.com\\\/index.php\\\/product\\\/dahua-hac-hdbw2120r-vf-1-3mp-varifocal-lensli-hd-cvi-ir-dome-kamera\\\/#primaryimage\",\"url\":\"https:\\\/\\\/kamerakontrolsistemleri.com\\\/wp-content\\\/uploads\\\/2021\\\/01\\\/0000124_dahua-hac-hdbw2120r-vf-13mp-varifocal-lensli-hd-cvi-ir-dome-kamera_550.jpeg\",\"contentUrl\":\"https:\\\/\\\/kamerakontrolsistemleri.com\\\/wp-content\\\/uploads\\\/2021\\\/01\\\/0000124_dahua-hac-hdbw2120r-vf-13mp-varifocal-lensli-hd-cvi-ir-dome-kamera_550.jpeg\",\"width\":469,\"height\":550},{\"@type\":\"BreadcrumbList\",\"@id\":\"https:\\\/\\\/kamerakontrolsistemleri.com\\\/index.php\\\/product\\\/dahua-hac-hdbw2120r-vf-1-3mp-varifocal-lensli-hd-cvi-ir-dome-kamera\\\/#breadcrumb\",\"itemListElement\":[{\"@type\":\"ListItem\",\"position\":1,\"name\":\"Ana sayfa\",\"item\":\"https:\\\/\\\/kamerakontrolsistemleri.com\\\/\"},{\"@type\":\"ListItem\",\"position\":2,\"name\":\"\u00dcr\u00fcnler\",\"item\":\"https:\\\/\\\/kamerakontrolsistemleri.com\\\/index.php\\\/urunler\\\/\"},{\"@type\":\"ListItem\",\"position\":3,\"name\":\"Dahua HAC-HDBW2120R-VF 1.3MP Varifocal Lensli HD-CVI IR Dome Kamera\"}]},{\"@type\":\"WebSite\",\"@id\":\"https:\\\/\\\/kamerakontrolsistemleri.com\\\/#website\",\"url\":\"https:\\\/\\\/kamerakontrolsistemleri.com\\\/\",\"name\":\"Kamera Kontrol Sistemleri\",\"description\":\"Toptan fiyat\u0131na al\u0131\u015fveri\u015f imkan\u0131\",\"publisher\":{\"@id\":\"https:\\\/\\\/kamerakontrolsistemleri.com\\\/#organization\"},\"potentialAction\":[{\"@type\":\"SearchAction\",\"target\":{\"@type\":\"EntryPoint\",\"urlTemplate\":\"https:\\\/\\\/kamerakontrolsistemleri.com\\\/?s={search_term_string}\"},\"query-input\":{\"@type\":\"PropertyValueSpecification\",\"valueRequired\":true,\"valueName\":\"search_term_string\"}}],\"inLanguage\":\"tr\"},{\"@type\":\"Organization\",\"@id\":\"https:\\\/\\\/kamerakontrolsistemleri.com\\\/#organization\",\"name\":\"Akotech G\u00fcvenlik Sistemleri\",\"url\":\"https:\\\/\\\/kamerakontrolsistemleri.com\\\/\",\"logo\":{\"@type\":\"ImageObject\",\"inLanguage\":\"tr\",\"@id\":\"https:\\\/\\\/kamerakontrolsistemleri.com\\\/#\\\/schema\\\/logo\\\/image\\\/\",\"url\":\"https:\\\/\\\/kamerakontrolsistemleri.com\\\/wp-content\\\/uploads\\\/2020\\\/12\\\/37335611_391154311412387_1999192248473878528_o.jpg\",\"contentUrl\":\"https:\\\/\\\/kamerakontrolsistemleri.com\\\/wp-content\\\/uploads\\\/2020\\\/12\\\/37335611_391154311412387_1999192248473878528_o.jpg\",\"width\":1129,\"height\":1129,\"caption\":\"Akotech G\u00fcvenlik Sistemleri\"},\"image\":{\"@id\":\"https:\\\/\\\/kamerakontrolsistemleri.com\\\/#\\\/schema\\\/logo\\\/image\\\/\"},\"sameAs\":[\"https:\\\/\\\/www.facebook.com\\\/akottech\",\"https:\\\/\\\/www.instagram.com\\\/akottechguvenlik\\\/\"]}]}<\/script>\n<!-- \/ Yoast SEO plugin. -->","yoast_head_json":{"title":"Dahua HAC-HDBW2120R-VF 1.3MP Varifocal Lensli HD-CVI IR Dome Kamera - Kamera Kontrol Sistemleri","description":"1.3 MP 720P Waterproof IR Dome HD-CVI Kamera 2.7~12mm Varifocal Lens, 1\/3\" 1.3 MP CMOS, 25\/50fps@720P, Efektif Piksel:1305(H)\u00d7977(V), 0.01Lux\/F1.4, 0Lux IR A\u00e7\u0131kken ,Y\u00fcksek H\u0131z, Uzun Mesafe Real-Time \u0130letim, HD ve Standard \u00c7\u00f6z\u00fcn\u00fcrl\u00fck Se\u00e7imi, OSD Men\u00fc, Gece\/G\u00fcnd\u00fcz (ICR), 3D-DNR, AWB, AGC, BLC, IR LED G.Mesafesi: 30m, Ak\u0131ll\u0131 IR, IP67, IK10, DC 12V, 75-3 Koaksiyel Kablo ile 800 m , \u00d6l\u00e7\u00fcler:\u03a6122mm\u00d789mm","robots":{"index":"index","follow":"follow","max-snippet":"max-snippet:-1","max-image-preview":"max-image-preview:large","max-video-preview":"max-video-preview:-1"},"canonical":"https:\/\/kamerakontrolsistemleri.com\/index.php\/product\/dahua-hac-hdbw2120r-vf-1-3mp-varifocal-lensli-hd-cvi-ir-dome-kamera\/","og_locale":"tr_TR","og_type":"article","og_title":"Dahua HAC-HDBW2120R-VF 1.3MP Varifocal Lensli HD-CVI IR Dome Kamera - Kamera Kontrol Sistemleri","og_description":"1.3 MP 720P Waterproof IR Dome HD-CVI Kamera 2.7~12mm Varifocal Lens, 1\/3\" 1.3 MP CMOS, 25\/50fps@720P, Efektif Piksel:1305(H)\u00d7977(V), 0.01Lux\/F1.4, 0Lux IR A\u00e7\u0131kken ,Y\u00fcksek H\u0131z, Uzun Mesafe Real-Time \u0130letim, HD ve Standard \u00c7\u00f6z\u00fcn\u00fcrl\u00fck Se\u00e7imi, OSD Men\u00fc, Gece\/G\u00fcnd\u00fcz (ICR), 3D-DNR, AWB, AGC, BLC, IR LED G.Mesafesi: 30m, Ak\u0131ll\u0131 IR, IP67, IK10, DC 12V, 75-3 Koaksiyel Kablo ile 800 m , \u00d6l\u00e7\u00fcler:\u03a6122mm\u00d789mm","og_url":"https:\/\/kamerakontrolsistemleri.com\/index.php\/product\/dahua-hac-hdbw2120r-vf-1-3mp-varifocal-lensli-hd-cvi-ir-dome-kamera\/","og_site_name":"Kamera Kontrol Sistemleri","article_publisher":"https:\/\/www.facebook.com\/akottech","og_image":[{"width":469,"height":550,"url":"https:\/\/kamerakontrolsistemleri.com\/wp-content\/uploads\/2021\/01\/0000124_dahua-hac-hdbw2120r-vf-13mp-varifocal-lensli-hd-cvi-ir-dome-kamera_550.jpeg","type":"image\/jpeg"}],"schema":{"@context":"https:\/\/schema.org","@graph":[{"@type":"WebPage","@id":"https:\/\/kamerakontrolsistemleri.com\/index.php\/product\/dahua-hac-hdbw2120r-vf-1-3mp-varifocal-lensli-hd-cvi-ir-dome-kamera\/","url":"https:\/\/kamerakontrolsistemleri.com\/index.php\/product\/dahua-hac-hdbw2120r-vf-1-3mp-varifocal-lensli-hd-cvi-ir-dome-kamera\/","name":"Dahua HAC-HDBW2120R-VF 1.3MP Varifocal Lensli HD-CVI IR Dome Kamera - Kamera Kontrol Sistemleri","isPartOf":{"@id":"https:\/\/kamerakontrolsistemleri.com\/#website"},"primaryImageOfPage":{"@id":"https:\/\/kamerakontrolsistemleri.com\/index.php\/product\/dahua-hac-hdbw2120r-vf-1-3mp-varifocal-lensli-hd-cvi-ir-dome-kamera\/#primaryimage"},"image":{"@id":"https:\/\/kamerakontrolsistemleri.com\/index.php\/product\/dahua-hac-hdbw2120r-vf-1-3mp-varifocal-lensli-hd-cvi-ir-dome-kamera\/#primaryimage"},"thumbnailUrl":"https:\/\/kamerakontrolsistemleri.com\/wp-content\/uploads\/2021\/01\/0000124_dahua-hac-hdbw2120r-vf-13mp-varifocal-lensli-hd-cvi-ir-dome-kamera_550.jpeg","datePublished":"2021-01-02T18:11:49+00:00","description":"1.3 MP 720P Waterproof IR Dome HD-CVI Kamera 2.7~12mm Varifocal Lens, 1\/3\" 1.3 MP CMOS, 25\/50fps@720P, Efektif Piksel:1305(H)\u00d7977(V), 0.01Lux\/F1.4, 0Lux IR A\u00e7\u0131kken ,Y\u00fcksek H\u0131z, Uzun Mesafe Real-Time \u0130letim, HD ve Standard \u00c7\u00f6z\u00fcn\u00fcrl\u00fck Se\u00e7imi, OSD Men\u00fc, Gece\/G\u00fcnd\u00fcz (ICR), 3D-DNR, AWB, AGC, BLC, IR LED G.Mesafesi: 30m, Ak\u0131ll\u0131 IR, IP67, IK10, DC 12V, 75-3 Koaksiyel Kablo ile 800 m , \u00d6l\u00e7\u00fcler:\u03a6122mm\u00d789mm","breadcrumb":{"@id":"https:\/\/kamerakontrolsistemleri.com\/index.php\/product\/dahua-hac-hdbw2120r-vf-1-3mp-varifocal-lensli-hd-cvi-ir-dome-kamera\/#breadcrumb"},"inLanguage":"tr","potentialAction":[{"@type":"ReadAction","target":["https:\/\/kamerakontrolsistemleri.com\/index.php\/product\/dahua-hac-hdbw2120r-vf-1-3mp-varifocal-lensli-hd-cvi-ir-dome-kamera\/"]}]},{"@type":"ImageObject","inLanguage":"tr","@id":"https:\/\/kamerakontrolsistemleri.com\/index.php\/product\/dahua-hac-hdbw2120r-vf-1-3mp-varifocal-lensli-hd-cvi-ir-dome-kamera\/#primaryimage","url":"https:\/\/kamerakontrolsistemleri.com\/wp-content\/uploads\/2021\/01\/0000124_dahua-hac-hdbw2120r-vf-13mp-varifocal-lensli-hd-cvi-ir-dome-kamera_550.jpeg","contentUrl":"https:\/\/kamerakontrolsistemleri.com\/wp-content\/uploads\/2021\/01\/0000124_dahua-hac-hdbw2120r-vf-13mp-varifocal-lensli-hd-cvi-ir-dome-kamera_550.jpeg","width":469,"height":550},{"@type":"BreadcrumbList","@id":"https:\/\/kamerakontrolsistemleri.com\/index.php\/product\/dahua-hac-hdbw2120r-vf-1-3mp-varifocal-lensli-hd-cvi-ir-dome-kamera\/#breadcrumb","itemListElement":[{"@type":"ListItem","position":1,"name":"Ana sayfa","item":"https:\/\/kamerakontrolsistemleri.com\/"},{"@type":"ListItem","position":2,"name":"\u00dcr\u00fcnler","item":"https:\/\/kamerakontrolsistemleri.com\/index.php\/urunler\/"},{"@type":"ListItem","position":3,"name":"Dahua HAC-HDBW2120R-VF 1.3MP Varifocal Lensli HD-CVI IR Dome Kamera"}]},{"@type":"WebSite","@id":"https:\/\/kamerakontrolsistemleri.com\/#website","url":"https:\/\/kamerakontrolsistemleri.com\/","name":"Kamera Kontrol Sistemleri","description":"Toptan fiyat\u0131na al\u0131\u015fveri\u015f imkan\u0131","publisher":{"@id":"https:\/\/kamerakontrolsistemleri.com\/#organization"},"potentialAction":[{"@type":"SearchAction","target":{"@type":"EntryPoint","urlTemplate":"https:\/\/kamerakontrolsistemleri.com\/?s={search_term_string}"},"query-input":{"@type":"PropertyValueSpecification","valueRequired":true,"valueName":"search_term_string"}}],"inLanguage":"tr"},{"@type":"Organization","@id":"https:\/\/kamerakontrolsistemleri.com\/#organization","name":"Akotech G\u00fcvenlik Sistemleri","url":"https:\/\/kamerakontrolsistemleri.com\/","logo":{"@type":"ImageObject","inLanguage":"tr","@id":"https:\/\/kamerakontrolsistemleri.com\/#\/schema\/logo\/image\/","url":"https:\/\/kamerakontrolsistemleri.com\/wp-content\/uploads\/2020\/12\/37335611_391154311412387_1999192248473878528_o.jpg","contentUrl":"https:\/\/kamerakontrolsistemleri.com\/wp-content\/uploads\/2020\/12\/37335611_391154311412387_1999192248473878528_o.jpg","width":1129,"height":1129,"caption":"Akotech G\u00fcvenlik Sistemleri"},"image":{"@id":"https:\/\/kamerakontrolsistemleri.com\/#\/schema\/logo\/image\/"},"sameAs":["https:\/\/www.facebook.com\/akottech","https:\/\/www.instagram.com\/akottechguvenlik\/"]}]}},"jetpack_sharing_enabled":true,"_links":{"self":[{"href":"https:\/\/kamerakontrolsistemleri.com\/index.php\/wp-json\/wp\/v2\/product\/12636","targetHints":{"allow":["GET"]}}],"collection":[{"href":"https:\/\/kamerakontrolsistemleri.com\/index.php\/wp-json\/wp\/v2\/product"}],"about":[{"href":"https:\/\/kamerakontrolsistemleri.com\/index.php\/wp-json\/wp\/v2\/types\/product"}],"version-history":[{"count":0,"href":"https:\/\/kamerakontrolsistemleri.com\/index.php\/wp-json\/wp\/v2\/product\/12636\/revisions"}],"wp:featuredmedia":[{"embeddable":true,"href":"https:\/\/kamerakontrolsistemleri.com\/index.php\/wp-json\/wp\/v2\/media\/12637"}],"wp:attachment":[{"href":"https:\/\/kamerakontrolsistemleri.com\/index.php\/wp-json\/wp\/v2\/media?parent=12636"}],"wp:term":[{"taxonomy":"product_brand","embeddable":true,"href":"https:\/\/kamerakontrolsistemleri.com\/index.php\/wp-json\/wp\/v2\/product_brand?post=12636"},{"taxonomy":"product_cat","embeddable":true,"href":"https:\/\/kamerakontrolsistemleri.com\/index.php\/wp-json\/wp\/v2\/product_cat?post=12636"},{"taxonomy":"product_tag","embeddable":true,"href":"https:\/\/kamerakontrolsistemleri.com\/index.php\/wp-json\/wp\/v2\/product_tag?post=12636"}],"curies":[{"name":"wp","href":"https:\/\/api.w.org\/{rel}","templated":true}]}}