{"id":12665,"date":"2021-01-02T21:27:27","date_gmt":"2021-01-02T18:27:27","guid":{"rendered":"https:\/\/kamerakontrolsistemleri.com\/?post_type=product&#038;p=12665"},"modified":"2021-01-02T21:49:40","modified_gmt":"2021-01-02T18:49:40","slug":"dahua-hac-hf3231ep-2mp-analog-hd-ir-box-kamera","status":"publish","type":"product","link":"https:\/\/kamerakontrolsistemleri.com\/index.php\/product\/dahua-hac-hf3231ep-2mp-analog-hd-ir-box-kamera\/","title":{"rendered":"Dahua HAC-HF3231EP 2MP Analog HD IR Box Kamera"},"content":{"rendered":"","protected":false},"excerpt":{"rendered":"<div class=\"short-description\">2,1 MP 1080P WDR Starlight HDCVI Box Kamera 1\/2.8&#8243; 2,1MP CMOS, 1945(H)\u00d71097(V), 25\/30fps@1080P, 25\/30\/50\/60fps@720P, Y\u00fcksek H\u0131z, Uzun Mesafe Real-Time \u0130letim, HD ve Standard \u00c7\u00f6z\u00fcn\u00fcrl\u00fck Se\u00e7imi, 0.005Lux\/F1.4 (color); 0.0005Lux\/F1.4 (B\/W), OSD Men\u00fc ,120dB Ger\u00e7ek WDR, Gece\/G\u00fcnd\u00fcz (ICR), 2D-3D-DNR, AWB, AGC, BLC, Ses, Alarm, AC24V \/ DC12V, 75-3 Koaksiyel kablo ile 800m, Lens Hari\u00e7<\/div>\n<div class=\"prices\"><\/div>\n","protected":false},"featured_media":12708,"template":"","meta":[],"product_brand":[],"product_cat":[159,132],"product_tag":[],"class_list":{"0":"post-12665","1":"product","2":"type-product","3":"status-publish","4":"has-post-thumbnail","6":"product_cat-hd-box-kameralar","7":"product_cat-hd-kameralar","8":"pa_marka-dahua","10":"first","11":"instock","12":"taxable","13":"shipping-taxable","14":"purchasable","15":"product-type-simple"},"yoast_head":"<!-- This site is optimized with the Yoast SEO plugin v27.3 - https:\/\/yoast.com\/product\/yoast-seo-wordpress\/ -->\n<title>Dahua HAC-HF3231EP 2MP Analog HD IR Box Kamera - Kamera Kontrol Sistemleri<\/title>\n<meta name=\"description\" content=\"2,1 MP 1080P WDR Starlight HDCVI Box Kamera 1\/2.8&quot; 2,1MP CMOS, 1945(H)\u00d71097(V), 25\/30fps@1080P, 25\/30\/50\/60fps@720P, Y\u00fcksek H\u0131z, Uzun Mesafe Real-Time \u0130letim, HD ve Standard \u00c7\u00f6z\u00fcn\u00fcrl\u00fck Se\u00e7imi, 0.005Lux\/F1.4 (color); 0.0005Lux\/F1.4 (B\/W), OSD Men\u00fc ,120dB Ger\u00e7ek WDR, Gece\/G\u00fcnd\u00fcz (ICR), 2D-3D-DNR, AWB, AGC, BLC, Ses, Alarm, AC24V \/ DC12V, 75-3 Koaksiyel kablo ile 800m, Lens Hari\u00e7\" \/>\n<meta name=\"robots\" content=\"index, follow, max-snippet:-1, max-image-preview:large, max-video-preview:-1\" \/>\n<link rel=\"canonical\" href=\"https:\/\/kamerakontrolsistemleri.com\/index.php\/product\/dahua-hac-hf3231ep-2mp-analog-hd-ir-box-kamera\/\" \/>\n<meta property=\"og:locale\" content=\"tr_TR\" \/>\n<meta property=\"og:type\" content=\"article\" \/>\n<meta property=\"og:title\" content=\"Dahua HAC-HF3231EP 2MP Analog HD IR Box Kamera - Kamera Kontrol Sistemleri\" \/>\n<meta property=\"og:description\" content=\"2,1 MP 1080P WDR Starlight HDCVI Box Kamera 1\/2.8&quot; 2,1MP CMOS, 1945(H)\u00d71097(V), 25\/30fps@1080P, 25\/30\/50\/60fps@720P, Y\u00fcksek H\u0131z, Uzun Mesafe Real-Time \u0130letim, HD ve Standard \u00c7\u00f6z\u00fcn\u00fcrl\u00fck Se\u00e7imi, 0.005Lux\/F1.4 (color); 0.0005Lux\/F1.4 (B\/W), OSD Men\u00fc ,120dB Ger\u00e7ek WDR, Gece\/G\u00fcnd\u00fcz (ICR), 2D-3D-DNR, AWB, AGC, BLC, Ses, Alarm, AC24V \/ DC12V, 75-3 Koaksiyel kablo ile 800m, Lens Hari\u00e7\" \/>\n<meta property=\"og:url\" content=\"https:\/\/kamerakontrolsistemleri.com\/index.php\/product\/dahua-hac-hf3231ep-2mp-analog-hd-ir-box-kamera\/\" \/>\n<meta property=\"og:site_name\" content=\"Kamera Kontrol Sistemleri\" \/>\n<meta property=\"article:publisher\" content=\"https:\/\/www.facebook.com\/akottech\" \/>\n<meta property=\"article:modified_time\" content=\"2021-01-02T18:49:40+00:00\" \/>\n<meta property=\"og:image\" content=\"https:\/\/kamerakontrolsistemleri.com\/wp-content\/uploads\/2021\/01\/dahua-technology-dh-hac-hf3231ep-t-cctv-camera.jpg\" \/>\n\t<meta property=\"og:image:width\" content=\"400\" \/>\n\t<meta property=\"og:image:height\" content=\"400\" \/>\n\t<meta property=\"og:image:type\" content=\"image\/jpeg\" \/>\n<script type=\"application\/ld+json\" class=\"yoast-schema-graph\">{\"@context\":\"https:\\\/\\\/schema.org\",\"@graph\":[{\"@type\":\"WebPage\",\"@id\":\"https:\\\/\\\/kamerakontrolsistemleri.com\\\/index.php\\\/product\\\/dahua-hac-hf3231ep-2mp-analog-hd-ir-box-kamera\\\/\",\"url\":\"https:\\\/\\\/kamerakontrolsistemleri.com\\\/index.php\\\/product\\\/dahua-hac-hf3231ep-2mp-analog-hd-ir-box-kamera\\\/\",\"name\":\"Dahua HAC-HF3231EP 2MP Analog HD IR Box Kamera - Kamera Kontrol Sistemleri\",\"isPartOf\":{\"@id\":\"https:\\\/\\\/kamerakontrolsistemleri.com\\\/#website\"},\"primaryImageOfPage\":{\"@id\":\"https:\\\/\\\/kamerakontrolsistemleri.com\\\/index.php\\\/product\\\/dahua-hac-hf3231ep-2mp-analog-hd-ir-box-kamera\\\/#primaryimage\"},\"image\":{\"@id\":\"https:\\\/\\\/kamerakontrolsistemleri.com\\\/index.php\\\/product\\\/dahua-hac-hf3231ep-2mp-analog-hd-ir-box-kamera\\\/#primaryimage\"},\"thumbnailUrl\":\"https:\\\/\\\/kamerakontrolsistemleri.com\\\/wp-content\\\/uploads\\\/2021\\\/01\\\/dahua-technology-dh-hac-hf3231ep-t-cctv-camera.jpg\",\"datePublished\":\"2021-01-02T18:27:27+00:00\",\"dateModified\":\"2021-01-02T18:49:40+00:00\",\"description\":\"2,1 MP 1080P WDR Starlight HDCVI Box Kamera 1\\\/2.8\\\" 2,1MP CMOS, 1945(H)\u00d71097(V), 25\\\/30fps@1080P, 25\\\/30\\\/50\\\/60fps@720P, Y\u00fcksek H\u0131z, Uzun Mesafe Real-Time \u0130letim, HD ve Standard \u00c7\u00f6z\u00fcn\u00fcrl\u00fck Se\u00e7imi, 0.005Lux\\\/F1.4 (color); 0.0005Lux\\\/F1.4 (B\\\/W), OSD Men\u00fc ,120dB Ger\u00e7ek WDR, Gece\\\/G\u00fcnd\u00fcz (ICR), 2D-3D-DNR, AWB, AGC, BLC, Ses, Alarm, AC24V \\\/ DC12V, 75-3 Koaksiyel kablo ile 800m, Lens Hari\u00e7\",\"breadcrumb\":{\"@id\":\"https:\\\/\\\/kamerakontrolsistemleri.com\\\/index.php\\\/product\\\/dahua-hac-hf3231ep-2mp-analog-hd-ir-box-kamera\\\/#breadcrumb\"},\"inLanguage\":\"tr\",\"potentialAction\":[{\"@type\":\"ReadAction\",\"target\":[\"https:\\\/\\\/kamerakontrolsistemleri.com\\\/index.php\\\/product\\\/dahua-hac-hf3231ep-2mp-analog-hd-ir-box-kamera\\\/\"]}]},{\"@type\":\"ImageObject\",\"inLanguage\":\"tr\",\"@id\":\"https:\\\/\\\/kamerakontrolsistemleri.com\\\/index.php\\\/product\\\/dahua-hac-hf3231ep-2mp-analog-hd-ir-box-kamera\\\/#primaryimage\",\"url\":\"https:\\\/\\\/kamerakontrolsistemleri.com\\\/wp-content\\\/uploads\\\/2021\\\/01\\\/dahua-technology-dh-hac-hf3231ep-t-cctv-camera.jpg\",\"contentUrl\":\"https:\\\/\\\/kamerakontrolsistemleri.com\\\/wp-content\\\/uploads\\\/2021\\\/01\\\/dahua-technology-dh-hac-hf3231ep-t-cctv-camera.jpg\",\"width\":400,\"height\":400},{\"@type\":\"BreadcrumbList\",\"@id\":\"https:\\\/\\\/kamerakontrolsistemleri.com\\\/index.php\\\/product\\\/dahua-hac-hf3231ep-2mp-analog-hd-ir-box-kamera\\\/#breadcrumb\",\"itemListElement\":[{\"@type\":\"ListItem\",\"position\":1,\"name\":\"Ana sayfa\",\"item\":\"https:\\\/\\\/kamerakontrolsistemleri.com\\\/\"},{\"@type\":\"ListItem\",\"position\":2,\"name\":\"\u00dcr\u00fcnler\",\"item\":\"https:\\\/\\\/kamerakontrolsistemleri.com\\\/index.php\\\/urunler\\\/\"},{\"@type\":\"ListItem\",\"position\":3,\"name\":\"Dahua HAC-HF3231EP 2MP Analog HD IR Box Kamera\"}]},{\"@type\":\"WebSite\",\"@id\":\"https:\\\/\\\/kamerakontrolsistemleri.com\\\/#website\",\"url\":\"https:\\\/\\\/kamerakontrolsistemleri.com\\\/\",\"name\":\"Kamera Kontrol Sistemleri\",\"description\":\"Toptan fiyat\u0131na al\u0131\u015fveri\u015f imkan\u0131\",\"publisher\":{\"@id\":\"https:\\\/\\\/kamerakontrolsistemleri.com\\\/#organization\"},\"potentialAction\":[{\"@type\":\"SearchAction\",\"target\":{\"@type\":\"EntryPoint\",\"urlTemplate\":\"https:\\\/\\\/kamerakontrolsistemleri.com\\\/?s={search_term_string}\"},\"query-input\":{\"@type\":\"PropertyValueSpecification\",\"valueRequired\":true,\"valueName\":\"search_term_string\"}}],\"inLanguage\":\"tr\"},{\"@type\":\"Organization\",\"@id\":\"https:\\\/\\\/kamerakontrolsistemleri.com\\\/#organization\",\"name\":\"Akotech G\u00fcvenlik Sistemleri\",\"url\":\"https:\\\/\\\/kamerakontrolsistemleri.com\\\/\",\"logo\":{\"@type\":\"ImageObject\",\"inLanguage\":\"tr\",\"@id\":\"https:\\\/\\\/kamerakontrolsistemleri.com\\\/#\\\/schema\\\/logo\\\/image\\\/\",\"url\":\"https:\\\/\\\/kamerakontrolsistemleri.com\\\/wp-content\\\/uploads\\\/2020\\\/12\\\/37335611_391154311412387_1999192248473878528_o.jpg\",\"contentUrl\":\"https:\\\/\\\/kamerakontrolsistemleri.com\\\/wp-content\\\/uploads\\\/2020\\\/12\\\/37335611_391154311412387_1999192248473878528_o.jpg\",\"width\":1129,\"height\":1129,\"caption\":\"Akotech G\u00fcvenlik Sistemleri\"},\"image\":{\"@id\":\"https:\\\/\\\/kamerakontrolsistemleri.com\\\/#\\\/schema\\\/logo\\\/image\\\/\"},\"sameAs\":[\"https:\\\/\\\/www.facebook.com\\\/akottech\",\"https:\\\/\\\/www.instagram.com\\\/akottechguvenlik\\\/\"]}]}<\/script>\n<!-- \/ Yoast SEO plugin. -->","yoast_head_json":{"title":"Dahua HAC-HF3231EP 2MP Analog HD IR Box Kamera - Kamera Kontrol Sistemleri","description":"2,1 MP 1080P WDR Starlight HDCVI Box Kamera 1\/2.8\" 2,1MP CMOS, 1945(H)\u00d71097(V), 25\/30fps@1080P, 25\/30\/50\/60fps@720P, Y\u00fcksek H\u0131z, Uzun Mesafe Real-Time \u0130letim, HD ve Standard \u00c7\u00f6z\u00fcn\u00fcrl\u00fck Se\u00e7imi, 0.005Lux\/F1.4 (color); 0.0005Lux\/F1.4 (B\/W), OSD Men\u00fc ,120dB Ger\u00e7ek WDR, Gece\/G\u00fcnd\u00fcz (ICR), 2D-3D-DNR, AWB, AGC, BLC, Ses, Alarm, AC24V \/ DC12V, 75-3 Koaksiyel kablo ile 800m, Lens Hari\u00e7","robots":{"index":"index","follow":"follow","max-snippet":"max-snippet:-1","max-image-preview":"max-image-preview:large","max-video-preview":"max-video-preview:-1"},"canonical":"https:\/\/kamerakontrolsistemleri.com\/index.php\/product\/dahua-hac-hf3231ep-2mp-analog-hd-ir-box-kamera\/","og_locale":"tr_TR","og_type":"article","og_title":"Dahua HAC-HF3231EP 2MP Analog HD IR Box Kamera - Kamera Kontrol Sistemleri","og_description":"2,1 MP 1080P WDR Starlight HDCVI Box Kamera 1\/2.8\" 2,1MP CMOS, 1945(H)\u00d71097(V), 25\/30fps@1080P, 25\/30\/50\/60fps@720P, Y\u00fcksek H\u0131z, Uzun Mesafe Real-Time \u0130letim, HD ve Standard \u00c7\u00f6z\u00fcn\u00fcrl\u00fck Se\u00e7imi, 0.005Lux\/F1.4 (color); 0.0005Lux\/F1.4 (B\/W), OSD Men\u00fc ,120dB Ger\u00e7ek WDR, Gece\/G\u00fcnd\u00fcz (ICR), 2D-3D-DNR, AWB, AGC, BLC, Ses, Alarm, AC24V \/ DC12V, 75-3 Koaksiyel kablo ile 800m, Lens Hari\u00e7","og_url":"https:\/\/kamerakontrolsistemleri.com\/index.php\/product\/dahua-hac-hf3231ep-2mp-analog-hd-ir-box-kamera\/","og_site_name":"Kamera Kontrol Sistemleri","article_publisher":"https:\/\/www.facebook.com\/akottech","article_modified_time":"2021-01-02T18:49:40+00:00","og_image":[{"width":400,"height":400,"url":"https:\/\/kamerakontrolsistemleri.com\/wp-content\/uploads\/2021\/01\/dahua-technology-dh-hac-hf3231ep-t-cctv-camera.jpg","type":"image\/jpeg"}],"schema":{"@context":"https:\/\/schema.org","@graph":[{"@type":"WebPage","@id":"https:\/\/kamerakontrolsistemleri.com\/index.php\/product\/dahua-hac-hf3231ep-2mp-analog-hd-ir-box-kamera\/","url":"https:\/\/kamerakontrolsistemleri.com\/index.php\/product\/dahua-hac-hf3231ep-2mp-analog-hd-ir-box-kamera\/","name":"Dahua HAC-HF3231EP 2MP Analog HD IR Box Kamera - Kamera Kontrol Sistemleri","isPartOf":{"@id":"https:\/\/kamerakontrolsistemleri.com\/#website"},"primaryImageOfPage":{"@id":"https:\/\/kamerakontrolsistemleri.com\/index.php\/product\/dahua-hac-hf3231ep-2mp-analog-hd-ir-box-kamera\/#primaryimage"},"image":{"@id":"https:\/\/kamerakontrolsistemleri.com\/index.php\/product\/dahua-hac-hf3231ep-2mp-analog-hd-ir-box-kamera\/#primaryimage"},"thumbnailUrl":"https:\/\/kamerakontrolsistemleri.com\/wp-content\/uploads\/2021\/01\/dahua-technology-dh-hac-hf3231ep-t-cctv-camera.jpg","datePublished":"2021-01-02T18:27:27+00:00","dateModified":"2021-01-02T18:49:40+00:00","description":"2,1 MP 1080P WDR Starlight HDCVI Box Kamera 1\/2.8\" 2,1MP CMOS, 1945(H)\u00d71097(V), 25\/30fps@1080P, 25\/30\/50\/60fps@720P, Y\u00fcksek H\u0131z, Uzun Mesafe Real-Time \u0130letim, HD ve Standard \u00c7\u00f6z\u00fcn\u00fcrl\u00fck Se\u00e7imi, 0.005Lux\/F1.4 (color); 0.0005Lux\/F1.4 (B\/W), OSD Men\u00fc ,120dB Ger\u00e7ek WDR, Gece\/G\u00fcnd\u00fcz (ICR), 2D-3D-DNR, AWB, AGC, BLC, Ses, Alarm, AC24V \/ DC12V, 75-3 Koaksiyel kablo ile 800m, Lens Hari\u00e7","breadcrumb":{"@id":"https:\/\/kamerakontrolsistemleri.com\/index.php\/product\/dahua-hac-hf3231ep-2mp-analog-hd-ir-box-kamera\/#breadcrumb"},"inLanguage":"tr","potentialAction":[{"@type":"ReadAction","target":["https:\/\/kamerakontrolsistemleri.com\/index.php\/product\/dahua-hac-hf3231ep-2mp-analog-hd-ir-box-kamera\/"]}]},{"@type":"ImageObject","inLanguage":"tr","@id":"https:\/\/kamerakontrolsistemleri.com\/index.php\/product\/dahua-hac-hf3231ep-2mp-analog-hd-ir-box-kamera\/#primaryimage","url":"https:\/\/kamerakontrolsistemleri.com\/wp-content\/uploads\/2021\/01\/dahua-technology-dh-hac-hf3231ep-t-cctv-camera.jpg","contentUrl":"https:\/\/kamerakontrolsistemleri.com\/wp-content\/uploads\/2021\/01\/dahua-technology-dh-hac-hf3231ep-t-cctv-camera.jpg","width":400,"height":400},{"@type":"BreadcrumbList","@id":"https:\/\/kamerakontrolsistemleri.com\/index.php\/product\/dahua-hac-hf3231ep-2mp-analog-hd-ir-box-kamera\/#breadcrumb","itemListElement":[{"@type":"ListItem","position":1,"name":"Ana sayfa","item":"https:\/\/kamerakontrolsistemleri.com\/"},{"@type":"ListItem","position":2,"name":"\u00dcr\u00fcnler","item":"https:\/\/kamerakontrolsistemleri.com\/index.php\/urunler\/"},{"@type":"ListItem","position":3,"name":"Dahua HAC-HF3231EP 2MP Analog HD IR Box Kamera"}]},{"@type":"WebSite","@id":"https:\/\/kamerakontrolsistemleri.com\/#website","url":"https:\/\/kamerakontrolsistemleri.com\/","name":"Kamera Kontrol Sistemleri","description":"Toptan fiyat\u0131na al\u0131\u015fveri\u015f imkan\u0131","publisher":{"@id":"https:\/\/kamerakontrolsistemleri.com\/#organization"},"potentialAction":[{"@type":"SearchAction","target":{"@type":"EntryPoint","urlTemplate":"https:\/\/kamerakontrolsistemleri.com\/?s={search_term_string}"},"query-input":{"@type":"PropertyValueSpecification","valueRequired":true,"valueName":"search_term_string"}}],"inLanguage":"tr"},{"@type":"Organization","@id":"https:\/\/kamerakontrolsistemleri.com\/#organization","name":"Akotech G\u00fcvenlik Sistemleri","url":"https:\/\/kamerakontrolsistemleri.com\/","logo":{"@type":"ImageObject","inLanguage":"tr","@id":"https:\/\/kamerakontrolsistemleri.com\/#\/schema\/logo\/image\/","url":"https:\/\/kamerakontrolsistemleri.com\/wp-content\/uploads\/2020\/12\/37335611_391154311412387_1999192248473878528_o.jpg","contentUrl":"https:\/\/kamerakontrolsistemleri.com\/wp-content\/uploads\/2020\/12\/37335611_391154311412387_1999192248473878528_o.jpg","width":1129,"height":1129,"caption":"Akotech G\u00fcvenlik Sistemleri"},"image":{"@id":"https:\/\/kamerakontrolsistemleri.com\/#\/schema\/logo\/image\/"},"sameAs":["https:\/\/www.facebook.com\/akottech","https:\/\/www.instagram.com\/akottechguvenlik\/"]}]}},"jetpack_sharing_enabled":true,"_links":{"self":[{"href":"https:\/\/kamerakontrolsistemleri.com\/index.php\/wp-json\/wp\/v2\/product\/12665","targetHints":{"allow":["GET"]}}],"collection":[{"href":"https:\/\/kamerakontrolsistemleri.com\/index.php\/wp-json\/wp\/v2\/product"}],"about":[{"href":"https:\/\/kamerakontrolsistemleri.com\/index.php\/wp-json\/wp\/v2\/types\/product"}],"version-history":[{"count":0,"href":"https:\/\/kamerakontrolsistemleri.com\/index.php\/wp-json\/wp\/v2\/product\/12665\/revisions"}],"wp:featuredmedia":[{"embeddable":true,"href":"https:\/\/kamerakontrolsistemleri.com\/index.php\/wp-json\/wp\/v2\/media\/12708"}],"wp:attachment":[{"href":"https:\/\/kamerakontrolsistemleri.com\/index.php\/wp-json\/wp\/v2\/media?parent=12665"}],"wp:term":[{"taxonomy":"product_brand","embeddable":true,"href":"https:\/\/kamerakontrolsistemleri.com\/index.php\/wp-json\/wp\/v2\/product_brand?post=12665"},{"taxonomy":"product_cat","embeddable":true,"href":"https:\/\/kamerakontrolsistemleri.com\/index.php\/wp-json\/wp\/v2\/product_cat?post=12665"},{"taxonomy":"product_tag","embeddable":true,"href":"https:\/\/kamerakontrolsistemleri.com\/index.php\/wp-json\/wp\/v2\/product_tag?post=12665"}],"curies":[{"name":"wp","href":"https:\/\/api.w.org\/{rel}","templated":true}]}}