{"id":12692,"date":"2021-01-02T21:39:37","date_gmt":"2021-01-02T18:39:37","guid":{"rendered":"https:\/\/kamerakontrolsistemleri.com\/?post_type=product&#038;p=12692"},"modified":"2021-01-02T21:39:37","modified_gmt":"2021-01-02T18:39:37","slug":"dahua-hac-hdw1200rp-0360b-s3-2mp-analog-hd-ir-dome-kamera","status":"publish","type":"product","link":"https:\/\/kamerakontrolsistemleri.com\/index.php\/product\/dahua-hac-hdw1200rp-0360b-s3-2mp-analog-hd-ir-dome-kamera\/","title":{"rendered":"Dahua HAC-HDW1200RP-0360B-S3 2MP Analog HD IR Dome Kamera"},"content":{"rendered":"","protected":false},"excerpt":{"rendered":"<div class=\"short-description\">2 MP 1080P IR Dome ( HDCVI+AHD+TVI+Analog ) Kamera 3,6mm Lens, 1\/2.7&#8243; 2MP CMOS,1920(H)\u00d71080(V), 25\/30fps@1080P,25 fps@720P,Lens 87.5\u00ba, 0.02Lux\/F2.0, 0Lux IR on, Y\u00fcksek H\u0131z, Uzun Mesafe Real-Time \u0130letim, HD ve Standard \u00c7\u00f6z\u00fcn\u00fcrl\u00fck Se\u00e7imi , Gece\/G\u00fcnd\u00fcz (ICR), 2D-DNR, AWB, AGC, BLC, IR LED G.Mesafesi: 20m, Ak\u0131ll\u0131 IR, DC 12V, 75-3 Koaksiyel Kablo ile 500 m<\/div>\n<div class=\"prices\"><\/div>\n","protected":false},"featured_media":12693,"template":"","meta":[],"product_brand":[],"product_cat":[132,135],"product_tag":[],"class_list":{"0":"post-12692","1":"product","2":"type-product","3":"status-publish","4":"has-post-thumbnail","6":"product_cat-hd-kameralar","7":"product_cat-ir-dome-kameralar","9":"first","10":"instock","11":"taxable","12":"shipping-taxable","13":"purchasable","14":"product-type-simple"},"yoast_head":"<!-- This site is optimized with the Yoast SEO plugin v27.3 - https:\/\/yoast.com\/product\/yoast-seo-wordpress\/ -->\n<title>Dahua HAC-HDW1200RP-0360B-S3 2MP Analog HD IR Dome Kamera - Kamera Kontrol Sistemleri<\/title>\n<meta name=\"description\" content=\"2 MP 1080P IR Dome ( HDCVI+AHD+TVI+Analog ) Kamera 3,6mm Lens, 1\/2.7&quot; 2MP CMOS,1920(H)\u00d71080(V), 25\/30fps@1080P,25 fps@720P,Lens 87.5\u00ba, 0.02Lux\/F2.0, 0Lux IR on, Y\u00fcksek H\u0131z, Uzun Mesafe Real-Time \u0130letim, HD ve Standard \u00c7\u00f6z\u00fcn\u00fcrl\u00fck Se\u00e7imi , Gece\/G\u00fcnd\u00fcz (ICR), 2D-DNR, AWB, AGC, BLC, IR LED G.Mesafesi: 20m, Ak\u0131ll\u0131 IR, DC 12V, 75-3 Koaksiyel Kablo ile 500 m\" \/>\n<meta name=\"robots\" content=\"index, follow, max-snippet:-1, max-image-preview:large, max-video-preview:-1\" \/>\n<link rel=\"canonical\" href=\"https:\/\/kamerakontrolsistemleri.com\/index.php\/product\/dahua-hac-hdw1200rp-0360b-s3-2mp-analog-hd-ir-dome-kamera\/\" \/>\n<meta property=\"og:locale\" content=\"tr_TR\" \/>\n<meta property=\"og:type\" content=\"article\" \/>\n<meta property=\"og:title\" content=\"Dahua HAC-HDW1200RP-0360B-S3 2MP Analog HD IR Dome Kamera - Kamera Kontrol Sistemleri\" \/>\n<meta property=\"og:description\" content=\"2 MP 1080P IR Dome ( HDCVI+AHD+TVI+Analog ) Kamera 3,6mm Lens, 1\/2.7&quot; 2MP CMOS,1920(H)\u00d71080(V), 25\/30fps@1080P,25 fps@720P,Lens 87.5\u00ba, 0.02Lux\/F2.0, 0Lux IR on, Y\u00fcksek H\u0131z, Uzun Mesafe Real-Time \u0130letim, HD ve Standard \u00c7\u00f6z\u00fcn\u00fcrl\u00fck Se\u00e7imi , Gece\/G\u00fcnd\u00fcz (ICR), 2D-DNR, AWB, AGC, BLC, IR LED G.Mesafesi: 20m, Ak\u0131ll\u0131 IR, DC 12V, 75-3 Koaksiyel Kablo ile 500 m\" \/>\n<meta property=\"og:url\" content=\"https:\/\/kamerakontrolsistemleri.com\/index.php\/product\/dahua-hac-hdw1200rp-0360b-s3-2mp-analog-hd-ir-dome-kamera\/\" \/>\n<meta property=\"og:site_name\" content=\"Kamera Kontrol Sistemleri\" \/>\n<meta property=\"article:publisher\" content=\"https:\/\/www.facebook.com\/akottech\" \/>\n<meta property=\"og:image\" content=\"https:\/\/kamerakontrolsistemleri.com\/wp-content\/uploads\/2021\/01\/0000225_dahua-hac-hdw1200rp-0360b-s3-2mp-analog-hd-ir-dome-kamera_550-2.jpeg\" \/>\n\t<meta property=\"og:image:width\" content=\"550\" \/>\n\t<meta property=\"og:image:height\" content=\"550\" \/>\n\t<meta property=\"og:image:type\" content=\"image\/jpeg\" \/>\n<script type=\"application\/ld+json\" class=\"yoast-schema-graph\">{\"@context\":\"https:\\\/\\\/schema.org\",\"@graph\":[{\"@type\":\"WebPage\",\"@id\":\"https:\\\/\\\/kamerakontrolsistemleri.com\\\/index.php\\\/product\\\/dahua-hac-hdw1200rp-0360b-s3-2mp-analog-hd-ir-dome-kamera\\\/\",\"url\":\"https:\\\/\\\/kamerakontrolsistemleri.com\\\/index.php\\\/product\\\/dahua-hac-hdw1200rp-0360b-s3-2mp-analog-hd-ir-dome-kamera\\\/\",\"name\":\"Dahua HAC-HDW1200RP-0360B-S3 2MP Analog HD IR Dome Kamera - Kamera Kontrol Sistemleri\",\"isPartOf\":{\"@id\":\"https:\\\/\\\/kamerakontrolsistemleri.com\\\/#website\"},\"primaryImageOfPage\":{\"@id\":\"https:\\\/\\\/kamerakontrolsistemleri.com\\\/index.php\\\/product\\\/dahua-hac-hdw1200rp-0360b-s3-2mp-analog-hd-ir-dome-kamera\\\/#primaryimage\"},\"image\":{\"@id\":\"https:\\\/\\\/kamerakontrolsistemleri.com\\\/index.php\\\/product\\\/dahua-hac-hdw1200rp-0360b-s3-2mp-analog-hd-ir-dome-kamera\\\/#primaryimage\"},\"thumbnailUrl\":\"https:\\\/\\\/kamerakontrolsistemleri.com\\\/wp-content\\\/uploads\\\/2021\\\/01\\\/0000225_dahua-hac-hdw1200rp-0360b-s3-2mp-analog-hd-ir-dome-kamera_550-2.jpeg\",\"datePublished\":\"2021-01-02T18:39:37+00:00\",\"description\":\"2 MP 1080P IR Dome ( HDCVI+AHD+TVI+Analog ) Kamera 3,6mm Lens, 1\\\/2.7\\\" 2MP CMOS,1920(H)\u00d71080(V), 25\\\/30fps@1080P,25 fps@720P,Lens 87.5\u00ba, 0.02Lux\\\/F2.0, 0Lux IR on, Y\u00fcksek H\u0131z, Uzun Mesafe Real-Time \u0130letim, HD ve Standard \u00c7\u00f6z\u00fcn\u00fcrl\u00fck Se\u00e7imi , Gece\\\/G\u00fcnd\u00fcz (ICR), 2D-DNR, AWB, AGC, BLC, IR LED G.Mesafesi: 20m, Ak\u0131ll\u0131 IR, DC 12V, 75-3 Koaksiyel Kablo ile 500 m\",\"breadcrumb\":{\"@id\":\"https:\\\/\\\/kamerakontrolsistemleri.com\\\/index.php\\\/product\\\/dahua-hac-hdw1200rp-0360b-s3-2mp-analog-hd-ir-dome-kamera\\\/#breadcrumb\"},\"inLanguage\":\"tr\",\"potentialAction\":[{\"@type\":\"ReadAction\",\"target\":[\"https:\\\/\\\/kamerakontrolsistemleri.com\\\/index.php\\\/product\\\/dahua-hac-hdw1200rp-0360b-s3-2mp-analog-hd-ir-dome-kamera\\\/\"]}]},{\"@type\":\"ImageObject\",\"inLanguage\":\"tr\",\"@id\":\"https:\\\/\\\/kamerakontrolsistemleri.com\\\/index.php\\\/product\\\/dahua-hac-hdw1200rp-0360b-s3-2mp-analog-hd-ir-dome-kamera\\\/#primaryimage\",\"url\":\"https:\\\/\\\/kamerakontrolsistemleri.com\\\/wp-content\\\/uploads\\\/2021\\\/01\\\/0000225_dahua-hac-hdw1200rp-0360b-s3-2mp-analog-hd-ir-dome-kamera_550-2.jpeg\",\"contentUrl\":\"https:\\\/\\\/kamerakontrolsistemleri.com\\\/wp-content\\\/uploads\\\/2021\\\/01\\\/0000225_dahua-hac-hdw1200rp-0360b-s3-2mp-analog-hd-ir-dome-kamera_550-2.jpeg\",\"width\":550,\"height\":550},{\"@type\":\"BreadcrumbList\",\"@id\":\"https:\\\/\\\/kamerakontrolsistemleri.com\\\/index.php\\\/product\\\/dahua-hac-hdw1200rp-0360b-s3-2mp-analog-hd-ir-dome-kamera\\\/#breadcrumb\",\"itemListElement\":[{\"@type\":\"ListItem\",\"position\":1,\"name\":\"Ana sayfa\",\"item\":\"https:\\\/\\\/kamerakontrolsistemleri.com\\\/\"},{\"@type\":\"ListItem\",\"position\":2,\"name\":\"\u00dcr\u00fcnler\",\"item\":\"https:\\\/\\\/kamerakontrolsistemleri.com\\\/index.php\\\/urunler\\\/\"},{\"@type\":\"ListItem\",\"position\":3,\"name\":\"Dahua HAC-HDW1200RP-0360B-S3 2MP Analog HD IR Dome Kamera\"}]},{\"@type\":\"WebSite\",\"@id\":\"https:\\\/\\\/kamerakontrolsistemleri.com\\\/#website\",\"url\":\"https:\\\/\\\/kamerakontrolsistemleri.com\\\/\",\"name\":\"Kamera Kontrol Sistemleri\",\"description\":\"Toptan fiyat\u0131na al\u0131\u015fveri\u015f imkan\u0131\",\"publisher\":{\"@id\":\"https:\\\/\\\/kamerakontrolsistemleri.com\\\/#organization\"},\"potentialAction\":[{\"@type\":\"SearchAction\",\"target\":{\"@type\":\"EntryPoint\",\"urlTemplate\":\"https:\\\/\\\/kamerakontrolsistemleri.com\\\/?s={search_term_string}\"},\"query-input\":{\"@type\":\"PropertyValueSpecification\",\"valueRequired\":true,\"valueName\":\"search_term_string\"}}],\"inLanguage\":\"tr\"},{\"@type\":\"Organization\",\"@id\":\"https:\\\/\\\/kamerakontrolsistemleri.com\\\/#organization\",\"name\":\"Akotech G\u00fcvenlik Sistemleri\",\"url\":\"https:\\\/\\\/kamerakontrolsistemleri.com\\\/\",\"logo\":{\"@type\":\"ImageObject\",\"inLanguage\":\"tr\",\"@id\":\"https:\\\/\\\/kamerakontrolsistemleri.com\\\/#\\\/schema\\\/logo\\\/image\\\/\",\"url\":\"https:\\\/\\\/kamerakontrolsistemleri.com\\\/wp-content\\\/uploads\\\/2020\\\/12\\\/37335611_391154311412387_1999192248473878528_o.jpg\",\"contentUrl\":\"https:\\\/\\\/kamerakontrolsistemleri.com\\\/wp-content\\\/uploads\\\/2020\\\/12\\\/37335611_391154311412387_1999192248473878528_o.jpg\",\"width\":1129,\"height\":1129,\"caption\":\"Akotech G\u00fcvenlik Sistemleri\"},\"image\":{\"@id\":\"https:\\\/\\\/kamerakontrolsistemleri.com\\\/#\\\/schema\\\/logo\\\/image\\\/\"},\"sameAs\":[\"https:\\\/\\\/www.facebook.com\\\/akottech\",\"https:\\\/\\\/www.instagram.com\\\/akottechguvenlik\\\/\"]}]}<\/script>\n<!-- \/ Yoast SEO plugin. -->","yoast_head_json":{"title":"Dahua HAC-HDW1200RP-0360B-S3 2MP Analog HD IR Dome Kamera - Kamera Kontrol Sistemleri","description":"2 MP 1080P IR Dome ( HDCVI+AHD+TVI+Analog ) Kamera 3,6mm Lens, 1\/2.7\" 2MP CMOS,1920(H)\u00d71080(V), 25\/30fps@1080P,25 fps@720P,Lens 87.5\u00ba, 0.02Lux\/F2.0, 0Lux IR on, Y\u00fcksek H\u0131z, Uzun Mesafe Real-Time \u0130letim, HD ve Standard \u00c7\u00f6z\u00fcn\u00fcrl\u00fck Se\u00e7imi , Gece\/G\u00fcnd\u00fcz (ICR), 2D-DNR, AWB, AGC, BLC, IR LED G.Mesafesi: 20m, Ak\u0131ll\u0131 IR, DC 12V, 75-3 Koaksiyel Kablo ile 500 m","robots":{"index":"index","follow":"follow","max-snippet":"max-snippet:-1","max-image-preview":"max-image-preview:large","max-video-preview":"max-video-preview:-1"},"canonical":"https:\/\/kamerakontrolsistemleri.com\/index.php\/product\/dahua-hac-hdw1200rp-0360b-s3-2mp-analog-hd-ir-dome-kamera\/","og_locale":"tr_TR","og_type":"article","og_title":"Dahua HAC-HDW1200RP-0360B-S3 2MP Analog HD IR Dome Kamera - Kamera Kontrol Sistemleri","og_description":"2 MP 1080P IR Dome ( HDCVI+AHD+TVI+Analog ) Kamera 3,6mm Lens, 1\/2.7\" 2MP CMOS,1920(H)\u00d71080(V), 25\/30fps@1080P,25 fps@720P,Lens 87.5\u00ba, 0.02Lux\/F2.0, 0Lux IR on, Y\u00fcksek H\u0131z, Uzun Mesafe Real-Time \u0130letim, HD ve Standard \u00c7\u00f6z\u00fcn\u00fcrl\u00fck Se\u00e7imi , Gece\/G\u00fcnd\u00fcz (ICR), 2D-DNR, AWB, AGC, BLC, IR LED G.Mesafesi: 20m, Ak\u0131ll\u0131 IR, DC 12V, 75-3 Koaksiyel Kablo ile 500 m","og_url":"https:\/\/kamerakontrolsistemleri.com\/index.php\/product\/dahua-hac-hdw1200rp-0360b-s3-2mp-analog-hd-ir-dome-kamera\/","og_site_name":"Kamera Kontrol Sistemleri","article_publisher":"https:\/\/www.facebook.com\/akottech","og_image":[{"width":550,"height":550,"url":"https:\/\/kamerakontrolsistemleri.com\/wp-content\/uploads\/2021\/01\/0000225_dahua-hac-hdw1200rp-0360b-s3-2mp-analog-hd-ir-dome-kamera_550-2.jpeg","type":"image\/jpeg"}],"schema":{"@context":"https:\/\/schema.org","@graph":[{"@type":"WebPage","@id":"https:\/\/kamerakontrolsistemleri.com\/index.php\/product\/dahua-hac-hdw1200rp-0360b-s3-2mp-analog-hd-ir-dome-kamera\/","url":"https:\/\/kamerakontrolsistemleri.com\/index.php\/product\/dahua-hac-hdw1200rp-0360b-s3-2mp-analog-hd-ir-dome-kamera\/","name":"Dahua HAC-HDW1200RP-0360B-S3 2MP Analog HD IR Dome Kamera - Kamera Kontrol Sistemleri","isPartOf":{"@id":"https:\/\/kamerakontrolsistemleri.com\/#website"},"primaryImageOfPage":{"@id":"https:\/\/kamerakontrolsistemleri.com\/index.php\/product\/dahua-hac-hdw1200rp-0360b-s3-2mp-analog-hd-ir-dome-kamera\/#primaryimage"},"image":{"@id":"https:\/\/kamerakontrolsistemleri.com\/index.php\/product\/dahua-hac-hdw1200rp-0360b-s3-2mp-analog-hd-ir-dome-kamera\/#primaryimage"},"thumbnailUrl":"https:\/\/kamerakontrolsistemleri.com\/wp-content\/uploads\/2021\/01\/0000225_dahua-hac-hdw1200rp-0360b-s3-2mp-analog-hd-ir-dome-kamera_550-2.jpeg","datePublished":"2021-01-02T18:39:37+00:00","description":"2 MP 1080P IR Dome ( HDCVI+AHD+TVI+Analog ) Kamera 3,6mm Lens, 1\/2.7\" 2MP CMOS,1920(H)\u00d71080(V), 25\/30fps@1080P,25 fps@720P,Lens 87.5\u00ba, 0.02Lux\/F2.0, 0Lux IR on, Y\u00fcksek H\u0131z, Uzun Mesafe Real-Time \u0130letim, HD ve Standard \u00c7\u00f6z\u00fcn\u00fcrl\u00fck Se\u00e7imi , Gece\/G\u00fcnd\u00fcz (ICR), 2D-DNR, AWB, AGC, BLC, IR LED G.Mesafesi: 20m, Ak\u0131ll\u0131 IR, DC 12V, 75-3 Koaksiyel Kablo ile 500 m","breadcrumb":{"@id":"https:\/\/kamerakontrolsistemleri.com\/index.php\/product\/dahua-hac-hdw1200rp-0360b-s3-2mp-analog-hd-ir-dome-kamera\/#breadcrumb"},"inLanguage":"tr","potentialAction":[{"@type":"ReadAction","target":["https:\/\/kamerakontrolsistemleri.com\/index.php\/product\/dahua-hac-hdw1200rp-0360b-s3-2mp-analog-hd-ir-dome-kamera\/"]}]},{"@type":"ImageObject","inLanguage":"tr","@id":"https:\/\/kamerakontrolsistemleri.com\/index.php\/product\/dahua-hac-hdw1200rp-0360b-s3-2mp-analog-hd-ir-dome-kamera\/#primaryimage","url":"https:\/\/kamerakontrolsistemleri.com\/wp-content\/uploads\/2021\/01\/0000225_dahua-hac-hdw1200rp-0360b-s3-2mp-analog-hd-ir-dome-kamera_550-2.jpeg","contentUrl":"https:\/\/kamerakontrolsistemleri.com\/wp-content\/uploads\/2021\/01\/0000225_dahua-hac-hdw1200rp-0360b-s3-2mp-analog-hd-ir-dome-kamera_550-2.jpeg","width":550,"height":550},{"@type":"BreadcrumbList","@id":"https:\/\/kamerakontrolsistemleri.com\/index.php\/product\/dahua-hac-hdw1200rp-0360b-s3-2mp-analog-hd-ir-dome-kamera\/#breadcrumb","itemListElement":[{"@type":"ListItem","position":1,"name":"Ana sayfa","item":"https:\/\/kamerakontrolsistemleri.com\/"},{"@type":"ListItem","position":2,"name":"\u00dcr\u00fcnler","item":"https:\/\/kamerakontrolsistemleri.com\/index.php\/urunler\/"},{"@type":"ListItem","position":3,"name":"Dahua HAC-HDW1200RP-0360B-S3 2MP Analog HD IR Dome Kamera"}]},{"@type":"WebSite","@id":"https:\/\/kamerakontrolsistemleri.com\/#website","url":"https:\/\/kamerakontrolsistemleri.com\/","name":"Kamera Kontrol Sistemleri","description":"Toptan fiyat\u0131na al\u0131\u015fveri\u015f imkan\u0131","publisher":{"@id":"https:\/\/kamerakontrolsistemleri.com\/#organization"},"potentialAction":[{"@type":"SearchAction","target":{"@type":"EntryPoint","urlTemplate":"https:\/\/kamerakontrolsistemleri.com\/?s={search_term_string}"},"query-input":{"@type":"PropertyValueSpecification","valueRequired":true,"valueName":"search_term_string"}}],"inLanguage":"tr"},{"@type":"Organization","@id":"https:\/\/kamerakontrolsistemleri.com\/#organization","name":"Akotech G\u00fcvenlik Sistemleri","url":"https:\/\/kamerakontrolsistemleri.com\/","logo":{"@type":"ImageObject","inLanguage":"tr","@id":"https:\/\/kamerakontrolsistemleri.com\/#\/schema\/logo\/image\/","url":"https:\/\/kamerakontrolsistemleri.com\/wp-content\/uploads\/2020\/12\/37335611_391154311412387_1999192248473878528_o.jpg","contentUrl":"https:\/\/kamerakontrolsistemleri.com\/wp-content\/uploads\/2020\/12\/37335611_391154311412387_1999192248473878528_o.jpg","width":1129,"height":1129,"caption":"Akotech G\u00fcvenlik Sistemleri"},"image":{"@id":"https:\/\/kamerakontrolsistemleri.com\/#\/schema\/logo\/image\/"},"sameAs":["https:\/\/www.facebook.com\/akottech","https:\/\/www.instagram.com\/akottechguvenlik\/"]}]}},"jetpack_sharing_enabled":true,"_links":{"self":[{"href":"https:\/\/kamerakontrolsistemleri.com\/index.php\/wp-json\/wp\/v2\/product\/12692","targetHints":{"allow":["GET"]}}],"collection":[{"href":"https:\/\/kamerakontrolsistemleri.com\/index.php\/wp-json\/wp\/v2\/product"}],"about":[{"href":"https:\/\/kamerakontrolsistemleri.com\/index.php\/wp-json\/wp\/v2\/types\/product"}],"version-history":[{"count":0,"href":"https:\/\/kamerakontrolsistemleri.com\/index.php\/wp-json\/wp\/v2\/product\/12692\/revisions"}],"wp:featuredmedia":[{"embeddable":true,"href":"https:\/\/kamerakontrolsistemleri.com\/index.php\/wp-json\/wp\/v2\/media\/12693"}],"wp:attachment":[{"href":"https:\/\/kamerakontrolsistemleri.com\/index.php\/wp-json\/wp\/v2\/media?parent=12692"}],"wp:term":[{"taxonomy":"product_brand","embeddable":true,"href":"https:\/\/kamerakontrolsistemleri.com\/index.php\/wp-json\/wp\/v2\/product_brand?post=12692"},{"taxonomy":"product_cat","embeddable":true,"href":"https:\/\/kamerakontrolsistemleri.com\/index.php\/wp-json\/wp\/v2\/product_cat?post=12692"},{"taxonomy":"product_tag","embeddable":true,"href":"https:\/\/kamerakontrolsistemleri.com\/index.php\/wp-json\/wp\/v2\/product_tag?post=12692"}],"curies":[{"name":"wp","href":"https:\/\/api.w.org\/{rel}","templated":true}]}}