{"id":12906,"date":"2021-10-07T10:23:19","date_gmt":"2021-10-07T07:23:19","guid":{"rendered":"https:\/\/kamerakontrolsistemleri.com\/?post_type=product&#038;p=12906"},"modified":"2021-10-07T10:23:19","modified_gmt":"2021-10-07T07:23:19","slug":"hikvision-ds-pha64-m-hybrid-kontrol-paneli","status":"publish","type":"product","link":"https:\/\/kamerakontrolsistemleri.com\/index.php\/product\/hikvision-ds-pha64-m-hybrid-kontrol-paneli\/","title":{"rendered":"HIKVISION DS-PHA64-M HYBRID KONTROL PANEL\u0130"},"content":{"rendered":"<p><strong>HIKVISION DS-PHA64\u00a0KABLOLU-HYBRID ALARM PANEL\u0130<\/strong><br \/>\n\u2022 8 Zone Giri\u015f (64&#8217;e y\u00fckseltilebilir),<br \/>\n\u2022 4 \u00c7\u0131k\u0131\u015f (64&#8217;e y\u00fckseltilebilir),<br \/>\n\u2022 9 Tu\u015f tak\u0131m\u0131, 8 Kumanda, 2 Kablosuz siren eklenebilir,<br \/>\n\u2022 Dahili LAN , PSTN, GPRS VE 3G\/4G mod\u00fcl\u00fc eklenebilir,<br \/>\n\u2022 Tu\u015f tak\u0131m\u0131, Kumanda,<br \/>\n\u2022 Cep Uygulamas\u0131 ve Web yaz\u0131l\u0131m ile alarm kurma\/devre d\u0131\u015f\u0131 b\u0131rakma,<br \/>\n\u2022 Olay kayd\u0131 temizleme, anl\u0131k sinyal izleme,<br \/>\n\u2022 Cep uygulamas\u0131,<br \/>\n\u2022 Web Server ve Yaz\u0131l\u0131m \u00fczerinden programlama ve konfig\u00fcrasyon imkan\u0131,<br \/>\n\u2022 47 farkl\u0131 kullan\u0131c\u0131 tan\u0131mlama (1 ana kullan\u0131c\u0131, 1 y\u00f6netici ve 45 kullan\u0131c\u0131),<br \/>\n\u2022 \u00c7al\u0131\u015fma Voltaj\u0131: 110 V- 220 V \/ 12v7A Ak\u00fc deste\u011fi,<br \/>\n\u2022 DS-PM-RSWR mod\u00fcl\u00fc ile Kablosuz \u00fcr\u00fcnler eklenebilir (433\/868 MHz),<br \/>\n\u2022 Alarm Haber Alma Merkezi yaz\u0131l\u0131mlar\u0131 ile uyumlu<\/p>\n","protected":false},"excerpt":{"rendered":"<p>Hikvison 64 b\u00f6lgeli kablolu ve kablosuz \u00e7al\u0131\u015fabilen karma h\u0131rs\u0131z alarm sistemi.End\u00fcstriyel tesisler,b\u00fcy\u00fck villa ve avm merkezleri \u00e7in ideal olan bu h\u0131rs\u0131z alarm sistemi.Kablo ve zamandan tasarruf sa\u011flar.<\/p>\n","protected":false},"featured_media":12907,"template":"","meta":[],"product_brand":[],"product_cat":[161],"product_tag":[167,165,101,170,164,171,169,168,166],"class_list":{"0":"post-12906","1":"product","2":"type-product","3":"status-publish","4":"has-post-thumbnail","6":"product_cat-hikvision-hirsiz-alarm-sistemi","7":"product_tag-akilli-ev-sistemi","8":"product_tag-guvenlik-sistemi","9":"product_tag-hikvision","10":"product_tag-hikvision-izmir","11":"product_tag-hirsiz-alarmi","12":"product_tag-hirsiz-alarmi-izmir","13":"product_tag-kablolu-hirsiz-alarmi","14":"product_tag-kablosuz-hirsiz-alarmi","15":"product_tag-yangin-alarmi","17":"first","18":"instock","19":"sale","20":"taxable","21":"shipping-taxable","22":"purchasable","23":"product-type-simple"},"yoast_head":"<!-- This site is optimized with the Yoast SEO plugin v27.3 - https:\/\/yoast.com\/product\/yoast-seo-wordpress\/ -->\n<title>HIKVISION DS-PHA64-M HYBRID KONTROL PANEL\u0130 - Kamera Kontrol Sistemleri<\/title>\n<meta name=\"description\" content=\"Hikvison 64 b\u00f6lgeli kablolu ve kablosuz \u00e7al\u0131\u015fabilen karma h\u0131rs\u0131z alarm sistemi.End\u00fcstriyel tesisler,b\u00fcy\u00fck villa ve avm merkezleri \u00e7in ideal olan bu h\u0131rs\u0131z alarm sistemi.Kablo ve zamandan tasarruf sa\u011flar.\" \/>\n<meta name=\"robots\" content=\"index, follow, max-snippet:-1, max-image-preview:large, max-video-preview:-1\" \/>\n<link rel=\"canonical\" href=\"https:\/\/kamerakontrolsistemleri.com\/index.php\/product\/hikvision-ds-pha64-m-hybrid-kontrol-paneli\/\" \/>\n<meta property=\"og:locale\" content=\"tr_TR\" \/>\n<meta property=\"og:type\" content=\"article\" \/>\n<meta property=\"og:title\" content=\"HIKVISION DS-PHA64-M HYBRID KONTROL PANEL\u0130 - Kamera Kontrol Sistemleri\" \/>\n<meta property=\"og:description\" content=\"Hikvison 64 b\u00f6lgeli kablolu ve kablosuz \u00e7al\u0131\u015fabilen karma h\u0131rs\u0131z alarm sistemi.End\u00fcstriyel tesisler,b\u00fcy\u00fck villa ve avm merkezleri \u00e7in ideal olan bu h\u0131rs\u0131z alarm sistemi.Kablo ve zamandan tasarruf sa\u011flar.\" \/>\n<meta property=\"og:url\" content=\"https:\/\/kamerakontrolsistemleri.com\/index.php\/product\/hikvision-ds-pha64-m-hybrid-kontrol-paneli\/\" \/>\n<meta property=\"og:site_name\" content=\"Kamera Kontrol Sistemleri\" \/>\n<meta property=\"article:publisher\" content=\"https:\/\/www.facebook.com\/akottech\" \/>\n<meta property=\"og:image\" content=\"https:\/\/kamerakontrolsistemleri.com\/wp-content\/uploads\/2021\/10\/ds-pha64-m-panel-hikvision.jpeg\" \/>\n\t<meta property=\"og:image:width\" content=\"900\" \/>\n\t<meta property=\"og:image:height\" content=\"675\" \/>\n\t<meta property=\"og:image:type\" content=\"image\/jpeg\" \/>\n<meta name=\"twitter:label1\" content=\"Tahmini okuma s\u00fcresi\" \/>\n\t<meta name=\"twitter:data1\" content=\"1 dakika\" \/>\n<script type=\"application\/ld+json\" class=\"yoast-schema-graph\">{\"@context\":\"https:\\\/\\\/schema.org\",\"@graph\":[{\"@type\":\"WebPage\",\"@id\":\"https:\\\/\\\/kamerakontrolsistemleri.com\\\/index.php\\\/product\\\/hikvision-ds-pha64-m-hybrid-kontrol-paneli\\\/\",\"url\":\"https:\\\/\\\/kamerakontrolsistemleri.com\\\/index.php\\\/product\\\/hikvision-ds-pha64-m-hybrid-kontrol-paneli\\\/\",\"name\":\"HIKVISION DS-PHA64-M HYBRID KONTROL PANEL\u0130 - Kamera Kontrol Sistemleri\",\"isPartOf\":{\"@id\":\"https:\\\/\\\/kamerakontrolsistemleri.com\\\/#website\"},\"primaryImageOfPage\":{\"@id\":\"https:\\\/\\\/kamerakontrolsistemleri.com\\\/index.php\\\/product\\\/hikvision-ds-pha64-m-hybrid-kontrol-paneli\\\/#primaryimage\"},\"image\":{\"@id\":\"https:\\\/\\\/kamerakontrolsistemleri.com\\\/index.php\\\/product\\\/hikvision-ds-pha64-m-hybrid-kontrol-paneli\\\/#primaryimage\"},\"thumbnailUrl\":\"https:\\\/\\\/kamerakontrolsistemleri.com\\\/wp-content\\\/uploads\\\/2021\\\/10\\\/ds-pha64-m-panel-hikvision.jpeg\",\"datePublished\":\"2021-10-07T07:23:19+00:00\",\"description\":\"Hikvison 64 b\u00f6lgeli kablolu ve kablosuz \u00e7al\u0131\u015fabilen karma h\u0131rs\u0131z alarm sistemi.End\u00fcstriyel tesisler,b\u00fcy\u00fck villa ve avm merkezleri \u00e7in ideal olan bu h\u0131rs\u0131z alarm sistemi.Kablo ve zamandan tasarruf sa\u011flar.\",\"breadcrumb\":{\"@id\":\"https:\\\/\\\/kamerakontrolsistemleri.com\\\/index.php\\\/product\\\/hikvision-ds-pha64-m-hybrid-kontrol-paneli\\\/#breadcrumb\"},\"inLanguage\":\"tr\",\"potentialAction\":[{\"@type\":\"ReadAction\",\"target\":[\"https:\\\/\\\/kamerakontrolsistemleri.com\\\/index.php\\\/product\\\/hikvision-ds-pha64-m-hybrid-kontrol-paneli\\\/\"]}]},{\"@type\":\"ImageObject\",\"inLanguage\":\"tr\",\"@id\":\"https:\\\/\\\/kamerakontrolsistemleri.com\\\/index.php\\\/product\\\/hikvision-ds-pha64-m-hybrid-kontrol-paneli\\\/#primaryimage\",\"url\":\"https:\\\/\\\/kamerakontrolsistemleri.com\\\/wp-content\\\/uploads\\\/2021\\\/10\\\/ds-pha64-m-panel-hikvision.jpeg\",\"contentUrl\":\"https:\\\/\\\/kamerakontrolsistemleri.com\\\/wp-content\\\/uploads\\\/2021\\\/10\\\/ds-pha64-m-panel-hikvision.jpeg\",\"width\":900,\"height\":675,\"caption\":\"hikvision h\u0131rs\u0131z alarm sistemi\"},{\"@type\":\"BreadcrumbList\",\"@id\":\"https:\\\/\\\/kamerakontrolsistemleri.com\\\/index.php\\\/product\\\/hikvision-ds-pha64-m-hybrid-kontrol-paneli\\\/#breadcrumb\",\"itemListElement\":[{\"@type\":\"ListItem\",\"position\":1,\"name\":\"Ana sayfa\",\"item\":\"https:\\\/\\\/kamerakontrolsistemleri.com\\\/\"},{\"@type\":\"ListItem\",\"position\":2,\"name\":\"\u00dcr\u00fcnler\",\"item\":\"https:\\\/\\\/kamerakontrolsistemleri.com\\\/index.php\\\/urunler\\\/\"},{\"@type\":\"ListItem\",\"position\":3,\"name\":\"HIKVISION DS-PHA64-M HYBRID KONTROL PANEL\u0130\"}]},{\"@type\":\"WebSite\",\"@id\":\"https:\\\/\\\/kamerakontrolsistemleri.com\\\/#website\",\"url\":\"https:\\\/\\\/kamerakontrolsistemleri.com\\\/\",\"name\":\"Kamera Kontrol Sistemleri\",\"description\":\"Toptan fiyat\u0131na al\u0131\u015fveri\u015f imkan\u0131\",\"publisher\":{\"@id\":\"https:\\\/\\\/kamerakontrolsistemleri.com\\\/#organization\"},\"potentialAction\":[{\"@type\":\"SearchAction\",\"target\":{\"@type\":\"EntryPoint\",\"urlTemplate\":\"https:\\\/\\\/kamerakontrolsistemleri.com\\\/?s={search_term_string}\"},\"query-input\":{\"@type\":\"PropertyValueSpecification\",\"valueRequired\":true,\"valueName\":\"search_term_string\"}}],\"inLanguage\":\"tr\"},{\"@type\":\"Organization\",\"@id\":\"https:\\\/\\\/kamerakontrolsistemleri.com\\\/#organization\",\"name\":\"Akotech G\u00fcvenlik Sistemleri\",\"url\":\"https:\\\/\\\/kamerakontrolsistemleri.com\\\/\",\"logo\":{\"@type\":\"ImageObject\",\"inLanguage\":\"tr\",\"@id\":\"https:\\\/\\\/kamerakontrolsistemleri.com\\\/#\\\/schema\\\/logo\\\/image\\\/\",\"url\":\"https:\\\/\\\/kamerakontrolsistemleri.com\\\/wp-content\\\/uploads\\\/2020\\\/12\\\/37335611_391154311412387_1999192248473878528_o.jpg\",\"contentUrl\":\"https:\\\/\\\/kamerakontrolsistemleri.com\\\/wp-content\\\/uploads\\\/2020\\\/12\\\/37335611_391154311412387_1999192248473878528_o.jpg\",\"width\":1129,\"height\":1129,\"caption\":\"Akotech G\u00fcvenlik Sistemleri\"},\"image\":{\"@id\":\"https:\\\/\\\/kamerakontrolsistemleri.com\\\/#\\\/schema\\\/logo\\\/image\\\/\"},\"sameAs\":[\"https:\\\/\\\/www.facebook.com\\\/akottech\",\"https:\\\/\\\/www.instagram.com\\\/akottechguvenlik\\\/\"]}]}<\/script>\n<!-- \/ Yoast SEO plugin. -->","yoast_head_json":{"title":"HIKVISION DS-PHA64-M HYBRID KONTROL PANEL\u0130 - Kamera Kontrol Sistemleri","description":"Hikvison 64 b\u00f6lgeli kablolu ve kablosuz \u00e7al\u0131\u015fabilen karma h\u0131rs\u0131z alarm sistemi.End\u00fcstriyel tesisler,b\u00fcy\u00fck villa ve avm merkezleri \u00e7in ideal olan bu h\u0131rs\u0131z alarm sistemi.Kablo ve zamandan tasarruf sa\u011flar.","robots":{"index":"index","follow":"follow","max-snippet":"max-snippet:-1","max-image-preview":"max-image-preview:large","max-video-preview":"max-video-preview:-1"},"canonical":"https:\/\/kamerakontrolsistemleri.com\/index.php\/product\/hikvision-ds-pha64-m-hybrid-kontrol-paneli\/","og_locale":"tr_TR","og_type":"article","og_title":"HIKVISION DS-PHA64-M HYBRID KONTROL PANEL\u0130 - Kamera Kontrol Sistemleri","og_description":"Hikvison 64 b\u00f6lgeli kablolu ve kablosuz \u00e7al\u0131\u015fabilen karma h\u0131rs\u0131z alarm sistemi.End\u00fcstriyel tesisler,b\u00fcy\u00fck villa ve avm merkezleri \u00e7in ideal olan bu h\u0131rs\u0131z alarm sistemi.Kablo ve zamandan tasarruf sa\u011flar.","og_url":"https:\/\/kamerakontrolsistemleri.com\/index.php\/product\/hikvision-ds-pha64-m-hybrid-kontrol-paneli\/","og_site_name":"Kamera Kontrol Sistemleri","article_publisher":"https:\/\/www.facebook.com\/akottech","og_image":[{"width":900,"height":675,"url":"https:\/\/kamerakontrolsistemleri.com\/wp-content\/uploads\/2021\/10\/ds-pha64-m-panel-hikvision.jpeg","type":"image\/jpeg"}],"twitter_misc":{"Tahmini okuma s\u00fcresi":"1 dakika"},"schema":{"@context":"https:\/\/schema.org","@graph":[{"@type":"WebPage","@id":"https:\/\/kamerakontrolsistemleri.com\/index.php\/product\/hikvision-ds-pha64-m-hybrid-kontrol-paneli\/","url":"https:\/\/kamerakontrolsistemleri.com\/index.php\/product\/hikvision-ds-pha64-m-hybrid-kontrol-paneli\/","name":"HIKVISION DS-PHA64-M HYBRID KONTROL PANEL\u0130 - Kamera Kontrol Sistemleri","isPartOf":{"@id":"https:\/\/kamerakontrolsistemleri.com\/#website"},"primaryImageOfPage":{"@id":"https:\/\/kamerakontrolsistemleri.com\/index.php\/product\/hikvision-ds-pha64-m-hybrid-kontrol-paneli\/#primaryimage"},"image":{"@id":"https:\/\/kamerakontrolsistemleri.com\/index.php\/product\/hikvision-ds-pha64-m-hybrid-kontrol-paneli\/#primaryimage"},"thumbnailUrl":"https:\/\/kamerakontrolsistemleri.com\/wp-content\/uploads\/2021\/10\/ds-pha64-m-panel-hikvision.jpeg","datePublished":"2021-10-07T07:23:19+00:00","description":"Hikvison 64 b\u00f6lgeli kablolu ve kablosuz \u00e7al\u0131\u015fabilen karma h\u0131rs\u0131z alarm sistemi.End\u00fcstriyel tesisler,b\u00fcy\u00fck villa ve avm merkezleri \u00e7in ideal olan bu h\u0131rs\u0131z alarm sistemi.Kablo ve zamandan tasarruf sa\u011flar.","breadcrumb":{"@id":"https:\/\/kamerakontrolsistemleri.com\/index.php\/product\/hikvision-ds-pha64-m-hybrid-kontrol-paneli\/#breadcrumb"},"inLanguage":"tr","potentialAction":[{"@type":"ReadAction","target":["https:\/\/kamerakontrolsistemleri.com\/index.php\/product\/hikvision-ds-pha64-m-hybrid-kontrol-paneli\/"]}]},{"@type":"ImageObject","inLanguage":"tr","@id":"https:\/\/kamerakontrolsistemleri.com\/index.php\/product\/hikvision-ds-pha64-m-hybrid-kontrol-paneli\/#primaryimage","url":"https:\/\/kamerakontrolsistemleri.com\/wp-content\/uploads\/2021\/10\/ds-pha64-m-panel-hikvision.jpeg","contentUrl":"https:\/\/kamerakontrolsistemleri.com\/wp-content\/uploads\/2021\/10\/ds-pha64-m-panel-hikvision.jpeg","width":900,"height":675,"caption":"hikvision h\u0131rs\u0131z alarm sistemi"},{"@type":"BreadcrumbList","@id":"https:\/\/kamerakontrolsistemleri.com\/index.php\/product\/hikvision-ds-pha64-m-hybrid-kontrol-paneli\/#breadcrumb","itemListElement":[{"@type":"ListItem","position":1,"name":"Ana sayfa","item":"https:\/\/kamerakontrolsistemleri.com\/"},{"@type":"ListItem","position":2,"name":"\u00dcr\u00fcnler","item":"https:\/\/kamerakontrolsistemleri.com\/index.php\/urunler\/"},{"@type":"ListItem","position":3,"name":"HIKVISION DS-PHA64-M HYBRID KONTROL PANEL\u0130"}]},{"@type":"WebSite","@id":"https:\/\/kamerakontrolsistemleri.com\/#website","url":"https:\/\/kamerakontrolsistemleri.com\/","name":"Kamera Kontrol Sistemleri","description":"Toptan fiyat\u0131na al\u0131\u015fveri\u015f imkan\u0131","publisher":{"@id":"https:\/\/kamerakontrolsistemleri.com\/#organization"},"potentialAction":[{"@type":"SearchAction","target":{"@type":"EntryPoint","urlTemplate":"https:\/\/kamerakontrolsistemleri.com\/?s={search_term_string}"},"query-input":{"@type":"PropertyValueSpecification","valueRequired":true,"valueName":"search_term_string"}}],"inLanguage":"tr"},{"@type":"Organization","@id":"https:\/\/kamerakontrolsistemleri.com\/#organization","name":"Akotech G\u00fcvenlik Sistemleri","url":"https:\/\/kamerakontrolsistemleri.com\/","logo":{"@type":"ImageObject","inLanguage":"tr","@id":"https:\/\/kamerakontrolsistemleri.com\/#\/schema\/logo\/image\/","url":"https:\/\/kamerakontrolsistemleri.com\/wp-content\/uploads\/2020\/12\/37335611_391154311412387_1999192248473878528_o.jpg","contentUrl":"https:\/\/kamerakontrolsistemleri.com\/wp-content\/uploads\/2020\/12\/37335611_391154311412387_1999192248473878528_o.jpg","width":1129,"height":1129,"caption":"Akotech G\u00fcvenlik Sistemleri"},"image":{"@id":"https:\/\/kamerakontrolsistemleri.com\/#\/schema\/logo\/image\/"},"sameAs":["https:\/\/www.facebook.com\/akottech","https:\/\/www.instagram.com\/akottechguvenlik\/"]}]}},"jetpack_sharing_enabled":true,"_links":{"self":[{"href":"https:\/\/kamerakontrolsistemleri.com\/index.php\/wp-json\/wp\/v2\/product\/12906","targetHints":{"allow":["GET"]}}],"collection":[{"href":"https:\/\/kamerakontrolsistemleri.com\/index.php\/wp-json\/wp\/v2\/product"}],"about":[{"href":"https:\/\/kamerakontrolsistemleri.com\/index.php\/wp-json\/wp\/v2\/types\/product"}],"version-history":[{"count":1,"href":"https:\/\/kamerakontrolsistemleri.com\/index.php\/wp-json\/wp\/v2\/product\/12906\/revisions"}],"predecessor-version":[{"id":12908,"href":"https:\/\/kamerakontrolsistemleri.com\/index.php\/wp-json\/wp\/v2\/product\/12906\/revisions\/12908"}],"wp:featuredmedia":[{"embeddable":true,"href":"https:\/\/kamerakontrolsistemleri.com\/index.php\/wp-json\/wp\/v2\/media\/12907"}],"wp:attachment":[{"href":"https:\/\/kamerakontrolsistemleri.com\/index.php\/wp-json\/wp\/v2\/media?parent=12906"}],"wp:term":[{"taxonomy":"product_brand","embeddable":true,"href":"https:\/\/kamerakontrolsistemleri.com\/index.php\/wp-json\/wp\/v2\/product_brand?post=12906"},{"taxonomy":"product_cat","embeddable":true,"href":"https:\/\/kamerakontrolsistemleri.com\/index.php\/wp-json\/wp\/v2\/product_cat?post=12906"},{"taxonomy":"product_tag","embeddable":true,"href":"https:\/\/kamerakontrolsistemleri.com\/index.php\/wp-json\/wp\/v2\/product_tag?post=12906"}],"curies":[{"name":"wp","href":"https:\/\/api.w.org\/{rel}","templated":true}]}}