{"id":12928,"date":"2021-10-07T17:07:38","date_gmt":"2021-10-07T14:07:38","guid":{"rendered":"https:\/\/kamerakontrolsistemleri.com\/?post_type=product&#038;p=12928"},"modified":"2021-10-07T17:07:38","modified_gmt":"2021-10-07T14:07:38","slug":"hikvision-ds-pd1-mc-wws-433-mhz-kablosuz-manyetik-kontak","status":"publish","type":"product","link":"https:\/\/kamerakontrolsistemleri.com\/index.php\/product\/hikvision-ds-pd1-mc-wws-433-mhz-kablosuz-manyetik-kontak\/","title":{"rendered":"HIKVISION DS-PD1-MC-WWS 433 MHz KABLOSUZ MANYET\u0130K KONTAK"},"content":{"rendered":"<p>HIKVISION DS-PD1-MC-WWS 433 MHz KABLOSUZ MANYET\u0130K KONTAK<br \/>\n* \u0130ki y\u00f6nl\u00fc ileti\u015fim, RF mesafesi: 800 mt (a\u00e7\u0131k alan)<br \/>\n* ES-128 \u015fifreleme sistemi<br \/>\n* Sabotaj korumas\u0131<\/p>\n","protected":false},"excerpt":{"rendered":"<p>HIKVISION DS-PD1-MC-WWS 433 MHz KABLOSUZ MANYET\u0130K KONTAK * \u0130ki y\u00f6nl\u00fc ileti\u015fim, RF mesafesi: 800 mt (a\u00e7\u0131k alan) * ES-128 \u015fifreleme<\/p>\n","protected":false},"featured_media":12929,"template":"","meta":[],"product_brand":[],"product_cat":[161],"product_tag":[],"class_list":{"0":"post-12928","1":"product","2":"type-product","3":"status-publish","4":"has-post-thumbnail","6":"product_cat-hikvision-hirsiz-alarm-sistemi","8":"first","9":"instock","10":"taxable","11":"shipping-taxable","12":"product-type-simple"},"yoast_head":"<!-- This site is optimized with the Yoast SEO plugin v27.6 - https:\/\/yoast.com\/product\/yoast-seo-wordpress\/ -->\n<title>HIKVISION DS-PD1-MC-WWS 433 MHz KABLOSUZ MANYET\u0130K KONTAK - Kamera Kontrol Sistemleri<\/title>\n<meta name=\"description\" content=\"HIKVISION DS-PD1-MC-WWS 433 MHz KABLOSUZ MANYET\u0130K KONTAK * \u0130ki y\u00f6nl\u00fc ileti\u015fim, RF mesafesi: 800 mt (a\u00e7\u0131k alan) * ES-128 \u015fifreleme sistemi * Sabotaj\" \/>\n<meta name=\"robots\" content=\"index, follow, max-snippet:-1, max-image-preview:large, max-video-preview:-1\" \/>\n<link rel=\"canonical\" href=\"https:\/\/kamerakontrolsistemleri.com\/index.php\/product\/hikvision-ds-pd1-mc-wws-433-mhz-kablosuz-manyetik-kontak\/\" \/>\n<meta property=\"og:locale\" content=\"tr_TR\" \/>\n<meta property=\"og:type\" content=\"article\" \/>\n<meta property=\"og:title\" content=\"HIKVISION DS-PD1-MC-WWS 433 MHz KABLOSUZ MANYET\u0130K KONTAK - Kamera Kontrol Sistemleri\" \/>\n<meta property=\"og:description\" content=\"HIKVISION DS-PD1-MC-WWS 433 MHz KABLOSUZ MANYET\u0130K KONTAK * \u0130ki y\u00f6nl\u00fc ileti\u015fim, RF mesafesi: 800 mt (a\u00e7\u0131k alan) * ES-128 \u015fifreleme sistemi * Sabotaj\" \/>\n<meta property=\"og:url\" content=\"https:\/\/kamerakontrolsistemleri.com\/index.php\/product\/hikvision-ds-pd1-mc-wws-433-mhz-kablosuz-manyetik-kontak\/\" \/>\n<meta property=\"og:site_name\" content=\"Kamera Kontrol Sistemleri\" \/>\n<meta property=\"article:publisher\" content=\"https:\/\/www.facebook.com\/akottech\" \/>\n<meta property=\"og:image\" content=\"https:\/\/kamerakontrolsistemleri.com\/wp-content\/uploads\/2021\/10\/hikvision-ds-pd1-mc-wws-433-mhz-kablosuz-manyetik-kontak.webp\" \/>\n\t<meta property=\"og:image:width\" content=\"1024\" \/>\n\t<meta property=\"og:image:height\" content=\"1024\" \/>\n\t<meta property=\"og:image:type\" content=\"image\/webp\" \/>\n<script type=\"application\/ld+json\" class=\"yoast-schema-graph\">{\"@context\":\"https:\\\/\\\/schema.org\",\"@graph\":[{\"@type\":\"WebPage\",\"@id\":\"https:\\\/\\\/kamerakontrolsistemleri.com\\\/index.php\\\/product\\\/hikvision-ds-pd1-mc-wws-433-mhz-kablosuz-manyetik-kontak\\\/\",\"url\":\"https:\\\/\\\/kamerakontrolsistemleri.com\\\/index.php\\\/product\\\/hikvision-ds-pd1-mc-wws-433-mhz-kablosuz-manyetik-kontak\\\/\",\"name\":\"HIKVISION DS-PD1-MC-WWS 433 MHz KABLOSUZ MANYET\u0130K KONTAK - Kamera Kontrol Sistemleri\",\"isPartOf\":{\"@id\":\"https:\\\/\\\/kamerakontrolsistemleri.com\\\/#website\"},\"primaryImageOfPage\":{\"@id\":\"https:\\\/\\\/kamerakontrolsistemleri.com\\\/index.php\\\/product\\\/hikvision-ds-pd1-mc-wws-433-mhz-kablosuz-manyetik-kontak\\\/#primaryimage\"},\"image\":{\"@id\":\"https:\\\/\\\/kamerakontrolsistemleri.com\\\/index.php\\\/product\\\/hikvision-ds-pd1-mc-wws-433-mhz-kablosuz-manyetik-kontak\\\/#primaryimage\"},\"thumbnailUrl\":\"https:\\\/\\\/kamerakontrolsistemleri.com\\\/wp-content\\\/uploads\\\/2021\\\/10\\\/hikvision-ds-pd1-mc-wws-433-mhz-kablosuz-manyetik-kontak.webp\",\"datePublished\":\"2021-10-07T14:07:38+00:00\",\"description\":\"HIKVISION DS-PD1-MC-WWS 433 MHz KABLOSUZ MANYET\u0130K KONTAK * \u0130ki y\u00f6nl\u00fc ileti\u015fim, RF mesafesi: 800 mt (a\u00e7\u0131k alan) * ES-128 \u015fifreleme sistemi * Sabotaj\",\"breadcrumb\":{\"@id\":\"https:\\\/\\\/kamerakontrolsistemleri.com\\\/index.php\\\/product\\\/hikvision-ds-pd1-mc-wws-433-mhz-kablosuz-manyetik-kontak\\\/#breadcrumb\"},\"inLanguage\":\"tr\",\"potentialAction\":[{\"@type\":\"ReadAction\",\"target\":[\"https:\\\/\\\/kamerakontrolsistemleri.com\\\/index.php\\\/product\\\/hikvision-ds-pd1-mc-wws-433-mhz-kablosuz-manyetik-kontak\\\/\"]}]},{\"@type\":\"ImageObject\",\"inLanguage\":\"tr\",\"@id\":\"https:\\\/\\\/kamerakontrolsistemleri.com\\\/index.php\\\/product\\\/hikvision-ds-pd1-mc-wws-433-mhz-kablosuz-manyetik-kontak\\\/#primaryimage\",\"url\":\"https:\\\/\\\/kamerakontrolsistemleri.com\\\/wp-content\\\/uploads\\\/2021\\\/10\\\/hikvision-ds-pd1-mc-wws-433-mhz-kablosuz-manyetik-kontak.webp\",\"contentUrl\":\"https:\\\/\\\/kamerakontrolsistemleri.com\\\/wp-content\\\/uploads\\\/2021\\\/10\\\/hikvision-ds-pd1-mc-wws-433-mhz-kablosuz-manyetik-kontak.webp\",\"width\":1024,\"height\":1024,\"caption\":\"hikvision kablosuz manyetik kontak\"},{\"@type\":\"BreadcrumbList\",\"@id\":\"https:\\\/\\\/kamerakontrolsistemleri.com\\\/index.php\\\/product\\\/hikvision-ds-pd1-mc-wws-433-mhz-kablosuz-manyetik-kontak\\\/#breadcrumb\",\"itemListElement\":[{\"@type\":\"ListItem\",\"position\":1,\"name\":\"Ana sayfa\",\"item\":\"https:\\\/\\\/kamerakontrolsistemleri.com\\\/\"},{\"@type\":\"ListItem\",\"position\":2,\"name\":\"\u00dcr\u00fcnler\",\"item\":\"https:\\\/\\\/kamerakontrolsistemleri.com\\\/index.php\\\/urunler\\\/\"},{\"@type\":\"ListItem\",\"position\":3,\"name\":\"HIKVISION DS-PD1-MC-WWS 433 MHz KABLOSUZ MANYET\u0130K KONTAK\"}]},{\"@type\":\"WebSite\",\"@id\":\"https:\\\/\\\/kamerakontrolsistemleri.com\\\/#website\",\"url\":\"https:\\\/\\\/kamerakontrolsistemleri.com\\\/\",\"name\":\"Kamera Kontrol Sistemleri\",\"description\":\"Toptan fiyat\u0131na al\u0131\u015fveri\u015f imkan\u0131\",\"publisher\":{\"@id\":\"https:\\\/\\\/kamerakontrolsistemleri.com\\\/#organization\"},\"potentialAction\":[{\"@type\":\"SearchAction\",\"target\":{\"@type\":\"EntryPoint\",\"urlTemplate\":\"https:\\\/\\\/kamerakontrolsistemleri.com\\\/?s={search_term_string}\"},\"query-input\":{\"@type\":\"PropertyValueSpecification\",\"valueRequired\":true,\"valueName\":\"search_term_string\"}}],\"inLanguage\":\"tr\"},{\"@type\":\"Organization\",\"@id\":\"https:\\\/\\\/kamerakontrolsistemleri.com\\\/#organization\",\"name\":\"Akotech G\u00fcvenlik Sistemleri\",\"url\":\"https:\\\/\\\/kamerakontrolsistemleri.com\\\/\",\"logo\":{\"@type\":\"ImageObject\",\"inLanguage\":\"tr\",\"@id\":\"https:\\\/\\\/kamerakontrolsistemleri.com\\\/#\\\/schema\\\/logo\\\/image\\\/\",\"url\":\"https:\\\/\\\/kamerakontrolsistemleri.com\\\/wp-content\\\/uploads\\\/2020\\\/12\\\/37335611_391154311412387_1999192248473878528_o.jpg\",\"contentUrl\":\"https:\\\/\\\/kamerakontrolsistemleri.com\\\/wp-content\\\/uploads\\\/2020\\\/12\\\/37335611_391154311412387_1999192248473878528_o.jpg\",\"width\":1129,\"height\":1129,\"caption\":\"Akotech G\u00fcvenlik Sistemleri\"},\"image\":{\"@id\":\"https:\\\/\\\/kamerakontrolsistemleri.com\\\/#\\\/schema\\\/logo\\\/image\\\/\"},\"sameAs\":[\"https:\\\/\\\/www.facebook.com\\\/akottech\",\"https:\\\/\\\/www.instagram.com\\\/akottechguvenlik\\\/\"]}]}<\/script>\n<!-- \/ Yoast SEO plugin. -->","yoast_head_json":{"title":"HIKVISION DS-PD1-MC-WWS 433 MHz KABLOSUZ MANYET\u0130K KONTAK - Kamera Kontrol Sistemleri","description":"HIKVISION DS-PD1-MC-WWS 433 MHz KABLOSUZ MANYET\u0130K KONTAK * \u0130ki y\u00f6nl\u00fc ileti\u015fim, RF mesafesi: 800 mt (a\u00e7\u0131k alan) * ES-128 \u015fifreleme sistemi * Sabotaj","robots":{"index":"index","follow":"follow","max-snippet":"max-snippet:-1","max-image-preview":"max-image-preview:large","max-video-preview":"max-video-preview:-1"},"canonical":"https:\/\/kamerakontrolsistemleri.com\/index.php\/product\/hikvision-ds-pd1-mc-wws-433-mhz-kablosuz-manyetik-kontak\/","og_locale":"tr_TR","og_type":"article","og_title":"HIKVISION DS-PD1-MC-WWS 433 MHz KABLOSUZ MANYET\u0130K KONTAK - Kamera Kontrol Sistemleri","og_description":"HIKVISION DS-PD1-MC-WWS 433 MHz KABLOSUZ MANYET\u0130K KONTAK * \u0130ki y\u00f6nl\u00fc ileti\u015fim, RF mesafesi: 800 mt (a\u00e7\u0131k alan) * ES-128 \u015fifreleme sistemi * Sabotaj","og_url":"https:\/\/kamerakontrolsistemleri.com\/index.php\/product\/hikvision-ds-pd1-mc-wws-433-mhz-kablosuz-manyetik-kontak\/","og_site_name":"Kamera Kontrol Sistemleri","article_publisher":"https:\/\/www.facebook.com\/akottech","og_image":[{"width":1024,"height":1024,"url":"https:\/\/kamerakontrolsistemleri.com\/wp-content\/uploads\/2021\/10\/hikvision-ds-pd1-mc-wws-433-mhz-kablosuz-manyetik-kontak.webp","type":"image\/webp"}],"schema":{"@context":"https:\/\/schema.org","@graph":[{"@type":"WebPage","@id":"https:\/\/kamerakontrolsistemleri.com\/index.php\/product\/hikvision-ds-pd1-mc-wws-433-mhz-kablosuz-manyetik-kontak\/","url":"https:\/\/kamerakontrolsistemleri.com\/index.php\/product\/hikvision-ds-pd1-mc-wws-433-mhz-kablosuz-manyetik-kontak\/","name":"HIKVISION DS-PD1-MC-WWS 433 MHz KABLOSUZ MANYET\u0130K KONTAK - Kamera Kontrol Sistemleri","isPartOf":{"@id":"https:\/\/kamerakontrolsistemleri.com\/#website"},"primaryImageOfPage":{"@id":"https:\/\/kamerakontrolsistemleri.com\/index.php\/product\/hikvision-ds-pd1-mc-wws-433-mhz-kablosuz-manyetik-kontak\/#primaryimage"},"image":{"@id":"https:\/\/kamerakontrolsistemleri.com\/index.php\/product\/hikvision-ds-pd1-mc-wws-433-mhz-kablosuz-manyetik-kontak\/#primaryimage"},"thumbnailUrl":"https:\/\/kamerakontrolsistemleri.com\/wp-content\/uploads\/2021\/10\/hikvision-ds-pd1-mc-wws-433-mhz-kablosuz-manyetik-kontak.webp","datePublished":"2021-10-07T14:07:38+00:00","description":"HIKVISION DS-PD1-MC-WWS 433 MHz KABLOSUZ MANYET\u0130K KONTAK * \u0130ki y\u00f6nl\u00fc ileti\u015fim, RF mesafesi: 800 mt (a\u00e7\u0131k alan) * ES-128 \u015fifreleme sistemi * Sabotaj","breadcrumb":{"@id":"https:\/\/kamerakontrolsistemleri.com\/index.php\/product\/hikvision-ds-pd1-mc-wws-433-mhz-kablosuz-manyetik-kontak\/#breadcrumb"},"inLanguage":"tr","potentialAction":[{"@type":"ReadAction","target":["https:\/\/kamerakontrolsistemleri.com\/index.php\/product\/hikvision-ds-pd1-mc-wws-433-mhz-kablosuz-manyetik-kontak\/"]}]},{"@type":"ImageObject","inLanguage":"tr","@id":"https:\/\/kamerakontrolsistemleri.com\/index.php\/product\/hikvision-ds-pd1-mc-wws-433-mhz-kablosuz-manyetik-kontak\/#primaryimage","url":"https:\/\/kamerakontrolsistemleri.com\/wp-content\/uploads\/2021\/10\/hikvision-ds-pd1-mc-wws-433-mhz-kablosuz-manyetik-kontak.webp","contentUrl":"https:\/\/kamerakontrolsistemleri.com\/wp-content\/uploads\/2021\/10\/hikvision-ds-pd1-mc-wws-433-mhz-kablosuz-manyetik-kontak.webp","width":1024,"height":1024,"caption":"hikvision kablosuz manyetik kontak"},{"@type":"BreadcrumbList","@id":"https:\/\/kamerakontrolsistemleri.com\/index.php\/product\/hikvision-ds-pd1-mc-wws-433-mhz-kablosuz-manyetik-kontak\/#breadcrumb","itemListElement":[{"@type":"ListItem","position":1,"name":"Ana sayfa","item":"https:\/\/kamerakontrolsistemleri.com\/"},{"@type":"ListItem","position":2,"name":"\u00dcr\u00fcnler","item":"https:\/\/kamerakontrolsistemleri.com\/index.php\/urunler\/"},{"@type":"ListItem","position":3,"name":"HIKVISION DS-PD1-MC-WWS 433 MHz KABLOSUZ MANYET\u0130K KONTAK"}]},{"@type":"WebSite","@id":"https:\/\/kamerakontrolsistemleri.com\/#website","url":"https:\/\/kamerakontrolsistemleri.com\/","name":"Kamera Kontrol Sistemleri","description":"Toptan fiyat\u0131na al\u0131\u015fveri\u015f imkan\u0131","publisher":{"@id":"https:\/\/kamerakontrolsistemleri.com\/#organization"},"potentialAction":[{"@type":"SearchAction","target":{"@type":"EntryPoint","urlTemplate":"https:\/\/kamerakontrolsistemleri.com\/?s={search_term_string}"},"query-input":{"@type":"PropertyValueSpecification","valueRequired":true,"valueName":"search_term_string"}}],"inLanguage":"tr"},{"@type":"Organization","@id":"https:\/\/kamerakontrolsistemleri.com\/#organization","name":"Akotech G\u00fcvenlik Sistemleri","url":"https:\/\/kamerakontrolsistemleri.com\/","logo":{"@type":"ImageObject","inLanguage":"tr","@id":"https:\/\/kamerakontrolsistemleri.com\/#\/schema\/logo\/image\/","url":"https:\/\/kamerakontrolsistemleri.com\/wp-content\/uploads\/2020\/12\/37335611_391154311412387_1999192248473878528_o.jpg","contentUrl":"https:\/\/kamerakontrolsistemleri.com\/wp-content\/uploads\/2020\/12\/37335611_391154311412387_1999192248473878528_o.jpg","width":1129,"height":1129,"caption":"Akotech G\u00fcvenlik Sistemleri"},"image":{"@id":"https:\/\/kamerakontrolsistemleri.com\/#\/schema\/logo\/image\/"},"sameAs":["https:\/\/www.facebook.com\/akottech","https:\/\/www.instagram.com\/akottechguvenlik\/"]}]}},"jetpack_sharing_enabled":true,"_links":{"self":[{"href":"https:\/\/kamerakontrolsistemleri.com\/index.php\/wp-json\/wp\/v2\/product\/12928","targetHints":{"allow":["GET"]}}],"collection":[{"href":"https:\/\/kamerakontrolsistemleri.com\/index.php\/wp-json\/wp\/v2\/product"}],"about":[{"href":"https:\/\/kamerakontrolsistemleri.com\/index.php\/wp-json\/wp\/v2\/types\/product"}],"version-history":[{"count":1,"href":"https:\/\/kamerakontrolsistemleri.com\/index.php\/wp-json\/wp\/v2\/product\/12928\/revisions"}],"predecessor-version":[{"id":12930,"href":"https:\/\/kamerakontrolsistemleri.com\/index.php\/wp-json\/wp\/v2\/product\/12928\/revisions\/12930"}],"wp:featuredmedia":[{"embeddable":true,"href":"https:\/\/kamerakontrolsistemleri.com\/index.php\/wp-json\/wp\/v2\/media\/12929"}],"wp:attachment":[{"href":"https:\/\/kamerakontrolsistemleri.com\/index.php\/wp-json\/wp\/v2\/media?parent=12928"}],"wp:term":[{"taxonomy":"product_brand","embeddable":true,"href":"https:\/\/kamerakontrolsistemleri.com\/index.php\/wp-json\/wp\/v2\/product_brand?post=12928"},{"taxonomy":"product_cat","embeddable":true,"href":"https:\/\/kamerakontrolsistemleri.com\/index.php\/wp-json\/wp\/v2\/product_cat?post=12928"},{"taxonomy":"product_tag","embeddable":true,"href":"https:\/\/kamerakontrolsistemleri.com\/index.php\/wp-json\/wp\/v2\/product_tag?post=12928"}],"curies":[{"name":"wp","href":"https:\/\/api.w.org\/{rel}","templated":true}]}}